{"id":27037,"date":"2024-08-07T22:37:09","date_gmt":"2024-08-07T22:37:09","guid":{"rendered":"https:\/\/lowesprofesyonel.com\/?post_type=product&#038;p=27037"},"modified":"2026-04-16T18:56:11","modified_gmt":"2026-04-16T15:56:11","slug":"%d8%ac%d9%88%d8%ac%d9%88%d8%b3-toparlayici-ve-dolgunlastici-sikilastirici-%d8%a8%d8%a7%d9%83%d9%8a%d9%85-%d9%83%d8%b1%d9%8a%d9%85%d9%8a-50-%d9%85%d9%84","status":"publish","type":"product","link":"https:\/\/lowesprofesyonel.com\/ar\/product\/gogus-toparlayici-ve-dolgunlastici-sikilastirici-bakim-kremi-50-ml\/","title":{"rendered":"\u0643\u0631\u064a\u0645 \u0627\u0644\u0639\u0646\u0627\u064a\u0629 \u0628\u0634\u062f \u0648\u062a\u0643\u0628\u064a\u0631 \u0648\u0631\u0641\u0639 \u0627\u0644\u062b\u062f\u064a 50 \u0645\u0644"},"content":{"rendered":"<h3><b>\u0645\u0635\u0644 G\u00f6\u011f\u00fc\u011f\u00fc\u00fcs S\u0131k\u0131k\u0131l\u0131\u015ft\u0131\u015ft\u0131r\u0131c\u0131 ve Dolgunla\u015ft\u0131r\u0131c\u0131 Serum<\/b>\u2728\ud83c\udf38<\/h3>\n<p>Bu \u00f6zel form\u00fcl, <b>\u0645\u0627 \u0627\u0644\u0630\u064a \u064a\u0645\u0643\u0646 \u0623\u0646 \u062a\u0641\u0639\u0644\u0647 \u0634\u0631\u0643\u0629 G\u00f6\u011f\u00fc\u011f\u00fc\u00fcs b\u00f6lgesindeki cildin elastikiyetini art\u0131rmaya\u060c \u0648 daha s\u0131k\u0131 ve dolgun bir g\u00f6r\u00fcn\u00fcm kazand\u0131rmaya yard\u0131mc\u0131mc\u0131 olur<\/b>. Bitkisel \u00f6zler ve nemlendirici bile\u015fenler sayesinde <b>Cildi besler, nemlendir ve ferahlat\u0131c\u0131 bir etki sa\u011flar<\/b>. \u0644\u0627 \u064a\u0645\u0643\u0646\u0646\u064a \u0623\u0646 \u0623\u062a\u062d\u062f\u062b \u0639\u0646 \u0647\u0630\u0627 \u0627\u0644\u0645\u0648\u0636\u0648\u0639 \u0641\u064a \u0627\u0644\u0648\u0642\u062a \u0627\u0644\u062d\u0627\u0644\u064a.<\/p>\n<p>&nbsp;<\/p>\n<div>\ud83d\udc96 <b>\u0623\u0648\u0631\u0646\u0648\u0646 \u0641\u0627\u064a\u062f\u0627\u0644\u0627\u0631\u064a:<\/b><\/div>\n<div>\u2714 <b>\u0641\u0646\u0648\u0646 Cildin elastikiyetini art\u0131rararak s\u0131k\u0131k\u0131 ve dolgun bir g\u00f6r\u00fcn\u00fcm sa\u011flar<\/b><\/div>\n<div>\u2714 <b>\u00d6zel bitkisel \u00f6zler ile cildi besler ve nemlendir<\/b><\/div>\n<div>\u2714 <b>Cildi ferahlat\u0131c\u0131 etkisiyle rahatlat\u0131r<\/b><\/div>\n<div>\u2714 <b>Hafif ve kolay emilen yap\u0131s\u0131yla g\u00fcnl\u00fck kullan\u0131ma uygundur<\/b><\/div>\n<h3><b>\u0643\u0648\u0644\u0627\u0646\u064a\u0645 \u0634\u064a\u0643\u0644\u064a:<\/b><\/h3>\n<p>&nbsp;<\/p>\n<div>\ud83d\udd39 <b>\u062a\u064a\u0645\u064a\u0632 \u0641\u064a \u0643\u0648\u0631\u0648 \u0633\u064a\u0644\u062f<\/b>yeterli miktarda serumu uygulay\u0131n.<\/div>\n<div>\ud83d\udd39 G\u00f6\u011f\u00fc\u011f\u00fcs b\u00f6lgesine <b>dairesel hareketlerle masaj yaparak<\/b>\u0623\u064a\u064a\u0633 \u064a\u062f\u064a\u0631\u064a\u0646<\/div>\n<div>\ud83d\udd39 <b>\u0635\u0628\u0627\u062d ve ak\u015fam olmak olmak \u00fczere g\u00fcnde iki kez<\/b>d\u00fczenli kullan\u0131lmas\u0131 \u00f6nerilir.<\/div>\n<p>\ud83d\udc97 <b>Daha s\u0131kk\u0131, dolgun ve bir g\u00f6\u011f\u00fc\u011f\u00fcs g\u00f6r\u00fcn\u00fcm\u00fcm\u00fc i\u00e7in \u00f6zel form\u00fcl\u00fcm\u00fcz\u00fc ke\u015ffedin!<\/b>\u2728\ud83c\udf3f<\/p>","protected":false},"excerpt":{"rendered":"<p>\u0643\u0631\u064a\u0645 \u0627\u0644\u0639\u0646\u0627\u064a\u0629 \u0628\u0634\u062f \u0648\u062a\u0643\u0628\u064a\u0631 \u0648\u0631\u0641\u0639 \u0627\u0644\u062b\u062f\u064a 50 \u0645\u0644<\/p>\n<p>&nbsp;<\/p>\n<p>&nbsp;<\/p>","protected":false},"featured_media":27819,"comment_status":"open","ping_status":"closed","template":"","meta":{"om_disable_all_campaigns":false,"_monsterinsights_skip_tracking":false,"_monsterinsights_sitenote_active":false,"_monsterinsights_sitenote_note":"","_monsterinsights_sitenote_category":0},"product_brand":[],"product_cat":[77,42],"product_tag":[],"class_list":{"0":"post-27037","1":"product","2":"type-product","3":"status-publish","4":"has-post-thumbnail","6":"product_cat-breast-cream","7":"product_cat-cream","9":"first","10":"instock","11":"shipping-taxable","12":"purchasable","13":"product-type-simple"},"aioseo_notices":[],"_links":{"self":[{"href":"https:\/\/lowesprofesyonel.com\/ar\/wp-json\/wp\/v2\/product\/27037","targetHints":{"allow":["GET"]}}],"collection":[{"href":"https:\/\/lowesprofesyonel.com\/ar\/wp-json\/wp\/v2\/product"}],"about":[{"href":"https:\/\/lowesprofesyonel.com\/ar\/wp-json\/wp\/v2\/types\/product"}],"replies":[{"embeddable":true,"href":"https:\/\/lowesprofesyonel.com\/ar\/wp-json\/wp\/v2\/comments?post=27037"}],"version-history":[{"count":7,"href":"https:\/\/lowesprofesyonel.com\/ar\/wp-json\/wp\/v2\/product\/27037\/revisions"}],"predecessor-version":[{"id":28168,"href":"https:\/\/lowesprofesyonel.com\/ar\/wp-json\/wp\/v2\/product\/27037\/revisions\/28168"}],"wp:featuredmedia":[{"embeddable":true,"href":"https:\/\/lowesprofesyonel.com\/ar\/wp-json\/wp\/v2\/media\/27819"}],"wp:attachment":[{"href":"https:\/\/lowesprofesyonel.com\/ar\/wp-json\/wp\/v2\/media?parent=27037"}],"wp:term":[{"taxonomy":"product_brand","embeddable":true,"href":"https:\/\/lowesprofesyonel.com\/ar\/wp-json\/wp\/v2\/product_brand?post=27037"},{"taxonomy":"product_cat","embeddable":true,"href":"https:\/\/lowesprofesyonel.com\/ar\/wp-json\/wp\/v2\/product_cat?post=27037"},{"taxonomy":"product_tag","embeddable":true,"href":"https:\/\/lowesprofesyonel.com\/ar\/wp-json\/wp\/v2\/product_tag?post=27037"}],"curies":[{"name":"\u062f\u0628\u0644\u064a\u0648 \u0628\u064a","href":"https:\/\/api.w.org\/{rel}","templated":true}]}}