{"id":27043,"date":"2024-08-07T22:42:25","date_gmt":"2024-08-07T22:42:25","guid":{"rendered":"https:\/\/lowesprofesyonel.com\/?post_type=product&#038;p=27043"},"modified":"2026-04-16T18:55:50","modified_gmt":"2026-04-16T15:55:50","slug":"%d8%b3%d8%a7%d9%83%d8%a7%d9%84-%d8%ac%d9%88%d9%83%d9%84%d9%8a%d9%86%d8%af%d8%b1%d9%8a%d8%b3%d9%8a-%d8%af%d9%88%d9%84%d8%ac%d9%88%d9%86%d9%84%d8%a7%d8%b3%d8%aa%d9%8a%d8%b1%d9%8a%d8%b3%d9%8a-%d9%81","status":"publish","type":"product","link":"https:\/\/lowesprofesyonel.com\/ar\/product\/sakal-guclendirici-dolgunlastirici-ve-canlandirici-sakal-serumu-50-ml\/","title":{"rendered":"\u0633\u064a\u0631\u0648\u0645 \u062a\u0642\u0648\u064a\u0629 \u0627\u0644\u0644\u062d\u064a\u0629 \u0648\u062a\u0646\u0634\u064a\u0637\u0647\u0627-50-\u0645\u0644"},"content":{"rendered":"<h3><b>Yo\u011fun ve G\u00fc\u00e7l\u00fc Sakallar \u0130\u00e7in Sakal Bak\u0131m Ya\u011f\u0131!<\/b>\ud83e\uddd4\u2728<\/h3>\n<p>Bu \u00f6zel form\u00fcl, <b>\u0633\u0627\u0643\u0627\u0644 \u0643\u0648\u0643\u0644\u0631\u064a\u0646\u064a \u063a\u0648\u062a\u0634\u0644\u064a\u0646\u062f\u064a\u0631\u0645\u064a\u064a \u0648 \u0633\u0627\u0643\u0627\u0644\u064a\u0646 \u062f\u0648\u0644\u063a\u0648\u0646 \u0648 \u0633\u0627\u0643\u0627\u0644\u064a\u0643\u0644\u064a \u063a\u0648\u0631\u0648\u0646\u0645\u0633\u064a\u0646\u064a \u0633\u0627\u0643\u0627\u0644\u0627\u0645\u0627\u064a\u0627<\/b>\u0633\u0627\u062d\u0629 \u0627\u0644\u0641\u0646\u0627\u0621. \u0648\u0642\u062f \u0642\u0627\u0644 Do\u011fal ya\u011flar ve bitkisel \u00f6zlerle zenginle\u015ftirilmi\u015f i\u00e7eri sayesinde, <b>\u0643\u064a\u0641 \u064a\u0645\u0643\u0646\u0646\u064a \u0623\u0646 \u0623\u062a\u0639\u0627\u0645\u0644 \u0645\u0639 \u0647\u0630\u0627 \u0627\u0644\u0623\u0645\u0631\u061f<\/b>. G\u00fcnl\u00fck kullan\u0131m i\u00e7in uygundur! \ud83c\udf3f\ud83d\udd25<\/p>\n<p>&nbsp;<\/p>\n<div>\ud83d\udcaa <b>\u0623\u0648\u0631\u0646\u0648\u0646 \u0641\u0627\u064a\u062f\u0627\u0644\u0627\u0631\u064a:<\/b><\/div>\n<div>\u2714 <b>Sakal k\u00f6kklerini besler ve g\u00fc\u00e7lendir<\/b><\/div>\n<div>\u2714 <b>Sakal\u0131n daha g\u00fcr ve sa\u011fl\u0131kl\u0131kl\u0131 g\u00f6r\u00fcnmesini sa\u011fllar<\/b><\/div>\n<div>\u2714 <b>Cildi nemlendir, kuruluk ve d\u00f6k\u00fclmeleri \u00f6nler<\/b><\/div>\n<div>\u2714 <b>\u0646\u0645\u0648\u0630\u062c Do\u011fal i\u00e7eriklerle zenginle\u015ftirilmi\u015f \u00f6zel \u00fczel\u00fcl<\/b><\/div>\n<div>\u2714 <b>T\u00fcm cilt cilt tiplerine uygundur ve g\u00fcnl\u00fck kullan\u0131ma elveri\u015flidir<\/b><\/div>\n<h3><b>\u0643\u0648\u0644\u0627\u0646\u064a\u0645 \u0634\u064a\u0643\u0644\u064a:<\/b><\/h3>\n<p>&nbsp;<\/p>\n<div>\ud83d\udd39 <b>\u062a\u064a\u0645\u064a\u0632 \u0641\u064a \u0643\u0648\u0631\u0648 \u0633\u0627\u0643\u0627\u0644 \u062f\u064a\u0628\u0644\u064a\u0631\u064a\u0646<\/b>yeterli miktarda ya\u011f uygulay\u0131n.<\/div>\n<div>\ud83d\udd39 \u0628\u0627\u0631\u0645\u0627\u0643 \u0623\u0648\u0634\u0644\u0627\u0631\u0646\u064a\u0632\u0644\u0627 <b>dairesel hareketlerle masaj yaparak<\/b>\u0623\u064a\u064a\u0633 \u064a\u062f\u064a\u0631\u064a\u0646<\/div>\n<div>\ud83d\udd39 <b>30-60 \u062f\u0643\u064a\u0643\u0627 \u0628\u064a\u0643\u0644\u0627\u064a\u0646<\/b>\u060c\u0623\u0631\u062f\u064a\u0646\u062f\u0627\u0646 \u0633\u0648\u0644\u064a\u0643 \u062f\u0648\u0631\u0648\u0644\u0627\u064a\u0646.<\/div>\n<div>\ud83d\udd39 <b>En iyi sonu\u00e7lar i\u00e7in d\u00fczenli olarak kullan\u0131lmas\u0131 tavsiye edilir.<\/b><\/div>\n<p>\ud83e\uddd4\u2728 <b>Daha g\u00fc\u00e7l\u00fcl\u00fc ve dolgun sakallar i\u00e7in do\u011fal bak\u0131m\u0131n g\u00fcc\u00fcn\u00fc ke\u015ffedin!<\/b>\u2728\ud83d\udd25<\/p>\n<div><\/div>","protected":false},"excerpt":{"rendered":"<p>\u0633\u064a\u0631\u0648\u0645 \u062a\u0642\u0648\u064a\u0629 \u0627\u0644\u0644\u062d\u064a\u0629 \u0648\u062a\u0646\u0634\u064a\u0637\u0647\u0627-50-\u0645\u0644<\/p>\n<p>&nbsp;<\/p>\n<p>&nbsp;<\/p>","protected":false},"featured_media":27807,"comment_status":"open","ping_status":"closed","template":"","meta":{"om_disable_all_campaigns":false,"_monsterinsights_skip_tracking":false,"_monsterinsights_sitenote_active":false,"_monsterinsights_sitenote_note":"","_monsterinsights_sitenote_category":0},"product_brand":[],"product_cat":[73,53],"product_tag":[],"class_list":{"0":"post-27043","1":"product","2":"type-product","3":"status-publish","4":"has-post-thumbnail","6":"product_cat-beard-serum","7":"product_cat-serum","9":"first","10":"instock","11":"shipping-taxable","12":"purchasable","13":"product-type-simple"},"aioseo_notices":[],"_links":{"self":[{"href":"https:\/\/lowesprofesyonel.com\/ar\/wp-json\/wp\/v2\/product\/27043","targetHints":{"allow":["GET"]}}],"collection":[{"href":"https:\/\/lowesprofesyonel.com\/ar\/wp-json\/wp\/v2\/product"}],"about":[{"href":"https:\/\/lowesprofesyonel.com\/ar\/wp-json\/wp\/v2\/types\/product"}],"replies":[{"embeddable":true,"href":"https:\/\/lowesprofesyonel.com\/ar\/wp-json\/wp\/v2\/comments?post=27043"}],"version-history":[{"count":7,"href":"https:\/\/lowesprofesyonel.com\/ar\/wp-json\/wp\/v2\/product\/27043\/revisions"}],"predecessor-version":[{"id":28162,"href":"https:\/\/lowesprofesyonel.com\/ar\/wp-json\/wp\/v2\/product\/27043\/revisions\/28162"}],"wp:featuredmedia":[{"embeddable":true,"href":"https:\/\/lowesprofesyonel.com\/ar\/wp-json\/wp\/v2\/media\/27807"}],"wp:attachment":[{"href":"https:\/\/lowesprofesyonel.com\/ar\/wp-json\/wp\/v2\/media?parent=27043"}],"wp:term":[{"taxonomy":"product_brand","embeddable":true,"href":"https:\/\/lowesprofesyonel.com\/ar\/wp-json\/wp\/v2\/product_brand?post=27043"},{"taxonomy":"product_cat","embeddable":true,"href":"https:\/\/lowesprofesyonel.com\/ar\/wp-json\/wp\/v2\/product_cat?post=27043"},{"taxonomy":"product_tag","embeddable":true,"href":"https:\/\/lowesprofesyonel.com\/ar\/wp-json\/wp\/v2\/product_tag?post=27043"}],"curies":[{"name":"\u062f\u0628\u0644\u064a\u0648 \u0628\u064a","href":"https:\/\/api.w.org\/{rel}","templated":true}]}}