{"id":27440,"date":"2024-08-18T16:15:04","date_gmt":"2024-08-18T13:15:04","guid":{"rendered":"https:\/\/lowesprofesyonel.com\/?post_type=product&#038;p=27440"},"modified":"2026-04-16T18:55:45","modified_gmt":"2026-04-16T15:55:45","slug":"%d8%ac%d9%88%d8%ac%d9%88%d8%b3-%d8%a8%d9%8a%d9%88%d8%aa%d9%85%d9%8a-%d9%8a%d8%a7%d8%b1%d8%af%d9%8a%d9%85%d8%b3%d9%8a-%d8%af%d9%88%d9%84%d8%ac%d9%88%d9%86%d9%84%d8%a7%d8%b3%d8%aa%d9%8a%d8%b1%d9%8a","status":"publish","type":"product","link":"https:\/\/lowesprofesyonel.com\/ar\/product\/gogus-buyutme-yardimci-dolgunlastirici-c-vitamini-ile-zenginlestirilmistir-30-ml\/","title":{"rendered":"\u0645\u0633\u0627\u0639\u062f \u062a\u0643\u0628\u064a\u0631 \u0627\u0644\u062b\u062f\u064a \u063a\u0646\u064a \u0628\u0641\u064a\u062a\u0627\u0645\u064a\u0646 \u0633\u064a \u2013 30 \u0645\u0644"},"content":{"rendered":"<h3><b>\u0645\u0635\u0644 G\u00f6\u011f\u00fc\u011f\u00fc\u00fcs S\u0131k\u0131k\u0131l\u0131\u015ft\u0131\u015ft\u0131r\u0131c\u0131 ve Dolgunla\u015ft\u0131r\u0131r\u0131c\u0131 Serum - Daha S\u0131k\u0131 ve Elastik Bir G\u00f6r\u00fcn\u00fcm!<\/b>\u2728\ud83d\udc96<\/h3>\n<p>\u0633\u064a\u0644\u062f\u064a\u0646\u064a\u0632\u064a\u0646 <b>elastikiyetini art\u0131rararak<\/b>g\u00f6\u011f\u00fc\u011f\u00fc\u00fcs b\u00f6lgesinde <b>daha s\u0131kk\u0131 ve dolgun bir g\u00f6r\u00fcn\u00fcm<\/b>\u0625\u064a\u0644\u062f\u064a \u0625\u064a\u062a\u0645\u0646\u064a\u0632 \u064a\u0627\u0631\u062f\u0627\u062a \u0623\u0648\u0644\u0648\u0631. <b>\u0646\u0645\u0648\u0630\u062c Yo\u011fun nemlendirici ve besleyici form\u00fcl\u00fcl\u00fc<\/b>sayesinde cildi derinlemesine besler, p\u00fcr\u00fczs\u00fcz\u00fcz ve canl\u0131 bir b\u0131rak\u0131r. \ud83c\udf38<\/p>\n<p>&nbsp;<\/p>\n<div>\ud83d\udc96 <b>\u00d6ne \u00c7\u0131kan \u00d6zellikler:<\/b><\/div>\n<div>\u2714 <b>\u0643\u064a\u0641 \u064a\u0645\u0643\u0646\u0646\u064a \u0623\u0646 \u0623\u0633\u0627\u0639\u062f\u0643 \u0641\u064a \u0627\u0644\u062d\u0635\u0648\u0644 \u0639\u0644\u0649 \u0645\u0639\u0644\u0648\u0645\u0627\u062a \u0639\u0646 \u0643\u0644 \u0634\u064a\u0621<\/b><\/div>\n<div>\u2714 <b>\u0641\u0646\u0648\u0646 Cildin elastikiyetini Art\u0131rarak daha gen\u00e7 bir g\u00f6r\u00fcn\u00fcm sa\u011flar<\/b><\/div>\n<div>\u2714 <b>Nemlendirici ve besleyici i\u00e7eri\u011fiyle cildi p\u00fcr\u00fczs\u00fcz\u00fczle\u015ftir<\/b><\/div>\n<div>\u2714 <b>D\u00fczenli kullan\u0131mda g\u00f6zle g\u00f6r\u00fcl\u00fcr fark yarat\u0131r<\/b><\/div>\n<div>\u2714 <b>H\u0131zl\u0131 emil\u0131 emilen yap\u0131s\u0131yla ya\u011fl\u0131 \u0644\u0647 \u0628\u064a\u0631\u0627\u0643\u0645\u0627\u0632<\/b><\/div>\n<h3><b>\u0643\u0648\u0644\u0627\u0646\u064a\u0645 \u0634\u064a\u0643\u0644\u064a:<\/b><\/h3>\n<p>&nbsp;<\/p>\n<div>\ud83d\udd38 <b>Temiz ve kuru cilde cilde uygulay\u0131n.<\/b><\/div>\n<div>\ud83d\udd38 <b>\u0635\u0628\u0627\u062d ve ak\u015fam olmak olmak \u00fczere g\u00fcnde 2 kez kullan\u0131n.<\/b><\/div>\n<div>\ud83d\udd38 <b>\u064a\u062a\u064a\u0631\u0644\u064a \u0645\u064a\u0643\u062a\u0627\u0631\u062f\u0627 \u0633\u064a\u0631\u0648\u0645\u0648 \u0645\u0635\u0644 Yeterli miktarda g\u00f6\u011f\u00fc\u00fcs b\u00f6lgesine s\u00fcrererek dairesel hareketlerle masaj yap\u0131n.<\/b><\/div>\n<div>\ud83d\udd38 <b>Etkili sonu\u00e7lar i\u00e7in d\u00fczenli kullan\u0131m \u00f6nerilir.<\/b><\/div>\n<p>\u2728 <b>Daha s\u0131kk\u0131, p\u00fcr\u00fczzs\u00fcz ve dolgun bir g\u00f6\u011f\u00fc\u00fcs b\u00f6lgesi i\u00e7in \u00f6zel bak\u0131m!<\/b>\u2728<\/p>","protected":false},"excerpt":{"rendered":"<p>\u0645\u0633\u0627\u0639\u062f \u062a\u0643\u0628\u064a\u0631 \u0627\u0644\u062b\u062f\u064a \u063a\u0646\u064a \u0628\u0641\u064a\u062a\u0627\u0645\u064a\u0646 \u0633\u064a \u2013 30 \u0645\u0644<\/p>\n<p>&nbsp;<\/p>\n<p>&nbsp;<\/p>","protected":false},"featured_media":27801,"comment_status":"open","ping_status":"closed","template":"","meta":{"om_disable_all_campaigns":false,"_monsterinsights_skip_tracking":false,"_monsterinsights_sitenote_active":false,"_monsterinsights_sitenote_note":"","_monsterinsights_sitenote_category":0},"product_brand":[],"product_cat":[53,72],"product_tag":[],"class_list":{"0":"post-27440","1":"product","2":"type-product","3":"status-publish","4":"has-post-thumbnail","6":"product_cat-serum","7":"product_cat-skin-serum","9":"first","10":"instock","11":"shipping-taxable","12":"purchasable","13":"product-type-simple"},"aioseo_notices":[],"_links":{"self":[{"href":"https:\/\/lowesprofesyonel.com\/ar\/wp-json\/wp\/v2\/product\/27440","targetHints":{"allow":["GET"]}}],"collection":[{"href":"https:\/\/lowesprofesyonel.com\/ar\/wp-json\/wp\/v2\/product"}],"about":[{"href":"https:\/\/lowesprofesyonel.com\/ar\/wp-json\/wp\/v2\/types\/product"}],"replies":[{"embeddable":true,"href":"https:\/\/lowesprofesyonel.com\/ar\/wp-json\/wp\/v2\/comments?post=27440"}],"version-history":[{"count":6,"href":"https:\/\/lowesprofesyonel.com\/ar\/wp-json\/wp\/v2\/product\/27440\/revisions"}],"predecessor-version":[{"id":28161,"href":"https:\/\/lowesprofesyonel.com\/ar\/wp-json\/wp\/v2\/product\/27440\/revisions\/28161"}],"wp:featuredmedia":[{"embeddable":true,"href":"https:\/\/lowesprofesyonel.com\/ar\/wp-json\/wp\/v2\/media\/27801"}],"wp:attachment":[{"href":"https:\/\/lowesprofesyonel.com\/ar\/wp-json\/wp\/v2\/media?parent=27440"}],"wp:term":[{"taxonomy":"product_brand","embeddable":true,"href":"https:\/\/lowesprofesyonel.com\/ar\/wp-json\/wp\/v2\/product_brand?post=27440"},{"taxonomy":"product_cat","embeddable":true,"href":"https:\/\/lowesprofesyonel.com\/ar\/wp-json\/wp\/v2\/product_cat?post=27440"},{"taxonomy":"product_tag","embeddable":true,"href":"https:\/\/lowesprofesyonel.com\/ar\/wp-json\/wp\/v2\/product_tag?post=27440"}],"curies":[{"name":"\u062f\u0628\u0644\u064a\u0648 \u0628\u064a","href":"https:\/\/api.w.org\/{rel}","templated":true}]}}