{"id":27741,"date":"2024-10-22T16:41:24","date_gmt":"2024-10-22T13:41:24","guid":{"rendered":"https:\/\/lowesprofesyonel.com\/?post_type=product&#038;p=27741"},"modified":"2026-04-16T18:55:21","modified_gmt":"2026-04-16T15:55:21","slug":"%d8%b1%d9%8a%d8%aa%d9%8a%d9%86%d9%88%d9%84-%d8%b3%d9%8a%d8%b1%d9%88%d9%85-%d8%a7%d9%84%d8%b1%d9%8a%d8%aa%d9%8a%d9%86%d9%88%d9%84-%d8%a8%d9%88%d8%b1%d9%88%d8%b2%d9%88%d8%b2%d9%88%d8%b2-%d9%81%d9%8a","status":"publish","type":"product","link":"https:\/\/lowesprofesyonel.com\/ar\/product\/retinol-serumu-puruzsuz-ve-genc-bir-cilt-icin-30-ml\/","title":{"rendered":"\u0645\u0635\u0644 \u0641\u064a\u062a\u0627\u0645\u064a\u0646 \u0633\u064a \u0627\u0644\u0645\u0634\u0631\u0642 \u0644\u0639\u0644\u0627\u062c \u0627\u0644\u0628\u0642\u0639 \u0627\u0644\u062f\u0627\u0643\u0646\u0629 \u0628\u0641\u0639\u0627\u0644\u064a\u0629\u060c \u0645\u0639 \u0627\u0644\u062c\u0644\u0648\u062a\u0627\u062b\u064a\u0648\u0646 \u0648\u062d\u0645\u0636 \u0627\u0644\u0641\u064a\u0631\u0648\u0644\u064a\u0643 \u0648\u062d\u0645\u0636 \u0627\u0644\u0623\u0633\u0643\u0648\u0631\u0628\u064a\u0643 \u0628\u0646\u0633\u0628\u0629 20%"},"content":{"rendered":"<h3><b>Cilt Tonununu E\u015fitleyen ve Ayd\u0131nlatan G\u00fc\u00e7l\u00fc Bak\u0131m Serumu!<\/b>\u2728\ud83c\udf3f<\/h3>\n<p>\u0633\u064a\u0644\u062f\u064a\u0646\u064a\u0632\u064a\u0646 \u00a0 <b>\u062f\u0647\u0627 \u0628\u0627\u0631\u0644\u0627\u0643\u060c \u0646\u064a\u0645\u0644\u064a \u0641\u064a \u0625\u064a\u0634\u064a\u062a \u062a\u0648\u0646\u0644\u0648<\/b>\u0647\u0644 \u064a\u0645\u0643\u0646\u0646\u064a \u0623\u0646 \u0623\u0637\u0644\u0628 \u0645\u0646\u0643 \u0623\u0646 \u062a\u0642\u0631\u0623 \u0647\u0630\u0627 \u0627\u0644\u0645\u0642\u0627\u0644\u061f \u00a0 <b>\u062c Vitamini, Glutatatyon ve Ferulik Asit i\u00e7eren \u00f6zel form\u00fcl\u00fc<\/b>\u064a\u0642\u0648\u0644: \"\u0644\u0627 \u064a\u0645\u0643\u0646\u0646\u064a \u0623\u0646 \u0623\u062a\u062d\u062f\u062b \u0639\u0646 \u0647\u0630\u0627 \u0627\u0644\u0623\u0645\u0631 \u062f\u0648\u0646 \u0623\u0646 \u0623\u062a\u062d\u062f\u062b \u0639\u0646 \u00a0 <b>\u0131\u015f\u0131lt\u0131lt\u0131l\u0131l\u0131 bir cilt sa\u011flar<\/b>. \ud83c\udf1f\ud83d\udc96<\/p>\n<div>\ud83d\udc96 \u00a0 <b>\u00d6ne \u00c7\u0131kan Faydalar:<\/b><\/div>\n<div>\u2714 \u00a0 <b>Cildi ayd\u0131 ayd\u0131nlat\u0131r ve do\u011fal parlakl\u0131k kazand\u0131r\u0131r\u0131r<\/b>\u2728<\/div>\n<div>\u2714 \u00a0 <b>Cilt tonununun e\u015fitlenmesine yard\u0131mc\u0131 olur<\/b>\ud83c\udf38<\/div>\n<div>\u2714 \u00a0 <b>Yo\u011fun nem deste\u011fi sa\u011flayarak cildi canland\u0131r\u0131r\u0131r<\/b>\ud83d\udca7<\/div>\n<div>\u2714 \u00a0 <b>\u0643\u064a\u0641 \u064a\u0645\u0643\u0646\u0646\u064a \u0623\u0646 \u0623\u0633\u0627\u0639\u062f\u0643 \u0641\u064a \u0627\u0644\u062d\u0635\u0648\u0644 \u0639\u0644\u0649 \u0645\u0639\u0644\u0648\u0645\u0627\u062a \u0645\u0641\u064a\u062f\u0629<\/b>\ud83e\uddd6\u2640\ufe0f<\/div>\n<div>\u2714 \u00a0 <b>\u0643\u064a\u0641 \u064a\u0645\u0643\u0646\u0646\u064a \u0623\u0646 \u0623\u0633\u0627\u0639\u062f\u0643 \u0641\u064a \u0627\u0644\u062d\u0635\u0648\u0644 \u0639\u0644\u0649 \u0648\u0638\u064a\u0641\u0629 \u0641\u064a \u0634\u0631\u0643\u0629 G\u00fc\u00e7l\u00fc antioksidan i\u00e7eri\u011fiyle cildi d\u0131\u015f etkenlere kar\u015f\u0131 kar\u015f\u0131 korurur<\/b><\/div>\n<h3><b>\u0643\u0648\u0644\u0627\u0646\u064a\u0645 \u0634\u064a\u0643\u0644\u064a:<\/b><\/h3>\n<div>\ud83d\udd38 \u00a0 <b>Y\u00fcz ve boyun b\u00f6lgesine<\/b>birka\u00e7 damla uygulay\u0131n.<\/div>\n<div>\ud83d\udd38 \u00a0 <b>Nazik\u00e7e masaje masaj yaparak cildinize yedirin.<\/b><\/div>\n<div>\ud83d\udd38 \u00a0 <b>Sabah ve ak\u015fam d\u00fczenli olarak kullan\u0131lmas\u0131 \u00f6nerilir.<\/b><\/div>\n<div>\ud83d\udd38 \u00a0 <b>Sabah kullan\u0131m\u0131m\u0131nda g\u00fcne\u015f koruyucu krem uygulamay\u0131 unutmay\u0131n!<\/b>\u2600\ufe0f<\/div>\n<p>\u2728 \u00a0 <b>\u0647\u0644 \u064a\u0645\u0643\u0646\u0646\u064a \u0623\u0646 \u0623\u0637\u0644\u0628 \u0645\u0646\u0643 \u0623\u0646 \u062a\u062a\u0639\u0627\u0648\u0646 \u0645\u0639\u064a \u0641\u064a \u0647\u0630\u0627 \u0627\u0644\u0645\u062c\u0627\u0644\u061f<\/b>\u2728<\/p>\n<div><\/div>","protected":false},"excerpt":{"rendered":"<p class=\"pr-new-br\" data-drroot=\"h1\">\u0645\u0635\u0644 \u0641\u064a\u062a\u0627\u0645\u064a\u0646 \u0633\u064a \u0627\u0644\u0645\u0634\u0631\u0642 \u0644\u0639\u0644\u0627\u062c \u0627\u0644\u0628\u0642\u0639 \u0627\u0644\u062f\u0627\u0643\u0646\u0629 \u0628\u0641\u0639\u0627\u0644\u064a\u0629\u060c \u0645\u0639 \u0627\u0644\u062c\u0644\u0648\u062a\u0627\u062b\u064a\u0648\u0646 \u0648\u062d\u0645\u0636 \u0627\u0644\u0641\u064a\u0631\u0648\u0644\u064a\u0643 \u0648\u062d\u0645\u0636 \u0627\u0644\u0623\u0633\u0643\u0648\u0631\u0628\u064a\u0643 \u0628\u0646\u0633\u0628\u0629 20%<\/p>","protected":false},"featured_media":27776,"comment_status":"open","ping_status":"closed","template":"","meta":{"om_disable_all_campaigns":false,"_monsterinsights_skip_tracking":false,"_monsterinsights_sitenote_active":false,"_monsterinsights_sitenote_note":"","_monsterinsights_sitenote_category":0},"product_brand":[],"product_cat":[53,72],"product_tag":[],"class_list":{"0":"post-27741","1":"product","2":"type-product","3":"status-publish","4":"has-post-thumbnail","6":"product_cat-serum","7":"product_cat-skin-serum","9":"first","10":"instock","11":"shipping-taxable","12":"purchasable","13":"product-type-simple"},"aioseo_notices":[],"_links":{"self":[{"href":"https:\/\/lowesprofesyonel.com\/ar\/wp-json\/wp\/v2\/product\/27741","targetHints":{"allow":["GET"]}}],"collection":[{"href":"https:\/\/lowesprofesyonel.com\/ar\/wp-json\/wp\/v2\/product"}],"about":[{"href":"https:\/\/lowesprofesyonel.com\/ar\/wp-json\/wp\/v2\/types\/product"}],"replies":[{"embeddable":true,"href":"https:\/\/lowesprofesyonel.com\/ar\/wp-json\/wp\/v2\/comments?post=27741"}],"version-history":[{"count":5,"href":"https:\/\/lowesprofesyonel.com\/ar\/wp-json\/wp\/v2\/product\/27741\/revisions"}],"predecessor-version":[{"id":28156,"href":"https:\/\/lowesprofesyonel.com\/ar\/wp-json\/wp\/v2\/product\/27741\/revisions\/28156"}],"wp:featuredmedia":[{"embeddable":true,"href":"https:\/\/lowesprofesyonel.com\/ar\/wp-json\/wp\/v2\/media\/27776"}],"wp:attachment":[{"href":"https:\/\/lowesprofesyonel.com\/ar\/wp-json\/wp\/v2\/media?parent=27741"}],"wp:term":[{"taxonomy":"product_brand","embeddable":true,"href":"https:\/\/lowesprofesyonel.com\/ar\/wp-json\/wp\/v2\/product_brand?post=27741"},{"taxonomy":"product_cat","embeddable":true,"href":"https:\/\/lowesprofesyonel.com\/ar\/wp-json\/wp\/v2\/product_cat?post=27741"},{"taxonomy":"product_tag","embeddable":true,"href":"https:\/\/lowesprofesyonel.com\/ar\/wp-json\/wp\/v2\/product_tag?post=27741"}],"curies":[{"name":"\u062f\u0628\u0644\u064a\u0648 \u0628\u064a","href":"https:\/\/api.w.org\/{rel}","templated":true}]}}