{"id":27825,"date":"2024-12-29T20:24:57","date_gmt":"2024-12-29T17:24:57","guid":{"rendered":"https:\/\/lowesprofesyonel.com\/?post_type=product&#038;p=27825"},"modified":"2026-04-16T18:54:54","modified_gmt":"2026-04-16T15:54:54","slug":"%d8%b3%d9%8a%d8%a8%d9%88%d9%85-%d8%af%d9%8a%d9%86%d8%ac%d9%84%d9%8a%d8%aa%d8%b4%d9%8a-%d9%81%d9%8a-%d8%a3%d9%8a%d8%af%d9%8a%d9%86%d9%84%d8%a7%d8%aa%d8%b4%d9%8a-%d8%b3%d9%8a%d8%b1%d8%a7%d9%85%d9%8a","status":"publish","type":"product","link":"https:\/\/lowesprofesyonel.com\/ar\/product\/sebum-dengeleyici-ve-aydinlatici-seramid-etkili-yuz-yikama-jeli-250-ml\/","title":{"rendered":"\u064a\u0648\u0632 \u0628\u064a\u0644\u0648\u062c\u0627 \u0643\u0627\u0641\u064a\u0627\u0631 \u0627\u0644\u062e\u064a\u0627\u0631 \u0648\u0627\u0644\u062e\u064a\u0627\u0631 \u0648\u0627\u0644\u0635\u0628\u0627\u0631 100 \u0645\u0644\u060c \u064a\u0648\u0632 \u0628\u064a\u0644\u0648\u062c\u0627 \u0643\u0627\u0641\u064a\u0627\u0631 \u0627\u0644\u062e\u064a\u0627\u0631 \u0648\u0627\u0644\u0635\u0628\u0627\u0631"},"content":{"rendered":"<p><b>\u0628\u064a\u0644\u064a\u0646\u063a \u062c\u064a\u0644\u064a - \u0633\u064a\u0644\u062f\u064a\u0646\u064a\u0632 \u064a\u0646\u064a\u0644\u064a\u0627\u0646 \u0641\u064a \u0643\u0627\u0646\u0644\u0627\u0646\u062f\u064a\u0631\u064a\u0646!<\/b><\/p>\n<p>Cildinizinizin taze ve sa\u011fl\u0131kl\u0131kl\u0131 g\u00f6r\u00fcnmesini istiyorsan\u0131z, \u00a0 \u00a0 \u00a0 <b>\u062a\u0642\u0634\u064a\u0631 \u062c\u064a\u0644\u064a<\/b>M\u00fckemmmel bir se\u00e7im! \u0644\u0642\u062f \u062a\u0645\u0643\u0651\u0646\u062a \u0645\u0646 \u0627\u0644\u062d\u0635\u0648\u0644 \u0639\u0644\u0649 \u0645\u0639\u0644\u0648\u0645\u0627\u062a \u0645\u0641\u0635\u0644\u0629 \u0639\u0646 \u0643\u0644 \u0645\u0627 \u064a\u062a\u0639\u0644\u0642 \u0628\u0627\u0644\u0623\u0646\u0634\u0637\u0629 \u0627\u0644\u062a\u064a \u062a\u0642\u0648\u0645 \u0628\u0647\u0627 \u0627\u0644\u0634\u0631\u0643\u0629 \u0641\u064a \u0645\u062c\u0627\u0644 \u0627\u0644\u062a\u0639\u0644\u064a\u0645.<\/p>\n<p>\u0646\u0627\u0632\u0643 \u062a\u0642\u0634\u064a\u0631 \u0646\u0627\u0632\u0643 \u0648\u0632\u064a\u062a \u0627\u0644\u0632\u064a\u062a\u0648\u0646 \u0648\u0632\u064a\u062a \u0627\u0644\u0632\u064a\u062a\u0648\u0646 \u0648\u0632\u064a\u062a \u0627\u0644\u0632\u064a\u062a\u0648\u0646 \u0648\u0632\u064a\u062a \u0627\u0644\u0632\u064a\u062a\u0648\u0646 \u0648\u0632\u064a\u062a \u0627\u0644\u0632\u064a\u062a\u0648\u0646. \u0643\u0645\u0627 \u064a\u0645\u0643\u0646 \u0623\u0646 \u064a\u0643\u0648\u0646 \u0647\u0646\u0627\u0643 \u0627\u0644\u0643\u062b\u064a\u0631 \u0645\u0646 \u0627\u0644\u0645\u0634\u0627\u0643\u0644 \u0627\u0644\u062a\u064a \u0644\u0627 \u064a\u0645\u0643\u0646 \u062d\u0644\u0647\u0627 \u0625\u0644\u0627 \u0645\u0646 \u062e\u0644\u0627\u0644 \u0627\u0644\u0639\u0645\u0644 \u0639\u0644\u0649 \u062d\u0644\u0647\u0627. \u0627\u0644\u0635\u0628\u0627\u0631 \u0641\u064a\u0631\u0627 \u0648\u0632\u064a\u062a \u0627\u0644\u0635\u0628\u0627\u0631 \u0648\u0632\u064a\u062a \u0627\u0644\u0635\u0628\u0627\u0631 \u0648\u0632\u064a\u062a \u0627\u0644\u0635\u0628\u0627\u0631. \u0627\u0644\u0623\u0644\u0648\u0629 \u0641\u064a\u0631\u0627 \u0648 \u0627\u0644\u0635\u0628\u0627\u0631 \u0648 \u0627\u0644\u0635\u0628\u0627\u0631 \u0641\u064a\u0631\u0627 \u0648 \u0627\u0644\u0635\u0628\u0627\u0631 \u0641\u064a\u0631\u0627 \u0648 \u0627\u0644\u0635\u0628\u0627\u0631 \u0641\u064a\u0631\u0627 \u0648 \u0627\u0644\u0635\u0628\u0627\u0631 \u0641\u064a\u0631\u0627. Ciltteteki lekeleri ve kirleri h\u0131zla temizler, p\u00fcr\u00fczzs\u00fcz bir y\u00fczey b\u0131rak\u0131r.<\/p>\n<p>Y\u00fcz\u00fcn\u00fcz\u00fcn\u00fcz\u00fc temizledikten sonra\u060c \u062a\u0642\u0634\u064a\u0631 \u062c\u064a\u0644\u064a\u064a\u0646\u064a \u0628\u0627\u0631\u0645\u0627\u0631\u0643 u\u00e7lar\u0131n\u0131zla nazik\u00e7e masaj yaparak uygulay\u0131n. \u0644\u0627 \u064a\u0645\u0643\u0646\u0646\u064a \u0623\u0646 \u0623\u062a\u062d\u062f\u062b \u0639\u0646 \u0623\u064a \u0634\u064a\u0621 \u0622\u062e\u0631. \u062a\u0645 \u062a\u062d\u062f\u064a\u062f 1-2 \u0643\u062d\u062f \u0623\u0642\u0635\u0649.<\/p>\n<p>Do\u011fal \u0130\u00e7erikler: Aloe Vera, Salatal\u0131k \u00d6zleri, Vitaminler ve cildinizi besleyen di\u011fer do\u011fal bile\u015fenler.<\/p>\n<p>\u015eimdi cildinizin cildinizin taze, p\u00fcr\u00fczs\u00fcz\u00fcz ve \u0131\u015f\u0131lt\u0131lt\u0131l\u0131 g\u00f6r\u00fcnmesi i\u00e7in \u00a0 \u00a0 \u00a0 <b>\u062a\u0642\u0634\u064a\u0631 \u062c\u064a\u0644\u064a<\/b>\u0625\u064a\u0644 \u062a\u0627\u0646\u0634\u064a\u0646<\/p>\n<div><\/div>","protected":false},"excerpt":{"rendered":"<p>\u064a\u0648\u0632 \u0628\u064a\u0644\u0648\u062c\u0627 \u0643\u0627\u0641\u064a\u0627\u0631 \u0627\u0644\u062e\u064a\u0627\u0631 \u0648\u0627\u0644\u062e\u064a\u0627\u0631 \u0648\u0627\u0644\u0635\u0628\u0627\u0631 100 \u0645\u0644\u060c \u064a\u0648\u0632 \u0628\u064a\u0644\u0648\u062c\u0627 \u0643\u0627\u0641\u064a\u0627\u0631 \u0627\u0644\u062e\u064a\u0627\u0631 \u0648\u0627\u0644\u0635\u0628\u0627\u0631<\/p>","protected":false},"featured_media":27826,"comment_status":"open","ping_status":"closed","template":"","meta":{"om_disable_all_campaigns":false,"_monsterinsights_skip_tracking":false,"_monsterinsights_sitenote_active":false,"_monsterinsights_sitenote_note":"","_monsterinsights_sitenote_category":0},"product_brand":[],"product_cat":[42,80,32],"product_tag":[],"class_list":{"0":"post-27825","1":"product","2":"type-product","3":"status-publish","4":"has-post-thumbnail","6":"product_cat-cream","7":"product_cat-face-peeling","8":"product_cat-peeling","10":"first","11":"instock","12":"shipping-taxable","13":"purchasable","14":"product-type-simple"},"aioseo_notices":[],"_links":{"self":[{"href":"https:\/\/lowesprofesyonel.com\/ar\/wp-json\/wp\/v2\/product\/27825","targetHints":{"allow":["GET"]}}],"collection":[{"href":"https:\/\/lowesprofesyonel.com\/ar\/wp-json\/wp\/v2\/product"}],"about":[{"href":"https:\/\/lowesprofesyonel.com\/ar\/wp-json\/wp\/v2\/types\/product"}],"replies":[{"embeddable":true,"href":"https:\/\/lowesprofesyonel.com\/ar\/wp-json\/wp\/v2\/comments?post=27825"}],"version-history":[{"count":4,"href":"https:\/\/lowesprofesyonel.com\/ar\/wp-json\/wp\/v2\/product\/27825\/revisions"}],"predecessor-version":[{"id":28148,"href":"https:\/\/lowesprofesyonel.com\/ar\/wp-json\/wp\/v2\/product\/27825\/revisions\/28148"}],"wp:featuredmedia":[{"embeddable":true,"href":"https:\/\/lowesprofesyonel.com\/ar\/wp-json\/wp\/v2\/media\/27826"}],"wp:attachment":[{"href":"https:\/\/lowesprofesyonel.com\/ar\/wp-json\/wp\/v2\/media?parent=27825"}],"wp:term":[{"taxonomy":"product_brand","embeddable":true,"href":"https:\/\/lowesprofesyonel.com\/ar\/wp-json\/wp\/v2\/product_brand?post=27825"},{"taxonomy":"product_cat","embeddable":true,"href":"https:\/\/lowesprofesyonel.com\/ar\/wp-json\/wp\/v2\/product_cat?post=27825"},{"taxonomy":"product_tag","embeddable":true,"href":"https:\/\/lowesprofesyonel.com\/ar\/wp-json\/wp\/v2\/product_tag?post=27825"}],"curies":[{"name":"\u062f\u0628\u0644\u064a\u0648 \u0628\u064a","href":"https:\/\/api.w.org\/{rel}","templated":true}]}}