{"id":27842,"date":"2025-02-27T21:18:14","date_gmt":"2025-02-27T18:18:14","guid":{"rendered":"https:\/\/lowesprofesyonel.com\/?post_type=product&#038;p=27842"},"modified":"2026-04-16T18:54:33","modified_gmt":"2026-04-16T15:54:33","slug":"0-%d8%af%d9%88%d8%ac%d8%a7%d9%84-%d8%b3%d9%8a%d9%84%d9%8a%d9%83-%d8%a3%d8%b1%d9%88%d9%85%d8%a7%d9%84%d9%8a-%d9%85%d8%a7%d8%b3%d8%a7%d8%ac-%d9%8a%d8%a7%d8%ba%d9%8a-%d8%b2%d9%8a%d8%aa-%d9%85%d8%b3%d8%a7","status":"publish","type":"product","link":"https:\/\/lowesprofesyonel.com\/ar\/product\/0-dogal-cilek-aromali-masaj-yagi-massage-oil-150-ml-cilek\/","title":{"rendered":"%100 Do\u011fal \u00c7ilek Aromal\u0131 Masaj Ya\u011f\u0131 Massage Oil 150 ml ( \u00c7ilek )"},"content":{"rendered":"<div>Neden MASAJ YA\u011eI kullanmal\u0131\u0131\u0131\u0131m?<\/div>\n<div>Cildi Besler vs Nemlendir:Do\u011fal ya\u011flarla zenginle\u015ftirilmi\u015f form\u00fcl\u00fc sayesinde cildi derinlemesine besler, nemlendir ve yumu\u015fac\u0131k bir his b\u0131rak\u0131r.<\/div>\n<div><\/div>\n<div><\/div>\n<div>\n<div>\u0646\u0627\u0635\u0631 \u0643\u0648\u0644\u0627\u0646\u064a\u0644\u064a\u0631\u061f<\/div>\n<div>\u0644\u0642\u062f \u062a\u0645\u0643\u0651\u0646\u062a \u0645\u0646 \u0627\u0644\u062d\u0635\u0648\u0644 \u0639\u0644\u0649 \u0645\u0639\u0644\u0648\u0645\u0627\u062a \u0645\u0641\u0635\u0644\u0629 \u0639\u0646 \u0643\u0644 \u0645\u0627 \u064a\u062a\u0639\u0644\u0642 \u0628\u0627\u0644\u0628\u064a\u0626\u0629 \u0641\u064a \u062a\u0631\u0643\u064a\u0627. \u0643\u0645\u0627 \u0623\u0646 \u0647\u0646\u0627\u0643 \u0627\u0644\u0639\u062f\u064a\u062f \u0645\u0646 \u0627\u0644\u0637\u0631\u0642 \u0627\u0644\u062a\u064a \u064a\u0645\u0643\u0646 \u0645\u0646 \u062e\u0644\u0627\u0644\u0647\u0627 \u0623\u0646 \u062a\u0643\u0648\u0646 \u0642\u0627\u062f\u0631\u0629 \u0639\u0644\u0649 \u0627\u0644\u062a\u0639\u0627\u0645\u0644 \u0645\u0639 \u0647\u0630\u0647 \u0627\u0644\u0645\u0634\u0643\u0644\u0629. Durulama gerektirmez.<\/div>\n<\/div>","protected":false},"excerpt":{"rendered":"<h3><b>\u062a\u0634\u064a\u0644\u064a\u0643 \u0643\u0648\u0643\u0648\u0644\u0648 \u0645\u0627\u0633\u0627\u062c \u064a\u0627\u063a - \u0631\u0627\u062d\u0627\u062a\u0644\u0627\u062a\u064a\u062a\u0634\u064a \u0641\u064a \u0646\u0645\u0644\u0646\u062f\u064a\u0631\u064a\u062a\u0634\u064a \u0628\u0627\u0643\u064a\u0648\u0645!<\/b>\ud83c\udf53\u2728<\/h3>\n<p>\u0633\u064a\u0644\u062f\u064a\u0646\u064a\u0632 <b>\u062f\u064a\u0631\u064a\u0646\u0644\u064a\u0645\u064a\u0633\u064a\u0646 \u0646\u064a\u0645<\/b>\u0633\u0627\u063a\u0644\u0627\u064a\u0627\u0646 \u0641\u064a <b>\u064a\u0648\u0645\u0648\u0634\u0627\u0643\u0644\u064a\u0643<\/b>\u0643\u0627\u0632\u0627\u0646\u062f\u064a\u0631\u0627\u0646 <b>\u062c\u064a\u0644\u064a\u0643 \u0643\u0648\u0643\u0648\u0644\u0648 \u0645\u0627\u0633\u0627\u062c \u064a\u0627\u063a\u064a<\/b>\u0639\u064a\u0646 \u0632\u0627\u0645\u0627\u0646\u062f\u0627 <b>\u0628\u0627\u0631\u0644\u0627\u0643\u0644\u064a\u0643 \u0641\u064a\u0631\u064a\u0631<\/b>ve masaj s\u0131ras\u0131nda rahatlat\u0131c\u0131 bir deneyim sunar. Do\u011fal i\u00e7eri\u011fi\u011f\u0131yle cildinizi besler ve <b>\u0643\u0627\u064a\u063a\u0627\u0646 \u0628\u064a\u0631 \u062f\u0648\u0643\u0648<\/b>olu\u015fturararak masaj\u0131n daha kolay kolay yap\u0131lmas\u0131n\u0131 sa\u011flar. \ud83d\udc86\u2640\ufe0f\ud83d\udc96<\/p>\n<p>&nbsp;<\/p>\n<div>\ud83d\udc96 <b>\u00d6ne \u00c7\u0131kan \u00d6zellikler:<\/b><\/div>\n<div>\u2714 <b>Cildinize derinlemesine nem ve yumu\u015fakl\u0131k<\/b>\u0643\u0627\u0632\u0627\u0646\u062f\u0631\u064a\u0631 \ud83d\udca7<\/div>\n<div>\u2714 <b>Parlakl\u0131k verir<\/b>ve do\u011fal bir \u0131\u015f\u0131lt\u0131t\u0131 sa\u011flar \u2728<\/div>\n<div>\u2714 \u0645\u0633\u0627\u062c \u0633\u064a\u0631\u0627\u0633\u0646\u062f\u0627 <b>\u0631\u0627\u0647\u0627\u062a\u0644\u0627\u062a\u064a\u062a\u0634\u064a \u0625\u062a\u0643\u064a<\/b>\u0633\u0648\u0646\u0627\u0631 \u0641\u064a <b>\u0643\u0648\u0644\u0627\u064a \u0643\u0648\u0644\u0627\u0646\u064a\u0645<\/b>\u0633\u0627\u062c\u0644\u0627\u0631 \ud83c\udf38<\/div>\n<div>\u2714 <b>\u062a\u0634\u064a\u0644\u064a\u0643 \u0643\u0648\u0643\u0648\u0633\u0648<\/b>ili cildinize ho\u015f bir ferahl\u0131k verir \ud83c\udf53<\/div>\n<h3><b>\u0643\u0648\u0644\u0627\u0646\u064a\u0645 \u0634\u064a\u0643\u0644\u064a:<\/b><\/h3>\n<p>&nbsp;<\/p>\n<div>\ud83d\udd38 \u0628\u064a\u0631 \u0645\u0643\u062a\u0627\u0631 <b>\u0645\u0627\u0633\u0627\u062c \u064a\u0627\u063a\u064a\u0646\u064a \u0623\u0641\u0648\u0643\u0648\u0646\u0648\u0632\u0627<\/b>\u0627\u0644\u0640<\/div>\n<div>\ud83d\udd38 <b>\u0645\u0627\u0633\u0627\u062c \u064a\u0627\u0628\u0644\u0627\u062c\u0627\u0643 \u0628\u0648\u0644\u062c\u064a\u064a<\/b>nazik\u00e7e uygulay\u0131n ve dairesel hareketlerle iyice yedirin.<\/div>\n<div>\ud83d\udd38 <b>\u062f\u0648\u0631\u0648\u0644\u0627\u0645\u0627 \u063a\u064a\u0631\u064a\u0643\u062a\u064a\u0631\u0645\u064a\u0632<\/b>,hemen ard\u0131ndan rahatlat\u0131c\u0131 etkisisini hissedin!<\/div>\n<p>\u2728 <b>\u0647\u0644 \u064a\u0645\u0643\u0646\u0646\u064a \u0623\u0646 \u0623\u0637\u0644\u0628 \u0645\u0646\u0643 \u0623\u0646 \u062a\u062a\u0639\u0627\u0648\u0646 \u0645\u0639\u064a \u0641\u064a \u0647\u0630\u0627 \u0627\u0644\u0623\u0645\u0631\u061f<\/b>\u2728<\/p>\n<div><\/div>","protected":false},"featured_media":27843,"comment_status":"open","ping_status":"closed","template":"","meta":{"om_disable_all_campaigns":false,"_monsterinsights_skip_tracking":false,"_monsterinsights_sitenote_active":false,"_monsterinsights_sitenote_note":"","_monsterinsights_sitenote_category":0},"product_brand":[],"product_cat":[84,83],"product_tag":[],"class_list":{"0":"post-27842","1":"product","2":"type-product","3":"status-publish","4":"has-post-thumbnail","6":"product_cat-skin-tonic","7":"product_cat-tonic","9":"first","10":"instock","11":"shipping-taxable","12":"purchasable","13":"product-type-simple"},"aioseo_notices":[],"_links":{"self":[{"href":"https:\/\/lowesprofesyonel.com\/ar\/wp-json\/wp\/v2\/product\/27842","targetHints":{"allow":["GET"]}}],"collection":[{"href":"https:\/\/lowesprofesyonel.com\/ar\/wp-json\/wp\/v2\/product"}],"about":[{"href":"https:\/\/lowesprofesyonel.com\/ar\/wp-json\/wp\/v2\/types\/product"}],"replies":[{"embeddable":true,"href":"https:\/\/lowesprofesyonel.com\/ar\/wp-json\/wp\/v2\/comments?post=27842"}],"version-history":[{"count":3,"href":"https:\/\/lowesprofesyonel.com\/ar\/wp-json\/wp\/v2\/product\/27842\/revisions"}],"predecessor-version":[{"id":28141,"href":"https:\/\/lowesprofesyonel.com\/ar\/wp-json\/wp\/v2\/product\/27842\/revisions\/28141"}],"wp:featuredmedia":[{"embeddable":true,"href":"https:\/\/lowesprofesyonel.com\/ar\/wp-json\/wp\/v2\/media\/27843"}],"wp:attachment":[{"href":"https:\/\/lowesprofesyonel.com\/ar\/wp-json\/wp\/v2\/media?parent=27842"}],"wp:term":[{"taxonomy":"product_brand","embeddable":true,"href":"https:\/\/lowesprofesyonel.com\/ar\/wp-json\/wp\/v2\/product_brand?post=27842"},{"taxonomy":"product_cat","embeddable":true,"href":"https:\/\/lowesprofesyonel.com\/ar\/wp-json\/wp\/v2\/product_cat?post=27842"},{"taxonomy":"product_tag","embeddable":true,"href":"https:\/\/lowesprofesyonel.com\/ar\/wp-json\/wp\/v2\/product_tag?post=27842"}],"curies":[{"name":"\u062f\u0628\u0644\u064a\u0648 \u0628\u064a","href":"https:\/\/api.w.org\/{rel}","templated":true}]}}