{"id":27851,"date":"2025-02-27T21:24:12","date_gmt":"2025-02-27T18:24:12","guid":{"rendered":"https:\/\/lowesprofesyonel.com\/?post_type=product&#038;p=27851"},"modified":"2026-04-16T18:54:21","modified_gmt":"2026-04-16T15:54:21","slug":"0-%d8%af%d9%88%d8%ac%d8%a7%d9%84-%d8%a8%d9%8a%d8%a8%d9%8a%d8%b1%d9%8a%d8%a7-%d9%8a%d8%a7%d8%ba%d9%8a-%d8%a5%d9%86%d8%ac%d9%84%d8%b1-%d9%81%d9%8a-%d9%87%d9%8a%d8%b2%d9%84%d9%8a-%d8%a3%d9%88%d8%b2%d8%a7","status":"publish","type":"product","link":"https:\/\/lowesprofesyonel.com\/ar\/product\/0-dogal-biberiye-yagi-engeller-ve-hizli-uzamasini-saglar\/","title":{"rendered":"%100 Do\u011fal Biberiye Ya\u011f\u0131, engeller ve h\u0131zl\u0131 uzamas\u0131n\u0131 sa\u011flar"},"content":{"rendered":"<div>\n<div><b>Biberiye Ya\u011f\u0131\u0131 Kompleksi - Sa\u00e7 D\u00f6k\u00fclmesi ve Y\u0131pranm\u0131\u015f Sa\u00e7lara \u00d6zel\u0131 H\u0131zl\u0131 Uzatma Bak\u0131m\u0131<br \/>\n<\/b><\/div>\n<\/div>\n<p>Sa\u00e7 d\u00f6k\u00fck\u00fclmesini durdurmak ve y\u0131pranm\u0131\u015f sa\u00e7lar\u0131 onarmak i\u00e7in geli\u015ftirilmi\u015f \u00f6zel form\u00fcl! \u0644\u0627 \u064a\u0645\u0643\u0646 \u0623\u0646 \u064a\u0643\u0648\u0646 \u0647\u0646\u0627\u0643 \u0623\u064a \u0634\u064a\u0621 \u0622\u062e\u0631 \u063a\u064a\u0631 \u0647\u0630\u0627 \u0641\u064a \u0647\u0630\u0627 \u0627\u0644\u0645\u062c\u0627\u0644. \u0643\u0645\u0627 \u064a\u0645\u0643\u0646 \u0623\u0646 \u064a\u0643\u0648\u0646 \u0647\u0646\u0627\u0643 \u0627\u0644\u0639\u062f\u064a\u062f \u0645\u0646 \u0627\u0644\u0645\u0632\u0627\u064a\u0627 \u0627\u0644\u062a\u064a \u064a\u0645\u0643\u0646 \u0623\u0646 \u062a\u062a\u062d\u0642\u0642 \u0645\u0646 \u062e\u0644\u0627\u0644 \u0647\u0630\u0647 \u0627\u0644\u062e\u062f\u0645\u0629. \u0647\u0630\u0627 \u0647\u0648 \u0645\u0627 \u064a\u0645\u0643\u0646 \u0623\u0646 \u064a\u0643\u0648\u0646 \u0644\u0647 \u062a\u0623\u062b\u064a\u0631 \u0643\u0628\u064a\u0631 \u0639\u0644\u0649 \u062d\u064a\u0627\u0629 \u0627\u0644\u0646\u0627\u0633. \u0643\u0645\u0627 \u0623\u0646 \u0647\u0646\u0627\u0643 \u0627\u0644\u0643\u062b\u064a\u0631 \u0645\u0646 \u0627\u0644\u0623\u0645\u0648\u0631 \u0627\u0644\u062a\u064a \u064a\u062c\u0628 \u0623\u0646 \u062a\u0643\u0648\u0646 \u0641\u064a \u0645\u062a\u0646\u0627\u0648\u0644 \u0627\u0644\u064a\u062f \u0641\u064a \u0647\u0630\u0627 \u0627\u0644\u0645\u062c\u0627\u0644.<\/p>\n<div>\n<div><\/div>\n<div><b>\u0646\u0627\u0635\u0631 \u0643\u0648\u0644\u0627\u0646\u064a\u0644\u064a\u0631\u061f<\/b><\/div>\n<div>\n<div><\/div>\n<p>Sa\u00e7 derisine derisine birka\u00e7 damla uygulay\u0131n ve hafif\u00e7e masaj yapt\u0131ktan sonra, sa\u00e7 u\u00e7lar\u0131na kadar taray\u0131n. 1 saat sa\u00e7\u0131n\u0131zda sa\u00e7\u0131n\u0131zda beklettikten sonra, sa\u00e7\u0131n\u0131z\u0131 nazik\u00e7e nazik\u00e7e durulay\u0131n. \u0644\u0627 \u064a\u0645\u0643\u0646 \u0623\u0646 \u064a\u0643\u0648\u0646 \u0647\u0646\u0627\u0643 \u0623\u064a \u0634\u064a\u0621 \u0622\u062e\u0631. \u0644\u0627 \u064a\u0645\u0643\u0646 \u0623\u0646 \u064a\u0643\u0648\u0646 \u0647\u0646\u0627\u0643 \u0623\u064a \u0634\u064a\u0621 \u0622\u062e\u0631. \u0644\u0627 \u064a\u0645\u0643\u0646\u0646\u064a \u0623\u0646 \u0623\u062a\u062d\u062f\u062b \u0639\u0646 \u0647\u0630\u0627 \u0627\u0644\u0623\u0645\u0631 \u0641\u064a \u0627\u0644\u0648\u0642\u062a \u0627\u0644\u062d\u0627\u0644\u064a.<\/p>\n<div><\/div>\n<div><\/div>\n<\/div>\n<\/div>","protected":false},"excerpt":{"rendered":"<div>\n<div><b>Biberiye Ya\u011f\u0131\u0131 Kompleksi - Sa\u00e7 D\u00f6k\u00fclmesi ve Y\u0131pranm\u0131\u015f Sa\u00e7lara \u00d6zel\u0131 H\u0131zl\u0131 Uzatma Bak\u0131m\u0131<br \/>\n<\/b><\/div>\n<\/div>\n<p>Sa\u00e7 d\u00f6k\u00fck\u00fclmesini durdurmak ve y\u0131pranm\u0131\u015f sa\u00e7lar\u0131 onarmak i\u00e7in geli\u015ftirilmi\u015f \u00f6zel form\u00fcl! \u0644\u0627 \u064a\u0645\u0643\u0646 \u0623\u0646 \u064a\u0643\u0648\u0646 \u0647\u0646\u0627\u0643 \u0623\u064a \u0634\u064a\u0621 \u0622\u062e\u0631 \u063a\u064a\u0631 \u0647\u0630\u0627 \u0641\u064a \u0647\u0630\u0627 \u0627\u0644\u0645\u062c\u0627\u0644. \u0643\u0645\u0627 \u064a\u0645\u0643\u0646 \u0623\u0646 \u064a\u0643\u0648\u0646 \u0647\u0646\u0627\u0643 \u0627\u0644\u0639\u062f\u064a\u062f \u0645\u0646 \u0627\u0644\u0645\u0632\u0627\u064a\u0627 \u0627\u0644\u062a\u064a \u064a\u0645\u0643\u0646 \u0623\u0646 \u062a\u062a\u062d\u0642\u0642 \u0645\u0646 \u062e\u0644\u0627\u0644 \u0647\u0630\u0647 \u0627\u0644\u062e\u062f\u0645\u0629. \u0647\u0630\u0627 \u0647\u0648 \u0645\u0627 \u064a\u0645\u0643\u0646 \u0623\u0646 \u064a\u0643\u0648\u0646 \u0644\u0647 \u062a\u0623\u062b\u064a\u0631 \u0643\u0628\u064a\u0631 \u0639\u0644\u0649 \u062d\u064a\u0627\u0629 \u0627\u0644\u0646\u0627\u0633. \u0643\u0645\u0627 \u0623\u0646 \u0647\u0646\u0627\u0643 \u0627\u0644\u0643\u062b\u064a\u0631 \u0645\u0646 \u0627\u0644\u0623\u0645\u0648\u0631 \u0627\u0644\u062a\u064a \u064a\u062c\u0628 \u0623\u0646 \u062a\u0643\u0648\u0646 \u0641\u064a \u0645\u062a\u0646\u0627\u0648\u0644 \u0627\u0644\u064a\u062f \u0641\u064a \u0647\u0630\u0627 \u0627\u0644\u0645\u062c\u0627\u0644.<\/p>\n<div>\n<div><\/div>\n<div><b>\u0646\u0627\u0635\u0631 \u0643\u0648\u0644\u0627\u0646\u064a\u0644\u064a\u0631\u061f<\/b><\/div>\n<div>\n<div><\/div>\n<p>Sa\u00e7 derisine derisine birka\u00e7 damla uygulay\u0131n ve hafif\u00e7e masaj yapt\u0131ktan sonra, sa\u00e7 u\u00e7lar\u0131na kadar taray\u0131n. 1 saat sa\u00e7\u0131n\u0131zda sa\u00e7\u0131n\u0131zda beklettikten sonra, sa\u00e7\u0131n\u0131z\u0131 nazik\u00e7e nazik\u00e7e durulay\u0131n. \u0644\u0627 \u064a\u0645\u0643\u0646 \u0623\u0646 \u064a\u0643\u0648\u0646 \u0647\u0646\u0627\u0643 \u0623\u064a \u0634\u064a\u0621 \u0622\u062e\u0631. \u0644\u0627 \u064a\u0645\u0643\u0646 \u0623\u0646 \u064a\u0643\u0648\u0646 \u0647\u0646\u0627\u0643 \u0623\u064a \u0634\u064a\u0621 \u0622\u062e\u0631. \u0644\u0627 \u064a\u0645\u0643\u0646\u0646\u064a \u0623\u0646 \u0623\u062a\u062d\u062f\u062b \u0639\u0646 \u0647\u0630\u0627 \u0627\u0644\u0623\u0645\u0631 \u0641\u064a \u0627\u0644\u0648\u0642\u062a \u0627\u0644\u062d\u0627\u0644\u064a.<\/p>\n<div><\/div>\n<div><\/div>\n<\/div>\n<\/div>","protected":false},"featured_media":28284,"comment_status":"open","ping_status":"closed","template":"","meta":{"om_disable_all_campaigns":false,"_monsterinsights_skip_tracking":false,"_monsterinsights_sitenote_active":false,"_monsterinsights_sitenote_note":"","_monsterinsights_sitenote_category":0},"product_brand":[],"product_cat":[91,53],"product_tag":[],"class_list":{"0":"post-27851","1":"product","2":"type-product","3":"status-publish","4":"has-post-thumbnail","6":"product_cat-hair-serum-serum","7":"product_cat-serum","9":"first","10":"instock","11":"shipping-taxable","12":"purchasable","13":"product-type-simple"},"aioseo_notices":[],"_links":{"self":[{"href":"https:\/\/lowesprofesyonel.com\/ar\/wp-json\/wp\/v2\/product\/27851","targetHints":{"allow":["GET"]}}],"collection":[{"href":"https:\/\/lowesprofesyonel.com\/ar\/wp-json\/wp\/v2\/product"}],"about":[{"href":"https:\/\/lowesprofesyonel.com\/ar\/wp-json\/wp\/v2\/types\/product"}],"replies":[{"embeddable":true,"href":"https:\/\/lowesprofesyonel.com\/ar\/wp-json\/wp\/v2\/comments?post=27851"}],"version-history":[{"count":4,"href":"https:\/\/lowesprofesyonel.com\/ar\/wp-json\/wp\/v2\/product\/27851\/revisions"}],"predecessor-version":[{"id":28287,"href":"https:\/\/lowesprofesyonel.com\/ar\/wp-json\/wp\/v2\/product\/27851\/revisions\/28287"}],"wp:featuredmedia":[{"embeddable":true,"href":"https:\/\/lowesprofesyonel.com\/ar\/wp-json\/wp\/v2\/media\/28284"}],"wp:attachment":[{"href":"https:\/\/lowesprofesyonel.com\/ar\/wp-json\/wp\/v2\/media?parent=27851"}],"wp:term":[{"taxonomy":"product_brand","embeddable":true,"href":"https:\/\/lowesprofesyonel.com\/ar\/wp-json\/wp\/v2\/product_brand?post=27851"},{"taxonomy":"product_cat","embeddable":true,"href":"https:\/\/lowesprofesyonel.com\/ar\/wp-json\/wp\/v2\/product_cat?post=27851"},{"taxonomy":"product_tag","embeddable":true,"href":"https:\/\/lowesprofesyonel.com\/ar\/wp-json\/wp\/v2\/product_tag?post=27851"}],"curies":[{"name":"\u062f\u0628\u0644\u064a\u0648 \u0628\u064a","href":"https:\/\/api.w.org\/{rel}","templated":true}]}}