{"id":27868,"date":"2025-02-27T21:35:31","date_gmt":"2025-02-27T18:35:31","guid":{"rendered":"https:\/\/lowesprofesyonel.com\/?post_type=product&#038;p=27868"},"modified":"2026-04-16T18:54:05","modified_gmt":"2026-04-16T15:54:05","slug":"%d8%a8%d9%8a%d8%a8%d9%8a%d8%b1%d9%8a%d8%a7%d9%8a-%d8%a3%d9%88%d8%b2%d9%84%d9%88-%d8%b3%d8%a7%d9%85%d8%a8%d9%88%d8%a7%d9%86-%d8%b3%d8%a7%d9%83-%d8%af%d9%88%d9%83%d9%88%d9%84%d9%85%d9%8a%d8%b3%d9%8a","status":"publish","type":"product","link":"https:\/\/lowesprofesyonel.com\/ar\/product\/biberiye-ozlu-sampuan-sac-dokulmesine-karsi-keratin-vitamin-ve-kolajen-iceren-250-ml\/","title":{"rendered":"\u0628\u064a\u0628\u064a\u0631\u064a\u0627\u064a \u0623\u0648\u0632\u0644\u0648 \u0634\u0627\u0645\u0628\u0648\u0627\u0646\u060c \u0633\u0627\u0643 \u062f\u0648\u0643\u0648\u0644\u0645\u0633\u064a\u0646 \u0643\u064a\u0631\u0627\u062a\u064a\u0646\u060c \u0641\u064a\u062a\u0627\u0645\u064a\u0646 \u0641\u064a \u0643\u0648\u0644\u0627\u062c\u064a\u0646 \u0625\u064a\u0633\u064a\u0631\u064a\u0646 250 \u0645\u0644"},"content":{"rendered":"<h3><b>Biberiye Ya\u011f\u0131\u0131 \u015eampuan\u0131 - G\u00fc\u00e7l\u00fc ve Canl\u0131 Sa\u00e7lar \u0130\u011f\u00e7in Do\u011fal Bak\u0131m!<\/b>\ud83c\udf3f\u2728<\/h3>\n<p>\u0647\u0644 \u0645\u0646 \u0627\u0644\u0645\u0645\u0643\u0646 \u0623\u0646 \u064a\u0643\u0648\u0646 \u0647\u0646\u0627\u0643 \u0623\u064a \u0646\u0648\u0639 \u0645\u0646 \u0623\u0646\u0648\u0627\u0639 \u0627\u0644\u062a\u0644\u0627\u0639\u0628 \u0641\u064a \u0627\u0644\u0623\u0633\u0639\u0627\u0631\u061f \u00a0 <b>\u0628\u064a\u0628\u064a\u0631\u064a\u0627 \u064a\u0627\u063a\u064a \u0634\u0627\u0645\u0628\u0648\u0627\u0646\u064a<\/b>\u060c sa\u00e7 derinizi canland\u0131rarak daha g\u00fc\u00e7l\u00fc ve sa\u011fl\u0131kl\u0131kl\u0131 sa\u011fl\u0131kl\u0131 sa\u00e7lara kavu\u015fman\u0131za yard\u0131mc\u0131 olur! \ud83c\udf31\ud83d\udc86\u2640\ufe0f<\/p>\n<div>\ud83d\udc96 \u00a0 <b>\u00d6ne \u00c7\u0131kan \u00d6zellikler:<\/b><\/div>\n<div>\u2714 \u00a0 <b>Biberiye ya\u011f\u0131\u0131\u011f\u0131\u0131\u011f\u0131yle sa\u00e7 derisini can\u0131r\u0131r\u0131r<\/b>ve sa\u00e7 tellerini tellerini g\u00fc\u00e7lendir \ud83c\udf3f<\/div>\n<div>\u2714 \u00a0 <b>\u0627\u0644\u0643\u064a\u0631\u0627\u062a\u064a\u0646\u060c \u0647\u064a\u062f\u0631\u0648\u0644\u064a\u0632 \u0643\u0648\u0644\u0627\u062c\u064a\u0646 \u0648 \u0627\u0644\u0628\u064a\u0648\u062a\u064a\u0646<\/b>ile sa\u00e7lar\u0131n daha sa\u011fl\u0131kl\u0131 ve dayan\u0131kl\u0131 olmas\u0131n\u0131 destekler \ud83d\udcaa<\/div>\n<div>\u2714 \u00a0 <b>Do\u011fal nem dengesini korurur<\/b>\u060c\u060c sa\u00e7lar\u0131 kurutmadan derinlemesine temizler \ud83d\udca6<\/div>\n<div>\u2714 \u00a0 <b>Sa\u00e7lar\u0131 a\u00e7lar\u0131 a\u011f\u0131rl\u0131\u015ft\u0131r\u015ft\u0131rmadan can\u0131r\u0131r\u0131r\u0131r<\/b>ve do\u011fal parlakl\u0131k kazand\u0131r\u0131r \u2728<\/div>\n<h3><b>\u0643\u0648\u0644\u0627\u0646\u064a\u0645 \u0634\u064a\u0643\u0644\u064a:<\/b><\/h3>\n<div>\ud83d\udd38 Nemli sa\u00e7a yterli miktarda \u015fampuan uygulay\u0131n ve nazik\u00e7e masaj yaparak k\u00f6p\u00fcrt\u00fcn.<\/div>\n<div>\ud83d\udd38 Bol suile durulay\u0131n ve gerekti\u011finde i\u015flemi tekrarlay\u0131n.<\/div>\n<div>\ud83d\udd38 \u00a0 <b>En iyi sonu\u00e7 i\u00e7in d\u00fczenli kullan\u0131m \u00f6nerilir.<\/b><\/div>\n<p>\u2728 \u00a0 <b>G\u00fc\u00e7l\u00fc\u060c sa\u011fl\u0131kl\u0131kl\u0131 ve canl\u0131 sa\u00e7lar i\u00e7in do\u011fan\u0131n g\u00fccl\u00fcn\u00fc ke\u015ffedin!<\/b>\u2728<\/p>","protected":false},"excerpt":{"rendered":"<h1 class=\"pr-new-br\" data-drroot=\"h1\">\u0628\u064a\u0628\u064a\u0631\u064a\u0627\u064a \u0623\u0648\u0632\u0644\u0648 \u0634\u0627\u0645\u0628\u0648\u0627\u0646\u060c \u0633\u0627\u0643 \u062f\u0648\u0643\u0648\u0644\u0645\u0633\u064a\u0646 \u0643\u064a\u0631\u0627\u062a\u064a\u0646\u060c \u0641\u064a\u062a\u0627\u0645\u064a\u0646 \u0641\u064a \u0643\u0648\u0644\u0627\u062c\u064a\u0646 \u0625\u064a\u0633\u064a\u0631\u064a\u0646 250 \u0645\u0644<\/h1>","protected":false},"featured_media":27870,"comment_status":"open","ping_status":"closed","template":"","meta":{"om_disable_all_campaigns":false,"_monsterinsights_skip_tracking":false,"_monsterinsights_sitenote_active":false,"_monsterinsights_sitenote_note":"","_monsterinsights_sitenote_category":0},"product_brand":[],"product_cat":[28,82],"product_tag":[],"class_list":{"0":"post-27868","1":"product","2":"type-product","3":"status-publish","4":"has-post-thumbnail","6":"product_cat-hair-care","7":"product_cat-hair-vitamin","9":"first","10":"instock","11":"shipping-taxable","12":"purchasable","13":"product-type-simple"},"aioseo_notices":[],"_links":{"self":[{"href":"https:\/\/lowesprofesyonel.com\/ar\/wp-json\/wp\/v2\/product\/27868","targetHints":{"allow":["GET"]}}],"collection":[{"href":"https:\/\/lowesprofesyonel.com\/ar\/wp-json\/wp\/v2\/product"}],"about":[{"href":"https:\/\/lowesprofesyonel.com\/ar\/wp-json\/wp\/v2\/types\/product"}],"replies":[{"embeddable":true,"href":"https:\/\/lowesprofesyonel.com\/ar\/wp-json\/wp\/v2\/comments?post=27868"}],"version-history":[{"count":3,"href":"https:\/\/lowesprofesyonel.com\/ar\/wp-json\/wp\/v2\/product\/27868\/revisions"}],"predecessor-version":[{"id":28127,"href":"https:\/\/lowesprofesyonel.com\/ar\/wp-json\/wp\/v2\/product\/27868\/revisions\/28127"}],"wp:featuredmedia":[{"embeddable":true,"href":"https:\/\/lowesprofesyonel.com\/ar\/wp-json\/wp\/v2\/media\/27870"}],"wp:attachment":[{"href":"https:\/\/lowesprofesyonel.com\/ar\/wp-json\/wp\/v2\/media?parent=27868"}],"wp:term":[{"taxonomy":"product_brand","embeddable":true,"href":"https:\/\/lowesprofesyonel.com\/ar\/wp-json\/wp\/v2\/product_brand?post=27868"},{"taxonomy":"product_cat","embeddable":true,"href":"https:\/\/lowesprofesyonel.com\/ar\/wp-json\/wp\/v2\/product_cat?post=27868"},{"taxonomy":"product_tag","embeddable":true,"href":"https:\/\/lowesprofesyonel.com\/ar\/wp-json\/wp\/v2\/product_tag?post=27868"}],"curies":[{"name":"\u062f\u0628\u0644\u064a\u0648 \u0628\u064a","href":"https:\/\/api.w.org\/{rel}","templated":true}]}}