{"id":27878,"date":"2025-02-27T21:50:16","date_gmt":"2025-02-27T18:50:16","guid":{"rendered":"https:\/\/lowesprofesyonel.com\/?post_type=product&#038;p=27878"},"modified":"2026-04-16T18:53:52","modified_gmt":"2026-04-16T15:53:52","slug":"%d8%aa%d8%b4%d9%8a%d9%84%d9%8a%d9%83-%d9%87%d9%8a%d9%86%d8%af%d8%b3%d8%aa%d8%a7%d9%86-%d8%b3%d9%8a%d9%81%d9%8a%d8%b2%d9%8a-%d8%a3%d9%88%d8%b2%d9%84%d9%88-%d9%86%d9%85%d9%84%d9%86%d8%af%d9%8a%d8%b1","status":"publish","type":"product","link":"https:\/\/lowesprofesyonel.com\/ar\/product\/cilek-hindistan-cevizi-ozlu-nemlendirici-ve-arindirici-vucut-peelingi-275-gr\/","title":{"rendered":"\u062c\u064a\u0644\u064a\u0643 \u0622\u0646\u062f \u0647\u0646\u062f\u0633\u062a\u0627\u0646 \u0633\u064a\u0641\u064a\u0632\u064a \u0623\u0648\u0632\u0644\u0648 \u0646\u0645\u0644\u0646\u062f\u064a\u0631\u064a\u062a\u0634\u064a \u0641\u064a \u0623\u0631\u064a\u0646\u062f\u064a\u0631\u062c\u064a \u0641\u0648\u0643\u0648\u062a \u0628\u064a\u0644\u064a\u0646\u062c\u064a 275 \u063a\u0631\u0627\u0645"},"content":{"rendered":"<h3>\u062c\u064a\u0644\u064a\u0643 \u0622\u0646\u062f \u0647\u0646\u062f\u0633\u062a\u0627\u0646 \u0633\u064a\u0641\u064a\u0632\u064a \u0623\u0648\u0632\u0644\u0648 \u0646\u0645\u0644\u0646\u062f\u064a\u0631\u064a\u062a\u0634\u064a \u0641\u064a \u0623\u0631\u064a\u0646\u062f\u064a\u0631\u062c\u064a \u0641\u0648\u0643\u0648\u062a \u0628\u064a\u0644\u064a\u0646\u062c\u064a 275 \u063a\u0631\u0627\u0645<\/h3>\n<div><strong>\u0644\u0648\u064a\u0632 \u0641\u0648\u0643\u0648\u062a\u0633 \u0628\u064a\u0644\u064a\u0648\u0646\u062c\u064a\u0648 \u0646\u064a \u064a\u0627\u0631?<\/strong><\/div>\n<div>\n<div><\/div>\n<div>\n<div>V\u00fccut peelingi, cilt y\u00fczeyindeki \u00f6l\u00fc h\u00fccreleri temizleyerek cildin daha yumu\u015fak, p\u00fcr\u00fczs\u00fcz ve canl\u0131 g\u00f6r\u00fcnmesini sa\u011flar.<\/div>\n<div>\u0644\u0627 \u064a\u0645\u0643\u0646 \u0623\u0646 \u064a\u0643\u0648\u0646 \u0647\u0646\u0627\u0643 \u0623\u064a \u0646\u0648\u0639 \u0645\u0646 \u0623\u0646\u0648\u0627\u0639 \u0627\u0644\u062a\u0632\u0648\u064a\u0631 \u0641\u064a \u0623\u064a \u0645\u0643\u0627\u0646 \u0641\u064a \u0627\u0644\u0639\u0627\u0644\u0645.<\/div>\n<\/div>\n<div><\/div>\n<div>\u0632\u064a\u062a \u0643\u0648\u0643\u0648 \u0646\u0648\u0633\u064a\u0641\u064a\u0631\u0627 - yumu\u015fak ve p\u00fcr\u00fcz\u00fcs\u00fcz\u00fcz\u00fczle\u015ftirici etki<\/div>\n<div><\/div>\n<div>\u062c\u0644\u064a\u0633\u0631\u064a\u0646 - \u0633\u064a\u0644\u062f\u064a \u0646\u0645\u0644\u064a\u0646\u062f\u064a\u0631<\/div>\n<div><\/div>\n<div>\n<div>\u0628\u064a\u062a\u0631\u0648\u0644\u0627\u062a\u0648\u0645 - cilde parlakl\u0131k kazand\u0131r\u0131r\u0131r<\/div>\n<div><\/div>\n<div><\/div>\n<div><strong>neden v\u00fccut peeli\u0307ngi\u0307 kullanmaliyim?<\/strong><\/div>\n<div><\/div>\n<\/div>\n<div>\u0644\u0627 \u064a\u0645\u0643\u0646 \u0623\u0646 \u064a\u0643\u0648\u0646 \u0647\u0646\u0627\u0643 \u0623\u064a \u0634\u064a\u0621 \u064a\u0645\u0643\u0646 \u0623\u0646 \u064a\u0643\u0648\u0646 \u0641\u064a \u0645\u062a\u0646\u0627\u0648\u0644 \u0627\u0644\u064a\u062f \u0641\u064a \u0627\u0644\u0648\u0642\u062a \u0627\u0644\u062d\u0627\u0644\u064a. \u0643\u0645\u0627 \u0623\u0646 \u0647\u0646\u0627\u0643 \u0627\u0644\u0643\u062b\u064a\u0631 \u0645\u0646 \u0627\u0644\u0645\u0634\u0627\u0643\u0644 \u0627\u0644\u062a\u064a \u0644\u0627 \u064a\u0645\u0643\u0646 \u062d\u0644\u0647\u0627 \u0625\u0644\u0627 \u0645\u0646 \u062e\u0644\u0627\u0644 \u0627\u0644\u0639\u0645\u0644 \u0639\u0644\u0649 \u062d\u0644\u0647\u0627. \u0644\u0627 \u064a\u0645\u0643\u0646\u0646\u064a \u0623\u0646 \u0623\u062a\u062d\u062f\u062b \u0639\u0646 \u0627\u0644\u0645\u0634\u0627\u0643\u0644 \u0627\u0644\u062a\u064a \u062a\u0648\u0627\u062c\u0647\u0646\u0627.<\/div>\n<div><\/div>\n<div><\/div>\n<div><strong>\u0646\u0627\u0635\u0631 \u0643\u0648\u0644\u0627\u0646\u064a\u0644\u064a\u0631\u061f<\/strong><\/div>\n<div><\/div>\n<div>Kullanmadan \u00f6nce kar\u0131\u015ft\u0131r\u0131n\u0131z. \u0644\u0627 \u064a\u0645\u0643\u0646\u0646\u064a \u0623\u0646 \u0623\u062a\u062d\u062f\u062b \u0639\u0646 \u0647\u0630\u0627 \u0627\u0644\u0645\u0648\u0636\u0648\u0639 \u0641\u064a \u0627\u0644\u0648\u0642\u062a \u0627\u0644\u062d\u0627\u0644\u064a. 5 dakika bekledikten sonra bol su ile durulayn\u0131n\u0131z.<\/div>\n<\/div>","protected":false},"excerpt":{"rendered":"<p>\u062c\u064a\u0644\u064a\u0643 \u0622\u0646\u062f \u0647\u0646\u062f\u0633\u062a\u0627\u0646 \u0633\u064a\u0641\u064a\u0632\u064a \u0623\u0648\u0632\u0644\u0648 \u0646\u0645\u0644\u0646\u062f\u064a\u0631\u064a\u062a\u0634\u064a \u0641\u064a \u0623\u0631\u064a\u0646\u062f\u064a\u0631\u062c\u064a \u0641\u0648\u0643\u0648\u062a \u0628\u064a\u0644\u064a\u0646\u062c\u064a 275 \u063a\u0631\u0627\u0645<\/p>","protected":false},"featured_media":27879,"comment_status":"open","ping_status":"closed","template":"","meta":{"om_disable_all_campaigns":false,"_monsterinsights_skip_tracking":false,"_monsterinsights_sitenote_active":false,"_monsterinsights_sitenote_note":"","_monsterinsights_sitenote_category":0},"product_brand":[],"product_cat":[32,79],"product_tag":[],"class_list":{"0":"post-27878","1":"product","2":"type-product","3":"status-publish","4":"has-post-thumbnail","6":"product_cat-peeling","7":"product_cat-skin-peeling","9":"first","10":"instock","11":"shipping-taxable","12":"purchasable","13":"product-type-simple"},"aioseo_notices":[],"_links":{"self":[{"href":"https:\/\/lowesprofesyonel.com\/ar\/wp-json\/wp\/v2\/product\/27878","targetHints":{"allow":["GET"]}}],"collection":[{"href":"https:\/\/lowesprofesyonel.com\/ar\/wp-json\/wp\/v2\/product"}],"about":[{"href":"https:\/\/lowesprofesyonel.com\/ar\/wp-json\/wp\/v2\/types\/product"}],"replies":[{"embeddable":true,"href":"https:\/\/lowesprofesyonel.com\/ar\/wp-json\/wp\/v2\/comments?post=27878"}],"version-history":[{"count":2,"href":"https:\/\/lowesprofesyonel.com\/ar\/wp-json\/wp\/v2\/product\/27878\/revisions"}],"predecessor-version":[{"id":28124,"href":"https:\/\/lowesprofesyonel.com\/ar\/wp-json\/wp\/v2\/product\/27878\/revisions\/28124"}],"wp:featuredmedia":[{"embeddable":true,"href":"https:\/\/lowesprofesyonel.com\/ar\/wp-json\/wp\/v2\/media\/27879"}],"wp:attachment":[{"href":"https:\/\/lowesprofesyonel.com\/ar\/wp-json\/wp\/v2\/media?parent=27878"}],"wp:term":[{"taxonomy":"product_brand","embeddable":true,"href":"https:\/\/lowesprofesyonel.com\/ar\/wp-json\/wp\/v2\/product_brand?post=27878"},{"taxonomy":"product_cat","embeddable":true,"href":"https:\/\/lowesprofesyonel.com\/ar\/wp-json\/wp\/v2\/product_cat?post=27878"},{"taxonomy":"product_tag","embeddable":true,"href":"https:\/\/lowesprofesyonel.com\/ar\/wp-json\/wp\/v2\/product_tag?post=27878"}],"curies":[{"name":"\u062f\u0628\u0644\u064a\u0648 \u0628\u064a","href":"https:\/\/api.w.org\/{rel}","templated":true}]}}