{"id":28169,"date":"2025-08-31T18:21:44","date_gmt":"2025-08-31T15:21:44","guid":{"rendered":"https:\/\/lowesprofesyonel.com\/"},"modified":"2026-04-16T18:53:47","modified_gmt":"2026-04-16T15:53:47","slug":"%d9%85%d8%b9%d8%b7%d9%81-%d9%88%d8%a7%d9%82%d9%8a-%d9%85%d9%86-%d8%a7%d9%84%d8%b4%d9%85%d8%b3-50-%d8%ba%d9%86%d9%8a-50-%d9%83%d8%b1%d9%8a%d9%85%d9%8a-%d9%84%d9%8a%d9%83%d9%8a-%d9%83%d8%a7%d8%b1%d8%b3","status":"publish","type":"product","link":"https:\/\/lowesprofesyonel.com\/ar\/product\/spf-50-gunes-kremi-leke-karsiti-ton-esitleyici-glutatyon-hyaluronik-asit-50ml-pembe-renkli\/","title":{"rendered":"\u0643\u0631\u064a\u0645\u064a \u0643\u0631\u064a\u0645\u064a \u0628\u0639\u0627\u0645\u0644 \u062d\u0645\u0627\u064a\u0629 \u0645\u0646 \u0627\u0644\u0634\u0645\u0633 SPF 50 - \u0644\u064a\u0643 \u0643\u0627\u0631\u0634\u064a\u062a\u064a \u0648\u062a\u0648\u0646 \u0625\u0633\u064a\u062a\u0644\u064a\u062a\u0634 \u062c\u0644\u0648\u062a\u0627\u062a\u064a\u0648\u0646 \u0648\u0647\u064a\u0627\u0644\u0648\u0631\u0648\u0646\u064a\u0643 \u0623\u0633\u064a\u062a | 50 \u0645\u0644 (\u0628\u064a\u0645\u0628\u064a \u0631\u064a\u0646\u0643\u0644\u064a)"},"content":{"rendered":"<p>TONE UP PINK SPF 50 G\u00dcNE\u015e KREM\u0130 - TONE UP PINK SPF 50 G\u00dcNE\u015e KREM\u0130 - LEKE KAR\u015eITI &amp; TON E\u015e\u0130\u015e\u0130TLEYC\u0130\ud83c\udf38\u2600\ufe0f Cildinizi g\u00fcne\u015fin zararl\u0131\u015f\u0131n\u0131\u015f\u0131n\u0131ndan korururken ayn\u0131 zamanda e\u015fit bir cilt tonu ve parlak bir g\u00f6r\u00fcn\u00fcm m\u00fc istiyorsunuz? Tone Up Pink SPF 50 G\u00fcne\u015f Kremi\u060c Gelly\u015fmi\u015f Formul\u00fcl\u00fc sayesinde y\u00fcksek koruma\u060c nemlendirme ve ton e\u015fitleme etkisinibir araya getiriyor! \ud83d\udc96 \u00d6ne \u00c7\u0131kkan \u00d6zellikler:    \ud83c\udf1f \ud83c\udf1f \u2728 \ud83c\udf1f \u2728 \u063a\u0648\u0632\u064a\u0644\u0644\u064a \u063a\u064a\u0646\u064a\u0632 koruyun\u060c cildiniz nefes nefes als\u0131n!<\/p>","protected":false},"excerpt":{"rendered":"<p>\u0643\u0631\u064a\u0645\u064a \u0643\u0631\u064a\u0645\u064a \u0628\u0639\u0627\u0645\u0644 \u062d\u0645\u0627\u064a\u0629 \u0645\u0646 \u0627\u0644\u0634\u0645\u0633 SPF 50 - \u0644\u064a\u0643 \u0643\u0627\u0631\u0634\u064a\u062a\u064a \u0648\u062a\u0648\u0646 \u0625\u0633\u064a\u062a\u0644\u064a\u062a\u0634 \u062c\u0644\u0648\u062a\u0627\u062a\u064a\u0648\u0646 \u0648\u0647\u064a\u0627\u0644\u0648\u0631\u0648\u0646\u064a\u0643 \u0623\u0633\u064a\u062a | 50 \u0645\u0644 (\u0628\u064a\u0645\u0628\u064a \u0631\u064a\u0646\u0643\u0644\u064a)<\/p>","protected":false},"featured_media":28170,"comment_status":"open","ping_status":"closed","template":"","meta":{"om_disable_all_campaigns":false,"_monsterinsights_skip_tracking":false,"_monsterinsights_sitenote_active":false,"_monsterinsights_sitenote_note":"","_monsterinsights_sitenote_category":0},"product_brand":[],"product_cat":[42,74],"product_tag":[],"class_list":{"0":"post-28169","1":"product","2":"type-product","3":"status-publish","4":"has-post-thumbnail","6":"product_cat-cream","7":"product_cat-face-cream","9":"first","10":"instock","11":"shipping-taxable","12":"purchasable","13":"product-type-simple"},"aioseo_notices":[],"_links":{"self":[{"href":"https:\/\/lowesprofesyonel.com\/ar\/wp-json\/wp\/v2\/product\/28169","targetHints":{"allow":["GET"]}}],"collection":[{"href":"https:\/\/lowesprofesyonel.com\/ar\/wp-json\/wp\/v2\/product"}],"about":[{"href":"https:\/\/lowesprofesyonel.com\/ar\/wp-json\/wp\/v2\/types\/product"}],"replies":[{"embeddable":true,"href":"https:\/\/lowesprofesyonel.com\/ar\/wp-json\/wp\/v2\/comments?post=28169"}],"version-history":[{"count":1,"href":"https:\/\/lowesprofesyonel.com\/ar\/wp-json\/wp\/v2\/product\/28169\/revisions"}],"predecessor-version":[{"id":28176,"href":"https:\/\/lowesprofesyonel.com\/ar\/wp-json\/wp\/v2\/product\/28169\/revisions\/28176"}],"wp:featuredmedia":[{"embeddable":true,"href":"https:\/\/lowesprofesyonel.com\/ar\/wp-json\/wp\/v2\/media\/28170"}],"wp:attachment":[{"href":"https:\/\/lowesprofesyonel.com\/ar\/wp-json\/wp\/v2\/media?parent=28169"}],"wp:term":[{"taxonomy":"product_brand","embeddable":true,"href":"https:\/\/lowesprofesyonel.com\/ar\/wp-json\/wp\/v2\/product_brand?post=28169"},{"taxonomy":"product_cat","embeddable":true,"href":"https:\/\/lowesprofesyonel.com\/ar\/wp-json\/wp\/v2\/product_cat?post=28169"},{"taxonomy":"product_tag","embeddable":true,"href":"https:\/\/lowesprofesyonel.com\/ar\/wp-json\/wp\/v2\/product_tag?post=28169"}],"curies":[{"name":"\u062f\u0628\u0644\u064a\u0648 \u0628\u064a","href":"https:\/\/api.w.org\/{rel}","templated":true}]}}