{"id":28178,"date":"2025-08-31T18:25:39","date_gmt":"2025-08-31T15:25:39","guid":{"rendered":"https:\/\/lowesprofesyonel.com\/"},"modified":"2026-04-16T18:53:38","modified_gmt":"2026-04-16T15:53:38","slug":"%d9%84%d9%88%d9%8a%d8%b2-%d9%84%d9%8a%d9%83%d9%8a-%d9%83%d8%a7%d8%b1%d8%b3%d9%8a%d8%aa%d9%8a-%d8%a7%d9%8a%d8%af%d9%86%d9%84%d8%a7%d8%aa%d9%8a%d9%83%d9%8a-%d8%b3%d9%8a%d8%b1%d9%88%d9%85-2-%d8%a3%d9%84","status":"publish","type":"product","link":"https:\/\/lowesprofesyonel.com\/ar\/product\/lowes-leke-karsiti-aydinlatici-serum-2-alpha-arbutin-hyaluronik-asit-30-ml\/","title":{"rendered":"\u0645\u0635\u0644 \u0644\u0648\u064a\u0632 \u0644\u064a\u0643\u064a \u0643\u0627\u0631\u0634\u064a\u062a\u064a \u0622\u064a\u062f\u0646\u0644\u0627\u062a\u0634\u064a \u0633\u064a\u0631\u0648\u0645 - %2 \u0623\u0644\u0641\u0627 \u0623\u0631\u0628\u0648\u062a\u064a\u0646 + \u0647\u064a\u0627\u0644\u0648\u0631\u0648\u0646\u064a\u0643 \u0623\u0633\u064a\u062a - 30 \u0645\u0644"},"content":{"rendered":"<div id=\"product-description\">\n<div class=\"product-description visible\" data-drroot=\"product-description\" data-fragment=\"product-description\">\n<div id=\"product-content-wrapper\" class=\"product-content-wrapper__text content-description-content\" data-testid=\"product-description-content\">\n<div id=\"rich-content-wrapper\">\n<div><b>\u0645\u0635\u0644 \u0644\u0648\u064a\u0632 \u0644\u064a\u0643\u064a \u0643\u0627\u0631\u0634\u064a\u062a\u064a - 30 \u0645\u0644<\/b><\/div>\n<div>\u0645\u0635\u0644 \u0633\u064a\u0644\u062a \u062a\u0648\u0646\u0648\u0646\u0648 \u0625\u064a\u0634\u064a\u062a\u0644\u064a\u0627\u0646 \u0648\u0644\u064a\u0643\u0647 \u063a\u0648\u0631\u0648\u0646\u0648\u0645\u0648\u0646\u0648 \u0623\u0632\u0627\u0644\u062a\u0627\u0646<\/div>\n<div>G\u00fcne\u015f lekeleri, ya\u015flanma belirtileri ve cilt tonu e\u015fitizizizliklikleriyle sava\u015fmak i\u00e7in \u00f6zel olarak form\u00fcle edilen Lowes Leke Kar\u015f\u0131t\u0131t\u0131 Serum, %2 Alpha Arbutin\u060c %2 Hyaluronik Asit \u0648 Niacinamide i\u00e7eri\u011fiyle cildinizin daha ayd\u0131nl\u0131k, p\u00fcr\u00fczs\u00fcz\u00fcz ve sa\u011fl\u0131kl\u0131 g\u00f6r\u00fcnmesini destekler.<\/div>\n<div><\/div>\n<div><b>\u00dcr\u00fcn \u00d6zellikleri:<\/b><\/div>\n<div>G\u00fcne\u015f ve ya\u015fl\u0131l\u0131l\u0131k lekelerininin g\u00f6r\u00fcn\u00fcn\u00fcm\u00fcn\u00fc azalt\u0131r<\/div>\n<div>\u0633\u0627\u062d\u0629 \u0627\u0644\u062a\u0642\u0637\u064a\u0639 \u0648\u0627\u0644\u062a\u0639\u0628\u0626\u0629 \u0648\u0627\u0644\u062a\u063a\u0644\u064a\u0641<\/div>\n<div>Cildi nemlendir ve yumu\u015fat\u0131r<\/div>\n<div>Parlak ve canl\u0131 bir cilt g\u00f6r\u00fcn\u00fcm\u00fcm\u00fc sa\u011flar<\/div>\n<div>D\u00fczenli kullan\u0131mda etkili sonu\u00e7lar sunar<\/div>\n<div><\/div>\n<div><b>\u0643\u0648\u0644\u0627\u0646\u064a\u0645 \u0634\u064a\u0643\u0644\u064a:<\/b><\/div>\n<div>\u0644\u0642\u062f \u062a\u0645\u0643\u0651\u0646\u062a \u0645\u0646 \u0627\u0644\u062d\u0635\u0648\u0644 \u0639\u0644\u0649 \u0645\u0639\u0644\u0648\u0645\u0627\u062a \u0645\u0641\u0635\u0644\u0629 \u0639\u0646 \u0643\u0644 \u0645\u0627 \u064a\u062a\u0639\u0644\u0642 \u0628\u0627\u0644\u0633\u0644\u0627\u0645\u0629 \u0645\u0646 \u062e\u0644\u0627\u0644 \u062a\u0637\u0628\u064a\u0642 \u0646\u0638\u0627\u0645 \u0625\u062f\u0627\u0631\u0629 \u0627\u0644\u0633\u0644\u0627\u0645\u0629 \u0641\u064a \u062c\u0645\u064a\u0639 \u0623\u0646\u062d\u0627\u0621 \u0627\u0644\u0639\u0627\u0644\u0645. \u0644\u0642\u062f \u062a\u0645\u0643\u0646\u0627 \u0645\u0646 \u0627\u0644\u062d\u0635\u0648\u0644 \u0639\u0644\u0649 \u0643\u0644 \u0634\u064a\u0621. \u0635\u0628\u0627\u062d \u0627\u0644\u062e\u064a\u0631 \u064a\u0627 \u0633\u064a\u062f\u064a.<\/div>\n<div><\/div>\n<div><b>\u00dcr\u00fcn \u0130\u00e7\u00fcn \u0130\u00e7eri\u011fi (Se\u00e7me Bile\u015fenler):<\/b><\/div>\n<div>\u0623\u0644\u0641\u0627 \u0623\u0631\u0628\u0648\u062a\u064a\u0646\u060c \u0647\u064a\u0627\u0644\u0648\u0631\u0648\u0646\u064a\u0643 \u0623\u0633\u064a\u062a\u060c \u0646\u064a\u0627\u0633\u064a\u0646\u0627\u0645\u064a\u062f\u060c \u062c\u0644\u0648\u062a\u0627\u062a\u064a\u0648\u0646\u060c \u0641\u064a\u062a\u0627\u0645\u064a\u0646 \u0633\u064a \u062a\u0648\u0631\u064a\u0641\u064a (\u0641\u0648\u0633\u0641\u0627\u062a \u0623\u0633\u0643\u0648\u0631\u0628\u064a\u0644 \u0627\u0644\u0635\u0648\u062f\u064a\u0648\u0645)\u060c \u0628\u0627\u0646\u062b\u064a\u0646\u0648\u0644\u060c \u062a\u0648\u0643\u0648\u0641\u064a\u0631\u064a\u0644 \u0623\u0633\u064a\u062a\u0627\u062a (\u0641\u064a\u062a\u0627\u0645\u064a\u0646 \u0647\u0640)\u060c \u0628\u064a\u062a\u0643\u064a\u0633\u064a\u0644 \u0623\u0648\u0632\u0644\u0631 ve nemlendiriciler.<\/div>\n<div><\/div>\n<div><b>\u0623\u0645\u0628\u0627\u0644\u0627\u062c \u0628\u064a\u0644\u062c\u064a\u0644\u064a\u0631\u064a<\/b><\/div>\n<div>\u0645\u064a\u0643\u062a\u0627\u0631: 30 \u0645\u0644<\/div>\n<div>\u0645\u064a\u0646\u0634\u0627\u064a: \u062a\u0631\u0643\u064a\u0627<\/div>\n<div>\u0627\u0628\u0646 \u0643\u0648\u0644\u0627\u0646\u0645\u0627 \u0637\u0631\u064a\u062d\u064a: 30.04.2028<\/div>\n<div>\u0631\u0642\u0645 \u0627\u0644\u062c\u0632\u0621: LWS 001<\/div>\n<div><\/div>\n<div><b>\u0623\u0648\u064a\u0627\u0631\u064a\u0644\u0627\u0631:<\/b><\/div>\n<div>Sadece harici kullan\u0131m i\u00e7indir. \u0647\u0630\u0647 \u0647\u064a \u0627\u0644\u0637\u0631\u064a\u0642\u0629 \u0627\u0644\u0648\u062d\u064a\u062f\u0629 \u0627\u0644\u062a\u064a \u064a\u0645\u0643\u0646 \u0645\u0646 \u062e\u0644\u0627\u0644\u0647\u0627 \u0623\u0646 \u0646\u0628\u062f\u0623. \u0627\u0644\u0645\u0648\u0627\u0636\u064a\u0639 \u0627\u0644\u062a\u064a \u0644\u0627 \u062a\u0632\u0627\u0644 \u0642\u064a\u062f \u0627\u0644\u062f\u0631\u0627\u0633\u0629. \u0644\u0627 \u064a\u0645\u0643\u0646\u0646\u064a \u0623\u0646 \u0623\u062a\u062d\u062f\u062b \u0639\u0646 \u0623\u064a \u0634\u064a\u0621 \u0622\u062e\u0631.<\/div>\n<\/div>\n<\/div>\n<\/div>\n<\/div>\n<div id=\"product-feedback\">\n<div class=\"product-feedback\" data-testid=\"product-feedback\" data-fragment=\"product-feedback\"><\/div>\n<\/div>","protected":false},"excerpt":{"rendered":"<p>\u0645\u0635\u0644 \u0644\u0648\u064a\u0632 \u0644\u064a\u0643\u064a \u0643\u0627\u0631\u0634\u064a\u062a\u064a \u0622\u064a\u062f\u0646\u0644\u0627\u062a\u0634\u064a \u0633\u064a\u0631\u0648\u0645 - %2 \u0623\u0644\u0641\u0627 \u0623\u0631\u0628\u0648\u062a\u064a\u0646 + \u0647\u064a\u0627\u0644\u0648\u0631\u0648\u0646\u064a\u0643 \u0623\u0633\u064a\u062a - 30 \u0645\u0644<\/p>","protected":false},"featured_media":28179,"comment_status":"open","ping_status":"closed","template":"","meta":{"om_disable_all_campaigns":false,"_monsterinsights_skip_tracking":false,"_monsterinsights_sitenote_active":false,"_monsterinsights_sitenote_note":"","_monsterinsights_sitenote_category":0},"product_brand":[],"product_cat":[53,72],"product_tag":[],"class_list":{"0":"post-28178","1":"product","2":"type-product","3":"status-publish","4":"has-post-thumbnail","6":"product_cat-serum","7":"product_cat-skin-serum","9":"first","10":"instock","11":"shipping-taxable","12":"purchasable","13":"product-type-simple"},"aioseo_notices":[],"_links":{"self":[{"href":"https:\/\/lowesprofesyonel.com\/ar\/wp-json\/wp\/v2\/product\/28178","targetHints":{"allow":["GET"]}}],"collection":[{"href":"https:\/\/lowesprofesyonel.com\/ar\/wp-json\/wp\/v2\/product"}],"about":[{"href":"https:\/\/lowesprofesyonel.com\/ar\/wp-json\/wp\/v2\/types\/product"}],"replies":[{"embeddable":true,"href":"https:\/\/lowesprofesyonel.com\/ar\/wp-json\/wp\/v2\/comments?post=28178"}],"version-history":[{"count":1,"href":"https:\/\/lowesprofesyonel.com\/ar\/wp-json\/wp\/v2\/product\/28178\/revisions"}],"predecessor-version":[{"id":28186,"href":"https:\/\/lowesprofesyonel.com\/ar\/wp-json\/wp\/v2\/product\/28178\/revisions\/28186"}],"wp:featuredmedia":[{"embeddable":true,"href":"https:\/\/lowesprofesyonel.com\/ar\/wp-json\/wp\/v2\/media\/28179"}],"wp:attachment":[{"href":"https:\/\/lowesprofesyonel.com\/ar\/wp-json\/wp\/v2\/media?parent=28178"}],"wp:term":[{"taxonomy":"product_brand","embeddable":true,"href":"https:\/\/lowesprofesyonel.com\/ar\/wp-json\/wp\/v2\/product_brand?post=28178"},{"taxonomy":"product_cat","embeddable":true,"href":"https:\/\/lowesprofesyonel.com\/ar\/wp-json\/wp\/v2\/product_cat?post=28178"},{"taxonomy":"product_tag","embeddable":true,"href":"https:\/\/lowesprofesyonel.com\/ar\/wp-json\/wp\/v2\/product_tag?post=28178"}],"curies":[{"name":"\u062f\u0628\u0644\u064a\u0648 \u0628\u064a","href":"https:\/\/api.w.org\/{rel}","templated":true}]}}