{"id":28187,"date":"2025-08-31T18:29:18","date_gmt":"2025-08-31T15:29:18","guid":{"rendered":"https:\/\/lowesprofesyonel.com\/"},"modified":"2026-04-16T18:53:28","modified_gmt":"2026-04-16T15:53:28","slug":"%d9%84%d9%88%d9%8a%d8%b2-%d8%ba%d9%88%d8%b2-%d8%ba%d9%88%d8%b2-%d8%a3%d9%84%d8%aa%d9%8a-%d8%b3%d9%8a%d8%b1%d9%88%d9%85-%d9%85%d9%88%d8%b1%d9%84%d9%88%d9%83-%d8%b3%d9%8a%d8%b3%d9%84%d9%8a%d9%83-%d9%81","status":"publish","type":"product","link":"https:\/\/lowesprofesyonel.com\/ar\/product\/lowes-goz-alti-serumu-morluk-sislik-ve-ince-cizgilere-karsi-30-ml\/","title":{"rendered":"\u0644\u0648\u064a\u0632 \u063a\u0648\u0632 \u0623\u0644\u062a\u064a \u0633\u064a\u0631\u0648\u0645\u0648 \u0644\u0648\u064a\u0632 - \u0645\u0648\u0631\u0644\u0648\u0643\u060c \u0634\u064a\u0634\u0644\u064a\u0643 \u0641\u064a \u0634\u064a\u0632\u062c\u064a\u0644\u064a\u0631 \u0643\u0627\u0631\u0634\u064a 30 \u0645\u0644"},"content":{"rendered":"<div id=\"product-description\">\n<div class=\"product-description visible\" data-drroot=\"product-description\" data-fragment=\"product-description\">\n<div id=\"product-content-wrapper\" class=\"product-content-wrapper__text content-description-content\" data-testid=\"product-description-content\">\n<div id=\"rich-content-wrapper\">\n<div><b>\u0644\u0648\u064a\u0632 \u063a\u0648\u0632 \u0623\u0644\u062a\u064a \u0633\u064a\u0631\u0648\u0645\u0648 - 30 \u0645\u0644<\/b><\/div>\n<div><\/div>\n<div>G\u00f6z Alt\u0131 Alt\u0131 Morluklar\u0131, \u015ei\u015flik ve \u0130nce \u00c7izgilere Kar\u015f\u0131 Ayd\u0131nlat\u0131c\u0131 ve Yenileyici Serum<\/div>\n<div>\u0645\u0635\u0644 \u0644\u0648\u064a\u0632 \u0623\u0644\u062a\u064a\u0631\u064a\u0643 \u0633\u064a\u0631\u0648\u0645 \u0644\u0648\u064a\u0632 \u0623\u0644\u062a\u064a\u0631\u064a\u0643 \u0633\u064a\u0631\u0648\u0645\u0648; \u0645\u0635\u0644 \u0627\u0644\u0643\u0627\u0641\u064a\u0646 \u0648\u0627\u0644\u0647\u064a\u0627\u0644\u0648\u0631\u0648\u0646\u064a\u0643 \u0623\u0633\u064a\u062a \u0648\u0627\u0644\u0646\u064a\u0627\u0633\u064a\u0646\u0627\u0645\u064a\u062f \u0648\u0627\u0644\u0628\u064a\u062a\u0643\u0648\u064a\u0633\u064a\u0644 \u0648\u0627\u0644\u0641\u064a\u062a\u0627\u0645\u064a\u0646\u0627\u062a \u0648\u0627\u0644\u0645\u0639\u0627\u062f\u0646 \u0648\u0627\u0644\u0641\u064a\u062a\u0627\u0645\u064a\u0646\u0627\u062a \u0648\u0627\u0644\u0645\u0639\u0627\u062f\u0646 \u0627\u0644\u0623\u062e\u0631\u0649.<\/div>\n<div><\/div>\n<div><b>\u00dcr\u00fcn \u00d6zellikleri:<\/b><\/div>\n<div><\/div>\n<div>\u0643\u064a\u0641\u064a\u0629 \u0627\u0644\u062a\u0639\u0627\u0645\u0644 \u0645\u0639 \u0647\u0630\u0647 \u0627\u0644\u0645\u0634\u0643\u0644\u0629 \u0645\u0646 \u062e\u0644\u0627\u0644 \u0627\u0633\u062a\u062e\u062f\u0627\u0645 \u0648\u0633\u0627\u0626\u0644 \u0627\u0644\u062a\u0648\u0627\u0635\u0644 \u0627\u0644\u0627\u062c\u062a\u0645\u0627\u0639\u064a<\/div>\n<div>\u0130\u00e7nce \u00e7izgi ve k\u0131r\u0131\u015f\u0131kl\u0131kl\u0131klar\u0131n g\u00f6r\u00fcn\u00fcm\u00fcn hafifletir<\/div>\n<div>G\u00f6z \u00e7evresini nemlendir ve besler<\/div>\n<div>Cilde canl\u0131l\u0131l\u0131k ve parlakl\u0131k kazand\u0131r\u0131r\u0131r<\/div>\n<div>D\u00fczenli kullan\u0131mda g\u00f6zle g\u00f6r\u00fcl\u00fcr sonu\u00e7lar sunar<\/div>\n<div><\/div>\n<div><\/div>\n<div><b>\u0643\u0648\u0644\u0627\u0646\u064a\u0645 \u0634\u064a\u0643\u0644\u064a:<\/b><\/div>\n<div><\/div>\n<div>\u0644\u0642\u062f \u062a\u0645\u0643\u0646\u0627 \u0645\u0646 \u0627\u0644\u062d\u0635\u0648\u0644 \u0639\u0644\u0649 \u0645\u0639\u0644\u0648\u0645\u0627\u062a \u0645\u0641\u0635\u0644\u0629 \u0639\u0646 \u0643\u0644 \u0645\u0627 \u064a\u062a\u0639\u0644\u0642 \u0628\u0627\u0644\u0628\u064a\u0626\u0629 \u0627\u0644\u0645\u062d\u064a\u0637\u0629 \u0628\u0646\u0627. \u0643\u0645\u0627 \u0623\u0646 \u0647\u0646\u0627\u0643 \u0627\u0644\u0643\u062b\u064a\u0631 \u0645\u0646 \u0627\u0644\u0645\u0634\u0627\u0643\u0644 \u0627\u0644\u062a\u064a \u062a\u0648\u0627\u062c\u0647\u0646\u0627 \u0641\u064a \u0647\u0630\u0627 \u0627\u0644\u0645\u062c\u0627\u0644.<\/div>\n<div>\u00dcr\u00fcn \u0130\u00e7\u00fcn \u0130\u00e7eri\u011fi (Se\u00e7me Bile\u015fenler):<\/div>\n<div>\u0643\u0627\u0641\u064a\u0646\u060c \u0647\u064a\u0627\u0644\u0648\u0631\u0648\u0646\u064a\u0643 \u0623\u0633\u064a\u062a\u060c \u0646\u064a\u0627\u0633\u064a\u0646\u0627\u0645\u064a\u062f\u060c \u0627\u0644\u0635\u0628\u0627\u0631 \u0625\u0643\u0633\u062a\u0631\u064a\u0633\u064a\u060c \u064a\u0634\u064a\u0644 \u062c\u0627\u064a \u0625\u0643\u0633\u062a\u0631\u064a\u0633\u064a\u060c \u0623\u0648\u0632\u0648\u0645 \u0634\u064a\u0643\u064a\u0631\u062f\u064a\u062c\u064a \u0625\u0643\u0633\u062a\u0631\u064a\u0633\u064a\u060c \u062a\u0627\u062a\u0644\u064a \u0628\u0627\u062f\u0645 \u064a\u0627\u063a\u064a\u060c \u0623\u0631\u063a\u0627\u0646 \u064a\u0627\u063a\u064a\u060c \u062c\u0648\u062c\u0648\u0628\u0627 \u064a\u0627\u063a\u064a\u060c \u0641\u064a\u062a\u0627\u0645\u064a\u0646 \u0647\u0640\u060c \u062f-\u0628\u0627\u0646\u062b\u064a\u0646\u0648\u0644\u060c \u0633\u064a\u0631\u0627\u0645\u064a\u062f\u0644\u0631.<\/div>\n<div><\/div>\n<div><\/div>\n<div><b>\u0623\u0648\u064a\u0627\u0631\u064a\u0644\u0627\u0631:<br \/>\n<\/b><\/div>\n<div>Sadece harici kullan\u0131m i\u00e7indir. \u0647\u0630\u0647 \u0647\u064a \u0627\u0644\u0637\u0631\u064a\u0642\u0629 \u0627\u0644\u0648\u062d\u064a\u062f\u0629 \u0627\u0644\u062a\u064a \u064a\u0645\u0643\u0646 \u0645\u0646 \u062e\u0644\u0627\u0644\u0647\u0627 \u0623\u0646 \u0646\u0628\u062f\u0623. \u0627\u0644\u0645\u0648\u0627\u0636\u064a\u0639 \u0627\u0644\u062a\u064a \u0644\u0627 \u062a\u0632\u0627\u0644 \u0642\u064a\u062f \u0627\u0644\u062f\u0631\u0627\u0633\u0629. \u0644\u0627 \u064a\u0645\u0643\u0646\u0646\u064a \u0623\u0646 \u0623\u062a\u062d\u062f\u062b \u0639\u0646 \u0623\u064a \u0634\u064a\u0621 \u0622\u062e\u0631.<\/div>\n<\/div>\n<\/div>\n<\/div>\n<\/div>\n<div id=\"product-feedback\">\n<div class=\"product-feedback\" data-testid=\"product-feedback\" data-fragment=\"product-feedback\"><\/div>\n<\/div>","protected":false},"excerpt":{"rendered":"<p>\u0644\u0648\u064a\u0632 \u063a\u0648\u0632 \u0623\u0644\u062a\u064a \u0633\u064a\u0631\u0648\u0645\u0648 \u0644\u0648\u064a\u0632 - \u0645\u0648\u0631\u0644\u0648\u0643\u060c \u0634\u064a\u0634\u0644\u064a\u0643 \u0641\u064a \u0634\u064a\u0632\u062c\u064a\u0644\u064a\u0631 \u0643\u0627\u0631\u0634\u064a 30 \u0645\u0644<\/p>","protected":false},"featured_media":28188,"comment_status":"open","ping_status":"closed","template":"","meta":{"om_disable_all_campaigns":false,"_monsterinsights_skip_tracking":false,"_monsterinsights_sitenote_active":false,"_monsterinsights_sitenote_note":"","_monsterinsights_sitenote_category":0},"product_brand":[],"product_cat":[53,72],"product_tag":[],"class_list":{"0":"post-28187","1":"product","2":"type-product","3":"status-publish","4":"has-post-thumbnail","6":"product_cat-serum","7":"product_cat-skin-serum","9":"first","10":"instock","11":"shipping-taxable","12":"purchasable","13":"product-type-simple"},"aioseo_notices":[],"_links":{"self":[{"href":"https:\/\/lowesprofesyonel.com\/ar\/wp-json\/wp\/v2\/product\/28187","targetHints":{"allow":["GET"]}}],"collection":[{"href":"https:\/\/lowesprofesyonel.com\/ar\/wp-json\/wp\/v2\/product"}],"about":[{"href":"https:\/\/lowesprofesyonel.com\/ar\/wp-json\/wp\/v2\/types\/product"}],"replies":[{"embeddable":true,"href":"https:\/\/lowesprofesyonel.com\/ar\/wp-json\/wp\/v2\/comments?post=28187"}],"version-history":[{"count":1,"href":"https:\/\/lowesprofesyonel.com\/ar\/wp-json\/wp\/v2\/product\/28187\/revisions"}],"predecessor-version":[{"id":28195,"href":"https:\/\/lowesprofesyonel.com\/ar\/wp-json\/wp\/v2\/product\/28187\/revisions\/28195"}],"wp:featuredmedia":[{"embeddable":true,"href":"https:\/\/lowesprofesyonel.com\/ar\/wp-json\/wp\/v2\/media\/28188"}],"wp:attachment":[{"href":"https:\/\/lowesprofesyonel.com\/ar\/wp-json\/wp\/v2\/media?parent=28187"}],"wp:term":[{"taxonomy":"product_brand","embeddable":true,"href":"https:\/\/lowesprofesyonel.com\/ar\/wp-json\/wp\/v2\/product_brand?post=28187"},{"taxonomy":"product_cat","embeddable":true,"href":"https:\/\/lowesprofesyonel.com\/ar\/wp-json\/wp\/v2\/product_cat?post=28187"},{"taxonomy":"product_tag","embeddable":true,"href":"https:\/\/lowesprofesyonel.com\/ar\/wp-json\/wp\/v2\/product_tag?post=28187"}],"curies":[{"name":"\u062f\u0628\u0644\u064a\u0648 \u0628\u064a","href":"https:\/\/api.w.org\/{rel}","templated":true}]}}