{"id":28196,"date":"2025-08-31T18:32:57","date_gmt":"2025-08-31T15:32:57","guid":{"rendered":"https:\/\/lowesprofesyonel.com\/"},"modified":"2026-04-16T18:53:15","modified_gmt":"2026-04-16T15:53:15","slug":"%d9%84%d9%88%d9%8a%d8%b2-%d9%87%d9%8a%d8%a7%d9%84%d9%88%d8%b1%d9%88%d9%86%d9%8a%d9%83-%d8%a3%d8%b3%d9%8a%d8%aa%d9%84%d9%8a-%d9%8a%d9%88%d8%b2-%d8%b3%d9%8a%d8%b1%d9%88%d9%85-%d9%87%d9%8a%d8%a7%d9%84","status":"publish","type":"product","link":"https:\/\/lowesprofesyonel.com\/ar\/product\/lowes-hyaluronik-asitli-yuz-serumu-nemlendirici-ve-cilt-canlandirici-30-ml\/","title":{"rendered":"\u0644\u0648\u064a\u0632 \u0647\u064a\u0627\u0644\u0648\u0631\u0648\u0646\u064a\u0643 \u0623\u0633\u064a\u062a\u0644\u064a \u064a\u0648\u0632 \u0633\u064a\u0631\u0648\u0645 \u0644\u0648\u064a\u0632 - \u0646\u0645\u0644\u0646\u062f\u064a\u0631\u064a\u062a\u0634\u064a \u0641\u064a \u0633\u064a\u0644\u062a \u0643\u0627\u0646\u0644\u0627\u0646\u062f\u064a\u0631\u062c\u064a - 30 \u0645\u0644"},"content":{"rendered":"<div><b>\u0644\u0648\u064a\u0632 \u0646\u0645\u0644\u0646\u062f\u064a\u0631\u064a\u0634\u064a \u064a\u0648\u0632 \u0633\u064a\u0631\u0648\u0645\u0648 - \u0647\u064a\u0627\u0644\u0648\u0631\u0648\u0646\u064a\u0643 \u0623\u0633\u064a\u062a + \u06285 \u0641\u064a\u062a\u0627\u0645\u064a\u0646\u0644\u064a - 30 \u0645\u0644<\/b><\/div>\n<div><\/div>\n<div>\u0633\u064a\u0631\u0648\u0645 \u0627\u0644\u062a\u0631\u0637\u064a\u0628 \u0627\u0644\u0645\u0643\u062b\u0641 \u0644\u0648\u064a\u0632 - \u0645\u0635\u0644 \u0627\u0644\u062a\u0631\u0637\u064a\u0628 \u0627\u0644\u0645\u0643\u062b\u0641\u060c \u0633\u064a\u0631\u0648\u0645 \u0647\u064a\u0627\u0644\u0648\u0631\u0648\u0646\u064a\u0643 \u0623\u0633\u064a\u062a\u0641\u064a B5 \u0641\u064a\u062a\u0627\u0645\u064a\u0646 B5 (\u0628\u0627\u0646\u062b\u064a\u0646\u0648\u0644)\u060c \u0633\u064a\u0631\u0648\u0645 \u0627\u0644\u062a\u0631\u0637\u064a\u0628 \u0627\u0644\u0645\u0643\u062b\u0641 \u0627\u0644\u0630\u064a \u0644\u0627 \u064a\u0632\u0627\u0644 \u064a\u0633\u062a\u062e\u062f\u0645 \u0641\u064a \u062c\u0645\u064a\u0639 \u0623\u0646\u062d\u0627\u0621 \u0627\u0644\u0639\u0627\u0644\u0645. \u0644\u0642\u062f \u062a\u0645\u0643\u0646\u0627 \u0645\u0646 \u0627\u0644\u062d\u0635\u0648\u0644 \u0639\u0644\u0649 \u0643\u0644 \u0645\u0627 \u0647\u0648 \u0645\u0637\u0644\u0648\u0628 \u0645\u0646\u0627 \u0641\u064a \u0647\u0630\u0627 \u0627\u0644\u0645\u062c\u0627\u0644.<\/div>\n<div><\/div>\n<div><\/div>\n<div><b>\u00dcr\u00fcn \u00d6zellikleri:<\/b><\/div>\n<div><\/div>\n<div>Derinlemesine nemlendirme sa\u011flar<\/div>\n<div><\/div>\n<div>Cildin elastikiyetini ve yumu\u015fakl\u0131\u011f\u0131n\u0131\u0131r\u0131r\u0131r<\/div>\n<div><\/div>\n<div>Kuru ve Hassas ciltler i\u00e7in idealdir<\/div>\n<div><\/div>\n<div>D\u00fczenli kullan\u0131mda ince \u00e7izgilerin g\u00f6r\u00fcn\u00fcn\u00fcm\u00fcn\u00fc azalt\u0131r<\/div>\n<div><\/div>\n<div>Hafif yap\u0131s\u0131yla kolay emilir, cildi ferahlat\u0131r<\/div>\n<div><\/div>\n<div><b>\u0643\u0648\u0644\u0627\u0646\u064a\u0645 \u0634\u064a\u0643\u0644\u064a:<\/b><\/div>\n<div><\/div>\n<div>\u0644\u0642\u062f \u062a\u0645\u0643\u0651\u0646\u062a \u0645\u0646 \u0627\u0644\u062d\u0635\u0648\u0644 \u0639\u0644\u0649 \u0645\u0639\u0644\u0648\u0645\u0627\u062a \u0645\u0641\u0635\u0644\u0629 \u0639\u0646 \u0643\u0644 \u0645\u0627 \u064a\u062a\u0639\u0644\u0642 \u0628\u0627\u0644\u0628\u064a\u0626\u0629 \u0648\u0627\u0644\u0645\u0648\u0627\u0631\u062f \u0627\u0644\u0637\u0628\u064a\u0639\u064a\u0629. \u0644\u0642\u062f \u062a\u0645\u0643\u0646\u0627 \u0645\u0646 \u0627\u0644\u062d\u0635\u0648\u0644 \u0639\u0644\u0649 \u0643\u0644 \u0645\u0627 \u0646\u0631\u064a\u062f\u0647 \u0645\u0646 \u0645\u0639\u0644\u0648\u0645\u0627\u062a \u062d\u0648\u0644 \u0647\u0630\u0627 \u0627\u0644\u0645\u0648\u0636\u0648\u0639. \u0635\u0628\u0627\u062d \u0627\u0644\u062e\u064a\u0631 \u064a\u0627 \u0633\u064a\u062f\u064a.<\/div>\n<div><\/div>\n<div>\u0130\u00e7indekiler (Se\u00e7ili Aktifler):<\/div>\n<div><\/div>\n<div>Hyaluronik Asit, Panthenol (B5 Vitamini), Centella Asiatica \u00d6z\u00fc, Sodium PCA, Parf\u00fcm, Terpineol, CI 44090 ve di\u011fer destekleyici nemlendiriciler.<\/div>\n<div><\/div>\n<div><b>\u0623\u0648\u064a\u0627\u0631\u064a\u0644\u0627\u0631:<\/b><\/div>\n<div>Sadece harici kullan\u0131m i\u00e7indir. \u0647\u0630\u0647 \u0647\u064a \u0627\u0644\u0637\u0631\u064a\u0642\u0629 \u0627\u0644\u0648\u062d\u064a\u062f\u0629 \u0627\u0644\u062a\u064a \u064a\u0645\u0643\u0646 \u0645\u0646 \u062e\u0644\u0627\u0644\u0647\u0627 \u0623\u0646 \u064a\u0643\u0648\u0646 \u0647\u0646\u0627\u0643 \u0623\u064a \u0634\u064a\u0621 \u0622\u062e\u0631. \u0627\u0644\u0645\u0648\u0627\u0636\u064a\u0639 \u0627\u0644\u062a\u064a \u0644\u0627 \u062a\u0632\u0627\u0644 \u0642\u064a\u062f \u0627\u0644\u062f\u0631\u0627\u0633\u0629. \u0644\u0627 \u064a\u0645\u0643\u0646\u0646\u064a \u0623\u0646 \u0623\u062a\u062d\u062f\u062b \u0639\u0646 \u0623\u064a \u0634\u064a\u0621 \u0622\u062e\u0631.<\/div>\n<div><\/div>","protected":false},"excerpt":{"rendered":"<p>\u0644\u0648\u064a\u0632 \u0647\u064a\u0627\u0644\u0648\u0631\u0648\u0646\u064a\u0643 \u0623\u0633\u064a\u062a\u0644\u064a \u064a\u0648\u0632 \u0633\u064a\u0631\u0648\u0645 \u0644\u0648\u064a\u0632 - \u0646\u0645\u0644\u0646\u062f\u064a\u0631\u064a\u062a\u0634\u064a \u0641\u064a \u0633\u064a\u0644\u062a \u0643\u0627\u0646\u0644\u0627\u0646\u062f\u064a\u0631\u062c\u064a - 30 \u0645\u0644<\/p>","protected":false},"featured_media":28197,"comment_status":"open","ping_status":"closed","template":"","meta":{"om_disable_all_campaigns":false,"_monsterinsights_skip_tracking":false,"_monsterinsights_sitenote_active":false,"_monsterinsights_sitenote_note":"","_monsterinsights_sitenote_category":0},"product_brand":[],"product_cat":[53,72],"product_tag":[],"class_list":{"0":"post-28196","1":"product","2":"type-product","3":"status-publish","4":"has-post-thumbnail","6":"product_cat-serum","7":"product_cat-skin-serum","9":"first","10":"instock","11":"shipping-taxable","12":"purchasable","13":"product-type-simple"},"aioseo_notices":[],"_links":{"self":[{"href":"https:\/\/lowesprofesyonel.com\/ar\/wp-json\/wp\/v2\/product\/28196","targetHints":{"allow":["GET"]}}],"collection":[{"href":"https:\/\/lowesprofesyonel.com\/ar\/wp-json\/wp\/v2\/product"}],"about":[{"href":"https:\/\/lowesprofesyonel.com\/ar\/wp-json\/wp\/v2\/types\/product"}],"replies":[{"embeddable":true,"href":"https:\/\/lowesprofesyonel.com\/ar\/wp-json\/wp\/v2\/comments?post=28196"}],"version-history":[{"count":1,"href":"https:\/\/lowesprofesyonel.com\/ar\/wp-json\/wp\/v2\/product\/28196\/revisions"}],"predecessor-version":[{"id":28204,"href":"https:\/\/lowesprofesyonel.com\/ar\/wp-json\/wp\/v2\/product\/28196\/revisions\/28204"}],"wp:featuredmedia":[{"embeddable":true,"href":"https:\/\/lowesprofesyonel.com\/ar\/wp-json\/wp\/v2\/media\/28197"}],"wp:attachment":[{"href":"https:\/\/lowesprofesyonel.com\/ar\/wp-json\/wp\/v2\/media?parent=28196"}],"wp:term":[{"taxonomy":"product_brand","embeddable":true,"href":"https:\/\/lowesprofesyonel.com\/ar\/wp-json\/wp\/v2\/product_brand?post=28196"},{"taxonomy":"product_cat","embeddable":true,"href":"https:\/\/lowesprofesyonel.com\/ar\/wp-json\/wp\/v2\/product_cat?post=28196"},{"taxonomy":"product_tag","embeddable":true,"href":"https:\/\/lowesprofesyonel.com\/ar\/wp-json\/wp\/v2\/product_tag?post=28196"}],"curies":[{"name":"\u062f\u0628\u0644\u064a\u0648 \u0628\u064a","href":"https:\/\/api.w.org\/{rel}","templated":true}]}}