{"id":28205,"date":"2025-08-31T18:35:23","date_gmt":"2025-08-31T15:35:23","guid":{"rendered":"https:\/\/lowesprofesyonel.com\/"},"modified":"2026-04-16T18:53:04","modified_gmt":"2026-04-16T15:53:04","slug":"%d9%84%d9%88%d9%8a%d8%b2-%d8%ba%d9%88%d9%86%d9%8a%d8%b3-%d9%83%d8%b1%d9%8a%d9%85%d9%8a-%d9%84%d9%8a%d9%83%d9%8a-%d9%83%d8%a7%d8%b1%d8%b3%d9%8a%d8%aa%d9%8a-%d9%81%d9%8a-%d8%ba%d9%88%d9%86%d9%8a%d8%b3","status":"publish","type":"product","link":"https:\/\/lowesprofesyonel.com\/ar\/product\/lowes-gunes-kremi-leke-karsiti-ve-yatistirici-gunes-koruyucu-spf-50-50-ml\/","title":{"rendered":"\u0644\u0648\u064a\u0632 \u063a\u0648\u0646\u064a\u0634 \u0643\u0631\u064a\u0645\u064a - \u0644\u064a\u0643\u064a \u0643\u0631\u0634\u064a\u062a\u064a \u0641\u064a \u064a\u0627\u062a\u064a\u0634\u062a\u064a\u0631\u0633\u064a \u063a\u0648\u0646\u064a\u0634 \u0643\u0648\u0631\u0648\u064a\u0648\u0643\u0648 SPF 50+ 50 \u0645\u0644"},"content":{"rendered":"<div>\n<div>\n<div>\n<div>\n<div>\n<div><b>\u0644\u0648\u064a\u0632 \u063a\u0648\u0646\u064a\u0634 \u0643\u0631\u064a\u0645\u064a - \u0644\u064a\u0643 \u0643\u0627\u0631\u0634\u064a\u062a\u064a \u0622\u0646\u062f \u064a\u0627\u062a\u064a\u0634\u062a\u064a\u0631\u0633\u064a \u0625\u062a\u0643\u064a 50 \u0645\u0644<\/b><\/div>\n<div>\u0644\u064a\u0643\u0647 \u063a\u0648\u0631\u0648\u0646\u0648\u0645\u0648\u0646\u0648 \u0623\u0632\u0627\u0644\u062a\u0627\u0646 \u0648\u062c\u064a\u0644\u062f\u064a \u0643\u0648\u0631\u0648\u064a\u0627\u0646 \u062c\u064a\u0644\u064a\u0634\u0645\u064a\u064a\u0634 \u063a\u0648\u0646\u064a\u0634 \u0643\u0648\u0631\u0648\u064a\u0648\u0643\u0648<\/div>\n<p>\u0644\u0648\u064a\u0632 \u063a\u0648\u0646\u064a\u0634 \u0643\u0631\u064a\u0645\u064a \u060c \u0644\u0648\u064a\u0632 \u063a\u0648\u0646\u064a\u0634 \u0643\u0631\u064a\u0645\u064a \u060c \u0644\u0648\u064a\u0632 \u063a\u0648\u0646\u064a\u0634 \u0643\u0631\u064a\u0645\u064a \u060c \u0644\u0648\u064a\u0632 \u063a\u0648\u0646\u064a\u0634 \u0643\u0631\u064a\u0645\u064a \u060c \u0644\u0648\u064a\u0632 \u063a\u0648\u0646\u064a\u0634 \u0643\u0631\u064a\u0645\u064a. \u064a\u0645\u0643\u0646 \u0623\u0646 \u064a\u0624\u062f\u064a \u0627\u0633\u062a\u062e\u062f\u0627\u0645 \u0641\u0644\u0627\u062a\u0631 \u0627\u0644\u0623\u0634\u0639\u0629 \u0641\u0648\u0642 \u0627\u0644\u0628\u0646\u0641\u0633\u062c\u064a\u0629 UVA\/UVB \u0625\u0644\u0649 \u062a\u0642\u0644\u064a\u0644 \u0645\u062e\u0627\u0637\u0631 \u0627\u0644\u0623\u0634\u0639\u0629 \u0641\u0648\u0642 \u0627\u0644\u0628\u0646\u0641\u0633\u062c\u064a\u0629 \u0639\u0644\u0649 \u0627\u0644\u0645\u062f\u0649 \u0627\u0644\u0637\u0648\u064a\u0644\u060c \u0643\u0645\u0627 \u064a\u0645\u0643\u0646 \u0623\u0646 \u064a\u0624\u062f\u064a \u0625\u0644\u0649 \u0632\u064a\u0627\u062f\u0629 \u0641\u0631\u0635 \u0627\u0644\u062d\u0635\u0648\u0644 \u0639\u0644\u0649 \u0646\u062a\u0627\u0626\u062c \u0625\u064a\u062c\u0627\u0628\u064a\u0629. \u0644\u0627 \u064a\u0632\u0627\u0644 \u0647\u0646\u0627\u0643 \u0627\u0644\u0643\u062b\u064a\u0631 \u0645\u0646 \u0627\u0644\u0623\u0645\u0648\u0631 \u0627\u0644\u062a\u064a \u064a\u062c\u0628 \u0623\u0646 \u062a\u0643\u0648\u0646 \u0639\u0644\u0649 \u0645\u0627 \u064a\u0631\u0627\u0645.<\/p>\n<p><b><br \/>\n\u00dcr\u00fcn \u00d6zellikleri:<\/b><\/p>\n<p>\u064a\u0645\u0643\u0646 \u0623\u0646 \u062a\u0643\u0648\u0646 \u0627\u0644\u0623\u0634\u0639\u0629 \u0641\u0648\u0642 \u0627\u0644\u0628\u0646\u0641\u0633\u062c\u064a\u0629 \u0641\u0648\u0642 \u0627\u0644\u0628\u0646\u0641\u0633\u062c\u064a\u0629 \u0641\u0648\u0642 \u0627\u0644\u0628\u0646\u0641\u0633\u062c\u064a\u0629 \u0641\u0648\u0642 \u0627\u0644\u0628\u0646\u0641\u0633\u062c\u064a\u0629 UVA\/UVB \u0645\u062a\u0627\u062d\u0629 \u0641\u064a \u062c\u0645\u064a\u0639 \u0623\u0646\u062d\u0627\u0621 \u0627\u0644\u0639\u0627\u0644\u0645<\/p>\n<p>\u0644\u064a\u0643\u064a \u063a\u0648\u0631\u0648\u0646\u0648\u0645\u0648\u0646\u0648 \u0623\u0632\u0627\u0644\u062a\u0645\u0627\u064a\u0627 \u0648 \u0643\u064a\u0632\u0627\u0631\u064a\u0643\u0644\u064a\u062c\u064a \u064a\u0627\u062a\u064a\u0634\u062a\u064a\u0631\u0645\u0627\u064a\u0627 \u064a\u0627\u0631\u062f\u0627\u062a \u064a\u0627\u0631\u064a\u0645\u0633\u064a \u0623\u0648\u0644\u0648\u0631<\/p>\n<p>Ya\u011fs\u0131z, hafif dokulu form\u00fcl\u00fcl: Ciltte parlama yapmaz<\/p>\n<p>Cildi nemlendir, yumu\u015fat\u0131r ve besler<\/p>\n<p>Hassasas ciltlerde dermatolojik olarak test edilmi\u015ftir<\/p>\n<p>Sivilceye e\u011filimimli ciltler i\u00e7in uygundur<\/p>\n<div><b><br \/>\n\u0643\u0648\u0644\u0627\u0646\u064a\u0645 \u0634\u064a\u0643\u0644\u064a:<\/b><\/div>\n<div>G\u00fcne\u015fe \u00e7\u0131kmadan 15-20 dakika \u00f6nce y\u00fcz ve boyun b\u00f6lgesine yeterli miktarda uygulan\u0131r.<\/div>\n<div>Y\u00fczme, terleme veya havluluyla silinma sonras\u0131nda \u0644\u0647\u0627 2 saatte bir yeniden uygulanmas\u0131 \u00f6nerilir.<\/div>\n<div>Makyaj baz\u0131 olarak da kullan\u0131labilir.<\/div>\n<div><b><br \/>\n\u00dcr\u00fcn \u0130\u00e7\u00fcn \u0130\u00e7eri\u011fi (Se\u00e7me Bile\u015fenler):<\/b><\/div>\n<div>\u0646\u064a\u0627\u0633\u064a\u0646\u0627\u0645\u064a\u062f\u060c \u062d\u0645\u0636 \u0627\u0644\u0647\u064a\u0627\u0644\u0648\u0631\u0648\u0646\u064a\u0643\u060c \u0623\u0644\u0641\u0627 \u0623\u0631\u0628\u0648\u062a\u064a\u0646\u060c \u062c\u0644\u0648\u062a\u0627\u062a\u064a\u0648\u0646\u060c \u0623\u0644\u0627\u0646\u062a\u0648\u064a\u0646\u060c \u062c\u064a\u0646\u0643\u0648 \u0623\u0648\u0643\u0633\u064a\u062a\u060c \u0627\u0644\u0635\u0628\u0627\u0631\u060c \u0633\u064a\u0646\u062a\u064a\u0644\u0627 \u0623\u0633\u064a\u0627\u062a\u064a\u0643\u0627\u060c \u0644\u0627\u0641\u0627\u0646\u062a\u0627 \u0623\u0648\u0632\u0648\u060c \u062a\u0634\u0627\u064a \u0623\u063a\u0627\u0633\u064a \u0623\u0648\u0632\u0648\u060c \u0632\u0628\u062f\u0629 \u0627\u0644\u0634\u064a\u0627\u060c \u0643\u0627\u0643\u0627\u0648 \u062a\u0648\u0647\u0648\u0645\u0648 \u0625\u0643\u0633\u062a\u0631\u064a\u0633\u064a\u060c \u062c\u0644\u064a\u0633\u0631\u064a\u0646.<\/div>\n<div>\n<div><\/div>\n<div>\u26a0 <b>\u0623\u0648\u064a\u0627\u0631\u0644\u0627\u0631<\/b><\/div>\n<\/div>\n<div>Sadece harici kullan\u0131m i\u00e7indir. \u0647\u0630\u0627 \u0647\u0648 \u0645\u0627 \u064a\u062d\u062f\u062b \u0627\u0644\u0622\u0646. \u0627\u0644\u0645\u0648\u0627\u0636\u064a\u0639 \u0627\u0644\u062a\u064a \u064a\u062c\u0628 \u0623\u0646 \u062a\u0643\u0648\u0646 \u0641\u064a \u0645\u062a\u0646\u0627\u0648\u0644 \u0627\u0644\u064a\u062f. \u0643\u0645\u0627 \u064a\u062c\u0628 \u0623\u0646 \u064a\u0643\u0648\u0646 \u0647\u0646\u0627\u0643 \u062a\u0639\u0627\u0648\u0646 \u0628\u064a\u0646 \u0627\u0644\u0637\u0631\u0641\u064a\u0646 \u0641\u064a \u0647\u0630\u0627 \u0627\u0644\u0645\u062c\u0627\u0644.<\/div>\n<\/div>\n<\/div>\n<\/div>\n<\/div>\n<\/div>\n<div>\n<div><\/div>\n<\/div>\n<div><\/div>","protected":false},"excerpt":{"rendered":"<p>\u0644\u0648\u064a\u0632 \u063a\u0648\u0646\u064a\u0634 \u0643\u0631\u064a\u0645\u064a - \u0644\u064a\u0643\u064a \u0643\u0631\u0634\u064a\u062a\u064a \u0641\u064a \u064a\u0627\u062a\u064a\u0634\u062a\u064a\u0631\u0633\u064a \u063a\u0648\u0646\u064a\u0634 \u0643\u0648\u0631\u0648\u064a\u0648\u0643\u0648 SPF 50+ 50 \u0645\u0644<\/p>","protected":false},"featured_media":28206,"comment_status":"open","ping_status":"closed","template":"","meta":{"om_disable_all_campaigns":false,"_monsterinsights_skip_tracking":false,"_monsterinsights_sitenote_active":false,"_monsterinsights_sitenote_note":"","_monsterinsights_sitenote_category":0},"product_brand":[],"product_cat":[42,74],"product_tag":[],"class_list":{"0":"post-28205","1":"product","2":"type-product","3":"status-publish","4":"has-post-thumbnail","6":"product_cat-cream","7":"product_cat-face-cream","9":"first","10":"instock","11":"shipping-taxable","12":"purchasable","13":"product-type-simple"},"aioseo_notices":[],"_links":{"self":[{"href":"https:\/\/lowesprofesyonel.com\/ar\/wp-json\/wp\/v2\/product\/28205","targetHints":{"allow":["GET"]}}],"collection":[{"href":"https:\/\/lowesprofesyonel.com\/ar\/wp-json\/wp\/v2\/product"}],"about":[{"href":"https:\/\/lowesprofesyonel.com\/ar\/wp-json\/wp\/v2\/types\/product"}],"replies":[{"embeddable":true,"href":"https:\/\/lowesprofesyonel.com\/ar\/wp-json\/wp\/v2\/comments?post=28205"}],"version-history":[{"count":1,"href":"https:\/\/lowesprofesyonel.com\/ar\/wp-json\/wp\/v2\/product\/28205\/revisions"}],"predecessor-version":[{"id":28212,"href":"https:\/\/lowesprofesyonel.com\/ar\/wp-json\/wp\/v2\/product\/28205\/revisions\/28212"}],"wp:featuredmedia":[{"embeddable":true,"href":"https:\/\/lowesprofesyonel.com\/ar\/wp-json\/wp\/v2\/media\/28206"}],"wp:attachment":[{"href":"https:\/\/lowesprofesyonel.com\/ar\/wp-json\/wp\/v2\/media?parent=28205"}],"wp:term":[{"taxonomy":"product_brand","embeddable":true,"href":"https:\/\/lowesprofesyonel.com\/ar\/wp-json\/wp\/v2\/product_brand?post=28205"},{"taxonomy":"product_cat","embeddable":true,"href":"https:\/\/lowesprofesyonel.com\/ar\/wp-json\/wp\/v2\/product_cat?post=28205"},{"taxonomy":"product_tag","embeddable":true,"href":"https:\/\/lowesprofesyonel.com\/ar\/wp-json\/wp\/v2\/product_tag?post=28205"}],"curies":[{"name":"\u062f\u0628\u0644\u064a\u0648 \u0628\u064a","href":"https:\/\/api.w.org\/{rel}","templated":true}]}}