{"id":28213,"date":"2025-08-31T18:40:21","date_gmt":"2025-08-31T15:40:21","guid":{"rendered":"https:\/\/lowesprofesyonel.com\/"},"modified":"2026-04-16T18:52:53","modified_gmt":"2026-04-16T15:52:53","slug":"%d9%84%d9%88%d9%8a%d8%b2-%d8%aa%d9%88%d9%86%d8%b1-%d9%84%d8%b4%d8%af-%d8%a7%d9%84%d9%85%d8%b3%d8%a7%d9%85-%d8%a7%d9%84%d9%85%d9%86%d9%82%d9%8a-%d8%ba%d9%88%d8%b2%d9%8a%d9%86%d9%8a%d9%83-%d9%83%d8%a7","status":"publish","type":"product","link":"https:\/\/lowesprofesyonel.com\/ar\/product\/lowes-pore-tightening-purifying-toner-gozenek-karsiti-tonik-200-ml\/","title":{"rendered":"Lowes Pore Tightening &#038; Purifying Toner \u2013 G\u00f6zenek Kar\u015f\u0131t\u0131 Tonik 250 ml"},"content":{"rendered":"<div>\n<div>\n<div>\n<div>\n<div><b>\u0644\u0648\u064a\u0632 \u062c\u0648\u0632\u064a\u0646\u064a\u0643 \u0644\u0648\u064a\u0632 \u062c\u0648\u0632\u064a\u0646\u064a\u0643 \u0633\u064a\u0644\u064a\u0633\u062a\u064a\u0643 \u0633\u064a\u0644\u064a\u0633\u062a\u064a\u0643 \u0641\u064a \u0623\u0631\u064a\u0646\u062f\u064a\u0631\u0633\u064a \u062a\u0648\u0646\u064a\u0643 - 250 \u0645\u0644<\/b><\/div>\n<div>\u0645\u0633\u062a\u062d\u0636\u0631 \u062a\u0646\u0642\u064a\u0629 \u0627\u0644\u0645\u0633\u0627\u0645 \u0648\u0627\u0644\u062a\u0648\u0646\u0631 \u0627\u0644\u0645\u0646\u0642\u064a \u0644\u0644\u0645\u0633\u0627\u0645\u060c \u0648\u0645\u0632\u064a\u0644 \u0627\u0644\u062f\u0647\u0648\u0646 \u0648\u0627\u0644\u0632\u064a\u0648\u062a \u0648\u0645\u0632\u064a\u0644 \u0627\u0644\u0639\u0631\u0642 \u0648\u0645\u0632\u064a\u0644 \u0627\u0644\u0639\u0631\u0642 \u0648\u0645\u0632\u064a\u0644 \u0627\u0644\u062f\u0647\u0648\u0646 \u0648\u0645\u0632\u064a\u0644 \u0627\u0644\u0639\u0631\u0642 \u0648\u0645\u0632\u064a\u0644 \u0627\u0644\u0639\u0631\u0642 \u0648\u0645\u0632\u064a\u0644 \u0627\u0644\u0639\u0631\u0642 \u0648\u0645\u0632\u064a\u0644 \u0627\u0644\u0639\u0631\u0642 \u0648\u0645\u0632\u064a\u0644 \u0627\u0644\u0639\u0631\u0642 \u0648\u0645\u0632\u064a\u0644 \u0627\u0644\u0639\u0631\u0642 \u0648\u0645\u0632\u064a\u0644 \u0627\u0644\u0639\u0631\u0642; i\u00e7eri\u011findeki Glikolik Asit, Salisilik Asit ve Niacinamide sayesinde g\u00f6zeneklerin g\u00f6r\u00fcn\u00fcm\u00fcn\u00fc azalt\u0131r, cilt tonununu e\u015fitler ve cilde p\u00fcr\u00fczs\u00fcz\u00fcz bir g\u00f6r\u00fcn\u00fcm kazand\u0131r\u0131r. T\u00fcm cilt tipleri i\u00e7in uygundur.<\/div>\n<div><\/div>\n<div><\/div>\n<div><\/div>\n<div><\/div>\n<div><b>\u00dcr\u00fcn \u00d6zellikleri:<\/b><\/div>\n<div>G\u00f6zenek g\u00f6r\u00fcn\u00fcm\u00fcn\u00fcm\u00fcn\u00fc azalt\u0131r ve cildi ar\u0131nd\u0131r\u0131r\u0131r<\/div>\n<div>Cilt tonununu tonunu e\u015fitler ve canland\u0131r\u0131r\u0131r<\/div>\n<div>AkNELI ve problemli ciltler i\u00e7in idealdir<\/div>\n<div>Cildin sebum sebum dengesini d\u00fczenlemeye yard\u0131mc\u0131 olur<\/div>\n<div>Hafif yap\u0131s\u0131yla kolay emilir, cildi ferahlat\u0131r<\/div>\n<div><\/div>\n<div><\/div>\n<div><b>\u0643\u0648\u0644\u0627\u0646\u064a\u0645 \u0634\u064a\u0643\u0644\u064a:<\/b><\/div>\n<div>\u062a\u0645\u064a\u0651\u0632 \u0648 \u0643\u0648\u0631\u0648 \u0633\u064a\u0644\u062f \u0635\u0628\u0627\u062d \u0648 \u0623\u0643\u0634\u0627\u0645 \u0623\u0648\u0644\u0645\u0627\u0643 \u0648 \u0623\u0648\u0632\u064a\u0631\u064a \u063a\u0648\u0646\u062f\u064a \u0648 \u0644\u0643\u0646 \u0644\u0627 \u064a\u0632\u0627\u0644 \u0647\u0646\u0627\u0643 \u0627\u0644\u0643\u062b\u064a\u0631 \u0645\u0646 \u0627\u0644\u0645\u0634\u0627\u0643\u0644 \u0627\u0644\u062a\u064a \u062a\u0648\u0627\u062c\u0647\u0647\u0627. \u062a\u0645\u062a\u0639\u0648\u0627 \u0628\u0648\u0642\u062a\u0643\u0645. \u0647\u0630\u0627 \u0647\u0648 \u0645\u0648\u0636\u0648\u0639\u0646\u0627 \u0627\u0644\u064a\u0648\u0645.<\/div>\n<div><\/div>\n<div><\/div>\n<div><b>\u0130\u00e7indekiler (Se\u00e7ili Aktifler):<\/b><\/div>\n<div>\u062d\u0645\u0636 \u0627\u0644\u062c\u0644\u064a\u0643\u0648\u0644\u064a\u0643\u060c \u062d\u0645\u0636 \u0627\u0644\u0633\u0627\u0644\u064a\u0633\u064a\u0644\u064a\u0643\u060c \u0646\u064a\u0627\u0633\u064a\u0646\u0627\u0645\u064a\u062f\u060c \u0627\u0644\u0635\u0628\u0627\u0631 \u0625\u0643\u0633\u062a\u0631\u064a\u0633\u064a\u060c \u062c\u0644\u0633\u0631\u064a\u0646\u060c \u0628\u0627\u0646\u062b\u064a\u0646\u0648\u0644\u060c \u0628\u0627\u0631\u0641\u0648\u0645\u060c \u0641\u064a\u0646\u0648\u0643\u0633\u064a \u0625\u064a\u062b\u0627\u0646\u0648\u0644.<\/div>\n<\/div>\n<\/div>\n<\/div>\n<\/div>\n<div>\n<div><\/div>\n<\/div>","protected":false},"excerpt":{"rendered":"<p>\u0644\u0648\u064a\u0632 \u062a\u0648\u0646\u0631 \u0644\u0648\u064a\u0632 \u0644\u0634\u062f \u0627\u0644\u0645\u0633\u0627\u0645 \u0648\u062a\u0646\u0642\u064a\u062a\u0647\u0627 - \u062c\u0648\u0632\u064a\u0646\u064a\u0643 \u0643\u0627\u0631\u0634\u064a\u062a\u064a \u062a\u0648\u0646\u064a\u0643 200 \u0645\u0644<\/p>","protected":false},"featured_media":28342,"comment_status":"open","ping_status":"closed","template":"","meta":{"om_disable_all_campaigns":false,"_monsterinsights_skip_tracking":false,"_monsterinsights_sitenote_active":false,"_monsterinsights_sitenote_note":"","_monsterinsights_sitenote_category":0},"product_brand":[],"product_cat":[85,83],"product_tag":[],"class_list":{"0":"post-28213","1":"product","2":"type-product","3":"status-publish","4":"has-post-thumbnail","6":"product_cat-face-tonic","7":"product_cat-tonic","9":"first","10":"instock","11":"shipping-taxable","12":"purchasable","13":"product-type-simple"},"aioseo_notices":[],"_links":{"self":[{"href":"https:\/\/lowesprofesyonel.com\/ar\/wp-json\/wp\/v2\/product\/28213","targetHints":{"allow":["GET"]}}],"collection":[{"href":"https:\/\/lowesprofesyonel.com\/ar\/wp-json\/wp\/v2\/product"}],"about":[{"href":"https:\/\/lowesprofesyonel.com\/ar\/wp-json\/wp\/v2\/types\/product"}],"replies":[{"embeddable":true,"href":"https:\/\/lowesprofesyonel.com\/ar\/wp-json\/wp\/v2\/comments?post=28213"}],"version-history":[{"count":2,"href":"https:\/\/lowesprofesyonel.com\/ar\/wp-json\/wp\/v2\/product\/28213\/revisions"}],"predecessor-version":[{"id":28343,"href":"https:\/\/lowesprofesyonel.com\/ar\/wp-json\/wp\/v2\/product\/28213\/revisions\/28343"}],"wp:featuredmedia":[{"embeddable":true,"href":"https:\/\/lowesprofesyonel.com\/ar\/wp-json\/wp\/v2\/media\/28342"}],"wp:attachment":[{"href":"https:\/\/lowesprofesyonel.com\/ar\/wp-json\/wp\/v2\/media?parent=28213"}],"wp:term":[{"taxonomy":"product_brand","embeddable":true,"href":"https:\/\/lowesprofesyonel.com\/ar\/wp-json\/wp\/v2\/product_brand?post=28213"},{"taxonomy":"product_cat","embeddable":true,"href":"https:\/\/lowesprofesyonel.com\/ar\/wp-json\/wp\/v2\/product_cat?post=28213"},{"taxonomy":"product_tag","embeddable":true,"href":"https:\/\/lowesprofesyonel.com\/ar\/wp-json\/wp\/v2\/product_tag?post=28213"}],"curies":[{"name":"\u062f\u0628\u0644\u064a\u0648 \u0628\u064a","href":"https:\/\/api.w.org\/{rel}","templated":true}]}}