{"id":12,"date":"2024-09-18T16:05:05","date_gmt":"2024-09-18T13:05:05","guid":{"rendered":"https:\/\/lowesprofesyonel.com\/?page_id=12"},"modified":"2025-08-25T15:31:54","modified_gmt":"2025-08-25T12:31:54","slug":"ruckerstattung_ruckgaben","status":"publish","type":"page","link":"https:\/\/lowesprofesyonel.com\/de\/refund_returns\/","title":{"rendered":"R\u00fcckerstattungs- und R\u00fcckgaberecht"},"content":{"rendered":"<div data-elementor-type=\"wp-page\" data-elementor-id=\"12\" class=\"elementor elementor-12\">\n\t\t\t\t<div class=\"wd-negative-gap elementor-element elementor-element-5348d577 e-flex e-con-boxed e-con e-parent\" data-id=\"5348d577\" data-element_type=\"container\" data-e-type=\"container\">\n\t\t\t\t\t<div class=\"e-con-inner\">\n\t\t\t\t<div class=\"elementor-element elementor-element-27deb5f4 color-scheme-inherit text-left elementor-widget elementor-widget-text-editor\" data-id=\"27deb5f4\" data-element_type=\"widget\" data-e-type=\"widget\" data-widget_type=\"text-editor.default\">\n\t\t\t\t<div class=\"elementor-widget-container\">\n\t\t\t\t\t\t\t\t\t<p><\/p>\n<h1><strong>R\u00fcckerstattungs- und R\u00fcckgaberecht<\/strong><\/h1>\n<p>Bei LOWE\u2019S PROFESYONEL sind wir bestrebt, Ihre vollst\u00e4ndige Zufriedenheit mit Ihrem Kauf sicherzustellen. Wenn Sie mit einem Produkt nicht zufrieden sind, befolgen Sie bitte die folgenden Richtlinien:<\/p>\n<h1><strong>R\u00fcckgabefrist<\/strong>:<\/h1>\n<p>Sie k\u00f6nnen das Produkt innerhalb von 14 Tagen nach Erhalt zur\u00fcckgeben.<\/p>\n<p>Das Produkt muss unbenutzt, unge\u00f6ffnet und in der Originalverpackung mit s\u00e4mtlichem Zubeh\u00f6r sein.<\/p>\n<h1><strong>R\u00fcckgabebedingungen<\/strong>:<\/h1>\n<p>Sie m\u00fcssen den Originalbeleg oder Kaufnachweis vorlegen.<\/p>\n<p>Gebrauchte, ge\u00f6ffnete oder durch Missbrauch besch\u00e4digte Produkte k\u00f6nnen nicht zur\u00fcckgegeben werden.<\/p>\n<p>Aus hygienischen Gr\u00fcnden sind bereits verwendete K\u00f6rperpflegeprodukte, wie etwa Haut- und Haarpflegeartikel, vom Umtausch ausgeschlossen.<\/p>\n<h1><strong>Besch\u00e4digte oder defekte Produkte<\/strong>:<\/h1>\n<p>Wenn Sie einen besch\u00e4digten oder defekten Artikel erhalten, kontaktieren Sie uns bitte innerhalb von 48 Stunden nach Erhalt der Bestellung.<\/p>\n<p>Je nach Einzelfall senden wir Ihnen ein Ersatzprodukt oder veranlassen eine vollst\u00e4ndige R\u00fcckerstattung.<\/p>\n<h1><strong>R\u00fcckerstattungsprozess<\/strong>:<\/h1>\n<p>Sobald wir das zur\u00fcckgesandte Produkt erhalten und gepr\u00fcft haben, veranlassen wir die R\u00fcckerstattung \u00fcber die urspr\u00fcngliche Zahlungsmethode.<\/p>\n<p>Die R\u00fcckerstattung kann je nach Bank oder Zahlungsmethode 7 bis 14 Werktage dauern.<\/p>\n<h1><strong>Versandkosten<\/strong>:<\/h1>\n<p>Der Kunde tr\u00e4gt die Versandkosten f\u00fcr die R\u00fccksendung des Produkts, es sei denn, das Produkt ist besch\u00e4digt oder defekt.<\/p>\n<p>Die urspr\u00fcnglichen Versandkosten werden nicht erstattet.<\/p>\n<h1><strong>Ausschl\u00fcsse<\/strong>:<\/h1>\n<p>F\u00fcr bestimmte Artikel, wie etwa Sonderangebote, reduzierte Produkte oder K\u00f6rperpflegeartikel, ist eine R\u00fcckgabe oder R\u00fcckerstattung m\u00f6glicherweise nicht m\u00f6glich.<\/p>\n<p>Geschenkkarten und Artikel zur einmaligen Verwendung sind vom Umtausch ausgeschlossen.<\/p>\n<h1><strong>Wie starte ich eine R\u00fccksendung?<\/strong>:<\/h1>\n<p>Um eine R\u00fcckgabe oder einen Umtausch zu beantragen, kontaktieren Sie bitte unser Kundenserviceteam per E-Mail unter info@lowesprofesyonel.com oder telefonisch unter +90 850 762 7037.<\/p>\n<p>Bitte geben Sie Ihre Bestellnummer, den Grund f\u00fcr die R\u00fccksendung und Fotos an, falls der Artikel besch\u00e4digt ist.<\/p>\n<p><\/p>\t\t\t\t\t\t\t\t<\/div>\n\t\t\t\t<\/div>\n\t\t\t\t\t<\/div>\n\t\t\t\t<\/div>\n\t\t\t\t<\/div>","protected":false},"excerpt":{"rendered":"<p>Return and Refund Policy At LOWE&#8217;S PROFESYONEL, we strive to ensure your complete satisfaction with your purchase. If you are<\/p>","protected":false},"author":1,"featured_media":0,"parent":0,"menu_order":0,"comment_status":"closed","ping_status":"closed","template":"","meta":{"om_disable_all_campaigns":false,"_monsterinsights_skip_tracking":false,"_monsterinsights_sitenote_active":false,"_monsterinsights_sitenote_note":"","_monsterinsights_sitenote_category":0,"footnotes":""},"class_list":["post-12","page","type-page","status-publish","hentry"],"aioseo_notices":[],"_hostinger_reach_plugin_has_subscription_block":false,"_hostinger_reach_plugin_is_elementor":false,"_links":{"self":[{"href":"https:\/\/lowesprofesyonel.com\/de\/wp-json\/wp\/v2\/pages\/12","targetHints":{"allow":["GET"]}}],"collection":[{"href":"https:\/\/lowesprofesyonel.com\/de\/wp-json\/wp\/v2\/pages"}],"about":[{"href":"https:\/\/lowesprofesyonel.com\/de\/wp-json\/wp\/v2\/types\/page"}],"author":[{"embeddable":true,"href":"https:\/\/lowesprofesyonel.com\/de\/wp-json\/wp\/v2\/users\/1"}],"replies":[{"embeddable":true,"href":"https:\/\/lowesprofesyonel.com\/de\/wp-json\/wp\/v2\/comments?post=12"}],"version-history":[{"count":16,"href":"https:\/\/lowesprofesyonel.com\/de\/wp-json\/wp\/v2\/pages\/12\/revisions"}],"predecessor-version":[{"id":27740,"href":"https:\/\/lowesprofesyonel.com\/de\/wp-json\/wp\/v2\/pages\/12\/revisions\/27740"}],"wp:attachment":[{"href":"https:\/\/lowesprofesyonel.com\/de\/wp-json\/wp\/v2\/media?parent=12"}],"curies":[{"name":"wp","href":"https:\/\/api.w.org\/{rel}","templated":true}]}}