{"id":27382,"date":"2024-08-18T12:51:46","date_gmt":"2024-08-18T09:51:46","guid":{"rendered":"https:\/\/lowesprofesyonel.com\/?page_id=27382"},"modified":"2025-08-27T17:20:05","modified_gmt":"2025-08-27T14:20:05","slug":"blog","status":"publish","type":"page","link":"https:\/\/lowesprofesyonel.com\/de\/blog\/","title":{"rendered":"Blog"},"content":{"rendered":"<div data-elementor-type=\"wp-page\" data-elementor-id=\"27382\" class=\"elementor elementor-27382\">\n\t\t\t\t<div class=\"wd-negative-gap elementor-element elementor-element-80276ef e-flex e-con-boxed e-con e-parent\" data-id=\"80276ef\" data-element_type=\"container\" data-e-type=\"container\">\n\t\t\t\t\t<div class=\"e-con-inner\">\n\t\t<div class=\"elementor-element elementor-element-8aed3f4 e-con-full e-flex e-con e-child\" data-id=\"8aed3f4\" data-element_type=\"container\" data-e-type=\"container\">\n\t\t\t\t<div class=\"elementor-element elementor-element-91876f3 elementor-widget elementor-widget-spacer\" data-id=\"91876f3\" data-element_type=\"widget\" data-e-type=\"widget\" data-widget_type=\"spacer.default\">\n\t\t\t\t<div class=\"elementor-widget-container\">\n\t\t\t\t\t\t\t<div class=\"elementor-spacer\">\n\t\t\t<div class=\"elementor-spacer-inner\"><\/div>\n\t\t<\/div>\n\t\t\t\t\t\t<\/div>\n\t\t\t\t<\/div>\n\t\t\t\t<div class=\"elementor-element elementor-element-ec0d37e elementor-widget elementor-widget-wd_image_or_svg\" data-id=\"ec0d37e\" data-element_type=\"widget\" data-e-type=\"widget\" data-widget_type=\"wd_image_or_svg.default\">\n\t\t\t\t<div class=\"elementor-widget-container\">\n\t\t\t\t\t\n\t\t<div class=\"wd-image text-left\">\n\t\t\t\t\t\t\t\t<img fetchpriority=\"high\" decoding=\"async\" width=\"580\" height=\"580\" src=\"https:\/\/lowesprofesyonel.com\/wp-content\/uploads\/2025\/08\/blog-body-1.jpg\" class=\"attachment-full size-full\" alt=\"\" srcset=\"https:\/\/lowesprofesyonel.com\/wp-content\/uploads\/2025\/08\/blog-body-1.jpg 580w, https:\/\/lowesprofesyonel.com\/wp-content\/uploads\/2025\/08\/blog-body-1-430x430.jpg 430w, https:\/\/lowesprofesyonel.com\/wp-content\/uploads\/2025\/08\/blog-body-1-150x150.jpg 150w, https:\/\/lowesprofesyonel.com\/wp-content\/uploads\/2025\/08\/blog-body-1-300x300.jpg 300w, https:\/\/lowesprofesyonel.com\/wp-content\/uploads\/2025\/08\/blog-body-1-12x12.jpg 12w\" sizes=\"(max-width: 580px) 100vw, 580px\" \/>\t\t\t\t\t<\/div>\n\n\t\t\t\t\t\t<\/div>\n\t\t\t\t<\/div>\n\t\t\t\t<\/div>\n\t\t<div class=\"elementor-element elementor-element-3819988 e-con-full e-flex e-con e-child\" data-id=\"3819988\" data-element_type=\"container\" data-e-type=\"container\">\n\t\t\t\t<div class=\"elementor-element elementor-element-8cbebab elementor-widget__width-initial wd-width-100 elementor-widget elementor-widget-wd_title\" data-id=\"8cbebab\" data-element_type=\"widget\" data-e-type=\"widget\" data-widget_type=\"wd_title.default\">\n\t\t\t\t<div class=\"elementor-widget-container\">\n\t\t\t\t\t\t\t<div class=\"title-wrapper set-mb-s reset-last-child wd-title-color-primary wd-title-style-default wd-title-size-large text-left\">\n\n\t\t\t\n\t\t\t<div class=\"liner-continer\">\n\t\t\t\t<h4 class=\"woodmart-title-container title wd-fontsize-xxl\">K\u00f6rper<\/h4> \n\t\t\t\t\t\t\t<\/div>\n\n\t\t\t\t\t<\/div>\n\t\t\t\t\t\t<\/div>\n\t\t\t\t<\/div>\n\t\t\t\t<div class=\"elementor-element elementor-element-d81e7cd elementor-widget elementor-widget-wd_text_block\" data-id=\"d81e7cd\" data-element_type=\"widget\" data-e-type=\"widget\" data-widget_type=\"wd_text_block.default\">\n\t\t\t\t<div class=\"elementor-widget-container\">\n\t\t\t\t\t\t\t<div class=\"wd-text-block reset-last-child text-left\">\n\t\t\t\n\t\t\t<p>\u00a0Hautpflege ist nicht nur eine t\u00e4gliche Routine, sie ist eine Investition in Ihre Gesundheit und Sch\u00f6nheit. Um eine strahlende und gesunde Haut zu erhalten, m\u00fcssen Sie einige Grundlagen kennen und regelm\u00e4\u00dfig anwenden:<\/p>\n\t\t\t\t\t<\/div>\n\t\t\t\t\t\t<\/div>\n\t\t\t\t<\/div>\n\t\t\t\t<div class=\"elementor-element elementor-element-ac195d1 elementor-widget elementor-widget-button\" data-id=\"ac195d1\" data-element_type=\"widget\" data-e-type=\"widget\" data-widget_type=\"button.default\">\n\t\t\t\t<div class=\"elementor-widget-container\">\n\t\t\t\t\t\t\t\t\t<div class=\"elementor-button-wrapper\">\n\t\t\t\t\t<a class=\"elementor-button elementor-button-link elementor-size-sm\" href=\"https:\/\/lowesprofesyonel.com\/de\/what-does-your-skin-need\/\">\n\t\t\t\t\t\t<span class=\"elementor-button-content-wrapper\">\n\t\t\t\t\t\t\t\t\t<span class=\"elementor-button-text\">READ MORE<\/span>\n\t\t\t\t\t<\/span>\n\t\t\t\t\t<\/a>\n\t\t\t\t<\/div>\n\t\t\t\t\t\t\t\t<\/div>\n\t\t\t\t<\/div>\n\t\t<a class=\"elementor-element elementor-element-f5545b4 e-con-full e-flex e-con e-child\" data-id=\"f5545b4\" data-element_type=\"container\" data-e-type=\"container\" href=\"https:\/\/lowesprofesyonel.com\/de\/shop\/\">\n\t\t\t\t<div class=\"elementor-element elementor-element-add7890 elementor-widget__width-auto elementor-widget elementor-widget-wd_text_block\" data-id=\"add7890\" data-element_type=\"widget\" data-e-type=\"widget\" data-widget_type=\"wd_text_block.default\">\n\t\t\t\t<div class=\"elementor-widget-container\">\n\t\t\t\t\t\t\t<div class=\"wd-text-block reset-last-child text-left\">\n\t\t\t\n\t\t\t\n\t\t\t\t\t<\/div>\n\t\t\t\t\t\t<\/div>\n\t\t\t\t<\/div>\n\t\t\t\t<\/a>\n\t\t\t\t<\/div>\n\t\t\t\t\t<\/div>\n\t\t\t\t<\/div>\n\t\t<div class=\"wd-negative-gap elementor-element elementor-element-e7f8407 e-flex e-con-boxed e-con e-parent\" data-id=\"e7f8407\" data-element_type=\"container\" data-e-type=\"container\">\n\t\t\t\t\t<div class=\"e-con-inner\">\n\t\t<div class=\"elementor-element elementor-element-2d45f97 e-con-full e-flex e-con e-child\" data-id=\"2d45f97\" data-element_type=\"container\" data-e-type=\"container\">\n\t\t\t\t<div class=\"elementor-element elementor-element-4774e31 elementor-widget elementor-widget-spacer\" data-id=\"4774e31\" data-element_type=\"widget\" data-e-type=\"widget\" data-widget_type=\"spacer.default\">\n\t\t\t\t<div class=\"elementor-widget-container\">\n\t\t\t\t\t\t\t<div class=\"elementor-spacer\">\n\t\t\t<div class=\"elementor-spacer-inner\"><\/div>\n\t\t<\/div>\n\t\t\t\t\t\t<\/div>\n\t\t\t\t<\/div>\n\t\t\t\t<div class=\"elementor-element elementor-element-f1532d3 elementor-widget elementor-widget-wd_image_or_svg\" data-id=\"f1532d3\" data-element_type=\"widget\" data-e-type=\"widget\" data-widget_type=\"wd_image_or_svg.default\">\n\t\t\t\t<div class=\"elementor-widget-container\">\n\t\t\t\t\t\n\t\t<div class=\"wd-image text-left\">\n\t\t\t\t\t\t\t\t<img decoding=\"async\" width=\"580\" height=\"580\" src=\"https:\/\/lowesprofesyonel.com\/wp-content\/uploads\/2025\/08\/blog-hair-1.jpg\" class=\"attachment-full size-full\" alt=\"\" srcset=\"https:\/\/lowesprofesyonel.com\/wp-content\/uploads\/2025\/08\/blog-hair-1.jpg 580w, https:\/\/lowesprofesyonel.com\/wp-content\/uploads\/2025\/08\/blog-hair-1-430x430.jpg 430w, https:\/\/lowesprofesyonel.com\/wp-content\/uploads\/2025\/08\/blog-hair-1-150x150.jpg 150w, https:\/\/lowesprofesyonel.com\/wp-content\/uploads\/2025\/08\/blog-hair-1-300x300.jpg 300w, https:\/\/lowesprofesyonel.com\/wp-content\/uploads\/2025\/08\/blog-hair-1-12x12.jpg 12w\" sizes=\"(max-width: 580px) 100vw, 580px\" \/>\t\t\t\t\t<\/div>\n\n\t\t\t\t\t\t<\/div>\n\t\t\t\t<\/div>\n\t\t\t\t<\/div>\n\t\t<div class=\"elementor-element elementor-element-32964d0 e-con-full e-flex e-con e-child\" data-id=\"32964d0\" data-element_type=\"container\" data-e-type=\"container\">\n\t\t\t\t<div class=\"elementor-element elementor-element-e625264 elementor-widget__width-initial wd-width-100 elementor-widget elementor-widget-wd_title\" data-id=\"e625264\" data-element_type=\"widget\" data-e-type=\"widget\" data-widget_type=\"wd_title.default\">\n\t\t\t\t<div class=\"elementor-widget-container\">\n\t\t\t\t\t\t\t<div class=\"title-wrapper set-mb-s reset-last-child wd-title-color-primary wd-title-style-default wd-title-size-large text-left\">\n\n\t\t\t\n\t\t\t<div class=\"liner-continer\">\n\t\t\t\t<h4 class=\"woodmart-title-container title wd-fontsize-xxl\">Haare<\/h4> \n\t\t\t\t\t\t\t<\/div>\n\n\t\t\t\t\t<\/div>\n\t\t\t\t\t\t<\/div>\n\t\t\t\t<\/div>\n\t\t\t\t<div class=\"elementor-element elementor-element-bcea52d elementor-widget elementor-widget-wd_text_block\" data-id=\"bcea52d\" data-element_type=\"widget\" data-e-type=\"widget\" data-widget_type=\"wd_text_block.default\">\n\t\t\t\t<div class=\"elementor-widget-container\">\n\t\t\t\t\t\t\t<div class=\"wd-text-block reset-last-child text-left\">\n\t\t\t\n\t\t\t<p>Um Ihr Haar zu pflegen, m\u00fcssen Sie wissen, was es braucht, um gesund, stark und gl\u00e4nzend zu bleiben. Egal, ob Ihr Haar trocken, fettig oder eine Mischung aus beidem ist - wenn Sie einige wichtige Tipps befolgen, k\u00f6nnen Sie seine Sch\u00f6nheit erhalten. Hier ist, was Ihr Haar braucht:<\/p>\n\t\t\t\t\t<\/div>\n\t\t\t\t\t\t<\/div>\n\t\t\t\t<\/div>\n\t\t\t\t<div class=\"elementor-element elementor-element-e024e64 elementor-widget elementor-widget-button\" data-id=\"e024e64\" data-element_type=\"widget\" data-e-type=\"widget\" data-widget_type=\"button.default\">\n\t\t\t\t<div class=\"elementor-widget-container\">\n\t\t\t\t\t\t\t\t\t<div class=\"elementor-button-wrapper\">\n\t\t\t\t\t<a class=\"elementor-button elementor-button-link elementor-size-sm\" href=\"https:\/\/lowesprofesyonel.com\/de\/what-does-your-hair-need\/\">\n\t\t\t\t\t\t<span class=\"elementor-button-content-wrapper\">\n\t\t\t\t\t\t\t\t\t<span class=\"elementor-button-text\">READ MORE<\/span>\n\t\t\t\t\t<\/span>\n\t\t\t\t\t<\/a>\n\t\t\t\t<\/div>\n\t\t\t\t\t\t\t\t<\/div>\n\t\t\t\t<\/div>\n\t\t<div class=\"elementor-element elementor-element-d689931 e-con-full e-flex e-con e-child\" data-id=\"d689931\" data-element_type=\"container\" data-e-type=\"container\">\n\t\t\t\t<div class=\"elementor-element elementor-element-2d866c8 elementor-widget__width-auto elementor-widget elementor-widget-wd_text_block\" data-id=\"2d866c8\" data-element_type=\"widget\" data-e-type=\"widget\" data-widget_type=\"wd_text_block.default\">\n\t\t\t\t<div class=\"elementor-widget-container\">\n\t\t\t\t\t\t\t<div class=\"wd-text-block reset-last-child text-left\">\n\t\t\t\n\t\t\t\n\t\t\t\t\t<\/div>\n\t\t\t\t\t\t<\/div>\n\t\t\t\t<\/div>\n\t\t\t\t<\/div>\n\t\t\t\t<\/div>\n\t\t\t\t\t<\/div>\n\t\t\t\t<\/div>\n\t\t<div class=\"wd-negative-gap elementor-element elementor-element-bb93812 e-flex e-con-boxed e-con e-parent\" data-id=\"bb93812\" data-element_type=\"container\" data-e-type=\"container\">\n\t\t\t\t\t<div class=\"e-con-inner\">\n\t\t<div class=\"elementor-element elementor-element-6017d5b e-con-full e-flex e-con e-child\" data-id=\"6017d5b\" data-element_type=\"container\" data-e-type=\"container\">\n\t\t\t\t<div class=\"elementor-element elementor-element-0fe161a elementor-widget elementor-widget-spacer\" data-id=\"0fe161a\" data-element_type=\"widget\" data-e-type=\"widget\" data-widget_type=\"spacer.default\">\n\t\t\t\t<div class=\"elementor-widget-container\">\n\t\t\t\t\t\t\t<div class=\"elementor-spacer\">\n\t\t\t<div class=\"elementor-spacer-inner\"><\/div>\n\t\t<\/div>\n\t\t\t\t\t\t<\/div>\n\t\t\t\t<\/div>\n\t\t\t\t<div class=\"elementor-element elementor-element-58455c6 elementor-widget elementor-widget-wd_image_or_svg\" data-id=\"58455c6\" data-element_type=\"widget\" data-e-type=\"widget\" data-widget_type=\"wd_image_or_svg.default\">\n\t\t\t\t<div class=\"elementor-widget-container\">\n\t\t\t\t\t\n\t\t<div class=\"wd-image text-left\">\n\t\t\t\t\t\t\t\t<img decoding=\"async\" width=\"580\" height=\"580\" src=\"https:\/\/lowesprofesyonel.com\/wp-content\/uploads\/2025\/08\/blog-face-1.jpg\" class=\"attachment-full size-full\" alt=\"\" srcset=\"https:\/\/lowesprofesyonel.com\/wp-content\/uploads\/2025\/08\/blog-face-1.jpg 580w, https:\/\/lowesprofesyonel.com\/wp-content\/uploads\/2025\/08\/blog-face-1-430x430.jpg 430w, https:\/\/lowesprofesyonel.com\/wp-content\/uploads\/2025\/08\/blog-face-1-150x150.jpg 150w, https:\/\/lowesprofesyonel.com\/wp-content\/uploads\/2025\/08\/blog-face-1-300x300.jpg 300w, https:\/\/lowesprofesyonel.com\/wp-content\/uploads\/2025\/08\/blog-face-1-12x12.jpg 12w\" sizes=\"(max-width: 580px) 100vw, 580px\" \/>\t\t\t\t\t<\/div>\n\n\t\t\t\t\t\t<\/div>\n\t\t\t\t<\/div>\n\t\t\t\t<\/div>\n\t\t<div class=\"elementor-element elementor-element-50307a0 e-con-full e-flex e-con e-child\" data-id=\"50307a0\" data-element_type=\"container\" data-e-type=\"container\">\n\t\t\t\t<div class=\"elementor-element elementor-element-91400d3 elementor-widget__width-initial wd-width-100 elementor-widget elementor-widget-wd_title\" data-id=\"91400d3\" data-element_type=\"widget\" data-e-type=\"widget\" data-widget_type=\"wd_title.default\">\n\t\t\t\t<div class=\"elementor-widget-container\">\n\t\t\t\t\t\t\t<div class=\"title-wrapper set-mb-s reset-last-child wd-title-color-primary wd-title-style-default wd-title-size-large text-left\">\n\n\t\t\t\n\t\t\t<div class=\"liner-continer\">\n\t\t\t\t<h4 class=\"woodmart-title-container title wd-fontsize-xxl\">Gesicht<\/h4> \n\t\t\t\t\t\t\t<\/div>\n\n\t\t\t\t\t<\/div>\n\t\t\t\t\t\t<\/div>\n\t\t\t\t<\/div>\n\t\t\t\t<div class=\"elementor-element elementor-element-59e37d3 elementor-widget elementor-widget-wd_text_block\" data-id=\"59e37d3\" data-element_type=\"widget\" data-e-type=\"widget\" data-widget_type=\"wd_text_block.default\">\n\t\t\t\t<div class=\"elementor-widget-container\">\n\t\t\t\t\t\t\t<div class=\"wd-text-block reset-last-child text-left\">\n\t\t\t\n\t\t\t<p>Ihre Augen sind die Fenster zu Ihrer Sch\u00f6nheit und eines der auff\u00e4lligsten Merkmale, die die Aufmerksamkeit auf sich ziehen. Um die Sch\u00f6nheit Ihrer Augen zu erhalten, bedarf es der richtigen Pflege und der Liebe zum Detail. Hier sind einige Tipps, die Ihnen helfen, die Sch\u00f6nheit Ihrer Augen zu unterstreichen und sie gesund zu erhalten:<span style=\"font-size: 16px; text-align: var(--text-align); background-color: var(--wd-main-bgcolor); color: var(--wd-text-color);\"><\/span><\/p>\n\t\t\t\t\t<\/div>\n\t\t\t\t\t\t<\/div>\n\t\t\t\t<\/div>\n\t\t\t\t<div class=\"elementor-element elementor-element-ae4294d elementor-widget elementor-widget-button\" data-id=\"ae4294d\" data-element_type=\"widget\" data-e-type=\"widget\" data-widget_type=\"button.default\">\n\t\t\t\t<div class=\"elementor-widget-container\">\n\t\t\t\t\t\t\t\t\t<div class=\"elementor-button-wrapper\">\n\t\t\t\t\t<a class=\"elementor-button elementor-button-link elementor-size-sm\" href=\"https:\/\/lowesprofesyonel.com\/de\/how-to-maintain-the-beauty-of-your-eyes\/\">\n\t\t\t\t\t\t<span class=\"elementor-button-content-wrapper\">\n\t\t\t\t\t\t\t\t\t<span class=\"elementor-button-text\">READ MORE<\/span>\n\t\t\t\t\t<\/span>\n\t\t\t\t\t<\/a>\n\t\t\t\t<\/div>\n\t\t\t\t\t\t\t\t<\/div>\n\t\t\t\t<\/div>\n\t\t<div class=\"elementor-element elementor-element-58636f2 e-con-full e-flex e-con e-child\" data-id=\"58636f2\" data-element_type=\"container\" data-e-type=\"container\">\n\t\t\t\t<div class=\"elementor-element elementor-element-bcb01f7 elementor-widget__width-auto elementor-widget elementor-widget-wd_text_block\" data-id=\"bcb01f7\" data-element_type=\"widget\" data-e-type=\"widget\" data-widget_type=\"wd_text_block.default\">\n\t\t\t\t<div class=\"elementor-widget-container\">\n\t\t\t\t\t\t\t<div class=\"wd-text-block reset-last-child text-left\">\n\t\t\t\n\t\t\t\n\t\t\t\t\t<\/div>\n\t\t\t\t\t\t<\/div>\n\t\t\t\t<\/div>\n\t\t\t\t<\/div>\n\t\t\t\t<\/div>\n\t\t\t\t\t<\/div>\n\t\t\t\t<\/div>\n\t\t<div class=\"wd-negative-gap elementor-element elementor-element-388994b e-flex e-con-boxed e-con e-parent\" data-id=\"388994b\" data-element_type=\"container\" data-e-type=\"container\">\n\t\t\t\t\t<div class=\"e-con-inner\">\n\t\t<div class=\"elementor-element elementor-element-e9866c1 e-con-full e-flex e-con e-child\" data-id=\"e9866c1\" data-element_type=\"container\" data-e-type=\"container\">\n\t\t\t\t<div class=\"elementor-element elementor-element-45b5e92 elementor-widget elementor-widget-spacer\" data-id=\"45b5e92\" data-element_type=\"widget\" data-e-type=\"widget\" data-widget_type=\"spacer.default\">\n\t\t\t\t<div class=\"elementor-widget-container\">\n\t\t\t\t\t\t\t<div class=\"elementor-spacer\">\n\t\t\t<div class=\"elementor-spacer-inner\"><\/div>\n\t\t<\/div>\n\t\t\t\t\t\t<\/div>\n\t\t\t\t<\/div>\n\t\t\t\t<div class=\"elementor-element elementor-element-0966a34 elementor-widget elementor-widget-wd_image_or_svg\" data-id=\"0966a34\" data-element_type=\"widget\" data-e-type=\"widget\" data-widget_type=\"wd_image_or_svg.default\">\n\t\t\t\t<div class=\"elementor-widget-container\">\n\t\t\t\t\t\n\t\t<div class=\"wd-image text-left\">\n\t\t\t\t\t\t\t\t<img loading=\"lazy\" decoding=\"async\" width=\"580\" height=\"580\" src=\"https:\/\/lowesprofesyonel.com\/wp-content\/uploads\/2025\/08\/blog-routine-1.jpg\" class=\"attachment-full size-full\" alt=\"\" srcset=\"https:\/\/lowesprofesyonel.com\/wp-content\/uploads\/2025\/08\/blog-routine-1.jpg 580w, https:\/\/lowesprofesyonel.com\/wp-content\/uploads\/2025\/08\/blog-routine-1-430x430.jpg 430w, https:\/\/lowesprofesyonel.com\/wp-content\/uploads\/2025\/08\/blog-routine-1-150x150.jpg 150w, https:\/\/lowesprofesyonel.com\/wp-content\/uploads\/2025\/08\/blog-routine-1-300x300.jpg 300w, https:\/\/lowesprofesyonel.com\/wp-content\/uploads\/2025\/08\/blog-routine-1-12x12.jpg 12w\" sizes=\"(max-width: 580px) 100vw, 580px\" \/>\t\t\t\t\t<\/div>\n\n\t\t\t\t\t\t<\/div>\n\t\t\t\t<\/div>\n\t\t\t\t<\/div>\n\t\t<div class=\"elementor-element elementor-element-d937732 e-con-full e-flex e-con e-child\" data-id=\"d937732\" data-element_type=\"container\" data-e-type=\"container\">\n\t\t\t\t<div class=\"elementor-element elementor-element-8eb6e6b elementor-widget__width-initial wd-width-100 elementor-widget elementor-widget-wd_title\" data-id=\"8eb6e6b\" data-element_type=\"widget\" data-e-type=\"widget\" data-widget_type=\"wd_title.default\">\n\t\t\t\t<div class=\"elementor-widget-container\">\n\t\t\t\t\t\t\t<div class=\"title-wrapper set-mb-s reset-last-child wd-title-color-primary wd-title-style-default wd-title-size-large text-left\">\n\n\t\t\t\n\t\t\t<div class=\"liner-continer\">\n\t\t\t\t<h4 class=\"woodmart-title-container title wd-fontsize-xxl\">Routine<\/h4> \n\t\t\t\t\t\t\t<\/div>\n\n\t\t\t\t\t<\/div>\n\t\t\t\t\t\t<\/div>\n\t\t\t\t<\/div>\n\t\t\t\t<div class=\"elementor-element elementor-element-58857e1 elementor-widget elementor-widget-wd_text_block\" data-id=\"58857e1\" data-element_type=\"widget\" data-e-type=\"widget\" data-widget_type=\"wd_text_block.default\">\n\t\t\t\t<div class=\"elementor-widget-container\">\n\t\t\t\t\t\t\t<div class=\"wd-text-block reset-last-child text-left\">\n\t\t\t\n\t\t\t<p>Die Pflege empfindlicher K\u00f6rperstellen ist ein wichtiger Teil Ihrer pers\u00f6nlichen Pflegeroutine, da diese Bereiche besondere Aufmerksamkeit und Vorsicht erfordern. Die richtigen Praktiken sind wichtig, um Sauberkeit und Komfort zu gew\u00e4hrleisten und gleichzeitig das Gleichgewicht der Haut zu erhalten und Hautreizungen zu vermeiden. Hier sind einige Tipps, die Ihnen bei der Pflege dieser empfindlichen Bereiche helfen:<\/p>\n\t\t\t\t\t<\/div>\n\t\t\t\t\t\t<\/div>\n\t\t\t\t<\/div>\n\t\t\t\t<div class=\"elementor-element elementor-element-1fbd856 elementor-widget elementor-widget-button\" data-id=\"1fbd856\" data-element_type=\"widget\" data-e-type=\"widget\" data-widget_type=\"button.default\">\n\t\t\t\t<div class=\"elementor-widget-container\">\n\t\t\t\t\t\t\t\t\t<div class=\"elementor-button-wrapper\">\n\t\t\t\t\t<a class=\"elementor-button elementor-button-link elementor-size-sm\" href=\"https:\/\/lowesprofesyonel.com\/de\/tips-for-caring-for-sensitive-areas\/\">\n\t\t\t\t\t\t<span class=\"elementor-button-content-wrapper\">\n\t\t\t\t\t\t\t\t\t<span class=\"elementor-button-text\">READ MORE<\/span>\n\t\t\t\t\t<\/span>\n\t\t\t\t\t<\/a>\n\t\t\t\t<\/div>\n\t\t\t\t\t\t\t\t<\/div>\n\t\t\t\t<\/div>\n\t\t<div class=\"elementor-element elementor-element-368a29c e-con-full e-flex e-con e-child\" data-id=\"368a29c\" data-element_type=\"container\" data-e-type=\"container\">\n\t\t\t\t<div class=\"elementor-element elementor-element-5218aac elementor-widget__width-auto elementor-widget elementor-widget-wd_text_block\" data-id=\"5218aac\" data-element_type=\"widget\" data-e-type=\"widget\" data-widget_type=\"wd_text_block.default\">\n\t\t\t\t<div class=\"elementor-widget-container\">\n\t\t\t\t\t\t\t<div class=\"wd-text-block reset-last-child text-left\">\n\t\t\t\n\t\t\t\n\t\t\t\t\t<\/div>\n\t\t\t\t\t\t<\/div>\n\t\t\t\t<\/div>\n\t\t\t\t<\/div>\n\t\t\t\t<\/div>\n\t\t\t\t\t<\/div>\n\t\t\t\t<\/div>\n\t\t\t\t<\/div>","protected":false},"excerpt":{"rendered":"<p>body \u00a0Skincare is not just a daily routine; it&#8217;s an investment in your health and beauty. To maintain radiant and<\/p>","protected":false},"author":1,"featured_media":0,"parent":0,"menu_order":0,"comment_status":"closed","ping_status":"closed","template":"","meta":{"om_disable_all_campaigns":false,"_monsterinsights_skip_tracking":false,"_monsterinsights_sitenote_active":false,"_monsterinsights_sitenote_note":"","_monsterinsights_sitenote_category":0,"footnotes":""},"class_list":["post-27382","page","type-page","status-publish","hentry"],"aioseo_notices":[],"_hostinger_reach_plugin_has_subscription_block":false,"_hostinger_reach_plugin_is_elementor":false,"_links":{"self":[{"href":"https:\/\/lowesprofesyonel.com\/de\/wp-json\/wp\/v2\/pages\/27382","targetHints":{"allow":["GET"]}}],"collection":[{"href":"https:\/\/lowesprofesyonel.com\/de\/wp-json\/wp\/v2\/pages"}],"about":[{"href":"https:\/\/lowesprofesyonel.com\/de\/wp-json\/wp\/v2\/types\/page"}],"author":[{"embeddable":true,"href":"https:\/\/lowesprofesyonel.com\/de\/wp-json\/wp\/v2\/users\/1"}],"replies":[{"embeddable":true,"href":"https:\/\/lowesprofesyonel.com\/de\/wp-json\/wp\/v2\/comments?post=27382"}],"version-history":[{"count":36,"href":"https:\/\/lowesprofesyonel.com\/de\/wp-json\/wp\/v2\/pages\/27382\/revisions"}],"predecessor-version":[{"id":28079,"href":"https:\/\/lowesprofesyonel.com\/de\/wp-json\/wp\/v2\/pages\/27382\/revisions\/28079"}],"wp:attachment":[{"href":"https:\/\/lowesprofesyonel.com\/de\/wp-json\/wp\/v2\/media?parent=27382"}],"curies":[{"name":"wp","href":"https:\/\/api.w.org\/{rel}","templated":true}]}}