{"id":28244,"date":"2025-09-18T18:17:26","date_gmt":"2025-09-18T15:17:26","guid":{"rendered":"https:\/\/lowesprofesyonel.com\/?page_id=28244"},"modified":"2025-09-21T19:21:21","modified_gmt":"2025-09-21T16:21:21","slug":"naturliche-zutaten","status":"publish","type":"page","link":"https:\/\/lowesprofesyonel.com\/de\/natural-ingredients\/","title":{"rendered":"Nat\u00fcrliche Inhaltsstoffe"},"content":{"rendered":"<div data-elementor-type=\"wp-page\" data-elementor-id=\"28244\" class=\"elementor elementor-28244\">\n\t\t\t\t<div class=\"wd-negative-gap elementor-element elementor-element-eb7248b e-flex e-con-boxed e-con e-parent\" data-id=\"eb7248b\" data-element_type=\"container\" data-e-type=\"container\">\n\t\t\t\t\t<div class=\"e-con-inner\">\n\t\t\t\t<div class=\"elementor-element elementor-element-0c3e257 elementor-widget elementor-widget-wd_text_block\" data-id=\"0c3e257\" data-element_type=\"widget\" data-e-type=\"widget\" data-widget_type=\"wd_text_block.default\">\n\t\t\t\t<div class=\"elementor-widget-container\">\n\t\t\t\t\t\t\t<div class=\"wd-text-block reset-last-child text-left\">\n\t\t\t\n\t\t\t<h2 data-start=\"111\" data-end=\"147\">Pr\u00e4zision und Sorgfalt f\u00fcr Ergebnisse:<\/h2><p data-start=\"148\" data-end=\"196\">Die grundlegende Philosophie von Lowe's Turkish Skincare<\/p><p data-start=\"198\" data-end=\"575\">In der Welt der Sch\u00f6nheitspflege konkurrieren die Marken um die Aufmerksamkeit der Verbraucher, <strong data-start=\"287\" data-end=\"322\">Lowe's T\u00fcrkische Naturkosmetik<\/strong> zeichnet sich durch zwei Kernprinzipien aus: <strong data-start=\"360\" data-end=\"373\">Pr\u00e4zision<\/strong> und <strong data-start=\"378\" data-end=\"398\">Ergebnisorientiertheit<\/strong>. Diese Philosophie spiegelt sich nicht nur in der Qualit\u00e4t der Produkte wider, sondern auch in jedem Detail der Kundenreise - von der Auswahl der Zutaten bis hin zu den t\u00e4glichen Erfahrungen der Nutzer.<\/p><hr data-start=\"577\" data-end=\"580\"><h3 data-start=\"582\" data-end=\"633\">1. Pr\u00e4zision bei der Auswahl der nat\u00fcrlichen Inhaltsstoffe<\/h3><p data-start=\"634\" data-end=\"927\">Jedes Produkt beginnt seine Reise im Herzen der reichhaltigen t\u00fcrkischen Natur, die mit Kr\u00e4utern und seltenen \u00d6len gef\u00fcllt ist. Das Unternehmen verl\u00e4sst sich nicht auf handels\u00fcbliche Inhaltsstoffe, sondern erkundet Berge, W\u00e4lder und Ebenen, um botanische Sch\u00e4tze mit nachgewiesenen therapeutischen und kosmetischen Vorteilen zu finden.<\/p><p data-start=\"929\" data-end=\"971\">Zu den Kriterien f\u00fcr die Auswahl der Inhaltsstoffe geh\u00f6ren:<\/p><ul data-start=\"972\" data-end=\"1243\"><li data-start=\"972\" data-end=\"1043\"><p data-start=\"974\" data-end=\"1043\"><strong data-start=\"974\" data-end=\"985\">Reinheit:<\/strong> Bio-Zutaten, die frei von Pestiziden und Chemikalien sind.<\/p><\/li><li data-start=\"1044\" data-end=\"1157\"><p data-start=\"1046\" data-end=\"1157\"><strong data-start=\"1046\" data-end=\"1064\">Effektivit\u00e4t:<\/strong> Kr\u00e4uter und \u00d6le, die auf der Grundlage wissenschaftlicher Untersuchungen ausgew\u00e4hlt wurden, die ihre Vorteile f\u00fcr die Haut best\u00e4tigen.<\/p><\/li><li data-start=\"1158\" data-end=\"1243\"><p data-start=\"1160\" data-end=\"1243\"><strong data-start=\"1160\" data-end=\"1179\">Nachhaltigkeit:<\/strong> Umweltvertr\u00e4glichkeit bei jedem Schritt, vom Anbau bis zur Ernte.<\/p><\/li><\/ul><p data-start=\"1245\" data-end=\"1384\">Bemerkenswerte Beispiele sind Rosmarin\u00f6l, Traubenkern\u00f6l, Gr\u00fcntee-Extrakt und Koffein\u00f6l, die alle in sorgf\u00e4ltig dosierten Konzentrationen verwendet werden.<\/p><hr data-start=\"1386\" data-end=\"1389\"><h3 data-start=\"1391\" data-end=\"1441\">2. Sorgfalt w\u00e4hrend des gesamten Herstellungsprozesses<\/h3><p data-start=\"1442\" data-end=\"1755\">Lowe's geht \u00fcber die Beschaffung nat\u00fcrlicher Inhaltsstoffe hinaus, indem es sie pr\u00e4zisen Herstellungsprozessen unterzieht, die ihre Wirksamkeit erhalten und ihre Sicherheit gew\u00e4hrleisten. Die Produktion erfolgt in spezialisierten Einrichtungen unter der Aufsicht von Hautpflegeexperten und unter Verwendung fortschrittlicher Technologien, die Wissenschaft und Tradition verbinden.<\/p><p data-start=\"1757\" data-end=\"1790\">Die Herstellungsschritte umfassen:<\/p><ul data-start=\"1791\" data-end=\"1999\"><li data-start=\"1791\" data-end=\"1843\"><p data-start=\"1793\" data-end=\"1843\"><strong data-start=\"1793\" data-end=\"1812\">Kaltextraktion<\/strong> um aktive Elemente zu erhalten.<\/p><\/li><li data-start=\"1844\" data-end=\"1912\"><p data-start=\"1846\" data-end=\"1912\"><strong data-start=\"1846\" data-end=\"1865\">Allergietests<\/strong> um die Vertr\u00e4glichkeit f\u00fcr alle Hauttypen zu gew\u00e4hrleisten.<\/p><\/li><li data-start=\"1913\" data-end=\"1999\"><p data-start=\"1915\" data-end=\"1999\"><strong data-start=\"1915\" data-end=\"1934\">Intelligente Verpackung<\/strong> um die Qualit\u00e4t des Produkts zu erhalten und es vor Verunreinigungen zu sch\u00fctzen.<\/p><\/li><\/ul><p data-start=\"2001\" data-end=\"2139\">Jedes Produkt wird strengen Qualit\u00e4tstests unterzogen, einschlie\u00dflich Stabilit\u00e4ts-, Absorptions- und Duftpr\u00fcfungen, um ein einwandfreies Benutzererlebnis zu gew\u00e4hrleisten.<\/p><hr data-start=\"2141\" data-end=\"2144\"><h3 data-start=\"2146\" data-end=\"2187\">3. Eine Philosophie der greifbaren Ergebnisse<\/h3><p data-start=\"2188\" data-end=\"2434\">Was Lowe's auszeichnet, ist sein Engagement f\u00fcr echte Ergebnisse - und nicht f\u00fcr leere Marketingversprechen. Jedes Produkt wurde mit einem klaren Ziel entwickelt, sei es tiefe Feuchtigkeitspflege, Aufhellung dunkler Flecken, Reduzierung von Augenringen oder Verbesserung der Hautelastizit\u00e4t.<\/p><ul data-start=\"2436\" data-end=\"2705\"><li data-start=\"2436\" data-end=\"2705\"><p data-start=\"2438\" data-end=\"2463\">Nachgewiesene Ergebnisse umfassen:<\/p><ul data-start=\"2466\" data-end=\"2705\"><li data-start=\"2466\" data-end=\"2536\"><p data-start=\"2468\" data-end=\"2536\">Die Ausstrahlung der Haut wurde verbessert durch <strong data-start=\"2494\" data-end=\"2518\">85% innerhalb von zwei Wochen<\/strong> der regelm\u00e4\u00dfigen Nutzung.<\/p><\/li><li data-start=\"2539\" data-end=\"2617\"><p data-start=\"2541\" data-end=\"2617\">Feine Falten werden reduziert durch <strong data-start=\"2566\" data-end=\"2589\">60% nach einem Monat<\/strong> der Verwendung des Nachtserums.<\/p><\/li><li data-start=\"2620\" data-end=\"2705\"><p data-start=\"2622\" data-end=\"2705\"><strong data-start=\"2622\" data-end=\"2640\">Gleichm\u00e4\u00dfiger Hautton<\/strong> mit Formulierungen, die reich an Vitamin C und Antioxidantien sind.<\/p><\/li><\/ul><\/li><\/ul><p data-start=\"2707\" data-end=\"2860\">Bei diesen Ergebnissen handelt es sich nicht nur um Zahlen, sondern um Erfahrungsberichte von Anwendern und klinische Studien, die in Zusammenarbeit mit unabh\u00e4ngigen Labors durchgef\u00fchrt wurden.<\/p><hr data-start=\"2862\" data-end=\"2865\"><h3 data-start=\"2867\" data-end=\"2919\">4. Die Stimme der Kunden... Ein Spiegel der Qualit\u00e4t<\/h3><p data-start=\"2920\" data-end=\"3131\">Lowe's ist der Meinung, dass \"der Kunde der wahre Experte ist\" und legt gro\u00dfen Wert auf das Feedback der Kunden. Die Meinungen werden \u00fcber soziale Medien, Umfragen und direkte Bewertungen gesammelt und zur Verbesserung und Weiterentwicklung der Produkte genutzt.<\/p><ul data-start=\"3133\" data-end=\"3164\"><li data-start=\"3133\" data-end=\"3164\"><p data-start=\"3135\" data-end=\"3164\">Aus Erfahrungsberichten von Kunden:<\/p><\/li><\/ul><blockquote data-start=\"3165\" data-end=\"3376\"><p data-start=\"3167\" data-end=\"3376\">\"Ich habe die Augencreme von Lowe eine Woche lang verwendet und einen deutlichen Unterschied bei Augenringen und Schwellungen festgestellt. Die Formel ist leicht, riecht nat\u00fcrlich und - was am wichtigsten ist - sie gab mir ein gutes Gef\u00fchl bei der Anwendung.<\/p><\/blockquote><blockquote data-start=\"3378\" data-end=\"3515\"><p data-start=\"3380\" data-end=\"3515\">\"Die Produkte von Lowe's haben meinen Blick auf die Hautpflege ver\u00e4ndert. Ich suche nicht mehr nach tempor\u00e4ren Schnelll\u00f6sungen, sondern nach Ausgewogenheit und Nachhaltigkeit.\"<\/p><\/blockquote><p data-start=\"3517\" data-end=\"3641\">Diese Stimmen sind Teil der Strategie des Unternehmens, langfristige Kundenbeziehungen aufzubauen, die auf Vertrauen und Transparenz basieren.<\/p><hr data-start=\"3643\" data-end=\"3646\"><h3 data-start=\"3648\" data-end=\"3686\">5. Hautpflege als Teil der Selbstf\u00fcrsorge<\/h3><p data-start=\"3687\" data-end=\"3907\">Lowe's ist davon \u00fcberzeugt, dass Hautpflege nicht nur eine Sch\u00f6nheitsroutine ist, sondern ein t\u00e4gliches Ritual, das das seelische Wohlbefinden steigert und Frauen hilft, sich mit sich selbst zu verbinden. Die Produkte sind so konzipiert, dass sie ein umfassendes sensorisches Erlebnis bieten, eine Kombination aus:<\/p><ul data-start=\"3908\" data-end=\"4082\"><li data-start=\"3908\" data-end=\"3961\"><p data-start=\"3910\" data-end=\"3961\"><strong data-start=\"3910\" data-end=\"3928\">Seidige Texturen<\/strong> die sich wie eine sanfte Ber\u00fchrung anf\u00fchlen.<\/p><\/li><li data-start=\"3962\" data-end=\"4009\"><p data-start=\"3964\" data-end=\"4009\"><strong data-start=\"3964\" data-end=\"3982\">Nat\u00fcrliche D\u00fcfte<\/strong> die die Entspannung f\u00f6rdern.<\/p><\/li><li data-start=\"4010\" data-end=\"4082\"><p data-start=\"4012\" data-end=\"4082\"><strong data-start=\"4012\" data-end=\"4033\">Elegante Verpackung<\/strong> die dem Alltag eine luxuri\u00f6se Note verleiht.<\/p><\/li><\/ul><p data-start=\"4084\" data-end=\"4206\">Jedes Produkt ermutigt den Benutzer, innezuhalten, durchzuatmen und sich wieder mit sich selbst zu verbinden - ein Moment der Gelassenheit inmitten der Hektik des Lebens.<\/p><hr data-start=\"4208\" data-end=\"4211\"><h3 data-start=\"4213\" data-end=\"4259\">6. Soziale und \u00f6kologische Verantwortung<\/h3><p data-start=\"4260\" data-end=\"4455\">Die Philosophie von Lowe's ist untrennbar mit seinem Engagement f\u00fcr Nachhaltigkeit und soziale Verantwortung verbunden. Das Unternehmen ist bestrebt, seinen \u00f6kologischen Fu\u00dfabdruck zu minimieren und lokale Gemeinschaften zu unterst\u00fctzen:<\/p><ul data-start=\"4456\" data-end=\"4608\"><li data-start=\"4456\" data-end=\"4490\"><p data-start=\"4458\" data-end=\"4490\"><strong data-start=\"4458\" data-end=\"4488\">Verwendung recycelbarer Verpackungen<\/strong><\/p><\/li><li data-start=\"4491\" data-end=\"4542\"><p data-start=\"4493\" data-end=\"4542\"><strong data-start=\"4493\" data-end=\"4540\">Unterst\u00fctzung von Frauen, die im \u00f6kologischen Landbau t\u00e4tig sind<\/strong><\/p><\/li><li data-start=\"4543\" data-end=\"4608\"><p data-start=\"4545\" data-end=\"4608\"><strong data-start=\"4545\" data-end=\"4606\">Teilnahme an Sensibilisierungskampagnen f\u00fcr nat\u00fcrliche Hautpflege<\/strong><\/p><\/li><\/ul><p data-start=\"4610\" data-end=\"4729\">Diese humanit\u00e4re Dimension schafft einen Mehrwert, der \u00fcber die Sch\u00f6nheit hinausgeht und die Position von Lowe als verantwortungsvolle Marke st\u00e4rkt.<\/p><hr data-start=\"4731\" data-end=\"4734\"><h3 data-start=\"4736\" data-end=\"4780\">7. Kontinuierliche Innovation und Entwicklung<\/h3><p data-start=\"4781\" data-end=\"4879\">Obwohl Lowe's auf nat\u00fcrliche Inhaltsstoffe setzt, h\u00f6rt die Innovation nie auf. Engagierte F&amp;E-Teams arbeiten an:<\/p><ul data-start=\"4880\" data-end=\"5098\"><li data-start=\"4880\" data-end=\"4948\"><p data-start=\"4882\" data-end=\"4948\"><strong data-start=\"4882\" data-end=\"4908\">Verbesserung der Formulierungen<\/strong> mit Nanotechnologie und Bioenzymen.<\/p><\/li><li data-start=\"4949\" data-end=\"5018\"><p data-start=\"4951\" data-end=\"5018\"><strong data-start=\"4951\" data-end=\"4980\">Entdeckung neuer Inhaltsstoffe<\/strong> wie Probiotika f\u00fcr die Gesundheit der Haut.<\/p><\/li><li data-start=\"5019\" data-end=\"5098\"><p data-start=\"5021\" data-end=\"5098\"><strong data-start=\"5021\" data-end=\"5055\">Entwicklung von ma\u00dfgeschneiderten Produkten<\/strong> f\u00fcr verschiedene Hauttypen und -zust\u00e4nde.<\/p><\/li><\/ul><p data-start=\"5100\" data-end=\"5190\">Mit dieser Mischung aus Natur und Wissenschaft steht Lowe's an der Spitze der Hautpflegebranche.<\/p><hr data-start=\"5192\" data-end=\"5195\"><h3 data-start=\"5197\" data-end=\"5251\">Schlussfolgerung: Eine in Ergebnisse umgesetzte Philosophie<\/h3><p data-start=\"5252\" data-end=\"5565\">Letztendlich verk\u00f6rpert Lowe's Turkish Skincare die Philosophie von \"Pr\u00e4zision und Sorgfalt f\u00fcr Ergebnisse\" in jedem Produkt, jeder Erfahrung und jeder Interaktion mit den Kunden. Es ist nicht nur ein Kosmetikunternehmen, sondern eine ganzheitliche Vision von nat\u00fcrlicher Sch\u00f6nheit, die das Selbstvertrauen st\u00e4rkt, die Haut respektiert und die Menschlichkeit wertsch\u00e4tzt.<\/p><p data-start=\"5567\" data-end=\"5773\">Wenn Sie auf der Suche nach Produkten sind, die mehr als nur versch\u00f6nern - Produkte, die Ihre nat\u00fcrliche Ausstrahlung respektieren, n\u00e4hren und verst\u00e4rken - ist Lowe's die richtige Wahl. <strong data-start=\"5727\" data-end=\"5770\">Ehrlichkeit, Wirksamkeit und wahre Sch\u00f6nheit<\/strong>.<\/p>\n\t\t\t\t\t<\/div>\n\t\t\t\t\t\t<\/div>\n\t\t\t\t<\/div>\n\t\t\t\t\t<\/div>\n\t\t\t\t<\/div>\n\t\t\t\t<\/div>","protected":false},"excerpt":{"rendered":"<p>Precision and Care for Results: The Core Philosophy of Lowe\u2019s Turkish Skincare In the world of beauty and skincare, where<\/p>","protected":false},"author":1,"featured_media":0,"parent":0,"menu_order":0,"comment_status":"closed","ping_status":"closed","template":"","meta":{"om_disable_all_campaigns":false,"_monsterinsights_skip_tracking":false,"_monsterinsights_sitenote_active":false,"_monsterinsights_sitenote_note":"","_monsterinsights_sitenote_category":0,"footnotes":""},"class_list":["post-28244","page","type-page","status-publish","hentry"],"aioseo_notices":[],"_hostinger_reach_plugin_has_subscription_block":false,"_hostinger_reach_plugin_is_elementor":false,"_links":{"self":[{"href":"https:\/\/lowesprofesyonel.com\/de\/wp-json\/wp\/v2\/pages\/28244","targetHints":{"allow":["GET"]}}],"collection":[{"href":"https:\/\/lowesprofesyonel.com\/de\/wp-json\/wp\/v2\/pages"}],"about":[{"href":"https:\/\/lowesprofesyonel.com\/de\/wp-json\/wp\/v2\/types\/page"}],"author":[{"embeddable":true,"href":"https:\/\/lowesprofesyonel.com\/de\/wp-json\/wp\/v2\/users\/1"}],"replies":[{"embeddable":true,"href":"https:\/\/lowesprofesyonel.com\/de\/wp-json\/wp\/v2\/comments?post=28244"}],"version-history":[{"count":4,"href":"https:\/\/lowesprofesyonel.com\/de\/wp-json\/wp\/v2\/pages\/28244\/revisions"}],"predecessor-version":[{"id":28249,"href":"https:\/\/lowesprofesyonel.com\/de\/wp-json\/wp\/v2\/pages\/28244\/revisions\/28249"}],"wp:attachment":[{"href":"https:\/\/lowesprofesyonel.com\/de\/wp-json\/wp\/v2\/media?parent=28244"}],"curies":[{"name":"wp","href":"https:\/\/api.w.org\/{rel}","templated":true}]}}