{"id":28253,"date":"2025-09-18T18:24:59","date_gmt":"2025-09-18T15:24:59","guid":{"rendered":"https:\/\/lowesprofesyonel.com\/?page_id=28253"},"modified":"2025-09-21T19:20:30","modified_gmt":"2025-09-21T16:20:30","slug":"mehrere-kosmetische-kategorien","status":"publish","type":"page","link":"https:\/\/lowesprofesyonel.com\/de\/multiple-cosmetic-categories\/","title":{"rendered":"Mehrere Kosmetikkategorien"},"content":{"rendered":"<div data-elementor-type=\"wp-page\" data-elementor-id=\"28253\" class=\"elementor elementor-28253\">\n\t\t\t\t<div class=\"wd-negative-gap elementor-element elementor-element-140eb75 e-flex e-con-boxed e-con e-parent\" data-id=\"140eb75\" data-element_type=\"container\" data-e-type=\"container\">\n\t\t\t\t\t<div class=\"e-con-inner\">\n\t\t\t\t<div class=\"elementor-element elementor-element-ce5db8e elementor-widget elementor-widget-wd_text_block\" data-id=\"ce5db8e\" data-element_type=\"widget\" data-e-type=\"widget\" data-widget_type=\"wd_text_block.default\">\n\t\t\t\t<div class=\"elementor-widget-container\">\n\t\t\t\t\t\t\t<div class=\"wd-text-block reset-last-child text-left\">\n\t\t\t\n\t\t\t<h2 data-start=\"123\" data-end=\"204\">Kosmetische Kategorien bei Lowe's Hautpflege: Eine komplette Reise zur nat\u00fcrlichen Sch\u00f6nheit<\/h2><p data-start=\"206\" data-end=\"541\">In der heutigen schnelllebigen Welt und angesichts wachsender \u00f6kologischer Herausforderungen sind Haut-, Haar- und K\u00f6rperpflege kein Luxus mehr - sie sind eine gesundheitliche und emotionale Notwendigkeit. Zu den Unternehmen, die Wirksamkeit und Sch\u00f6nheit erfolgreich miteinander verbinden, <strong data-start=\"448\" data-end=\"458\">Lowe's<\/strong> hebt sich als f\u00fchrende Marke im Bereich der Natur- und Spezialkosmetik ab.<\/p><p data-start=\"543\" data-end=\"708\">Lowe's bietet in drei Hauptkategorien ein komplettes Produktsortiment an, das auf die Bed\u00fcrfnisse von Frauen und M\u00e4nnern zugeschnitten ist: <strong data-start=\"666\" data-end=\"706\">Gesichtspflege, K\u00f6rperpflege und Haarpflege.<\/strong><\/p><hr data-start=\"710\" data-end=\"713\" \/><h3 data-start=\"715\" data-end=\"742\">1. Kategorie Gesichtspflege<\/h3><p data-start=\"744\" data-end=\"1064\"><strong data-start=\"744\" data-end=\"778\">Lowe's Philosophie in der Gesichtspflege<\/strong><br data-start=\"778\" data-end=\"781\" \/>Lowe's ist auf dem Prinzip aufgebaut, dass <strong data-start=\"819\" data-end=\"868\">Gesunde Haut ist die Grundlage f\u00fcr wahre Sch\u00f6nheit<\/strong>. Deshalb konzentrieren sich die Rezepturen auf wirksame nat\u00fcrliche Inhaltsstoffe, die frei von Parabenen, Alkohol und k\u00fcnstlichen Duftstoffen sind und f\u00fcr alle Hauttypen geeignet sind, einschlie\u00dflich empfindlicher, fettiger und trockener Haut.<\/p><p data-start=\"1066\" data-end=\"1085\"><strong data-start=\"1066\" data-end=\"1083\">Wichtigste Produkte:<\/strong><\/p><ul data-start=\"1086\" data-end=\"1957\"><li data-start=\"1086\" data-end=\"1166\"><p data-start=\"1088\" data-end=\"1166\">Exfoliating Gel (Gel Peeling Facial) - mit Kaviar, Gurke und Aloe Vera.<\/p><\/li><li data-start=\"1167\" data-end=\"1237\"><p data-start=\"1169\" data-end=\"1237\">Spot Serum - mit Alpha Arbutin, Hyalurons\u00e4ure und Niacinamid.<\/p><\/li><li data-start=\"1238\" data-end=\"1285\"><p data-start=\"1240\" data-end=\"1285\">Bartserum - mit Jojoba\u00f6l und Koffein.<\/p><\/li><li data-start=\"1286\" data-end=\"1354\"><p data-start=\"1288\" data-end=\"1354\">Intensives Feuchtigkeitsserum - mit Hyalurons\u00e4ure und Vitamin B5.<\/p><\/li><li data-start=\"1355\" data-end=\"1413\"><p data-start=\"1357\" data-end=\"1413\">Augenserum - mit Niacinamid, Ceramiden und Koffein.<\/p><\/li><li data-start=\"1414\" data-end=\"1478\"><p data-start=\"1416\" data-end=\"1478\">Retinol Serum - mit 1% Retinol, Ceramiden und Niacinamid.<\/p><\/li><li data-start=\"1479\" data-end=\"1554\"><p data-start=\"1481\" data-end=\"1554\">Vitamin C Serum - mit 20% Ascorbins\u00e4ure, Ferulas\u00e4ure und Vitamin B5.<\/p><\/li><li data-start=\"1555\" data-end=\"1634\"><p data-start=\"1557\" data-end=\"1634\">Facial Cleanser - angereichert mit Natrium-PCA, Hyalurons\u00e4ure und Ceramiden.<\/p><\/li><li data-start=\"1635\" data-end=\"1717\"><p data-start=\"1637\" data-end=\"1717\">Feuchtigkeitscreme - mit Hyalurons\u00e4ure, Shea-Butter und Calendula-Extrakt.<\/p><\/li><li data-start=\"1718\" data-end=\"1772\"><p data-start=\"1720\" data-end=\"1772\">Collagen-Maske - mit Collagen und Hyalurons\u00e4ure.<\/p><\/li><li data-start=\"1773\" data-end=\"1845\"><p data-start=\"1775\" data-end=\"1845\">Orange Sunscreen - hoher UVA\/UVB-Schutz mit Anti-Make-up-Effekt.<\/p><\/li><li data-start=\"1846\" data-end=\"1905\"><p data-start=\"1848\" data-end=\"1905\">Pink Sunscreen - angereichert mit Calamin und Vitamin B5.<\/p><\/li><li data-start=\"1906\" data-end=\"1957\"><p data-start=\"1908\" data-end=\"1957\">Gesichtswasser - tiefenreinigend und \u00f6lregulierend.<\/p><\/li><\/ul><hr data-start=\"1959\" data-end=\"1962\" \/><h3 data-start=\"1964\" data-end=\"1991\">2. Kategorie K\u00f6rperpflege<\/h3><p data-start=\"1993\" data-end=\"2251\"><strong data-start=\"1993\" data-end=\"2027\">Lowe's Philosophie in der K\u00f6rperpflege<\/strong><br data-start=\"2027\" data-end=\"2030\" \/>Lowe's glaubt, dass <strong data-start=\"2051\" data-end=\"2139\">K\u00f6rperpflege beginnt damit, die Haut zu respektieren und sie mit nat\u00fcrlichen Inhaltsstoffen zu n\u00e4hren<\/strong>. Die Produkte sind so konzipiert, dass sie dem K\u00f6rper Frische, Geschmeidigkeit und einen nat\u00fcrlichen Duft aus \u00e4therischen \u00d6len verleihen.<\/p><p data-start=\"2253\" data-end=\"2272\"><strong data-start=\"2253\" data-end=\"2270\">Wichtigste Produkte:<\/strong><\/p><ul data-start=\"2273\" data-end=\"2560\"><li data-start=\"2273\" data-end=\"2358\"><p data-start=\"2275\" data-end=\"2358\">Body Toner - peelt abgestorbene Hautzellen und erneuert die Haut (mit Glykols\u00e4ure).<\/p><\/li><li data-start=\"2359\" data-end=\"2449\"><p data-start=\"2361\" data-end=\"2449\">Whitening Cream - zur Aufhellung und Erweichung der Haut (Alpha Arbutin + Kojic Acid).<\/p><\/li><li data-start=\"2450\" data-end=\"2560\"><p data-start=\"2452\" data-end=\"2560\">Stretch Mark Cream - zur Reduzierung von Cellulite und zur Verbesserung der Hautfestigkeit (Koffein + Traubenkern\u00f6l).<\/p><\/li><\/ul><p data-start=\"2562\" data-end=\"2587\"><strong data-start=\"2562\" data-end=\"2585\">Sinnliche Erfahrung:<\/strong><\/p><ul data-start=\"2588\" data-end=\"2704\"><li data-start=\"2588\" data-end=\"2615\"><p data-start=\"2590\" data-end=\"2615\">Beruhigende nat\u00fcrliche D\u00fcfte.<\/p><\/li><li data-start=\"2616\" data-end=\"2655\"><p data-start=\"2618\" data-end=\"2655\">Luxuri\u00f6se, schnell einziehende Texturen.<\/p><\/li><li data-start=\"2656\" data-end=\"2704\"><p data-start=\"2658\" data-end=\"2704\">Elegante Verpackung, die die Markenidentit\u00e4t widerspiegelt.<\/p><\/li><\/ul><hr data-start=\"2706\" data-end=\"2709\" \/><h3 data-start=\"2711\" data-end=\"2738\">3. Kategorie Haarpflege<\/h3><p data-start=\"2740\" data-end=\"2999\"><strong data-start=\"2740\" data-end=\"2774\">Lowe's Philosophie in der Haarpflege<\/strong><br data-start=\"2774\" data-end=\"2777\" \/>Das Haar ist die Krone der Sch\u00f6nheit, und Lowe's pflegt es von der Wurzel bis zu den Spitzen. Die Formeln basieren auf pflanzlichen \u00d6len, nat\u00fcrlichen Proteinen und Kr\u00e4uterextrakten - insbesondere Rosmarin -, um die Gesundheit der Kopfhaut zu unterst\u00fctzen und die Vitalit\u00e4t der Haare wiederherzustellen.<\/p><p data-start=\"3001\" data-end=\"3020\"><strong data-start=\"3001\" data-end=\"3018\">Wichtigste Produkte:<\/strong><\/p><ul data-start=\"3021\" data-end=\"3232\"><li data-start=\"3021\" data-end=\"3067\"><p data-start=\"3023\" data-end=\"3067\">Rosmarin-Shampoo f\u00fcr trockenes und strapaziertes Haar.<\/p><\/li><li data-start=\"3068\" data-end=\"3105\"><p data-start=\"3070\" data-end=\"3105\">Reinigendes Shampoo f\u00fcr fettige Kopfhaut.<\/p><\/li><li data-start=\"3106\" data-end=\"3178\"><p data-start=\"3108\" data-end=\"3178\">Rosmarin-Serum - n\u00e4hrt und hydratisiert die Kopfhaut, beugt Trockenheit vor.<\/p><\/li><li data-start=\"3179\" data-end=\"3232\"><p data-start=\"3181\" data-end=\"3232\">Hair Toner - verbessert die nat\u00fcrliche St\u00e4rke und den Glanz.<\/p><\/li><\/ul><p data-start=\"3234\" data-end=\"3259\"><strong data-start=\"3234\" data-end=\"3257\">Gezielte L\u00f6sungen:<\/strong><\/p><ul data-start=\"3260\" data-end=\"3402\"><li data-start=\"3260\" data-end=\"3284\"><p data-start=\"3262\" data-end=\"3284\">Behandlung von Haarausfall.<\/p><\/li><li data-start=\"3285\" data-end=\"3313\"><p data-start=\"3287\" data-end=\"3313\">Stimulierung des Haarwachstums.<\/p><\/li><li data-start=\"3314\" data-end=\"3364\"><p data-start=\"3316\" data-end=\"3364\">Kr\u00e4ftigung von gef\u00e4rbtem oder chemisch behandeltem Haar.<\/p><\/li><li data-start=\"3365\" data-end=\"3402\"><p data-start=\"3367\" data-end=\"3402\">Feuchtigkeitspflege f\u00fcr lockiges und trockenes Haar.<\/p><\/li><\/ul><hr data-start=\"3404\" data-end=\"3407\" \/><h3 data-start=\"3409\" data-end=\"3456\">Aktive Inhaltsstoffe in Lowe's Formulierungen<\/h3><ul data-start=\"3457\" data-end=\"3689\"><li data-start=\"3457\" data-end=\"3493\"><p data-start=\"3459\" data-end=\"3493\">Hyalurons\u00e4ure: Tiefenhydratisierung.<\/p><\/li><li data-start=\"3494\" data-end=\"3549\"><p data-start=\"3496\" data-end=\"3549\">Niacinamid: gleicht den Hautton aus, reduziert Entz\u00fcndungen.<\/p><\/li><li data-start=\"3550\" data-end=\"3598\"><p data-start=\"3552\" data-end=\"3598\">Rosmarin\u00f6l: Pflege f\u00fcr Haare und Haut.<\/p><\/li><li data-start=\"3599\" data-end=\"3648\"><p data-start=\"3601\" data-end=\"3648\">Collagen auf pflanzlicher Basis: f\u00f6rdert die Elastizit\u00e4t der Haut.<\/p><\/li><li data-start=\"3649\" data-end=\"3689\"><p data-start=\"3651\" data-end=\"3689\">Gr\u00fcner Tee: antioxidativ und beruhigend.<\/p><\/li><\/ul><hr data-start=\"3691\" data-end=\"3694\" \/><h3 data-start=\"3696\" data-end=\"3719\">Qualit\u00e4tsstandards<\/h3><ul data-start=\"3720\" data-end=\"3813\"><li data-start=\"3720\" data-end=\"3756\"><p data-start=\"3722\" data-end=\"3756\">Frei von Parabenen und Sulfaten.<\/p><\/li><li data-start=\"3757\" data-end=\"3793\"><p data-start=\"3759\" data-end=\"3793\">Frei von k\u00fcnstlichen Duftstoffen.<\/p><\/li><li data-start=\"3794\" data-end=\"3813\"><p data-start=\"3796\" data-end=\"3813\">Veganer-freundlich.<\/p><\/li><\/ul><hr data-start=\"3815\" data-end=\"3818\" \/><h3 data-start=\"3820\" data-end=\"3847\">Lowe's Markenidentit\u00e4t<\/h3><ul data-start=\"3848\" data-end=\"4086\"><li data-start=\"3848\" data-end=\"3960\"><p data-start=\"3850\" data-end=\"3960\"><strong data-start=\"3850\" data-end=\"3873\">Design und Verpackung:<\/strong> elegante Beh\u00e4lter in nat\u00fcrlichen Farben, aus recyceltem Glas und mit klarer Beschriftung.<\/p><\/li><li data-start=\"3961\" data-end=\"4086\"><p data-start=\"3963\" data-end=\"4086\"><strong data-start=\"3963\" data-end=\"3984\">Auftrag und Werte:<\/strong> F\u00f6rderung der nat\u00fcrlichen Sch\u00f6nheit, Achtung der Umwelt, St\u00e4rkung der Frauen durch Sensibilisierungskampagnen.<\/p><\/li><\/ul><hr data-start=\"4088\" data-end=\"4091\" \/><h3 data-start=\"4093\" data-end=\"4118\">Kundenerfahrung<\/h3><ul data-start=\"4119\" data-end=\"4317\"><li data-start=\"4119\" data-end=\"4210\"><p data-start=\"4121\" data-end=\"4210\"><strong data-start=\"4121\" data-end=\"4137\">Benutzerfreundlichkeit:<\/strong> klare Anweisungen, vielseitig einsetzbare Produkte, reisefreundliche Verpackung.<\/p><\/li><li data-start=\"4211\" data-end=\"4317\"><p data-start=\"4213\" data-end=\"4317\"><strong data-start=\"4213\" data-end=\"4239\">Kundenzufriedenheit:<\/strong> positive Bewertungen, hohe Wiederholungsk\u00e4ufe, Empfehlungen von Sch\u00f6nheitsexperten.<\/p><\/li><\/ul><hr data-start=\"4319\" data-end=\"4322\" \/><h3 data-start=\"4324\" data-end=\"4350\">Die Zukunftsvision von Lowe<\/h3><ul data-start=\"4351\" data-end=\"4525\"><li data-start=\"4351\" data-end=\"4434\"><p data-start=\"4353\" data-end=\"4434\"><strong data-start=\"4353\" data-end=\"4367\">Erweiterung:<\/strong> Einf\u00fchrung einer M\u00e4nnerpflegelinie, die auf den M\u00e4rkten der Golfregion und Europas eingef\u00fchrt wird.<\/p><\/li><li data-start=\"4435\" data-end=\"4525\"><p data-start=\"4437\" data-end=\"4525\"><strong data-start=\"4437\" data-end=\"4452\">Innovation:<\/strong> Entwicklung biotechnologischer Formeln, die KI zur Analyse der Hautpflegebed\u00fcrfnisse nutzen.<\/p><\/li><\/ul><hr data-start=\"4527\" data-end=\"4530\" \/><h3 data-start=\"4532\" data-end=\"4548\">Schlussfolgerung<\/h3><p data-start=\"4549\" data-end=\"4804\">Bei Lowe's geht es nicht nur um Kosmetika - das Unternehmen bietet eine <strong data-start=\"4596\" data-end=\"4618\">ganzheitlicher Lebensstil<\/strong> die auf dem Respekt vor der Haut, der Natur und sich selbst beruht. Mit seinen drei Kategorien - Gesichts-, K\u00f6rper- und Haarpflege - bietet Lowe's jedem eine einzigartige, sichere und effektive Sch\u00f6nheitsreise.<\/p><p data-start=\"4806\" data-end=\"4961\">Ob Sie nun strahlende Haut, geschmeidige K\u00f6rperpflege oder gesundes, lebendiges Haar suchen, Lowe's ist der Ort, an dem <strong data-start=\"4913\" data-end=\"4959\">Wissenschaft, Natur und Sch\u00f6nheit kommen zusammen.<\/strong><\/p>\n\t\t\t\t\t<\/div>\n\t\t\t\t\t\t<\/div>\n\t\t\t\t<\/div>\n\t\t\t\t\t<\/div>\n\t\t\t\t<\/div>\n\t\t\t\t<\/div>","protected":false},"excerpt":{"rendered":"<p>Cosmetic Categories at Lowe\u2019s Skincare: A Complete Journey to Natural Beauty In today\u2019s fast-paced world and with growing environmental challenges,<\/p>","protected":false},"author":1,"featured_media":0,"parent":0,"menu_order":0,"comment_status":"closed","ping_status":"closed","template":"","meta":{"om_disable_all_campaigns":false,"_monsterinsights_skip_tracking":false,"_monsterinsights_sitenote_active":false,"_monsterinsights_sitenote_note":"","_monsterinsights_sitenote_category":0,"footnotes":""},"class_list":["post-28253","page","type-page","status-publish","hentry"],"aioseo_notices":[],"_hostinger_reach_plugin_has_subscription_block":false,"_hostinger_reach_plugin_is_elementor":false,"_links":{"self":[{"href":"https:\/\/lowesprofesyonel.com\/de\/wp-json\/wp\/v2\/pages\/28253","targetHints":{"allow":["GET"]}}],"collection":[{"href":"https:\/\/lowesprofesyonel.com\/de\/wp-json\/wp\/v2\/pages"}],"about":[{"href":"https:\/\/lowesprofesyonel.com\/de\/wp-json\/wp\/v2\/types\/page"}],"author":[{"embeddable":true,"href":"https:\/\/lowesprofesyonel.com\/de\/wp-json\/wp\/v2\/users\/1"}],"replies":[{"embeddable":true,"href":"https:\/\/lowesprofesyonel.com\/de\/wp-json\/wp\/v2\/comments?post=28253"}],"version-history":[{"count":4,"href":"https:\/\/lowesprofesyonel.com\/de\/wp-json\/wp\/v2\/pages\/28253\/revisions"}],"predecessor-version":[{"id":28257,"href":"https:\/\/lowesprofesyonel.com\/de\/wp-json\/wp\/v2\/pages\/28253\/revisions\/28257"}],"wp:attachment":[{"href":"https:\/\/lowesprofesyonel.com\/de\/wp-json\/wp\/v2\/media?parent=28253"}],"curies":[{"name":"wp","href":"https:\/\/api.w.org\/{rel}","templated":true}]}}