{"id":4400,"date":"2021-10-12T15:51:09","date_gmt":"2021-10-12T15:51:09","guid":{"rendered":"http:\/\/dummy.xtemos.com\/woodmart2\/elementor\/?page_id=4400"},"modified":"2025-08-27T16:33:25","modified_gmt":"2025-08-27T13:33:25","slug":"uber-uns-3","status":"publish","type":"page","link":"https:\/\/lowesprofesyonel.com\/de\/about-us-3\/","title":{"rendered":"\u00dcber uns"},"content":{"rendered":"<div data-elementor-type=\"wp-page\" data-elementor-id=\"4400\" class=\"elementor elementor-4400\">\n\t\t\t\t<div class=\"wd-negative-gap elementor-element elementor-element-0aaf669 wd-section-stretch e-flex e-con-boxed e-con e-parent\" data-id=\"0aaf669\" data-element_type=\"container\" data-e-type=\"container\" data-settings=\"{&quot;background_background&quot;:&quot;classic&quot;}\">\n\t\t\t\t\t<div class=\"e-con-inner\">\n\t\t<div class=\"elementor-element elementor-element-49529c7 color-scheme-light e-con-full e-flex e-con e-child\" data-id=\"49529c7\" data-element_type=\"container\" data-e-type=\"container\">\n\t\t\t\t<div class=\"elementor-element elementor-element-95c7bfa wd-width-100 elementor-widget elementor-widget-wd_title\" data-id=\"95c7bfa\" data-element_type=\"widget\" data-e-type=\"widget\" data-widget_type=\"wd_title.default\">\n\t\t\t\t<div class=\"elementor-widget-container\">\n\t\t\t\t\t\t\t<div class=\"title-wrapper set-mb-s reset-last-child wd-title-color-primary wd-title-style-default wd-title-size-large text-left\">\n\n\t\t\t\n\t\t\t<div class=\"liner-continer\">\n\t\t\t\t<h4 class=\"woodmart-title-container title wd-fontsize-xxl\">UNSER UNTERNEHMEN STATI\u0307STICS<br \/>\nWIR TUN ES F\u00dcR SIE MIT LIEBE<br \/>\n<\/h4> \n\t\t\t\t\t\t\t<\/div>\n\n\t\t\t\t\t<\/div>\n\t\t\t\t\t\t<\/div>\n\t\t\t\t<\/div>\n\t\t\t\t<\/div>\n\t\t<div class=\"elementor-element elementor-element-112f98a e-con-full e-flex e-con e-child\" data-id=\"112f98a\" data-element_type=\"container\" data-e-type=\"container\">\n\t\t<div class=\"elementor-element elementor-element-48c7dd1 e-con-full e-flex e-con e-child\" data-id=\"48c7dd1\" data-element_type=\"container\" data-e-type=\"container\">\n\t\t<div class=\"elementor-element elementor-element-54eb2d3 e-con-full e-flex e-con e-child\" data-id=\"54eb2d3\" data-element_type=\"container\" data-e-type=\"container\">\n\t\t\t\t<div class=\"elementor-element elementor-element-14ff076 elementor-widget elementor-widget-wd_counter\" data-id=\"14ff076\" data-element_type=\"widget\" data-e-type=\"widget\" data-widget_type=\"wd_counter.default\">\n\t\t\t\t<div class=\"elementor-widget-container\">\n\t\t\t\t\t\t\t<div class=\"woodmart-counter counter-large text-center color-scheme-light\">\n\t\t\t<div class=\"counter-value\" data-state=\"new\" data-final=\"2017\">\n\t\t\t\t2017\t\t\t<\/div>\n\n\t\t\t\t\t\t\t<div class=\"counter-label\">\n\t\t\t\t\tGR\u00dcNDUNGSJAHR\t\t\t\t<\/div>\n\t\t\t\t\t<\/div>\n\t\t\t\t\t\t<\/div>\n\t\t\t\t<\/div>\n\t\t\t\t<\/div>\n\t\t<div class=\"elementor-element elementor-element-668ca24 e-con-full e-flex e-con e-child\" data-id=\"668ca24\" data-element_type=\"container\" data-e-type=\"container\">\n\t\t\t\t<div class=\"elementor-element elementor-element-da35035 elementor-widget elementor-widget-wd_counter\" data-id=\"da35035\" data-element_type=\"widget\" data-e-type=\"widget\" data-widget_type=\"wd_counter.default\">\n\t\t\t\t<div class=\"elementor-widget-container\">\n\t\t\t\t\t\t\t<div class=\"woodmart-counter counter-large text-center color-scheme-light\">\n\t\t\t<div class=\"counter-value\" data-state=\"new\" data-final=\"2000\">\n\t\t\t\t2000\t\t\t<\/div>\n\n\t\t\t\t\t\t\t<div class=\"counter-label\">\n\t\t\t\t\tJEDEN MONAT GL\u00dcCKLICHE KUNDEN\t\t\t\t<\/div>\n\t\t\t\t\t<\/div>\n\t\t\t\t\t\t<\/div>\n\t\t\t\t<\/div>\n\t\t\t\t<\/div>\n\t\t\t\t<\/div>\n\t\t<div class=\"elementor-element elementor-element-6b5c35a e-con-full e-flex e-con e-child\" data-id=\"6b5c35a\" data-element_type=\"container\" data-e-type=\"container\">\n\t\t<div class=\"elementor-element elementor-element-214e692 e-con-full e-flex e-con e-child\" data-id=\"214e692\" data-element_type=\"container\" data-e-type=\"container\">\n\t\t\t\t<div class=\"elementor-element elementor-element-168ddab elementor-widget elementor-widget-wd_counter\" data-id=\"168ddab\" data-element_type=\"widget\" data-e-type=\"widget\" data-widget_type=\"wd_counter.default\">\n\t\t\t\t<div class=\"elementor-widget-container\">\n\t\t\t\t\t\t\t<div class=\"woodmart-counter counter-large text-center color-scheme-light\">\n\t\t\t<div class=\"counter-value\" data-state=\"new\" data-final=\"7\">\n\t\t\t\t7\t\t\t<\/div>\n\n\t\t\t\t\t\t\t<div class=\"counter-label\">\n\t\t\t\t\tUNTERNEHMEN ARBEITEN MIT UNS\t\t\t\t<\/div>\n\t\t\t\t\t<\/div>\n\t\t\t\t\t\t<\/div>\n\t\t\t\t<\/div>\n\t\t\t\t<\/div>\n\t\t<div class=\"elementor-element elementor-element-214de82 e-con-full e-flex e-con e-child\" data-id=\"214de82\" data-element_type=\"container\" data-e-type=\"container\">\n\t\t\t\t<div class=\"elementor-element elementor-element-3444280 elementor-widget elementor-widget-wd_counter\" data-id=\"3444280\" data-element_type=\"widget\" data-e-type=\"widget\" data-widget_type=\"wd_counter.default\">\n\t\t\t\t<div class=\"elementor-widget-container\">\n\t\t\t\t\t\t\t<div class=\"woodmart-counter counter-large text-center color-scheme-light\">\n\t\t\t<div class=\"counter-value\" data-state=\"new\" data-final=\"4\">\n\t\t\t\t4\t\t\t<\/div>\n\n\t\t\t\t\t\t\t<div class=\"counter-label\">\n\t\t\t\t\tB\u00dcROS\t\t\t\t<\/div>\n\t\t\t\t\t<\/div>\n\t\t\t\t\t\t<\/div>\n\t\t\t\t<\/div>\n\t\t\t\t<\/div>\n\t\t\t\t<\/div>\n\t\t<div class=\"elementor-element elementor-element-2d29667 e-con-full e-flex e-con e-child\" data-id=\"2d29667\" data-element_type=\"container\" data-e-type=\"container\">\n\t\t<div class=\"elementor-element elementor-element-9b12710 e-con-full e-flex e-con e-child\" data-id=\"9b12710\" data-element_type=\"container\" data-e-type=\"container\">\n\t\t\t\t<div class=\"elementor-element elementor-element-f4d40e8 elementor-widget elementor-widget-wd_counter\" data-id=\"f4d40e8\" data-element_type=\"widget\" data-e-type=\"widget\" data-widget_type=\"wd_counter.default\">\n\t\t\t\t<div class=\"elementor-widget-container\">\n\t\t\t\t\t\t\t<div class=\"woodmart-counter counter-large text-center color-scheme-light\">\n\t\t\t<div class=\"counter-value\" data-state=\"new\" data-final=\"21\">\n\t\t\t\t21\t\t\t<\/div>\n\n\t\t\t\t\t\t\t<div class=\"counter-label\">\n\t\t\t\t\tTEAMMITGLIEDER\t\t\t\t<\/div>\n\t\t\t\t\t<\/div>\n\t\t\t\t\t\t<\/div>\n\t\t\t\t<\/div>\n\t\t\t\t<\/div>\n\t\t<div class=\"elementor-element elementor-element-cc152f4 e-con-full e-flex e-con e-child\" data-id=\"cc152f4\" data-element_type=\"container\" data-e-type=\"container\">\n\t\t\t\t<div class=\"elementor-element elementor-element-d17999d elementor-widget elementor-widget-wd_counter\" data-id=\"d17999d\" data-element_type=\"widget\" data-e-type=\"widget\" data-widget_type=\"wd_counter.default\">\n\t\t\t\t<div class=\"elementor-widget-container\">\n\t\t\t\t\t\t\t<div class=\"woodmart-counter counter-large text-center color-scheme-light\">\n\t\t\t<div class=\"counter-value\" data-state=\"new\" data-final=\"30\">\n\t\t\t\t30\t\t\t<\/div>\n\n\t\t\t\t\t\t\t<div class=\"counter-label\">\n\t\t\t\t\tPRODUKTE ABGESCHLOSSEN\t\t\t\t<\/div>\n\t\t\t\t\t<\/div>\n\t\t\t\t\t\t<\/div>\n\t\t\t\t<\/div>\n\t\t\t\t<\/div>\n\t\t\t\t<\/div>\n\t\t\t\t<\/div>\n\t\t\t\t\t<\/div>\n\t\t\t\t<\/div>\n\t\t<div class=\"wd-negative-gap elementor-element elementor-element-f1bfb82 e-flex e-con-boxed e-con e-parent\" data-id=\"f1bfb82\" data-element_type=\"container\" data-e-type=\"container\">\n\t\t\t\t\t<div class=\"e-con-inner\">\n\t\t\t\t<div class=\"elementor-element elementor-element-e23b1d4 color-scheme-inherit text-left elementor-widget elementor-widget-text-editor\" data-id=\"e23b1d4\" data-element_type=\"widget\" data-e-type=\"widget\" data-widget_type=\"text-editor.default\">\n\t\t\t\t<div class=\"elementor-widget-container\">\n\t\t\t\t\t\t\t\t\t<h1><strong>\u00dcber unser Unternehmen<\/strong><\/h1><p>Gegr\u00fcndet im Jahr 2017, <span style=\"white-space-collapse: preserve;\">LOWE'S PROFESYONEL<\/span>\u00a0hat sich schnell zu einem f\u00fchrenden Namen in der Kosmetikbranche entwickelt. Vom ersten Tag an war es unser Ziel, hochwertige Produkte zu liefern, die die Bed\u00fcrfnisse unserer Kunden erf\u00fcllen und ihnen ein au\u00dfergew\u00f6hnliches Sch\u00f6nheitserlebnis bieten. Auf der Grundlage von Innovation, Qualit\u00e4t und Liebe zum Detail haben wir uns in k\u00fcrzester Zeit einen hervorragenden Ruf in der Kosmetikbranche erworben.<\/p><h1>Unsere Vision<\/h1><p>Wir wollen die erste Adresse sein, wenn es um Kosmetika geht, die die nat\u00fcrliche Sch\u00f6nheit unterstreichen und die Gesundheit langfristig f\u00f6rdern. Wir glauben, dass es bei Sch\u00f6nheit nicht nur um das \u00e4u\u00dfere Erscheinungsbild geht, sondern um ein Gef\u00fchl von Selbstvertrauen und Wohlbefinden in der eigenen Haut. Das ist die Essenz, die wir mit unseren Produkten vermitteln wollen.<\/p><h1>Unsere Produkte<\/h1><p><span style=\"white-space-collapse: preserve;\">LOWE'S PROFESYONEL<\/span>\u00a0Produkte zeichnen sich dadurch aus, dass sie von der Natur inspiriert und mit den neuesten wissenschaftlichen Erkenntnissen der Sch\u00f6nheitsindustrie angereichert sind. Ganz gleich, ob Sie auf der Suche nach Hautpflege, Haarpflege oder Make-up sind, unser vielf\u00e4ltiges Sortiment deckt alle Ihre t\u00e4glichen Bed\u00fcrfnisse ab. Wir legen Wert auf die Verwendung nat\u00fcrlicher, wirksamer Inhaltsstoffe, die die Gesundheit von Haut und Haar auf sichere und gesunde Weise verbessern.<\/p><h1>Unser Bekenntnis zur Qualit\u00e4t<\/h1><p>Qualit\u00e4t ist der Grundstein f\u00fcr alles, was wir tun. Wir halten uns an die h\u00f6chsten Herstellungsstandards, um sicherzustellen, dass jedes Produkt, das in die H\u00e4nde unserer Kunden gelangt, ein H\u00f6chstma\u00df an Sicherheit und Wirksamkeit aufweist. Unsere Produkte werden strengen Tests unterzogen, um die Eignung f\u00fcr verschiedene Haut- und Haartypen zu gew\u00e4hrleisten.<\/p><h1>\u00d6kologische und soziale Verantwortung<\/h1><p>Unter <span style=\"white-space-collapse: preserve;\">LOWE'S PROFESYONEL<\/span>Wir wissen, wie wichtig es ist, die Umwelt zu sch\u00fctzen. Deshalb setzen wir in jeder Phase der Produktion, von der Auswahl der Zutaten bis zur Verpackung, nachhaltige Verfahren ein. Au\u00dferdem nehmen wir unsere soziale Verantwortung wahr, indem wir die Gemeinschaft unterst\u00fctzen und uns an Initiativen beteiligen, die ihr Wohlergehen f\u00f6rdern.<\/p><h1>Blick in die Zukunft<\/h1><p>Seit unserer Gr\u00fcndung im Jahr 2017 haben wir uns mit stetigen Schritten und einer klaren Vision in Richtung Zukunft bewegt. Wir sind st\u00e4ndig bestrebt, Innovationen zu entwickeln und neue, n\u00fctzliche Produkte f\u00fcr unsere Kunden einzuf\u00fchren. Wir streben danach, unsere Produktpalette zu erweitern und neue M\u00e4rkte zu erreichen, w\u00e4hrend wir gleichzeitig die Werte und Prinzipien beibehalten, die uns zur bevorzugten Wahl f\u00fcr viele gemacht haben.<\/p><p>Zusammenfassend l\u00e4sst sich sagen, dass bei <span style=\"white-space-collapse: preserve;\">LOWE'S PROFESYONEL<\/span>Wir sind stolz auf das, was wir bisher erreicht haben, und freuen uns darauf, mit der Unterst\u00fctzung und dem Vertrauen unserer Kunden noch mehr Erfolg zu haben. Wir sind hier, um ein Teil Ihrer Reise in das Streben nach Sch\u00f6nheit und Selbstf\u00fcrsorge zu sein.<\/p>\t\t\t\t\t\t\t\t<\/div>\n\t\t\t\t<\/div>\n\t\t\t\t\t<\/div>\n\t\t\t\t<\/div>\n\t\t\t\t<\/div>","protected":false},"excerpt":{"rendered":"<p>OUR COMPANY STAT\u0130STICS WE DO IT FOR YOU WITH LOVE 2017 FOUNDING YEAR 2000 HAPPY COSTUMERS EVERY MONTH 7 COMPANY<\/p>","protected":false},"author":1,"featured_media":0,"parent":0,"menu_order":0,"comment_status":"closed","ping_status":"closed","template":"","meta":{"om_disable_all_campaigns":false,"_monsterinsights_skip_tracking":false,"_monsterinsights_sitenote_active":false,"_monsterinsights_sitenote_note":"","_monsterinsights_sitenote_category":0,"footnotes":""},"class_list":["post-4400","page","type-page","status-publish","hentry"],"aioseo_notices":[],"_hostinger_reach_plugin_has_subscription_block":false,"_hostinger_reach_plugin_is_elementor":false,"_links":{"self":[{"href":"https:\/\/lowesprofesyonel.com\/de\/wp-json\/wp\/v2\/pages\/4400","targetHints":{"allow":["GET"]}}],"collection":[{"href":"https:\/\/lowesprofesyonel.com\/de\/wp-json\/wp\/v2\/pages"}],"about":[{"href":"https:\/\/lowesprofesyonel.com\/de\/wp-json\/wp\/v2\/types\/page"}],"author":[{"embeddable":true,"href":"https:\/\/lowesprofesyonel.com\/de\/wp-json\/wp\/v2\/users\/1"}],"replies":[{"embeddable":true,"href":"https:\/\/lowesprofesyonel.com\/de\/wp-json\/wp\/v2\/comments?post=4400"}],"version-history":[{"count":18,"href":"https:\/\/lowesprofesyonel.com\/de\/wp-json\/wp\/v2\/pages\/4400\/revisions"}],"predecessor-version":[{"id":28063,"href":"https:\/\/lowesprofesyonel.com\/de\/wp-json\/wp\/v2\/pages\/4400\/revisions\/28063"}],"wp:attachment":[{"href":"https:\/\/lowesprofesyonel.com\/de\/wp-json\/wp\/v2\/media?parent=4400"}],"curies":[{"name":"wp","href":"https:\/\/api.w.org\/{rel}","templated":true}]}}