{"id":27037,"date":"2024-08-07T22:37:09","date_gmt":"2024-08-07T22:37:09","guid":{"rendered":"https:\/\/lowesprofesyonel.com\/?post_type=product&#038;p=27037"},"modified":"2026-04-16T18:56:11","modified_gmt":"2026-04-16T15:56:11","slug":"gogus-toparlayici-ve-dolgunlastici-sikilastirici-bakim-kremi-50-ml","status":"publish","type":"product","link":"https:\/\/lowesprofesyonel.com\/de\/product\/gogus-toparlayici-ve-dolgunlastici-sikilastirici-bakim-kremi-50-ml\/","title":{"rendered":"Bruststraffende und straffende Pflegecreme 50 ml"},"content":{"rendered":"<h3><b>G\u00f6\u011f\u00fcs S\u0131k\u0131la\u015ft\u0131r\u0131c\u0131 ve Dolgunla\u015ft\u0131r\u0131c\u0131 Serum<\/b>\u2728\ud83c\udf38<\/h3>\n<p>Bu \u00f6zel form\u00fcl, <b>g\u00f6\u011f\u00fcs b\u00f6lgesindeki cildin elastikiyetini art\u0131rmaya, daha s\u0131k\u0131 ve dolgun bir g\u00f6r\u00fcn\u00fcm kazand\u0131rmaya yard\u0131mc\u0131 olur<\/b>. Bitkisel \u00f6zler ve nemlendirici bile\u015fenler sayesinde <b>cildi besler, nemlendiririr ve ferahlat\u0131c\u0131 bir etki sa\u011flar<\/b>. D\u00fczenli kullan\u0131mda daha canl\u0131 ve \u015fekillenmi\u015f bir g\u00f6r\u00fcn\u00fcm elde etmenize destek olur.<\/p>\n<p>&nbsp;<\/p>\n<div>\ud83d\udc96 <b>\u00dcr\u00fcn\u00fcn Faydalar\u0131:<\/b><\/div>\n<div>\u2714 <b>Cildin elastikiyetini art\u0131rarak s\u0131k\u0131 ve dolgun bir g\u00f6r\u00fcn\u00fcm sa\u011flar<\/b><\/div>\n<div>\u2714 <b>\u00d6zel bitkisel \u00f6zler ile cildi besler ve nemlendiririr<\/b><\/div>\n<div>\u2714 <b>Cildi ferahlat\u0131c\u0131 etkisiyle rahatlat\u0131r<\/b><\/div>\n<div>\u2714 <b>Hafif ve kolay emilen yap\u0131s\u0131yla g\u00fcnl\u00fck kullan\u0131ma uygundur<\/b><\/div>\n<h3><b>\ud83d\udcdd Kullan\u0131m \u015eekli:<\/b><\/h3>\n<p>&nbsp;<\/p>\n<div>\ud83d\udd39 <b>Temiz ve kuru cilde<\/b>yeterli miktarda serumu uygulay\u0131n.<\/div>\n<div>\ud83d\udd39 G\u00f6\u011f\u00fcs b\u00f6lgesine <b>dairesel hareketlerle masaj yaparak<\/b>iyice yedirin.<\/div>\n<div>\ud83d\udd39 <b>Sabah ve ak\u015fam olmak \u00fczere g\u00fcnde iki kez<\/b>d\u00fczenli kullan\u0131lmas\u0131 \u00f6nerilir.<\/div>\n<p>\ud83d\udc97 <b>Daha s\u0131k\u0131, dolgun ve bak\u0131ml\u0131 bir g\u00f6\u011f\u00fcs g\u00f6r\u00fcn\u00fcm\u00fc i\u00e7in \u00f6zel form\u00fcl\u00fcm\u00fcz\u00fc ke\u015ffedin!<\/b>\u2728\ud83c\udf3f<\/p>","protected":false},"excerpt":{"rendered":"<p>Bruststraffende und straffende Pflegecreme 50 ml<\/p>\n<p>&nbsp;<\/p>\n<p>&nbsp;<\/p>","protected":false},"featured_media":27819,"comment_status":"open","ping_status":"closed","template":"","meta":{"om_disable_all_campaigns":false,"_monsterinsights_skip_tracking":false,"_monsterinsights_sitenote_active":false,"_monsterinsights_sitenote_note":"","_monsterinsights_sitenote_category":0},"product_brand":[],"product_cat":[77,42],"product_tag":[],"class_list":{"0":"post-27037","1":"product","2":"type-product","3":"status-publish","4":"has-post-thumbnail","6":"product_cat-breast-cream","7":"product_cat-cream","9":"first","10":"instock","11":"shipping-taxable","12":"purchasable","13":"product-type-simple"},"aioseo_notices":[],"_links":{"self":[{"href":"https:\/\/lowesprofesyonel.com\/de\/wp-json\/wp\/v2\/product\/27037","targetHints":{"allow":["GET"]}}],"collection":[{"href":"https:\/\/lowesprofesyonel.com\/de\/wp-json\/wp\/v2\/product"}],"about":[{"href":"https:\/\/lowesprofesyonel.com\/de\/wp-json\/wp\/v2\/types\/product"}],"replies":[{"embeddable":true,"href":"https:\/\/lowesprofesyonel.com\/de\/wp-json\/wp\/v2\/comments?post=27037"}],"version-history":[{"count":7,"href":"https:\/\/lowesprofesyonel.com\/de\/wp-json\/wp\/v2\/product\/27037\/revisions"}],"predecessor-version":[{"id":28168,"href":"https:\/\/lowesprofesyonel.com\/de\/wp-json\/wp\/v2\/product\/27037\/revisions\/28168"}],"wp:featuredmedia":[{"embeddable":true,"href":"https:\/\/lowesprofesyonel.com\/de\/wp-json\/wp\/v2\/media\/27819"}],"wp:attachment":[{"href":"https:\/\/lowesprofesyonel.com\/de\/wp-json\/wp\/v2\/media?parent=27037"}],"wp:term":[{"taxonomy":"product_brand","embeddable":true,"href":"https:\/\/lowesprofesyonel.com\/de\/wp-json\/wp\/v2\/product_brand?post=27037"},{"taxonomy":"product_cat","embeddable":true,"href":"https:\/\/lowesprofesyonel.com\/de\/wp-json\/wp\/v2\/product_cat?post=27037"},{"taxonomy":"product_tag","embeddable":true,"href":"https:\/\/lowesprofesyonel.com\/de\/wp-json\/wp\/v2\/product_tag?post=27037"}],"curies":[{"name":"wp","href":"https:\/\/api.w.org\/{rel}","templated":true}]}}