{"id":27040,"date":"2024-08-07T22:40:01","date_gmt":"2024-08-07T22:40:01","guid":{"rendered":"https:\/\/lowesprofesyonel.com\/?post_type=product&#038;p=27040"},"modified":"2026-04-16T18:56:00","modified_gmt":"2026-04-16T15:56:00","slug":"catlak-karsiti-catlak-onleyici-jel-250-ml","status":"publish","type":"product","link":"https:\/\/lowesprofesyonel.com\/de\/product\/catlak-karsiti-catlak-onleyici-jel-250-ml\/","title":{"rendered":"Gel zur Vorbeugung und Behandlung von Dehnungsstreifen 250 ml"},"content":{"rendered":"<h3><b>S\u0131k\u0131la\u015ft\u0131r\u0131c\u0131 ve Nemlendirici V\u00fccut Kremi - Bitkisel \u0130\u00e7erikli \u00d6zel Form\u00fcl!<\/b>\u2728\ud83c\udf3f<\/h3>\n<p>Cildinizin <b>s\u0131k\u0131, p\u00fcr\u00fczs\u00fcz ve canl\u0131<\/b>g\u00f6r\u00fcnmesini ister misiniz? <b>Bitkisel \u00f6zler ve kafein i\u00e7eren \u00f6zel form\u00fcl\u00fc<\/b>sayesinde cildinize derinlemesine bak\u0131m yaparak <b>s\u0131k\u0131la\u015fmas\u0131n\u0131 destekler<\/b>. Ayn\u0131 zamanda <b>cildin nem dengesini koruyarak<\/b>kurumas\u0131n\u0131 \u00f6nler ve yumu\u015fak bir his b\u0131rak\u0131r. \ud83c\udf38\ud83d\udc96<\/p>\n<p>&nbsp;<\/p>\n<div>\ud83d\udc96 <b>\u00d6ne \u00c7\u0131kan Faydalar:<\/b><\/div>\n<div>\u2714 <b>Cildi s\u0131k\u0131la\u015ft\u0131rmaya ve canland\u0131rmaya yard\u0131mc\u0131 olur<\/b>\u2728<\/div>\n<div>\u2714 <b>Nem dengesini koruyarak cildin kurumas\u0131n\u0131 \u00f6nler<\/b>\ud83d\udca7<\/div>\n<div>\u2714 <b>Cildi besleyen do\u011fal ya\u011flar i\u00e7erir<\/b>\ud83c\udf3f<\/div>\n<div>\u2714 <b>H\u0131zl\u0131 emilen yap\u0131s\u0131yla ya\u011fl\u0131 bir his b\u0131rakmaz<\/b><\/div>\n<div>\u2714 <b>D\u00fczenli kullan\u0131mda g\u00f6zle g\u00f6r\u00fcl\u00fcr fark yarat\u0131r<\/b><\/div>\n<h3><b>\ud83d\udcdd Kullan\u0131m \u015eekli:<\/b><\/h3>\n<p>&nbsp;<\/p>\n<div>\ud83d\udd38 <b>Temiz ve kuru cilde ince bir tabaka halinde uygulay\u0131n.<\/b><\/div>\n<div>\ud83d\udd38 <b>Dairesel hareketlerle masaj yaparak cilde yedirin.<\/b><\/div>\n<div>\ud83d\udd38 <b>G\u00fcnde 2 kez d\u00fczenli olarak kullan\u0131lmas\u0131 \u00f6nerilir.<\/b><\/div>\n<p>\u2728 <b>S\u0131k\u0131, p\u00fcr\u00fczs\u00fcz ve sa\u011fl\u0131kl\u0131 bir cilt i\u00e7in \u00f6zel form\u00fcl!<\/b>\u2728<\/p>","protected":false},"excerpt":{"rendered":"<div class=\"flex max-w-full flex-col flex-grow\">\n<div class=\"min-h-[20px] text-message flex w-full flex-col items-end gap-2 break-words [.text-message+&amp;]:mt-5 overflow-x-auto whitespace-normal\" dir=\"auto\" data-message-author-role=\"assistant\" data-message-id=\"7e84d3c9-fb8f-4048-8e3d-c14f614a8721\">\n<div class=\"flex w-full flex-col gap-1 empty:hidden first:pt-[3px]\">\n<div class=\"markdown prose w-full break-words dark:prose-invert dark\">\n<p>Stretch Mark Prevention and Treatment Gel 250 ml<\/p>\n<\/div>\n<\/div>\n<\/div>\n<\/div>\n","protected":false},"featured_media":28163,"comment_status":"open","ping_status":"closed","template":"","meta":{"om_disable_all_campaigns":false,"_monsterinsights_skip_tracking":false,"_monsterinsights_sitenote_active":false,"_monsterinsights_sitenote_note":"","_monsterinsights_sitenote_category":0},"product_brand":[],"product_cat":[76,42],"product_tag":[],"class_list":{"0":"post-27040","1":"product","2":"type-product","3":"status-publish","4":"has-post-thumbnail","6":"product_cat-cellulite-cream","7":"product_cat-cream","9":"first","10":"instock","11":"shipping-taxable","12":"purchasable","13":"product-type-simple"},"aioseo_notices":[],"_links":{"self":[{"href":"https:\/\/lowesprofesyonel.com\/de\/wp-json\/wp\/v2\/product\/27040","targetHints":{"allow":["GET"]}}],"collection":[{"href":"https:\/\/lowesprofesyonel.com\/de\/wp-json\/wp\/v2\/product"}],"about":[{"href":"https:\/\/lowesprofesyonel.com\/de\/wp-json\/wp\/v2\/types\/product"}],"replies":[{"embeddable":true,"href":"https:\/\/lowesprofesyonel.com\/de\/wp-json\/wp\/v2\/comments?post=27040"}],"version-history":[{"count":5,"href":"https:\/\/lowesprofesyonel.com\/de\/wp-json\/wp\/v2\/product\/27040\/revisions"}],"predecessor-version":[{"id":28167,"href":"https:\/\/lowesprofesyonel.com\/de\/wp-json\/wp\/v2\/product\/27040\/revisions\/28167"}],"wp:featuredmedia":[{"embeddable":true,"href":"https:\/\/lowesprofesyonel.com\/de\/wp-json\/wp\/v2\/media\/28163"}],"wp:attachment":[{"href":"https:\/\/lowesprofesyonel.com\/de\/wp-json\/wp\/v2\/media?parent=27040"}],"wp:term":[{"taxonomy":"product_brand","embeddable":true,"href":"https:\/\/lowesprofesyonel.com\/de\/wp-json\/wp\/v2\/product_brand?post=27040"},{"taxonomy":"product_cat","embeddable":true,"href":"https:\/\/lowesprofesyonel.com\/de\/wp-json\/wp\/v2\/product_cat?post=27040"},{"taxonomy":"product_tag","embeddable":true,"href":"https:\/\/lowesprofesyonel.com\/de\/wp-json\/wp\/v2\/product_tag?post=27040"}],"curies":[{"name":"wp","href":"https:\/\/api.w.org\/{rel}","templated":true}]}}