{"id":27043,"date":"2024-08-07T22:42:25","date_gmt":"2024-08-07T22:42:25","guid":{"rendered":"https:\/\/lowesprofesyonel.com\/?post_type=product&#038;p=27043"},"modified":"2026-04-16T18:55:50","modified_gmt":"2026-04-16T15:55:50","slug":"sakal-guclendirici-dolgunlastirici-ve-canlandirici-sakal-serumu-50-ml","status":"publish","type":"product","link":"https:\/\/lowesprofesyonel.com\/de\/product\/sakal-guclendirici-dolgunlastirici-ve-canlandirici-sakal-serumu-50-ml\/","title":{"rendered":"Bartst\u00e4rkendes, volumengebendes und revitalisierendes Serum 30 ml"},"content":{"rendered":"<h3><b>Yo\u011fun ve G\u00fc\u00e7l\u00fc Sakallar \u0130\u00e7in Sakal Bak\u0131m Ya\u011f\u0131!<\/b>\ud83e\uddd4\u2728<\/h3>\n<p>Bu \u00f6zel form\u00fcl, <b>sakal k\u00f6klerini g\u00fc\u00e7lendirmeye ve sakal\u0131n daha dolgun ve sa\u011fl\u0131kl\u0131 g\u00f6r\u00fcnmesini sa\u011flamaya<\/b>yard\u0131mc\u0131 olur. Do\u011fal ya\u011flar ve bitkisel \u00f6zlerle zenginle\u015ftirilmi\u015f i\u00e7eri\u011fi sayesinde, <b>cildi nemlendiririr, ka\u015f\u0131nt\u0131y\u0131 azalt\u0131r ve sakallar\u0131n\u0131z\u0131 yumu\u015fat\u0131r<\/b>. G\u00fcnl\u00fck kullan\u0131m i\u00e7in uygundur! \ud83c\udf3f\ud83d\udd25<\/p>\n<p>&nbsp;<\/p>\n<div>\ud83d\udcaa <b>\u00dcr\u00fcn\u00fcn Faydalar\u0131:<\/b><\/div>\n<div>\u2714 <b>Sakal k\u00f6klerini besler ve g\u00fc\u00e7lendirir<\/b><\/div>\n<div>\u2714 <b>Sakal\u0131n daha g\u00fcr ve sa\u011fl\u0131kl\u0131 g\u00f6r\u00fcnmesini sa\u011flar<\/b><\/div>\n<div>\u2714 <b>Cildi nemlendiririr, kuruluk ve d\u00f6k\u00fclmeleri \u00f6nler<\/b><\/div>\n<div>\u2714 <b>Do\u011fal i\u00e7eriklerle zenginle\u015ftirilmi\u015f \u00f6zel form\u00fcl<\/b><\/div>\n<div>\u2714 <b>T\u00fcm cilt tiplerine uygundur ve g\u00fcnl\u00fck kullan\u0131ma elveri\u015flidir<\/b><\/div>\n<h3><b>\ud83d\udcdd Kullan\u0131m \u015eekli:<\/b><\/h3>\n<p>&nbsp;<\/p>\n<div>\ud83d\udd39 <b>Temiz ve kuru sakal diplerine<\/b>yeterli miktarda ya\u011f uygulay\u0131n.<\/div>\n<div>\ud83d\udd39 Parmak u\u00e7lar\u0131n\u0131zla <b>dairesel hareketlerle masaj yaparak<\/b>iyice yedirin.<\/div>\n<div>\ud83d\udd39 <b>30-60 dakika bekleyin<\/b>, ard\u0131ndan \u0131l\u0131k suyla durulay\u0131n.<\/div>\n<div>\ud83d\udd39 <b>En iyi sonu\u00e7lar i\u00e7in d\u00fczenli olarak kullan\u0131lmas\u0131 tavsiye edilir.<\/b><\/div>\n<p>\ud83e\uddd4\u2728 <b>Daha g\u00fc\u00e7l\u00fc ve dolgun sakallar i\u00e7in do\u011fal bak\u0131m\u0131n g\u00fcc\u00fcn\u00fc ke\u015ffedin!<\/b>\u2728\ud83d\udd25<\/p>\n<div><\/div>","protected":false},"excerpt":{"rendered":"<p>Bartst\u00e4rkendes, volumengebendes und revitalisierendes Serum 30 ml<\/p>\n<p>&nbsp;<\/p>\n<p>&nbsp;<\/p>","protected":false},"featured_media":27807,"comment_status":"open","ping_status":"closed","template":"","meta":{"om_disable_all_campaigns":false,"_monsterinsights_skip_tracking":false,"_monsterinsights_sitenote_active":false,"_monsterinsights_sitenote_note":"","_monsterinsights_sitenote_category":0},"product_brand":[],"product_cat":[73,53],"product_tag":[],"class_list":{"0":"post-27043","1":"product","2":"type-product","3":"status-publish","4":"has-post-thumbnail","6":"product_cat-beard-serum","7":"product_cat-serum","9":"first","10":"instock","11":"shipping-taxable","12":"purchasable","13":"product-type-simple"},"aioseo_notices":[],"_links":{"self":[{"href":"https:\/\/lowesprofesyonel.com\/de\/wp-json\/wp\/v2\/product\/27043","targetHints":{"allow":["GET"]}}],"collection":[{"href":"https:\/\/lowesprofesyonel.com\/de\/wp-json\/wp\/v2\/product"}],"about":[{"href":"https:\/\/lowesprofesyonel.com\/de\/wp-json\/wp\/v2\/types\/product"}],"replies":[{"embeddable":true,"href":"https:\/\/lowesprofesyonel.com\/de\/wp-json\/wp\/v2\/comments?post=27043"}],"version-history":[{"count":7,"href":"https:\/\/lowesprofesyonel.com\/de\/wp-json\/wp\/v2\/product\/27043\/revisions"}],"predecessor-version":[{"id":28162,"href":"https:\/\/lowesprofesyonel.com\/de\/wp-json\/wp\/v2\/product\/27043\/revisions\/28162"}],"wp:featuredmedia":[{"embeddable":true,"href":"https:\/\/lowesprofesyonel.com\/de\/wp-json\/wp\/v2\/media\/27807"}],"wp:attachment":[{"href":"https:\/\/lowesprofesyonel.com\/de\/wp-json\/wp\/v2\/media?parent=27043"}],"wp:term":[{"taxonomy":"product_brand","embeddable":true,"href":"https:\/\/lowesprofesyonel.com\/de\/wp-json\/wp\/v2\/product_brand?post=27043"},{"taxonomy":"product_cat","embeddable":true,"href":"https:\/\/lowesprofesyonel.com\/de\/wp-json\/wp\/v2\/product_cat?post=27043"},{"taxonomy":"product_tag","embeddable":true,"href":"https:\/\/lowesprofesyonel.com\/de\/wp-json\/wp\/v2\/product_tag?post=27043"}],"curies":[{"name":"wp","href":"https:\/\/api.w.org\/{rel}","templated":true}]}}