{"id":27440,"date":"2024-08-18T16:15:04","date_gmt":"2024-08-18T13:15:04","guid":{"rendered":"https:\/\/lowesprofesyonel.com\/?post_type=product&#038;p=27440"},"modified":"2026-04-16T18:55:45","modified_gmt":"2026-04-16T15:55:45","slug":"gogus-buyutme-yardimci-dolgunlastirici-c-vitamini-ile-zenginlestirilmistir-30-ml","status":"publish","type":"product","link":"https:\/\/lowesprofesyonel.com\/de\/product\/gogus-buyutme-yardimci-dolgunlastirici-c-vitamini-ile-zenginlestirilmistir-30-ml\/","title":{"rendered":"Brustvergr\u00f6\u00dferungshilfe, angereichert mit Vitamin C - 30 ml"},"content":{"rendered":"<h3><b>G\u00f6\u011f\u00fcs S\u0131k\u0131la\u015ft\u0131r\u0131c\u0131 ve Dolgunla\u015ft\u0131r\u0131c\u0131 Serum \u2013 Daha S\u0131k\u0131 ve Elastik Bir G\u00f6r\u00fcn\u00fcm!<\/b>\u2728\ud83d\udc96<\/h3>\n<p>Cildinizin <b>elastikiyetini art\u0131rarak<\/b>g\u00f6\u011f\u00fcs b\u00f6lgesinde <b>daha s\u0131k\u0131 ve dolgun bir g\u00f6r\u00fcn\u00fcm<\/b>elde etmenize yard\u0131mc\u0131 olur. <b>Yo\u011fun nemlendirici ve besleyici form\u00fcl\u00fc<\/b>sayesinde cildi derinlemesine besler, p\u00fcr\u00fczs\u00fcz ve canl\u0131 bir his b\u0131rak\u0131r. \ud83c\udf38<\/p>\n<p>&nbsp;<\/p>\n<div>\ud83d\udc96 <b>\u00d6ne \u00c7\u0131kan \u00d6zellikler:<\/b><\/div>\n<div>\u2714 <b>G\u00f6\u011f\u00fcs b\u00f6lgesinin s\u0131k\u0131la\u015fmas\u0131na ve dolgunla\u015fmas\u0131na destek olur<\/b><\/div>\n<div>\u2714 <b>Cildin elastikiyetini art\u0131rarak daha gen\u00e7 bir g\u00f6r\u00fcn\u00fcm sa\u011flar<\/b><\/div>\n<div>\u2714 <b>Nemlendirici ve besleyici i\u00e7eri\u011fiyle cildi p\u00fcr\u00fczs\u00fczle\u015ftirir<\/b><\/div>\n<div>\u2714 <b>D\u00fczenli kullan\u0131mda g\u00f6zle g\u00f6r\u00fcl\u00fcr fark yarat\u0131r<\/b><\/div>\n<div>\u2714 <b>H\u0131zl\u0131 emilen yap\u0131s\u0131yla ya\u011fl\u0131 his b\u0131rakmaz<\/b><\/div>\n<h3><b>\ud83d\udcdd Kullan\u0131m \u015eekli:<\/b><\/h3>\n<p>&nbsp;<\/p>\n<div>\ud83d\udd38 <b>Temiz ve kuru cilde uygulay\u0131n.<\/b><\/div>\n<div>\ud83d\udd38 <b>Sabah ve ak\u015fam olmak \u00fczere g\u00fcnde 2 kez kullan\u0131n.<\/b><\/div>\n<div>\ud83d\udd38 <b>Yeterli miktarda serumu g\u00f6\u011f\u00fcs b\u00f6lgesine s\u00fcrerek dairesel hareketlerle masaj yap\u0131n.<\/b><\/div>\n<div>\ud83d\udd38 <b>Etkili sonu\u00e7lar i\u00e7in d\u00fczenli kullan\u0131m \u00f6nerilir.<\/b><\/div>\n<p>\u2728 <b>Daha s\u0131k\u0131, p\u00fcr\u00fczs\u00fcz ve dolgun bir g\u00f6\u011f\u00fcs b\u00f6lgesi i\u00e7in \u00f6zel bak\u0131m!<\/b>\u2728<\/p>","protected":false},"excerpt":{"rendered":"<p>Brustvergr\u00f6\u00dferungshilfe, angereichert mit Vitamin C - 30 ml<\/p>\n<p>&nbsp;<\/p>\n<p>&nbsp;<\/p>","protected":false},"featured_media":27801,"comment_status":"open","ping_status":"closed","template":"","meta":{"om_disable_all_campaigns":false,"_monsterinsights_skip_tracking":false,"_monsterinsights_sitenote_active":false,"_monsterinsights_sitenote_note":"","_monsterinsights_sitenote_category":0},"product_brand":[],"product_cat":[53,72],"product_tag":[],"class_list":{"0":"post-27440","1":"product","2":"type-product","3":"status-publish","4":"has-post-thumbnail","6":"product_cat-serum","7":"product_cat-skin-serum","9":"first","10":"instock","11":"shipping-taxable","12":"purchasable","13":"product-type-simple"},"aioseo_notices":[],"_links":{"self":[{"href":"https:\/\/lowesprofesyonel.com\/de\/wp-json\/wp\/v2\/product\/27440","targetHints":{"allow":["GET"]}}],"collection":[{"href":"https:\/\/lowesprofesyonel.com\/de\/wp-json\/wp\/v2\/product"}],"about":[{"href":"https:\/\/lowesprofesyonel.com\/de\/wp-json\/wp\/v2\/types\/product"}],"replies":[{"embeddable":true,"href":"https:\/\/lowesprofesyonel.com\/de\/wp-json\/wp\/v2\/comments?post=27440"}],"version-history":[{"count":6,"href":"https:\/\/lowesprofesyonel.com\/de\/wp-json\/wp\/v2\/product\/27440\/revisions"}],"predecessor-version":[{"id":28161,"href":"https:\/\/lowesprofesyonel.com\/de\/wp-json\/wp\/v2\/product\/27440\/revisions\/28161"}],"wp:featuredmedia":[{"embeddable":true,"href":"https:\/\/lowesprofesyonel.com\/de\/wp-json\/wp\/v2\/media\/27801"}],"wp:attachment":[{"href":"https:\/\/lowesprofesyonel.com\/de\/wp-json\/wp\/v2\/media?parent=27440"}],"wp:term":[{"taxonomy":"product_brand","embeddable":true,"href":"https:\/\/lowesprofesyonel.com\/de\/wp-json\/wp\/v2\/product_brand?post=27440"},{"taxonomy":"product_cat","embeddable":true,"href":"https:\/\/lowesprofesyonel.com\/de\/wp-json\/wp\/v2\/product_cat?post=27440"},{"taxonomy":"product_tag","embeddable":true,"href":"https:\/\/lowesprofesyonel.com\/de\/wp-json\/wp\/v2\/product_tag?post=27440"}],"curies":[{"name":"wp","href":"https:\/\/api.w.org\/{rel}","templated":true}]}}