{"id":27487,"date":"2024-08-18T17:05:24","date_gmt":"2024-08-18T14:05:24","guid":{"rendered":"https:\/\/lowesprofesyonel.com\/?post_type=product&#038;p=27487"},"modified":"2026-04-16T18:55:26","modified_gmt":"2026-04-16T15:55:26","slug":"cilt-beyazlatici-creme-zur-hautaufhellung-cilt-beyazlatici-krem-e-50-gr","status":"publish","type":"product","link":"https:\/\/lowesprofesyonel.com\/de\/product\/cilt-beyazlatici-skin-whitenning-cream-cilt-beyazlatici-krem-e-50-gr\/","title":{"rendered":"Hautaufhellende Creme f\u00fcr einen strahlenden und gleichm\u00e4\u00dfigen Hautton - 50g"},"content":{"rendered":"<h3><b>Ayd\u0131nlat\u0131c\u0131 ve Leke Kar\u015f\u0131t\u0131 Krem \u2013 E\u015fit ve I\u015f\u0131lt\u0131l\u0131 Bir Cilt Tonu \u0130\u00e7in!<\/b>\u2728\ud83c\udf3f<\/h3>\n<p>Cildinizdeki <b>kararmalar\u0131 ve renk e\u015fitsizliklerini gidermeye<\/b>yard\u0131mc\u0131 olan \u00f6zel form\u00fcl\u00fcyle, <b>daha ayd\u0131nl\u0131k ve sa\u011fl\u0131kl\u0131 bir cilt<\/b>g\u00f6r\u00fcn\u00fcm\u00fc sunar. <b>Niacinamide, Kojic Acid ve Collagen<\/b>i\u00e7eri\u011fi sayesinde d\u00fczenli kullan\u0131mda <b>cilt tonunu e\u015fitler<\/b>ve <b>\u0131\u015f\u0131lt\u0131l\u0131 bir g\u00f6r\u00fcn\u00fcm<\/b>sa\u011flar. \ud83d\udc96\u2728<\/p>\n<p>&nbsp;<\/p>\n<div>\ud83d\udc96 <b>\u00d6ne \u00c7\u0131kan \u00d6zellikler:<\/b><\/div>\n<div>\u2714 <b>Ciltteki koyuluk ve renk d\u00fczensizliklerini azalt\u0131r<\/b><\/div>\n<div>\u2714 <b>Cilt tonunu e\u015fitler ve do\u011fal bir parlakl\u0131k kazand\u0131r\u0131r<\/b><\/div>\n<div>\u2714 <b>Kolajen i\u00e7eri\u011fi ile cildi besler ve nemlendirir<\/b><\/div>\n<div>\u2714 <b>D\u00fczenli kullan\u0131mda g\u00f6zle g\u00f6r\u00fcl\u00fcr fark yarat\u0131r<\/b><\/div>\n<div>\u2714 <b>Sabah ve ak\u015fam kullan\u0131ma uygundur<\/b><\/div>\n<h3><b>\ud83d\udcdd Kullan\u0131m \u015eekli:<\/b><\/h3>\n<p>&nbsp;<\/p>\n<div>\ud83d\udd38 <b>Temiz ve kuru cilde uygulay\u0131n.<\/b><\/div>\n<div>\ud83d\udd38 <b>\u0130stenilen b\u00f6lgeye az miktarda krem al\u0131n ve masaj yaparak yedirin.<\/b><\/div>\n<div>\ud83d\udd38 <b>Cilt taraf\u0131ndan tamamen emilmesini bekleyin.<\/b><\/div>\n<div>\ud83d\udd38 <b>Sabah ve ak\u015fam olmak \u00fczere g\u00fcnde 2 kez d\u00fczenli olarak kullan\u0131n.<\/b><\/div>\n<p>\u2728 <b>E\u015fitlenmi\u015f, ayd\u0131nl\u0131k ve sa\u011fl\u0131kl\u0131 bir cilt i\u00e7in etkili bak\u0131m!<\/b>\u2728<\/p>","protected":false},"excerpt":{"rendered":"<p>Hautaufhellende Creme f\u00fcr einen strahlenden und gleichm\u00e4\u00dfigen Hautton - 50g<\/p>","protected":false},"featured_media":28157,"comment_status":"open","ping_status":"closed","template":"","meta":{"om_disable_all_campaigns":false,"_monsterinsights_skip_tracking":false,"_monsterinsights_sitenote_active":false,"_monsterinsights_sitenote_note":"","_monsterinsights_sitenote_category":0},"product_brand":[],"product_cat":[42,74,89],"product_tag":[],"class_list":{"0":"post-27487","1":"product","2":"type-product","3":"status-publish","4":"has-post-thumbnail","6":"product_cat-cream","7":"product_cat-face-cream","8":"product_cat-skin-cream","10":"first","11":"instock","12":"shipping-taxable","13":"purchasable","14":"product-type-simple"},"aioseo_notices":[],"_links":{"self":[{"href":"https:\/\/lowesprofesyonel.com\/de\/wp-json\/wp\/v2\/product\/27487","targetHints":{"allow":["GET"]}}],"collection":[{"href":"https:\/\/lowesprofesyonel.com\/de\/wp-json\/wp\/v2\/product"}],"about":[{"href":"https:\/\/lowesprofesyonel.com\/de\/wp-json\/wp\/v2\/types\/product"}],"replies":[{"embeddable":true,"href":"https:\/\/lowesprofesyonel.com\/de\/wp-json\/wp\/v2\/comments?post=27487"}],"version-history":[{"count":6,"href":"https:\/\/lowesprofesyonel.com\/de\/wp-json\/wp\/v2\/product\/27487\/revisions"}],"predecessor-version":[{"id":28160,"href":"https:\/\/lowesprofesyonel.com\/de\/wp-json\/wp\/v2\/product\/27487\/revisions\/28160"}],"wp:featuredmedia":[{"embeddable":true,"href":"https:\/\/lowesprofesyonel.com\/de\/wp-json\/wp\/v2\/media\/28157"}],"wp:attachment":[{"href":"https:\/\/lowesprofesyonel.com\/de\/wp-json\/wp\/v2\/media?parent=27487"}],"wp:term":[{"taxonomy":"product_brand","embeddable":true,"href":"https:\/\/lowesprofesyonel.com\/de\/wp-json\/wp\/v2\/product_brand?post=27487"},{"taxonomy":"product_cat","embeddable":true,"href":"https:\/\/lowesprofesyonel.com\/de\/wp-json\/wp\/v2\/product_cat?post=27487"},{"taxonomy":"product_tag","embeddable":true,"href":"https:\/\/lowesprofesyonel.com\/de\/wp-json\/wp\/v2\/product_tag?post=27487"}],"curies":[{"name":"wp","href":"https:\/\/api.w.org\/{rel}","templated":true}]}}