{"id":27741,"date":"2024-10-22T16:41:24","date_gmt":"2024-10-22T13:41:24","guid":{"rendered":"https:\/\/lowesprofesyonel.com\/?post_type=product&#038;p=27741"},"modified":"2026-04-16T18:55:21","modified_gmt":"2026-04-16T15:55:21","slug":"retinol-serumu-puruzsuz-ve-genc-bir-cilt-icin-30-ml","status":"publish","type":"product","link":"https:\/\/lowesprofesyonel.com\/de\/product\/retinol-serumu-puruzsuz-ve-genc-bir-cilt-icin-30-ml\/","title":{"rendered":"Aufhellendes Vitamin-C-Serum zur wirksamen Behandlung dunkler Flecken, mit Glutathion, Ferulas\u00e4ure und 20\u00a0% Ascorbins\u00e4ure"},"content":{"rendered":"<h3><b>Cilt Tonunu E\u015fitleyen ve Ayd\u0131nlatan G\u00fc\u00e7l\u00fc Bak\u0131m Serumu!<\/b>\u2728\ud83c\udf3f<\/h3>\n<p>Cildinizin \u00a0 <b>daha parlak, nemli ve e\u015fit tonlu<\/b>bir g\u00f6r\u00fcn\u00fcme kavu\u015fmas\u0131n\u0131 ister misiniz? \u00a0 <b>C Vitamini, Glutatyon ve Ferulik Asit i\u00e7eren \u00f6zel form\u00fcl\u00fc<\/b>sayesinde cildinizi besler, k\u0131r\u0131\u015f\u0131kl\u0131klar\u0131n g\u00f6r\u00fcn\u00fcm\u00fcn\u00fc azaltmaya yard\u0131mc\u0131 olur ve \u00a0 <b>\u0131\u015f\u0131lt\u0131l\u0131 bir cilt sa\u011flar<\/b>. \ud83c\udf1f\ud83d\udc96<\/p>\n<div>\ud83d\udc96 \u00a0 <b>\u00d6ne \u00c7\u0131kan Faydalar:<\/b><\/div>\n<div>\u2714 \u00a0 <b>Cildi ayd\u0131nlat\u0131r ve do\u011fal parlakl\u0131k kazand\u0131r\u0131r<\/b>\u2728<\/div>\n<div>\u2714 \u00a0 <b>Cilt tonunun e\u015fitlenmesine yard\u0131mc\u0131 olur<\/b>\ud83c\udf38<\/div>\n<div>\u2714 \u00a0 <b>Yo\u011fun nem deste\u011fi sa\u011flayarak cildi canland\u0131r\u0131r<\/b>\ud83d\udca7<\/div>\n<div>\u2714 \u00a0 <b>K\u0131r\u0131\u015f\u0131kl\u0131klar\u0131n ve ince \u00e7izgilerin g\u00f6r\u00fcn\u00fcm\u00fcn\u00fc azalt\u0131r<\/b>\ud83e\uddd6\u2640\ufe0f<\/div>\n<div>\u2714 \u00a0 <b>G\u00fc\u00e7l\u00fc antioksidan i\u00e7eri\u011fiyle cildi d\u0131\u015f etkenlere kar\u015f\u0131 korur<\/b><\/div>\n<h3><b>\ud83d\udcdd Kullan\u0131m \u015eekli:<\/b><\/h3>\n<div>\ud83d\udd38 \u00a0 <b>Y\u00fcz ve boyun b\u00f6lgesine<\/b>birka\u00e7 damla uygulay\u0131n.<\/div>\n<div>\ud83d\udd38 \u00a0 <b>Nazik\u00e7e masaj yaparak cildinize yedirin.<\/b><\/div>\n<div>\ud83d\udd38 \u00a0 <b>Sabah ve ak\u015fam d\u00fczenli olarak kullan\u0131lmas\u0131 \u00f6nerilir.<\/b><\/div>\n<div>\ud83d\udd38 \u00a0 <b>Sabah kullan\u0131m\u0131nda g\u00fcne\u015f koruyucu krem uygulamay\u0131 unutmay\u0131n!<\/b>\u2600\ufe0f<\/div>\n<p>\u2728 \u00a0 <b>Cildinizin \u0131\u015f\u0131ldamas\u0131n\u0131 sa\u011flayan g\u00fc\u00e7l\u00fc form\u00fcl\u00fcyle gen\u00e7 ve sa\u011fl\u0131kl\u0131 bir g\u00f6r\u00fcn\u00fcm elde edin!<\/b>\u2728<\/p>\n<div><\/div>","protected":false},"excerpt":{"rendered":"<p class=\"pr-new-br\" data-drroot=\"h1\">Aufhellendes Vitamin-C-Serum zur wirksamen Behandlung dunkler Flecken, mit Glutathion, Ferulas\u00e4ure und 20\u00a0% Ascorbins\u00e4ure<\/p>","protected":false},"featured_media":27776,"comment_status":"open","ping_status":"closed","template":"","meta":{"om_disable_all_campaigns":false,"_monsterinsights_skip_tracking":false,"_monsterinsights_sitenote_active":false,"_monsterinsights_sitenote_note":"","_monsterinsights_sitenote_category":0},"product_brand":[],"product_cat":[53,72],"product_tag":[],"class_list":{"0":"post-27741","1":"product","2":"type-product","3":"status-publish","4":"has-post-thumbnail","6":"product_cat-serum","7":"product_cat-skin-serum","9":"first","10":"instock","11":"shipping-taxable","12":"purchasable","13":"product-type-simple"},"aioseo_notices":[],"_links":{"self":[{"href":"https:\/\/lowesprofesyonel.com\/de\/wp-json\/wp\/v2\/product\/27741","targetHints":{"allow":["GET"]}}],"collection":[{"href":"https:\/\/lowesprofesyonel.com\/de\/wp-json\/wp\/v2\/product"}],"about":[{"href":"https:\/\/lowesprofesyonel.com\/de\/wp-json\/wp\/v2\/types\/product"}],"replies":[{"embeddable":true,"href":"https:\/\/lowesprofesyonel.com\/de\/wp-json\/wp\/v2\/comments?post=27741"}],"version-history":[{"count":5,"href":"https:\/\/lowesprofesyonel.com\/de\/wp-json\/wp\/v2\/product\/27741\/revisions"}],"predecessor-version":[{"id":28156,"href":"https:\/\/lowesprofesyonel.com\/de\/wp-json\/wp\/v2\/product\/27741\/revisions\/28156"}],"wp:featuredmedia":[{"embeddable":true,"href":"https:\/\/lowesprofesyonel.com\/de\/wp-json\/wp\/v2\/media\/27776"}],"wp:attachment":[{"href":"https:\/\/lowesprofesyonel.com\/de\/wp-json\/wp\/v2\/media?parent=27741"}],"wp:term":[{"taxonomy":"product_brand","embeddable":true,"href":"https:\/\/lowesprofesyonel.com\/de\/wp-json\/wp\/v2\/product_brand?post=27741"},{"taxonomy":"product_cat","embeddable":true,"href":"https:\/\/lowesprofesyonel.com\/de\/wp-json\/wp\/v2\/product_cat?post=27741"},{"taxonomy":"product_tag","embeddable":true,"href":"https:\/\/lowesprofesyonel.com\/de\/wp-json\/wp\/v2\/product_tag?post=27741"}],"curies":[{"name":"wp","href":"https:\/\/api.w.org\/{rel}","templated":true}]}}