{"id":27825,"date":"2024-12-29T20:24:57","date_gmt":"2024-12-29T17:24:57","guid":{"rendered":"https:\/\/lowesprofesyonel.com\/?post_type=product&#038;p=27825"},"modified":"2026-04-16T18:54:54","modified_gmt":"2026-04-16T15:54:54","slug":"sebum-dengeleyici-ve-aydinlatici-seramid-etkili-yuz-yikama-jeli-250-ml","status":"publish","type":"product","link":"https:\/\/lowesprofesyonel.com\/de\/product\/sebum-dengeleyici-ve-aydinlatici-seramid-etkili-yuz-yikama-jeli-250-ml\/","title":{"rendered":"Y\u00fcz Peeling Jeli 100 Ml, Beluga Kaviar Gurke Aloe Vera"},"content":{"rendered":"<p><b>Peeling Jeli &#8211; Cildinizi Yenileyin ve Canland\u0131r\u0131n!<\/b><\/p>\n<p>Cildinizin taze ve sa\u011fl\u0131kl\u0131 g\u00f6r\u00fcnmesini istiyorsan\u0131z, \u00a0 \u00a0 \u00a0 <b>Peeling Jeli<\/b>m\u00fckemmel bir se\u00e7im! \u00d6zel form\u00fcl\u00fc sayesinde cilt y\u00fczeyindeki \u00f6l\u00fc h\u00fccreleri nazik\u00e7e ar\u0131nd\u0131r\u0131r ve cildin do\u011fal parlakl\u0131\u011f\u0131n\u0131 ortaya \u00e7\u0131kar\u0131r.<\/p>\n<p>Nazik peeling etkisi ile cildinizdeki \u00f6l\u00fc h\u00fccreleri etkili bir \u015fekilde temizler, cildinizi p\u00fcr\u00fczs\u00fcz ve yumu\u015fak hale getirir. D\u00fczenli kullan\u0131mda, cilt tonunu e\u015fitler ve cildinize canl\u0131l\u0131k kazand\u0131r\u0131r. Ayn\u0131 zamanda cildinizi canland\u0131r\u0131r ve taze bir g\u00f6r\u00fcn\u00fcm sa\u011flar. Aloe Vera ve do\u011fal \u00f6zlerle cildinizi nemlendirir, kuruluk ve tahri\u015fi \u00f6nler. Ciltteki lekeleri ve kirleri h\u0131zla temizler, p\u00fcr\u00fczs\u00fcz bir y\u00fczey b\u0131rak\u0131r.<\/p>\n<p>Y\u00fcz\u00fcn\u00fcz\u00fc temizledikten sonra, peeling jelini parmak u\u00e7lar\u0131n\u0131zla nazik\u00e7e masaj yaparak uygulay\u0131n. Ard\u0131ndan \u0131l\u0131k su ile durulay\u0131n. Haftada 1-2 kez kullanabilirsiniz.<\/p>\n<p>Do\u011fal \u0130\u00e7erikler: Aloe Vera, Salatal\u0131k \u00d6zleri, Vitaminler ve cildinizi besleyen di\u011fer do\u011fal bile\u015fenler.<\/p>\n<p>\u015eimdi cildinizin taze, p\u00fcr\u00fczs\u00fcz ve \u0131\u015f\u0131lt\u0131l\u0131 g\u00f6r\u00fcnmesi i\u00e7in \u00a0 \u00a0 \u00a0 <b>Peeling Jeli<\/b>ile tan\u0131\u015f\u0131n!<\/p>\n<div><\/div>","protected":false},"excerpt":{"rendered":"<p>Y\u00fcz Peeling Jeli 100 Ml, Beluga Kaviar Gurke Aloe Vera<\/p>","protected":false},"featured_media":27826,"comment_status":"open","ping_status":"closed","template":"","meta":{"om_disable_all_campaigns":false,"_monsterinsights_skip_tracking":false,"_monsterinsights_sitenote_active":false,"_monsterinsights_sitenote_note":"","_monsterinsights_sitenote_category":0},"product_brand":[],"product_cat":[42,80,32],"product_tag":[],"class_list":{"0":"post-27825","1":"product","2":"type-product","3":"status-publish","4":"has-post-thumbnail","6":"product_cat-cream","7":"product_cat-face-peeling","8":"product_cat-peeling","10":"first","11":"instock","12":"shipping-taxable","13":"purchasable","14":"product-type-simple"},"aioseo_notices":[],"_links":{"self":[{"href":"https:\/\/lowesprofesyonel.com\/de\/wp-json\/wp\/v2\/product\/27825","targetHints":{"allow":["GET"]}}],"collection":[{"href":"https:\/\/lowesprofesyonel.com\/de\/wp-json\/wp\/v2\/product"}],"about":[{"href":"https:\/\/lowesprofesyonel.com\/de\/wp-json\/wp\/v2\/types\/product"}],"replies":[{"embeddable":true,"href":"https:\/\/lowesprofesyonel.com\/de\/wp-json\/wp\/v2\/comments?post=27825"}],"version-history":[{"count":4,"href":"https:\/\/lowesprofesyonel.com\/de\/wp-json\/wp\/v2\/product\/27825\/revisions"}],"predecessor-version":[{"id":28148,"href":"https:\/\/lowesprofesyonel.com\/de\/wp-json\/wp\/v2\/product\/27825\/revisions\/28148"}],"wp:featuredmedia":[{"embeddable":true,"href":"https:\/\/lowesprofesyonel.com\/de\/wp-json\/wp\/v2\/media\/27826"}],"wp:attachment":[{"href":"https:\/\/lowesprofesyonel.com\/de\/wp-json\/wp\/v2\/media?parent=27825"}],"wp:term":[{"taxonomy":"product_brand","embeddable":true,"href":"https:\/\/lowesprofesyonel.com\/de\/wp-json\/wp\/v2\/product_brand?post=27825"},{"taxonomy":"product_cat","embeddable":true,"href":"https:\/\/lowesprofesyonel.com\/de\/wp-json\/wp\/v2\/product_cat?post=27825"},{"taxonomy":"product_tag","embeddable":true,"href":"https:\/\/lowesprofesyonel.com\/de\/wp-json\/wp\/v2\/product_tag?post=27825"}],"curies":[{"name":"wp","href":"https:\/\/api.w.org\/{rel}","templated":true}]}}