{"id":27859,"date":"2025-02-27T21:26:57","date_gmt":"2025-02-27T18:26:57","guid":{"rendered":"https:\/\/lowesprofesyonel.com\/?post_type=product&#038;p=27859"},"modified":"2026-04-16T18:54:14","modified_gmt":"2026-04-16T15:54:14","slug":"saf-biberiye-suyu-sac-dokulmesine-karsi-ve-hizli-uzama-destekleyici-dogal-sac-tonigi-150-ml","status":"publish","type":"product","link":"https:\/\/lowesprofesyonel.com\/de\/product\/saf-biberiye-suyu-sac-dokulmesine-karsi-ve-hizli-uzama-destekleyici-dogal-sac-tonigi-150-ml\/","title":{"rendered":"Saf Biberiye Suyu Sa\u00e7 D\u00f6k\u00fclmesine Kar\u015f\u0131 ve H\u0131zl\u0131 Uzama Destekleyici Do\u011fal Sa\u00e7 Toni\u011fi 100 ml"},"content":{"rendered":"<h3><b>Do\u011fal Biberiye Suyu - Sa\u00e7lar\u0131n\u0131za Canl\u0131l\u0131k ve Parlakl\u0131k Kat\u0131n!<\/b>\ud83c\udf3f\u2728<\/h3>\n<p>Do\u011fan\u0131n saf g\u00fcc\u00fcyle sa\u00e7lar\u0131n\u0131za bak\u0131m yap\u0131n! <b>Do\u011fal Biberiye Suyu<\/b>, sa\u00e7lar\u0131n\u0131z\u0131n do\u011fal g\u00fcc\u00fcn\u00fc art\u0131rarak daha <b>canl\u0131, sa\u011fl\u0131kl\u0131 ve parlak bir g\u00f6r\u00fcn\u00fcm<\/b>kazanmas\u0131na yard\u0131mc\u0131 olur. <b>%100 saf biberiye suyu<\/b>i\u00e7eri\u011fiyle sa\u00e7 diplerini besler ve sa\u00e7 tellerini g\u00fc\u00e7lendiririr.<\/p>\n<p>&nbsp;<\/p>\n<div>\ud83d\udc96 <b>\u00d6ne \u00c7\u0131kan Faydalar:<\/b><\/div>\n<div>\u2714 <b>Sa\u00e7lar\u0131n do\u011fal g\u00fcc\u00fcn\u00fc ve parlakl\u0131\u011f\u0131n\u0131 art\u0131r\u0131r<\/b>\u2728<\/div>\n<div>\u2714 <b>Canland\u0131r\u0131c\u0131 etkisiyle sa\u00e7 diplerini besler<\/b>\ud83c\udf3f<\/div>\n<div>\u2714 <b>Daha sa\u011fl\u0131kl\u0131 ve hacimli sa\u00e7lar i\u00e7in do\u011fal bak\u0131m sunar<\/b>\ud83d\udc86\u2640\ufe0f<\/div>\n<div>\u2714 <b>Durulama gerektirmez, pratik ve etkili kullan\u0131m<\/b><\/div>\n<h3><b>\ud83d\udcdd Kullan\u0131m \u015eekli:<\/b><\/h3>\n<p>&nbsp;<\/p>\n<div>\ud83d\udd38 Sa\u00e7 diplerinden u\u00e7lar\u0131na kadar <b>Saf Biberiye Suyu'nu<\/b>uygulay\u0131n.<\/div>\n<div>\ud83d\udd38 Durulamay\u0131n ve sa\u00e7lar\u0131n\u0131za do\u011fal bak\u0131m\u0131n keyfini \u00e7\u0131kar\u0131n!<\/div>\n<p>\u2728 <b>Sa\u00e7lar\u0131n\u0131za do\u011fadan gelen g\u00fc\u00e7le bak\u0131m yap\u0131n, daha sa\u011fl\u0131kl\u0131 ve \u0131\u015f\u0131lt\u0131l\u0131 sa\u00e7lara sahip olun!<\/b>\u2728<\/p>","protected":false},"excerpt":{"rendered":"<h1 class=\"pr-new-br\" data-drroot=\"h1\">Saf Biberiye Suyu Sa\u00e7 D\u00f6k\u00fclmesine Kar\u015f\u0131 ve H\u0131zl\u0131 Uzama Destekleyici Do\u011fal Sa\u00e7 Toni\u011fi 150 ml<\/h1>","protected":false},"featured_media":28344,"comment_status":"open","ping_status":"closed","template":"","meta":{"om_disable_all_campaigns":false,"_monsterinsights_skip_tracking":false,"_monsterinsights_sitenote_active":false,"_monsterinsights_sitenote_note":"","_monsterinsights_sitenote_category":0},"product_brand":[],"product_cat":[86,83],"product_tag":[],"class_list":{"0":"post-27859","1":"product","2":"type-product","3":"status-publish","4":"has-post-thumbnail","6":"product_cat-hair-tonic","7":"product_cat-tonic","9":"first","10":"instock","11":"shipping-taxable","12":"purchasable","13":"product-type-simple"},"aioseo_notices":[],"_links":{"self":[{"href":"https:\/\/lowesprofesyonel.com\/de\/wp-json\/wp\/v2\/product\/27859","targetHints":{"allow":["GET"]}}],"collection":[{"href":"https:\/\/lowesprofesyonel.com\/de\/wp-json\/wp\/v2\/product"}],"about":[{"href":"https:\/\/lowesprofesyonel.com\/de\/wp-json\/wp\/v2\/types\/product"}],"replies":[{"embeddable":true,"href":"https:\/\/lowesprofesyonel.com\/de\/wp-json\/wp\/v2\/comments?post=27859"}],"version-history":[{"count":4,"href":"https:\/\/lowesprofesyonel.com\/de\/wp-json\/wp\/v2\/product\/27859\/revisions"}],"predecessor-version":[{"id":28345,"href":"https:\/\/lowesprofesyonel.com\/de\/wp-json\/wp\/v2\/product\/27859\/revisions\/28345"}],"wp:featuredmedia":[{"embeddable":true,"href":"https:\/\/lowesprofesyonel.com\/de\/wp-json\/wp\/v2\/media\/28344"}],"wp:attachment":[{"href":"https:\/\/lowesprofesyonel.com\/de\/wp-json\/wp\/v2\/media?parent=27859"}],"wp:term":[{"taxonomy":"product_brand","embeddable":true,"href":"https:\/\/lowesprofesyonel.com\/de\/wp-json\/wp\/v2\/product_brand?post=27859"},{"taxonomy":"product_cat","embeddable":true,"href":"https:\/\/lowesprofesyonel.com\/de\/wp-json\/wp\/v2\/product_cat?post=27859"},{"taxonomy":"product_tag","embeddable":true,"href":"https:\/\/lowesprofesyonel.com\/de\/wp-json\/wp\/v2\/product_tag?post=27859"}],"curies":[{"name":"wp","href":"https:\/\/api.w.org\/{rel}","templated":true}]}}