{"id":27868,"date":"2025-02-27T21:35:31","date_gmt":"2025-02-27T18:35:31","guid":{"rendered":"https:\/\/lowesprofesyonel.com\/?post_type=product&#038;p=27868"},"modified":"2026-04-16T18:54:05","modified_gmt":"2026-04-16T15:54:05","slug":"biberiye-ozlu-sampuan-sac-dokulmesine-karsi-keratin-vitamin-ve-kolajen-iceren-250-ml","status":"publish","type":"product","link":"https:\/\/lowesprofesyonel.com\/de\/product\/biberiye-ozlu-sampuan-sac-dokulmesine-karsi-keratin-vitamin-ve-kolajen-iceren-250-ml\/","title":{"rendered":"Biberiye \u00d6zl\u00fc \u015eampuan, Sa\u00e7 D\u00f6k\u00fclmesine Kar\u015f\u0131 Keratin, Vitamin ve Kolajen \u0130\u00e7eren 250 ml"},"content":{"rendered":"<h3><b>Biberiye Ya\u011f\u0131 \u015eampuan\u0131 - G\u00fc\u00e7l\u00fc ve Canl\u0131 Sa\u00e7lar \u0130\u00e7in Do\u011fal Bak\u0131m!<\/b>\ud83c\udf3f\u2728<\/h3>\n<p>Sa\u00e7lar\u0131n\u0131z\u0131 derinlemesine temizlerken ayn\u0131 zamanda besleyip g\u00fc\u00e7lendiren \u00f6zel bir \u015fampuan m\u0131 ar\u0131yorsunuz? \u00a0 <b>Biberiye Ya\u011f\u0131 \u015eampuan\u0131<\/b>, sa\u00e7 derinizi canland\u0131rarak daha g\u00fc\u00e7l\u00fc ve sa\u011fl\u0131kl\u0131 sa\u00e7lara kavu\u015fman\u0131za yard\u0131mc\u0131 olur! \ud83c\udf31\ud83d\udc86\u2640\ufe0f<\/p>\n<div>\ud83d\udc96 \u00a0 <b>\u00d6ne \u00c7\u0131kan \u00d6zellikler:<\/b><\/div>\n<div>\u2714 \u00a0 <b>Biberiye ya\u011f\u0131 i\u00e7eri\u011fiyle sa\u00e7 derisini canland\u0131r\u0131r<\/b>ve sa\u00e7 tellerini g\u00fc\u00e7lendirir \ud83c\udf3f<\/div>\n<div>\u2714 \u00a0 <b>Keratin, hidrolize kolajen ve biotin<\/b>ile sa\u00e7lar\u0131n daha sa\u011fl\u0131kl\u0131 ve dayan\u0131kl\u0131 olmas\u0131n\u0131 destekler \ud83d\udcaa<\/div>\n<div>\u2714 \u00a0 <b>Do\u011fal nem dengesini korur<\/b>, sa\u00e7lar\u0131 kurutmadan derinlemesine temizler \ud83d\udca6<\/div>\n<div>\u2714 \u00a0 <b>Sa\u00e7lar\u0131 a\u011f\u0131rla\u015ft\u0131rmadan canland\u0131r\u0131r<\/b>ve do\u011fal parlakl\u0131k kazand\u0131r\u0131r \u2728<\/div>\n<h3><b>\ud83d\udcdd Kullan\u0131m \u015eekli:<\/b><\/h3>\n<div>\ud83d\udd38 Nemli sa\u00e7a yeterli miktarda \u015fampuan uygulay\u0131n ve nazik\u00e7e masaj yaparak k\u00f6p\u00fcrt\u00fcn.<\/div>\n<div>\ud83d\udd38 Bol su ile durulay\u0131n ve gerekti\u011finde i\u015flemi tekrarlay\u0131n.<\/div>\n<div>\ud83d\udd38 \u00a0 <b>En iyi sonu\u00e7 i\u00e7in d\u00fczenli kullan\u0131m \u00f6nerilir.<\/b><\/div>\n<p>\u2728 \u00a0 <b>G\u00fc\u00e7l\u00fc, sa\u011fl\u0131kl\u0131 ve canl\u0131 sa\u00e7lar i\u00e7in do\u011fan\u0131n g\u00fcc\u00fcn\u00fc ke\u015ffedin!<\/b>\u2728<\/p>","protected":false},"excerpt":{"rendered":"<h1 class=\"pr-new-br\" data-drroot=\"h1\">Biberiye \u00d6zl\u00fc \u015eampuan, Sa\u00e7 D\u00f6k\u00fclmesine Kar\u015f\u0131 Keratin, Vitamin ve Kolajen \u0130\u00e7eren 250 ml<\/h1>","protected":false},"featured_media":27870,"comment_status":"open","ping_status":"closed","template":"","meta":{"om_disable_all_campaigns":false,"_monsterinsights_skip_tracking":false,"_monsterinsights_sitenote_active":false,"_monsterinsights_sitenote_note":"","_monsterinsights_sitenote_category":0},"product_brand":[],"product_cat":[28,82],"product_tag":[],"class_list":{"0":"post-27868","1":"product","2":"type-product","3":"status-publish","4":"has-post-thumbnail","6":"product_cat-hair-care","7":"product_cat-hair-vitamin","9":"first","10":"instock","11":"shipping-taxable","12":"purchasable","13":"product-type-simple"},"aioseo_notices":[],"_links":{"self":[{"href":"https:\/\/lowesprofesyonel.com\/de\/wp-json\/wp\/v2\/product\/27868","targetHints":{"allow":["GET"]}}],"collection":[{"href":"https:\/\/lowesprofesyonel.com\/de\/wp-json\/wp\/v2\/product"}],"about":[{"href":"https:\/\/lowesprofesyonel.com\/de\/wp-json\/wp\/v2\/types\/product"}],"replies":[{"embeddable":true,"href":"https:\/\/lowesprofesyonel.com\/de\/wp-json\/wp\/v2\/comments?post=27868"}],"version-history":[{"count":3,"href":"https:\/\/lowesprofesyonel.com\/de\/wp-json\/wp\/v2\/product\/27868\/revisions"}],"predecessor-version":[{"id":28127,"href":"https:\/\/lowesprofesyonel.com\/de\/wp-json\/wp\/v2\/product\/27868\/revisions\/28127"}],"wp:featuredmedia":[{"embeddable":true,"href":"https:\/\/lowesprofesyonel.com\/de\/wp-json\/wp\/v2\/media\/27870"}],"wp:attachment":[{"href":"https:\/\/lowesprofesyonel.com\/de\/wp-json\/wp\/v2\/media?parent=27868"}],"wp:term":[{"taxonomy":"product_brand","embeddable":true,"href":"https:\/\/lowesprofesyonel.com\/de\/wp-json\/wp\/v2\/product_brand?post=27868"},{"taxonomy":"product_cat","embeddable":true,"href":"https:\/\/lowesprofesyonel.com\/de\/wp-json\/wp\/v2\/product_cat?post=27868"},{"taxonomy":"product_tag","embeddable":true,"href":"https:\/\/lowesprofesyonel.com\/de\/wp-json\/wp\/v2\/product_tag?post=27868"}],"curies":[{"name":"wp","href":"https:\/\/api.w.org\/{rel}","templated":true}]}}