{"id":27878,"date":"2025-02-27T21:50:16","date_gmt":"2025-02-27T18:50:16","guid":{"rendered":"https:\/\/lowesprofesyonel.com\/?post_type=product&#038;p=27878"},"modified":"2026-04-16T18:53:52","modified_gmt":"2026-04-16T15:53:52","slug":"cilek-hindistan-cevizi-ozlu-nemlendirici-ve-arindirici-vucut-peelingi-275-gr","status":"publish","type":"product","link":"https:\/\/lowesprofesyonel.com\/de\/product\/cilek-hindistan-cevizi-ozlu-nemlendirici-ve-arindirici-vucut-peelingi-275-gr\/","title":{"rendered":"\u00c7ilek &amp; Hindistan Cevizi \u00d6zl\u00fc Nemlendirici ve Ar\u0131nd\u0131r\u0131c\u0131 V\u00fccut Peelingi 275 gr"},"content":{"rendered":"<h3>\u00c7ilek &amp; Hindistan Cevizi \u00d6zl\u00fc Nemlendirici ve Ar\u0131nd\u0131r\u0131c\u0131 V\u00fccut Peelingi 275 gr<\/h3>\n<div><strong>LOWE&#8217;S V\u00dcCUT PEEL\u0130NG\u0130 NE \u0130\u015eE YARAR?<\/strong><\/div>\n<div>\n<div><\/div>\n<div>\n<div>V\u00fccut peelingi, cilt y\u00fczeyindeki \u00f6l\u00fc h\u00fccreleri temizleyerek cildin daha yumu\u015fak, p\u00fcr\u00fczs\u00fcz ve canl\u0131 g\u00f6r\u00fcnmesini sa\u011flar.<\/div>\n<div>Ayr\u0131ca g\u00f6zenekleri a\u00e7ar, kan do*la\u015f\u0131m\u0131n\u0131 art\u0131rarak cildin sa\u011fl\u0131kl\u0131 ve parlak olmas\u0131na yard\u0131mc\u0131 olur.<\/div>\n<\/div>\n<div><\/div>\n<div>COCOS NUCIFERA OIL &#8211; yumu\u015fak ve p\u00fcr\u00fczs\u00fczle\u015ftirici etki<\/div>\n<div><\/div>\n<div>GLYCERIN &#8211; cildi nemlendirir<\/div>\n<div><\/div>\n<div>\n<div>PETROLATUM &#8211; cilde parlakl\u0131k kazand\u0131r\u0131r<\/div>\n<div><\/div>\n<div><\/div>\n<div><strong>NEDEN V\u00dcCUT PEEL\u0130NG\u0130 KULLANMALIYIM?<\/strong><\/div>\n<div><\/div>\n<\/div>\n<div>V\u00fccut peelingi, cildi \u00f6l\u00fc h\u00fccrelerden ar\u0131nd\u0131rarak daha p\u00fcr\u00fczs\u00fcz ve canl\u0131 bir g\u00f6r\u00fcn\u00fcm kazand\u0131r\u0131r. G\u00f6zenekleri temizler, cildin nefes almas\u0131n\u0131 sa\u011flar ve nem dengesini koruyarak yumu\u015fakl\u0131k verir. Ayr\u0131ca bat\u0131k ve kuruluk problemlerine kar\u015f\u0131 etkilidir.<\/div>\n<div><\/div>\n<div><\/div>\n<div><strong>NASIL KULLANILIR?<\/strong><\/div>\n<div><\/div>\n<div>Kullanmadan \u00f6nce kar\u0131\u015ft\u0131r\u0131n\u0131z. Temiz ve \u0131slak cilt \u00fczerine yeterli miktarda \u00fcr\u00fcn\u00fc bast\u0131rmadan nazik\u00e7e masaj yaparak uygulay\u0131n\u0131z. 5 dakika bekledikten sonra bol su ile durulay\u0131n\u0131z.<\/div>\n<\/div>","protected":false},"excerpt":{"rendered":"<p>\u00c7ilek &amp; Hindistan Cevizi \u00d6zl\u00fc Nemlendirici ve Ar\u0131nd\u0131r\u0131c\u0131 V\u00fccut Peelingi 275 gr<\/p>","protected":false},"featured_media":27879,"comment_status":"open","ping_status":"closed","template":"","meta":{"om_disable_all_campaigns":false,"_monsterinsights_skip_tracking":false,"_monsterinsights_sitenote_active":false,"_monsterinsights_sitenote_note":"","_monsterinsights_sitenote_category":0},"product_brand":[],"product_cat":[32,79],"product_tag":[],"class_list":{"0":"post-27878","1":"product","2":"type-product","3":"status-publish","4":"has-post-thumbnail","6":"product_cat-peeling","7":"product_cat-skin-peeling","9":"first","10":"instock","11":"shipping-taxable","12":"purchasable","13":"product-type-simple"},"aioseo_notices":[],"_links":{"self":[{"href":"https:\/\/lowesprofesyonel.com\/de\/wp-json\/wp\/v2\/product\/27878","targetHints":{"allow":["GET"]}}],"collection":[{"href":"https:\/\/lowesprofesyonel.com\/de\/wp-json\/wp\/v2\/product"}],"about":[{"href":"https:\/\/lowesprofesyonel.com\/de\/wp-json\/wp\/v2\/types\/product"}],"replies":[{"embeddable":true,"href":"https:\/\/lowesprofesyonel.com\/de\/wp-json\/wp\/v2\/comments?post=27878"}],"version-history":[{"count":2,"href":"https:\/\/lowesprofesyonel.com\/de\/wp-json\/wp\/v2\/product\/27878\/revisions"}],"predecessor-version":[{"id":28124,"href":"https:\/\/lowesprofesyonel.com\/de\/wp-json\/wp\/v2\/product\/27878\/revisions\/28124"}],"wp:featuredmedia":[{"embeddable":true,"href":"https:\/\/lowesprofesyonel.com\/de\/wp-json\/wp\/v2\/media\/27879"}],"wp:attachment":[{"href":"https:\/\/lowesprofesyonel.com\/de\/wp-json\/wp\/v2\/media?parent=27878"}],"wp:term":[{"taxonomy":"product_brand","embeddable":true,"href":"https:\/\/lowesprofesyonel.com\/de\/wp-json\/wp\/v2\/product_brand?post=27878"},{"taxonomy":"product_cat","embeddable":true,"href":"https:\/\/lowesprofesyonel.com\/de\/wp-json\/wp\/v2\/product_cat?post=27878"},{"taxonomy":"product_tag","embeddable":true,"href":"https:\/\/lowesprofesyonel.com\/de\/wp-json\/wp\/v2\/product_tag?post=27878"}],"curies":[{"name":"wp","href":"https:\/\/api.w.org\/{rel}","templated":true}]}}