{"id":28169,"date":"2025-08-31T18:21:44","date_gmt":"2025-08-31T15:21:44","guid":{"rendered":"https:\/\/lowesprofesyonel.com\/"},"modified":"2026-04-16T18:53:47","modified_gmt":"2026-04-16T15:53:47","slug":"spf-50-gunes-kremi-leke-karsiti-ton-esitleyici-glutatyon-hyaluronik-asit-50ml-pembe-renkli","status":"publish","type":"product","link":"https:\/\/lowesprofesyonel.com\/de\/product\/spf-50-gunes-kremi-leke-karsiti-ton-esitleyici-glutatyon-hyaluronik-asit-50ml-pembe-renkli\/","title":{"rendered":"SPF 50 G\u00fcne\u015f Kremi - Leke Kar\u015f\u0131t\u0131 &amp; Ton E\u015fitleyici Glutatyon &amp; Hyaluronik Asit | 50ml (Pembe Renkli)"},"content":{"rendered":"<p>TONE UP PINK SPF 50 G\u00dcNE\u015e KREM\u0130 \u2013 LEKE KAR\u015eITI &amp; TON E\u015e\u0130TLEY\u0130C\u0130\ud83c\udf38\u2600\ufe0f Cildinizi g\u00fcne\u015fin zararl\u0131 \u0131\u015f\u0131nlar\u0131ndan korurken ayn\u0131 zamanda e\u015fit bir cilt tonu ve parlak bir g\u00f6r\u00fcn\u00fcm m\u00fc istiyorsunuz? Tone Up Pink SPF 50 G\u00fcne\u015f Kremi, geli\u015fmi\u015f form\u00fcl\u00fc sayesinde y\u00fcksek koruma, nemlendirme ve ton e\u015fitleme etkisinibir araya getiriyor! \ud83d\udc96 \u00d6ne \u00c7\u0131kan \u00d6zellikler: \u2714 SPF 50ile g\u00fc\u00e7l\u00fc g\u00fcne\u015f korumas\u0131 \u2600\ufe0f \u2714 Calamine i\u00e7eri\u011fisayesinde cilt tonunu e\u015fitler ve ayd\u0131nlat\u0131r \u2728 \u2714 Glutatyon &amp; Hyaluronik Asitile yo\u011fun nemlendirme ve yenileyici bak\u0131m \ud83d\udca6 \u2714 Ciltte p\u00fcr\u00fczs\u00fcz, do\u011fal pembe bir \u0131\u015f\u0131lt\u0131sa\u011flar \ud83c\udf38 \u2714 G\u00fcn boyu nemli ve sa\u011fl\u0131kl\u0131 bir cilt hissib\u0131rak\u0131r \ud83d\udc95 \u2714 Y\u00fcz i\u00e7in \u00f6zel geli\u015ftirilmi\u015f hafif yap\u0131l\u0131 form\u00fcl G\u00fcnl\u00fck cilt bak\u0131m rutininize Tone Up Pink G\u00fcne\u015f Kremi\u2019niekleyerek kusursuz bir cilt g\u00f6r\u00fcn\u00fcm\u00fcnekavu\u015fun! \ud83c\udf1f \u2728 G\u00fczelli\u011finizi koruyun, cildiniz nefes als\u0131n!\u2728<\/p>","protected":false},"excerpt":{"rendered":"<p>SPF 50 G\u00fcne\u015f Kremi \u2013 Leke Kar\u015f\u0131t\u0131 &amp; Ton E\u015fitleyici Glutatyon &amp; Hyaluronik Asit | 50ml (Pembe Renkli)<\/p>","protected":false},"featured_media":28170,"comment_status":"open","ping_status":"closed","template":"","meta":{"om_disable_all_campaigns":false,"_monsterinsights_skip_tracking":false,"_monsterinsights_sitenote_active":false,"_monsterinsights_sitenote_note":"","_monsterinsights_sitenote_category":0},"product_brand":[],"product_cat":[42,74],"product_tag":[],"class_list":{"0":"post-28169","1":"product","2":"type-product","3":"status-publish","4":"has-post-thumbnail","6":"product_cat-cream","7":"product_cat-face-cream","9":"first","10":"instock","11":"shipping-taxable","12":"purchasable","13":"product-type-simple"},"aioseo_notices":[],"_links":{"self":[{"href":"https:\/\/lowesprofesyonel.com\/de\/wp-json\/wp\/v2\/product\/28169","targetHints":{"allow":["GET"]}}],"collection":[{"href":"https:\/\/lowesprofesyonel.com\/de\/wp-json\/wp\/v2\/product"}],"about":[{"href":"https:\/\/lowesprofesyonel.com\/de\/wp-json\/wp\/v2\/types\/product"}],"replies":[{"embeddable":true,"href":"https:\/\/lowesprofesyonel.com\/de\/wp-json\/wp\/v2\/comments?post=28169"}],"version-history":[{"count":1,"href":"https:\/\/lowesprofesyonel.com\/de\/wp-json\/wp\/v2\/product\/28169\/revisions"}],"predecessor-version":[{"id":28176,"href":"https:\/\/lowesprofesyonel.com\/de\/wp-json\/wp\/v2\/product\/28169\/revisions\/28176"}],"wp:featuredmedia":[{"embeddable":true,"href":"https:\/\/lowesprofesyonel.com\/de\/wp-json\/wp\/v2\/media\/28170"}],"wp:attachment":[{"href":"https:\/\/lowesprofesyonel.com\/de\/wp-json\/wp\/v2\/media?parent=28169"}],"wp:term":[{"taxonomy":"product_brand","embeddable":true,"href":"https:\/\/lowesprofesyonel.com\/de\/wp-json\/wp\/v2\/product_brand?post=28169"},{"taxonomy":"product_cat","embeddable":true,"href":"https:\/\/lowesprofesyonel.com\/de\/wp-json\/wp\/v2\/product_cat?post=28169"},{"taxonomy":"product_tag","embeddable":true,"href":"https:\/\/lowesprofesyonel.com\/de\/wp-json\/wp\/v2\/product_tag?post=28169"}],"curies":[{"name":"wp","href":"https:\/\/api.w.org\/{rel}","templated":true}]}}