{"id":28187,"date":"2025-08-31T18:29:18","date_gmt":"2025-08-31T15:29:18","guid":{"rendered":"https:\/\/lowesprofesyonel.com\/"},"modified":"2026-04-16T18:53:28","modified_gmt":"2026-04-16T15:53:28","slug":"lowes-goz-alti-serumu-morluk-sislik-ve-ince-cizgilere-karsi-30-ml","status":"publish","type":"product","link":"https:\/\/lowesprofesyonel.com\/de\/product\/lowes-goz-alti-serumu-morluk-sislik-ve-ince-cizgilere-karsi-30-ml\/","title":{"rendered":"Lowes G\u00f6z Alt\u0131 Serumu - Morluk, \u015ei\u015flik ve \u0130nce \u00c7izgilere Kar\u015f\u0131 30 ml"},"content":{"rendered":"<div id=\"product-description\">\n<div class=\"product-description visible\" data-drroot=\"product-description\" data-fragment=\"product-description\">\n<div id=\"product-content-wrapper\" class=\"product-content-wrapper__text content-description-content\" data-testid=\"product-description-content\">\n<div id=\"rich-content-wrapper\">\n<div><b>Lowes G\u00f6z Alt\u0131 Serumu \u2013 30 ml<\/b><\/div>\n<div><\/div>\n<div>G\u00f6z Alt\u0131 Morluklar\u0131, \u015ei\u015flik ve \u0130nce \u00c7izgilere Kar\u015f\u0131 Ayd\u0131nlat\u0131c\u0131 ve Yenileyici Serum<\/div>\n<div>G\u00f6z \u00e7evresindeki koyu halkalar, \u015fi\u015flikler ve ya\u015flanma belirtileriyle m\u00fccadele etmek i\u00e7in \u00f6zel olarak geli\u015ftirilen Lowes G\u00f6z Alt\u0131 Serumu; Kafein, Hyaluronik Asit, Niacinamide ve bitkisel \u00f6zlerle zenginle\u015ftirilmi\u015f form\u00fcl\u00fc sayesinde g\u00f6z \u00e7evresine daha ayd\u0131nl\u0131k, dinlenmi\u015f ve gen\u00e7 bir g\u00f6r\u00fcn\u00fcm kazand\u0131r\u0131r.<\/div>\n<div><\/div>\n<div><b>\u00dcr\u00fcn \u00d6zellikleri:<\/b><\/div>\n<div><\/div>\n<div>G\u00f6z alt\u0131 morluklar\u0131n\u0131n ve \u015fi\u015fliklerin g\u00f6r\u00fcn\u00fcm\u00fcn\u00fc azalt\u0131r<\/div>\n<div>\u0130nce \u00e7izgi ve k\u0131r\u0131\u015f\u0131kl\u0131klar\u0131n g\u00f6r\u00fcn\u00fcm\u00fcn\u00fc hafifletir<\/div>\n<div>G\u00f6z \u00e7evresini nemlendirir ve besler<\/div>\n<div>Cilde canl\u0131l\u0131k ve parlakl\u0131k kazand\u0131r\u0131r<\/div>\n<div>D\u00fczenli kullan\u0131mda g\u00f6zle g\u00f6r\u00fcl\u00fcr sonu\u00e7lar sunar<\/div>\n<div><\/div>\n<div><\/div>\n<div><b>Kullan\u0131m \u015eekli:<\/b><\/div>\n<div><\/div>\n<div>Temizlenmi\u015f ve kurulanm\u0131\u015f g\u00f6z \u00e7evresine sabah ve ak\u015fam olmak \u00fczere g\u00fcnde iki kez uygulan\u0131r. Parmak u\u00e7lar\u0131yla nazik\u00e7e masaj yaparak g\u00f6z alt\u0131 ve \u00e7evresine yay\u0131l\u0131r.<\/div>\n<div>\u00dcr\u00fcn \u0130\u00e7eri\u011fi (Se\u00e7me Bile\u015fenler):<\/div>\n<div>Kafein, Hyaluronik Asit, Niacinamide, Aloe Vera Ekstresi, Ye\u015fil \u00c7ay Ekstresi, \u00dcz\u00fcm \u00c7ekirde\u011fi Ekstresi, Tatl\u0131 Badem Ya\u011f\u0131, Argan Ya\u011f\u0131, Jojoba Ya\u011f\u0131, Vitamin E, D-Panthenol, Seramidler.<\/div>\n<div><\/div>\n<div><\/div>\n<div><b>\u26a0 Uyar\u0131lar:<br \/>\n<\/b><\/div>\n<div>Sadece harici kullan\u0131m i\u00e7indir. G\u00f6z ile temas\u0131ndan ka\u00e7\u0131n\u0131n. Temas halinde bol su ile y\u0131kay\u0131n\u0131z. \u00c7ocuklar\u0131n ula\u015famayaca\u011f\u0131 serin ve kuru bir yerde saklay\u0131n\u0131z.<\/div>\n<\/div>\n<\/div>\n<\/div>\n<\/div>\n<div id=\"product-feedback\">\n<div class=\"product-feedback\" data-testid=\"product-feedback\" data-fragment=\"product-feedback\"><\/div>\n<\/div>","protected":false},"excerpt":{"rendered":"<p>Lowes G\u00f6z Alt\u0131 Serumu - Morluk, \u015ei\u015flik ve \u0130nce \u00c7izgilere Kar\u015f\u0131 30 ml<\/p>","protected":false},"featured_media":28188,"comment_status":"open","ping_status":"closed","template":"","meta":{"om_disable_all_campaigns":false,"_monsterinsights_skip_tracking":false,"_monsterinsights_sitenote_active":false,"_monsterinsights_sitenote_note":"","_monsterinsights_sitenote_category":0},"product_brand":[],"product_cat":[53,72],"product_tag":[],"class_list":{"0":"post-28187","1":"product","2":"type-product","3":"status-publish","4":"has-post-thumbnail","6":"product_cat-serum","7":"product_cat-skin-serum","9":"first","10":"instock","11":"shipping-taxable","12":"purchasable","13":"product-type-simple"},"aioseo_notices":[],"_links":{"self":[{"href":"https:\/\/lowesprofesyonel.com\/de\/wp-json\/wp\/v2\/product\/28187","targetHints":{"allow":["GET"]}}],"collection":[{"href":"https:\/\/lowesprofesyonel.com\/de\/wp-json\/wp\/v2\/product"}],"about":[{"href":"https:\/\/lowesprofesyonel.com\/de\/wp-json\/wp\/v2\/types\/product"}],"replies":[{"embeddable":true,"href":"https:\/\/lowesprofesyonel.com\/de\/wp-json\/wp\/v2\/comments?post=28187"}],"version-history":[{"count":1,"href":"https:\/\/lowesprofesyonel.com\/de\/wp-json\/wp\/v2\/product\/28187\/revisions"}],"predecessor-version":[{"id":28195,"href":"https:\/\/lowesprofesyonel.com\/de\/wp-json\/wp\/v2\/product\/28187\/revisions\/28195"}],"wp:featuredmedia":[{"embeddable":true,"href":"https:\/\/lowesprofesyonel.com\/de\/wp-json\/wp\/v2\/media\/28188"}],"wp:attachment":[{"href":"https:\/\/lowesprofesyonel.com\/de\/wp-json\/wp\/v2\/media?parent=28187"}],"wp:term":[{"taxonomy":"product_brand","embeddable":true,"href":"https:\/\/lowesprofesyonel.com\/de\/wp-json\/wp\/v2\/product_brand?post=28187"},{"taxonomy":"product_cat","embeddable":true,"href":"https:\/\/lowesprofesyonel.com\/de\/wp-json\/wp\/v2\/product_cat?post=28187"},{"taxonomy":"product_tag","embeddable":true,"href":"https:\/\/lowesprofesyonel.com\/de\/wp-json\/wp\/v2\/product_tag?post=28187"}],"curies":[{"name":"wp","href":"https:\/\/api.w.org\/{rel}","templated":true}]}}