{"id":28205,"date":"2025-08-31T18:35:23","date_gmt":"2025-08-31T15:35:23","guid":{"rendered":"https:\/\/lowesprofesyonel.com\/"},"modified":"2026-04-16T18:53:04","modified_gmt":"2026-04-16T15:53:04","slug":"lowes-gunes-kremi-leke-karsiti-ve-yatistirici-gunes-koruyucu-spf-50-50-ml","status":"publish","type":"product","link":"https:\/\/lowesprofesyonel.com\/de\/product\/lowes-gunes-kremi-leke-karsiti-ve-yatistirici-gunes-koruyucu-spf-50-50-ml\/","title":{"rendered":"Lowes G\u00fcne\u015f Kremi - Leke Kar\u015f\u0131t\u0131 ve Yat\u0131\u015ft\u0131r\u0131c\u0131 G\u00fcne\u015f Koruyucu SPF 50+ 50 ml"},"content":{"rendered":"<div>\n<div>\n<div>\n<div>\n<div>\n<div><b>Lowes G\u00fcne\u015f Kremi - Leke Kar\u015f\u0131t\u0131 &amp; Yat\u0131\u015ft\u0131r\u0131c\u0131 Etki 50 ml<\/b><\/div>\n<div>Leke G\u00f6r\u00fcn\u00fcm\u00fcn\u00fc Azaltan ve Cildi Koruyan Geli\u015fmi\u015f G\u00fcne\u015f Koruyucu<\/div>\n<p>Lowes G\u00fcne\u015f Kremi, cilt lekelerine e\u011filimli hassas ciltler i\u00e7in \u00f6zel olarak form\u00fcle edilmi\u015ftir. Geli\u015fmi\u015f UVA\/UVB filtreleriyle g\u00fcne\u015fin zararl\u0131 etkilerine kar\u015f\u0131 g\u00fc\u00e7l\u00fc bir koruma sa\u011flarken, i\u00e7eri\u011findeki aktif bile\u015fenler sayesinde cildi yat\u0131\u015ft\u0131r\u0131r, nemlendiririr ve cilt tonunu e\u015fitlemeye yard\u0131mc\u0131 olur. Hafif ve ya\u011fs\u0131z yap\u0131s\u0131yla g\u00fcnl\u00fck kullan\u0131ma uygundur ve makyaj alt\u0131 baz olarak da kullan\u0131labilir.<\/p>\n<p><b><br \/>\n\u00dcr\u00fcn \u00d6zellikleri:<\/b><\/p>\n<p>Y\u00fcksek UVA\/UVB korumas\u0131 ile g\u00fcne\u015fin zararl\u0131 etkilerine kar\u015f\u0131 kalkan olu\u015fturur<\/p>\n<p>Leke g\u00f6r\u00fcn\u00fcm\u00fcn\u00fc azaltmaya ve k\u0131zar\u0131kl\u0131\u011f\u0131 yat\u0131\u015ft\u0131rmaya yard\u0131mc\u0131 olur<\/p>\n<p>Ya\u011fs\u0131z, hafif dokulu form\u00fcl: Ciltte parlama yapmaz<\/p>\n<p>Cildi nemlendiririr, yumu\u015fat\u0131r ve besler<\/p>\n<p>Hassas Ciltlerde dermatolojik olarak test edilmi\u015ftir<\/p>\n<p>Sivilceye e\u011filimli ciltler i\u00e7in uygundur<\/p>\n<div><b><br \/>\nKullan\u0131m \u015eekli:<\/b><\/div>\n<div>G\u00fcne\u015fe \u00e7\u0131kmadan 15-20 dakika \u00f6nce y\u00fcz ve boyun b\u00f6lgesine yeterli miktarda uygulan\u0131r.<\/div>\n<div>Y\u00fczme, terleme veya havluyla silinme sonras\u0131nda her 2 saatte bir yeniden uygulanmas\u0131 \u00f6nerilir.<\/div>\n<div>Makyaj baz\u0131 olarak da kullan\u0131labilir.<\/div>\n<div><b><br \/>\n\u00dcr\u00fcn \u0130\u00e7eri\u011fi (Se\u00e7me Bile\u015fenler):<\/b><\/div>\n<div>Niacinamid, Hyalurons\u00e4ure, Alpha Arbutin, Glutatyon, Allantoin, \u00c7inko Oksit, Aloe Vera, Centella Asiatica, Lavanta \u00d6z\u00fc, \u00c7ay A\u011fac\u0131 \u00d6z\u00fc, Shea Butter, Kakao Tohumu Ekstresi, Gliserin.<\/div>\n<div>\n<div><\/div>\n<div>\u26a0 <b>Uyar\u0131lar:<\/b><\/div>\n<\/div>\n<div>Sadece harici kullan\u0131m i\u00e7indir. G\u00f6z ile temas\u0131ndan ka\u00e7\u0131n\u0131n. Temas halinde bol su ile durulay\u0131n\u0131z. \u00c7ocuklar\u0131n ula\u015famayaca\u011f\u0131 serin ve kuru bir yerde, do\u011frudan g\u00fcne\u015f \u0131\u015f\u0131\u011f\u0131ndan uzakta muhafaza ediniz.<\/div>\n<\/div>\n<\/div>\n<\/div>\n<\/div>\n<\/div>\n<div>\n<div><\/div>\n<\/div>\n<div><\/div>","protected":false},"excerpt":{"rendered":"<p>Lowes G\u00fcne\u015f Kremi - Leke Kar\u015f\u0131t\u0131 ve Yat\u0131\u015ft\u0131r\u0131c\u0131 G\u00fcne\u015f Koruyucu SPF 50+ 50 ml<\/p>","protected":false},"featured_media":28206,"comment_status":"open","ping_status":"closed","template":"","meta":{"om_disable_all_campaigns":false,"_monsterinsights_skip_tracking":false,"_monsterinsights_sitenote_active":false,"_monsterinsights_sitenote_note":"","_monsterinsights_sitenote_category":0},"product_brand":[],"product_cat":[42,74],"product_tag":[],"class_list":{"0":"post-28205","1":"product","2":"type-product","3":"status-publish","4":"has-post-thumbnail","6":"product_cat-cream","7":"product_cat-face-cream","9":"first","10":"instock","11":"shipping-taxable","12":"purchasable","13":"product-type-simple"},"aioseo_notices":[],"_links":{"self":[{"href":"https:\/\/lowesprofesyonel.com\/de\/wp-json\/wp\/v2\/product\/28205","targetHints":{"allow":["GET"]}}],"collection":[{"href":"https:\/\/lowesprofesyonel.com\/de\/wp-json\/wp\/v2\/product"}],"about":[{"href":"https:\/\/lowesprofesyonel.com\/de\/wp-json\/wp\/v2\/types\/product"}],"replies":[{"embeddable":true,"href":"https:\/\/lowesprofesyonel.com\/de\/wp-json\/wp\/v2\/comments?post=28205"}],"version-history":[{"count":1,"href":"https:\/\/lowesprofesyonel.com\/de\/wp-json\/wp\/v2\/product\/28205\/revisions"}],"predecessor-version":[{"id":28212,"href":"https:\/\/lowesprofesyonel.com\/de\/wp-json\/wp\/v2\/product\/28205\/revisions\/28212"}],"wp:featuredmedia":[{"embeddable":true,"href":"https:\/\/lowesprofesyonel.com\/de\/wp-json\/wp\/v2\/media\/28206"}],"wp:attachment":[{"href":"https:\/\/lowesprofesyonel.com\/de\/wp-json\/wp\/v2\/media?parent=28205"}],"wp:term":[{"taxonomy":"product_brand","embeddable":true,"href":"https:\/\/lowesprofesyonel.com\/de\/wp-json\/wp\/v2\/product_brand?post=28205"},{"taxonomy":"product_cat","embeddable":true,"href":"https:\/\/lowesprofesyonel.com\/de\/wp-json\/wp\/v2\/product_cat?post=28205"},{"taxonomy":"product_tag","embeddable":true,"href":"https:\/\/lowesprofesyonel.com\/de\/wp-json\/wp\/v2\/product_tag?post=28205"}],"curies":[{"name":"wp","href":"https:\/\/api.w.org\/{rel}","templated":true}]}}