{"id":28213,"date":"2025-08-31T18:40:21","date_gmt":"2025-08-31T15:40:21","guid":{"rendered":"https:\/\/lowesprofesyonel.com\/"},"modified":"2026-04-16T18:52:53","modified_gmt":"2026-04-16T15:52:53","slug":"lowes-porenstraffendes-reinigendes-tonikum-gozenek-karsiti-tonik-200-ml","status":"publish","type":"product","link":"https:\/\/lowesprofesyonel.com\/de\/product\/lowes-pore-tightening-purifying-toner-gozenek-karsiti-tonik-200-ml\/","title":{"rendered":"Lowes Pore Tightening &#038; Purifying Toner \u2013 G\u00f6zenek Kar\u015f\u0131t\u0131 Tonik 250 ml"},"content":{"rendered":"<div>\n<div>\n<div>\n<div>\n<div><b>Lowes G\u00f6zenek S\u0131k\u0131la\u015ft\u0131r\u0131c\u0131 ve Ar\u0131nd\u0131r\u0131c\u0131 Tonik - 250 ml<\/b><\/div>\n<div>Ciltte biriken fazla sebum, \u00f6l\u00fc h\u00fccreler, kir ve makyaj kal\u0131nt\u0131lar\u0131n\u0131 nazik\u00e7e temizlemeye yard\u0131mc\u0131 olan Lowes - Pore Tightening &amp; Purifying Toner; i\u00e7eri\u011findeki Glikolik Asit, Salisilik Asit ve Niacinamide sayesinde g\u00f6zeneklerin g\u00f6r\u00fcn\u00fcm\u00fcn\u00fc azalt\u0131r, cilt tonunu e\u015fitler ve cilde p\u00fcr\u00fczs\u00fcz bir g\u00f6r\u00fcn\u00fcm kazand\u0131r\u0131r. T\u00fcm cilt tipleri i\u00e7in uygundur.<\/div>\n<div><\/div>\n<div><\/div>\n<div><\/div>\n<div><\/div>\n<div><b>\u00dcr\u00fcn \u00d6zellikleri:<\/b><\/div>\n<div>G\u00f6zenek g\u00f6r\u00fcn\u00fcm\u00fcn\u00fc azalt\u0131r ve cildi ar\u0131nd\u0131r\u0131r<\/div>\n<div>Cilt tonunu e\u015fitler ve canland\u0131r\u0131r<\/div>\n<div>Akneli ve problemli ciltler i\u00e7in idealdir<\/div>\n<div>Cildin sebum dengesini d\u00fczenlemeye yard\u0131mc\u0131 olur<\/div>\n<div>Hafif yap\u0131s\u0131yla kolay emilir, cildi ferahlat\u0131r<\/div>\n<div><\/div>\n<div><\/div>\n<div><b>Kullan\u0131m \u015eekli:<\/b><\/div>\n<div>Temiz ve kuru cilde sabah ve ak\u015fam olmak \u00fczere g\u00fcnde iki kez birka\u00e7 damla pamuk yard\u0131m\u0131yla uygulay\u0131n\u0131z. Durulama gerektirmez. G\u00f6z ile temas\u0131ndan ka\u00e7\u0131n\u0131n\u0131z.<\/div>\n<div><\/div>\n<div><\/div>\n<div><b>\u0130\u00e7indekiler (Se\u00e7ili Aktifler):<\/b><\/div>\n<div>Glykols\u00e4ure, Salicyls\u00e4ure, Niacinamid, Aloe Vera Ekstresi, Glycerin, Panthenol, Parf\u00fcm, Phenoxyethanol.<\/div>\n<\/div>\n<\/div>\n<\/div>\n<\/div>\n<div>\n<div><\/div>\n<\/div>","protected":false},"excerpt":{"rendered":"<p>Lowes Porenstraffendes &amp; reinigendes Gesichtswasser - G\u00f6zenek Kar\u015f\u0131t\u0131 Tonik 200 ml<\/p>","protected":false},"featured_media":28342,"comment_status":"open","ping_status":"closed","template":"","meta":{"om_disable_all_campaigns":false,"_monsterinsights_skip_tracking":false,"_monsterinsights_sitenote_active":false,"_monsterinsights_sitenote_note":"","_monsterinsights_sitenote_category":0},"product_brand":[],"product_cat":[85,83],"product_tag":[],"class_list":{"0":"post-28213","1":"product","2":"type-product","3":"status-publish","4":"has-post-thumbnail","6":"product_cat-face-tonic","7":"product_cat-tonic","9":"first","10":"instock","11":"shipping-taxable","12":"purchasable","13":"product-type-simple"},"aioseo_notices":[],"_links":{"self":[{"href":"https:\/\/lowesprofesyonel.com\/de\/wp-json\/wp\/v2\/product\/28213","targetHints":{"allow":["GET"]}}],"collection":[{"href":"https:\/\/lowesprofesyonel.com\/de\/wp-json\/wp\/v2\/product"}],"about":[{"href":"https:\/\/lowesprofesyonel.com\/de\/wp-json\/wp\/v2\/types\/product"}],"replies":[{"embeddable":true,"href":"https:\/\/lowesprofesyonel.com\/de\/wp-json\/wp\/v2\/comments?post=28213"}],"version-history":[{"count":2,"href":"https:\/\/lowesprofesyonel.com\/de\/wp-json\/wp\/v2\/product\/28213\/revisions"}],"predecessor-version":[{"id":28343,"href":"https:\/\/lowesprofesyonel.com\/de\/wp-json\/wp\/v2\/product\/28213\/revisions\/28343"}],"wp:featuredmedia":[{"embeddable":true,"href":"https:\/\/lowesprofesyonel.com\/de\/wp-json\/wp\/v2\/media\/28342"}],"wp:attachment":[{"href":"https:\/\/lowesprofesyonel.com\/de\/wp-json\/wp\/v2\/media?parent=28213"}],"wp:term":[{"taxonomy":"product_brand","embeddable":true,"href":"https:\/\/lowesprofesyonel.com\/de\/wp-json\/wp\/v2\/product_brand?post=28213"},{"taxonomy":"product_cat","embeddable":true,"href":"https:\/\/lowesprofesyonel.com\/de\/wp-json\/wp\/v2\/product_cat?post=28213"},{"taxonomy":"product_tag","embeddable":true,"href":"https:\/\/lowesprofesyonel.com\/de\/wp-json\/wp\/v2\/product_tag?post=28213"}],"curies":[{"name":"wp","href":"https:\/\/api.w.org\/{rel}","templated":true}]}}