{"id":28289,"date":"2025-11-20T19:17:06","date_gmt":"2025-11-20T16:17:06","guid":{"rendered":"https:\/\/lowesprofesyonel.com\/?post_type=product&#038;p=28289"},"modified":"2026-04-16T18:52:37","modified_gmt":"2026-04-16T15:52:37","slug":"lowes-body-toner-250-ml-cilt-yenileyici-arindirici-ve-sikilastirici-vucut-tonigi","status":"publish","type":"product","link":"https:\/\/lowesprofesyonel.com\/de\/product\/lowes-body-toner-250-ml-cilt-yenileyici-arindirici-ve-sikilastirici-vucut-tonigi\/","title":{"rendered":"Lowes Body Toner 250 ml \u2013 Cilt Yenileyici, Ar\u0131nd\u0131r\u0131c\u0131 ve S\u0131k\u0131la\u015ft\u0131r\u0131c\u0131 V\u00fccut Toni\u011fi"},"content":{"rendered":"<p>Lowes Body Toner \u2013 250 ml<\/p>\n<p>Cildi nazik\u00e7e ar\u0131nd\u0131rmak ve g\u00f6zenekleri temizlemek i\u00e7in \u00f6zel olarak geli\u015ftirilmi\u015f v\u00fccut toni\u011fidir. \u0130\u00e7eri\u011findeki Glikolik Asit, cildin yenilenmesine destek olurken; Panthenol ve Gliserin, yo\u011fun nemlendirme sa\u011flar. D\u00fczenli kullan\u0131mda cildin daha p\u00fcr\u00fczs\u00fcz, canl\u0131 ve ferah bir g\u00f6r\u00fcn\u00fcme kavu\u015fmas\u0131na yard\u0131mc\u0131 olur.<\/p>\n<p>&nbsp;<\/p>\n<p>\u00dcr\u00fcn \u00d6zellikleri:<\/p>\n<p>\u00d6l\u00fc derileri nazik\u00e7e ar\u0131nd\u0131rmaya yard\u0131mc\u0131 olur<\/p>\n<p>G\u00f6zeneklerin temizlenmesine ve s\u0131k\u0131la\u015fmas\u0131na destek olur<\/p>\n<p>Panthenol ve Gliserin sayesinde yo\u011fun nem sa\u011flar<\/p>\n<p>Cildin yenilenme s\u00fcrecini destekler<\/p>\n<p>Boyun ve v\u00fccut b\u00f6lgesinde daha p\u00fcr\u00fczs\u00fcz bir g\u00f6r\u00fcn\u00fcm kazand\u0131r\u0131r<\/p>\n<p>&nbsp;<\/p>\n<p>Kullan\u0131m \u015eekli:<\/p>\n<p>Temiz cilde, yeterli miktarda toni\u011fi pamuk yard\u0131m\u0131yla nazik\u00e7e uygulay\u0131n.<br \/>\nDurulama gerektirmez. Haftada 2\u20133 kez kullan\u0131lmas\u0131 \u00f6nerilir.<br \/>\nG\u00fcnd\u00fcz kullan\u0131mlar\u0131nda mutlaka g\u00fcne\u015f koruyucu uygulay\u0131n\u0131z.<br \/>\nDiz, dirsek ve omuz b\u00f6lgelerinde de kullan\u0131labilir.<\/p>\n<p>&nbsp;<\/p>\n<p>\u00dcr\u00fcn \u0130\u00e7eri\u011fi (Se\u00e7me Bile\u015fenler):<\/p>\n<p>Glycolic Acid, Panthenol, Glycerin, Aloe Vera Extract, Centella Asiatica Extract, Hyaluronic Acid, Chamomilla Recutita Extract, Fruit Extracts.<\/p>\n<p>&nbsp;<\/p>\n<p>\u26a0 Uyar\u0131lar:<br \/>\nSadece harici kullan\u0131m i\u00e7indir. G\u00f6z ve dudak \u00e7evresine uygulamay\u0131n\u0131z.<br \/>\nTahri\u015f olmu\u015f ciltte kullanmay\u0131n\u0131z.<br \/>\nGlikolik Asit i\u00e7eri\u011fi nedeniyle ciltte g\u00fcne\u015f hassasiyeti olu\u015fabilir; kullan\u0131m s\u00fcresince ve sonras\u0131nda g\u00fcne\u015f koruyucu kullan\u0131lmas\u0131 \u00f6nerilir.<br \/>\nSerin ve kuru bir yerde, \u00e7ocuklar\u0131n eri\u015femeyece\u011fi \u015fekilde saklay\u0131n\u0131z.<\/p>","protected":false},"excerpt":{"rendered":"<p>Lowes Body Toner 250 ml \u2013 Cilt Yenileyici, Ar\u0131nd\u0131r\u0131c\u0131 ve S\u0131k\u0131la\u015ft\u0131r\u0131c\u0131 V\u00fccut Toni\u011fi<\/p>","protected":false},"featured_media":28290,"comment_status":"open","ping_status":"closed","template":"","meta":{"om_disable_all_campaigns":false,"_monsterinsights_skip_tracking":false,"_monsterinsights_sitenote_active":false,"_monsterinsights_sitenote_note":"","_monsterinsights_sitenote_category":0},"product_brand":[],"product_cat":[84,83],"product_tag":[],"class_list":{"0":"post-28289","1":"product","2":"type-product","3":"status-publish","4":"has-post-thumbnail","6":"product_cat-skin-tonic","7":"product_cat-tonic","9":"first","10":"instock","11":"shipping-taxable","12":"purchasable","13":"product-type-simple"},"aioseo_notices":[],"_links":{"self":[{"href":"https:\/\/lowesprofesyonel.com\/de\/wp-json\/wp\/v2\/product\/28289","targetHints":{"allow":["GET"]}}],"collection":[{"href":"https:\/\/lowesprofesyonel.com\/de\/wp-json\/wp\/v2\/product"}],"about":[{"href":"https:\/\/lowesprofesyonel.com\/de\/wp-json\/wp\/v2\/types\/product"}],"replies":[{"embeddable":true,"href":"https:\/\/lowesprofesyonel.com\/de\/wp-json\/wp\/v2\/comments?post=28289"}],"version-history":[{"count":1,"href":"https:\/\/lowesprofesyonel.com\/de\/wp-json\/wp\/v2\/product\/28289\/revisions"}],"predecessor-version":[{"id":28296,"href":"https:\/\/lowesprofesyonel.com\/de\/wp-json\/wp\/v2\/product\/28289\/revisions\/28296"}],"wp:featuredmedia":[{"embeddable":true,"href":"https:\/\/lowesprofesyonel.com\/de\/wp-json\/wp\/v2\/media\/28290"}],"wp:attachment":[{"href":"https:\/\/lowesprofesyonel.com\/de\/wp-json\/wp\/v2\/media?parent=28289"}],"wp:term":[{"taxonomy":"product_brand","embeddable":true,"href":"https:\/\/lowesprofesyonel.com\/de\/wp-json\/wp\/v2\/product_brand?post=28289"},{"taxonomy":"product_cat","embeddable":true,"href":"https:\/\/lowesprofesyonel.com\/de\/wp-json\/wp\/v2\/product_cat?post=28289"},{"taxonomy":"product_tag","embeddable":true,"href":"https:\/\/lowesprofesyonel.com\/de\/wp-json\/wp\/v2\/product_tag?post=28289"}],"curies":[{"name":"wp","href":"https:\/\/api.w.org\/{rel}","templated":true}]}}