{"id":12,"date":"2024-09-18T16:05:05","date_gmt":"2024-09-18T13:05:05","guid":{"rendered":"https:\/\/lowesprofesyonel.com\/?page_id=12"},"modified":"2025-08-25T15:31:54","modified_gmt":"2025-08-25T12:31:54","slug":"refund_returns","status":"publish","type":"page","link":"https:\/\/lowesprofesyonel.com\/tr\/refund_returns\/","title":{"rendered":"\u0130ade Politikas\u0131"},"content":{"rendered":"<div data-elementor-type=\"wp-page\" data-elementor-id=\"12\" class=\"elementor elementor-12\">\n\t\t\t\t<div class=\"wd-negative-gap elementor-element elementor-element-5348d577 e-flex e-con-boxed e-con e-parent\" data-id=\"5348d577\" data-element_type=\"container\" data-e-type=\"container\">\n\t\t\t\t\t<div class=\"e-con-inner\">\n\t\t\t\t<div class=\"elementor-element elementor-element-27deb5f4 color-scheme-inherit text-left elementor-widget elementor-widget-text-editor\" data-id=\"27deb5f4\" data-element_type=\"widget\" data-e-type=\"widget\" data-widget_type=\"text-editor.default\">\n\t\t\t\t<div class=\"elementor-widget-container\">\n\t\t\t\t\t\t\t\t\t<p><\/p>\n<h1><strong>\u0130ade Politikas\u0131<\/strong><\/h1>\n<p>LOWE'S PROFESYONEL olarak, sat\u0131n alma i\u015fleminizden tam memnuniyetinizi sa\u011flamak i\u00e7in \u00e7al\u0131\u015f\u0131yoruz. Bir \u00fcr\u00fcnden memnun de\u011filseniz, l\u00fctfen a\u015fa\u011f\u0131daki y\u00f6nergeleri izleyin:<\/p>\n<h1><strong>\u0130ade S\u00fcresi<\/strong>:<\/h1>\n<p>\u00dcr\u00fcn\u00fc teslim ald\u0131\u011f\u0131n\u0131z tarihten itibaren 14 g\u00fcn i\u00e7erisinde iade edebilirsiniz.<\/p>\n<p>\u00dcr\u00fcn\u00fcn kullan\u0131lmam\u0131\u015f, a\u00e7\u0131lmam\u0131\u015f, orijinal ambalaj\u0131nda \u200b\u200bve t\u00fcm aksesuarlar\u0131yla birlikte olmas\u0131 gerekmektedir.<\/p>\n<h1><strong>\u0130ade Ko\u015fullar\u0131<\/strong>:<\/h1>\n<p>Orijinal fi\u015fi veya sat\u0131n alma belgesini ibraz etmeniz gerekmektedir.<\/p>\n<p>Kullan\u0131lm\u0131\u015f, a\u00e7\u0131lm\u0131\u015f veya kullan\u0131m hatas\u0131 sonucu hasar g\u00f6rm\u00fc\u015f \u00fcr\u00fcnler iade edilemez.<\/p>\n<p>Ki\u015fisel bak\u0131m \u00fcr\u00fcnleri, cilt bak\u0131m ve sa\u00e7 bak\u0131m \u00fcr\u00fcnleri gibi kullan\u0131lm\u0131\u015f \u00fcr\u00fcnler hijyenik sebeplerden dolay\u0131 iade edilemez.<\/p>\n<h1><strong>Hasarl\u0131 veya Ar\u0131zal\u0131 \u00dcr\u00fcnler<\/strong>:<\/h1>\n<p>Hasarl\u0131 veya ar\u0131zal\u0131 bir \u00fcr\u00fcn ald\u0131ysan\u0131z l\u00fctfen sipari\u015fi ald\u0131ktan sonraki 48 saat i\u00e7inde bizimle ileti\u015fime ge\u00e7in.<\/p>\n<p>Duruma ba\u011fl\u0131 olarak, size yeni bir \u00fcr\u00fcn g\u00f6nderece\u011fiz veya tam bir geri \u00f6deme ayarlayaca\u011f\u0131z.<\/p>\n<h1><strong>\u0130ade S\u00fcreci<\/strong>:<\/h1>\n<p>\u0130ade edilen \u00fcr\u00fcn\u00fc teslim al\u0131p inceledikten sonra, orijinal \u00f6deme y\u00f6ntemine g\u00f6re para iadesi yapaca\u011f\u0131z.<\/p>\n<p>\u0130ade s\u00fcreci bankaya veya \u00f6deme y\u00f6ntemine ba\u011fl\u0131 olarak 7 ila 14 i\u015f g\u00fcn\u00fc s\u00fcrebilir.<\/p>\n<h1><strong>Kargo \u00dccretleri<\/strong>:<\/h1>\n<p>\u00dcr\u00fcn\u00fcn hasarl\u0131 veya ar\u0131zal\u0131 olmas\u0131 durumu hari\u00e7, \u00fcr\u00fcn\u00fc iade etmek i\u00e7in kargo masraf\u0131 m\u00fc\u015fteriye aittir.<\/p>\n<p>Orijinal kargo \u00fccretleri iade edilmez.<\/p>\n<h1><strong>Hari\u00e7 tutmalar<\/strong>:<\/h1>\n<p>\u00d6zel teklifler, indirimli \u00fcr\u00fcnler veya ki\u015fisel bak\u0131m \u00fcr\u00fcnleri gibi baz\u0131 \u00fcr\u00fcnler iade veya geri \u00f6deme i\u00e7in uygun olmayabilir.<\/p>\n<p>Hediye kartlar\u0131 ve tek kullan\u0131ml\u0131k \u00fcr\u00fcnler iade edilemez.<\/p>\n<h1><strong>\u0130ade Nas\u0131l Ba\u015flat\u0131l\u0131r?<\/strong>:<\/h1>\n<p>\u0130ade veya de\u011fi\u015fim talebinde bulunmak i\u00e7in l\u00fctfen info@lowesprofesyonel.com e-posta adresimizden veya +90 850 762 7037 numaral\u0131 telefondan m\u00fc\u015fteri hizmetleri ekibimizle ileti\u015fime ge\u00e7in.<\/p>\n<p>L\u00fctfen sipari\u015f numaran\u0131z\u0131, iade nedeninizi ve \u00fcr\u00fcn hasarl\u0131ysa foto\u011fraflar\u0131n\u0131 ekleyin.<\/p>\n<p><\/p>\t\t\t\t\t\t\t\t<\/div>\n\t\t\t\t<\/div>\n\t\t\t\t\t<\/div>\n\t\t\t\t<\/div>\n\t\t\t\t<\/div>","protected":false},"excerpt":{"rendered":"<p>Return and Refund Policy At LOWE&#8217;S PROFESYONEL, we strive to ensure your complete satisfaction with your purchase. If you are<\/p>","protected":false},"author":1,"featured_media":0,"parent":0,"menu_order":0,"comment_status":"closed","ping_status":"closed","template":"","meta":{"om_disable_all_campaigns":false,"_monsterinsights_skip_tracking":false,"_monsterinsights_sitenote_active":false,"_monsterinsights_sitenote_note":"","_monsterinsights_sitenote_category":0,"footnotes":""},"class_list":["post-12","page","type-page","status-publish","hentry"],"aioseo_notices":[],"_hostinger_reach_plugin_has_subscription_block":false,"_hostinger_reach_plugin_is_elementor":false,"_links":{"self":[{"href":"https:\/\/lowesprofesyonel.com\/tr\/wp-json\/wp\/v2\/pages\/12","targetHints":{"allow":["GET"]}}],"collection":[{"href":"https:\/\/lowesprofesyonel.com\/tr\/wp-json\/wp\/v2\/pages"}],"about":[{"href":"https:\/\/lowesprofesyonel.com\/tr\/wp-json\/wp\/v2\/types\/page"}],"author":[{"embeddable":true,"href":"https:\/\/lowesprofesyonel.com\/tr\/wp-json\/wp\/v2\/users\/1"}],"replies":[{"embeddable":true,"href":"https:\/\/lowesprofesyonel.com\/tr\/wp-json\/wp\/v2\/comments?post=12"}],"version-history":[{"count":16,"href":"https:\/\/lowesprofesyonel.com\/tr\/wp-json\/wp\/v2\/pages\/12\/revisions"}],"predecessor-version":[{"id":27740,"href":"https:\/\/lowesprofesyonel.com\/tr\/wp-json\/wp\/v2\/pages\/12\/revisions\/27740"}],"wp:attachment":[{"href":"https:\/\/lowesprofesyonel.com\/tr\/wp-json\/wp\/v2\/media?parent=12"}],"curies":[{"name":"wp","href":"https:\/\/api.w.org\/{rel}","templated":true}]}}