{"id":28244,"date":"2025-09-18T18:17:26","date_gmt":"2025-09-18T15:17:26","guid":{"rendered":"https:\/\/lowesprofesyonel.com\/?page_id=28244"},"modified":"2025-09-21T19:21:21","modified_gmt":"2025-09-21T16:21:21","slug":"dogal-malzemeler","status":"publish","type":"page","link":"https:\/\/lowesprofesyonel.com\/tr\/natural-ingredients\/","title":{"rendered":"Do\u011fal i\u00e7erikler"},"content":{"rendered":"<div data-elementor-type=\"wp-page\" data-elementor-id=\"28244\" class=\"elementor elementor-28244\">\n\t\t\t\t<div class=\"wd-negative-gap elementor-element elementor-element-eb7248b e-flex e-con-boxed e-con e-parent\" data-id=\"eb7248b\" data-element_type=\"container\" data-e-type=\"container\">\n\t\t\t\t\t<div class=\"e-con-inner\">\n\t\t\t\t<div class=\"elementor-element elementor-element-0c3e257 elementor-widget elementor-widget-wd_text_block\" data-id=\"0c3e257\" data-element_type=\"widget\" data-e-type=\"widget\" data-widget_type=\"wd_text_block.default\">\n\t\t\t\t<div class=\"elementor-widget-container\">\n\t\t\t\t\t\t\t<div class=\"wd-text-block reset-last-child text-left\">\n\t\t\t\n\t\t\t<h2 data-start=\"111\" data-end=\"147\">Sonu\u00e7lar i\u00e7in Hassasiyet ve \u00d6zen:<\/h2><p data-start=\"148\" data-end=\"196\">Lowe's T\u00fcrk Cilt Bak\u0131m\u0131n\u0131n Temel Felsefesi<\/p><p data-start=\"198\" data-end=\"575\">G\u00fczellik ve cilt bak\u0131m\u0131 d\u00fcnyas\u0131nda markalar t\u00fcketicilerin dikkatini \u00e7ekmek i\u00e7in yar\u0131\u015f\u0131yor, <strong data-start=\"287\" data-end=\"322\">Lowe's T\u00fcrk Do\u011fal Cilt Bak\u0131m\u0131<\/strong> iki temel ilke ile \u00f6ne \u00e7\u0131kmaktad\u0131r: <strong data-start=\"360\" data-end=\"373\">hassas<\/strong> ve <strong data-start=\"378\" data-end=\"398\">sonu\u00e7lar i\u0307\u00e7i\u0307n \u00f6zen g\u00f6steri\u0307n<\/strong>. Bu felsefe sadece \u00fcr\u00fcnlerin kalitesine de\u011fil, ayn\u0131 zamanda i\u00e7erik se\u00e7iminden g\u00fcnl\u00fck kullan\u0131c\u0131 deneyimine kadar m\u00fc\u015fteri yolculu\u011funun her ayr\u0131nt\u0131s\u0131na yans\u0131r.<\/p><hr data-start=\"577\" data-end=\"580\"><h3 data-start=\"582\" data-end=\"633\">1. Do\u011fal Bile\u015fenlerin Se\u00e7iminde Hassasiyet<\/h3><p data-start=\"634\" data-end=\"927\">Her \u00fcr\u00fcn, yolculu\u011funa T\u00fcrkiye'nin zengin do\u011fas\u0131n\u0131n kalbinde, \u015fifal\u0131 bitkiler ve nadir ya\u011flarla dolu bir ortamda ba\u015fl\u0131yor. \u015eirket, jenerik ticari i\u00e7eriklere g\u00fcvenmiyor; bunun yerine, tedavi edici ve kozmetik faydalar\u0131 kan\u0131tlanm\u0131\u015f botanik hazineleri bulmak i\u00e7in da\u011flar\u0131, ormanlar\u0131 ve ovalar\u0131 ara\u015ft\u0131r\u0131yor.<\/p><p data-start=\"929\" data-end=\"971\">Bile\u015fen se\u00e7im kriterleri \u015funlar\u0131 i\u00e7erir:<\/p><ul data-start=\"972\" data-end=\"1243\"><li data-start=\"972\" data-end=\"1043\"><p data-start=\"974\" data-end=\"1043\"><strong data-start=\"974\" data-end=\"985\">Safl\u0131k:<\/strong> pestisit ve kimyasal i\u00e7ermeyen organik i\u00e7erikler.<\/p><\/li><li data-start=\"1044\" data-end=\"1157\"><p data-start=\"1046\" data-end=\"1157\"><strong data-start=\"1046\" data-end=\"1064\">Etkililik:<\/strong> Bitkiler ve ya\u011flar, cilt i\u00e7in faydalar\u0131n\u0131 do\u011frulayan bilimsel ara\u015ft\u0131rmalara dayanarak se\u00e7ilmi\u015ftir.<\/p><\/li><li data-start=\"1158\" data-end=\"1243\"><p data-start=\"1160\" data-end=\"1243\"><strong data-start=\"1160\" data-end=\"1179\">S\u00fcrd\u00fcr\u00fclebilirlik:<\/strong> \u00c7ift\u00e7ilikten hasada kadar her ad\u0131mda \u00e7evresel \u00f6zen.<\/p><\/li><\/ul><p data-start=\"1245\" data-end=\"1384\">Dikkate de\u011fer \u00f6rnekler aras\u0131nda biberiye ya\u011f\u0131, \u00fcz\u00fcm \u00e7ekirde\u011fi ya\u011f\u0131, ye\u015fil \u00e7ay \u00f6z\u00fc ve kafein ya\u011f\u0131 yer al\u0131r ve hepsi de dikkatle \u00f6l\u00e7\u00fclm\u00fc\u015f konsantrasyonlarda kullan\u0131l\u0131r.<\/p><hr data-start=\"1386\" data-end=\"1389\"><h3 data-start=\"1391\" data-end=\"1441\">2. \u00dcretim S\u00fcreci Boyunca Bak\u0131m<\/h3><p data-start=\"1442\" data-end=\"1755\">Lowe's, do\u011fal i\u00e7erikleri tedarik etmenin \u00f6tesine ge\u00e7erek bunlar\u0131 etkinliklerini koruyan ve g\u00fcvenli\u011fi sa\u011flayan hassas \u00fcretim s\u00fcre\u00e7lerine tabi tutar. \u00dcretim, bilimi gelenekle birle\u015ftiren ileri teknolojiler kullan\u0131larak cilt bak\u0131m uzmanlar\u0131n\u0131n g\u00f6zetimi alt\u0131nda \u00f6zel tesislerde ger\u00e7ekle\u015ftirilir.<\/p><p data-start=\"1757\" data-end=\"1790\">\u00dcretim ad\u0131mlar\u0131 \u015funlar\u0131 i\u00e7erir:<\/p><ul data-start=\"1791\" data-end=\"1999\"><li data-start=\"1791\" data-end=\"1843\"><p data-start=\"1793\" data-end=\"1843\"><strong data-start=\"1793\" data-end=\"1812\">So\u011fuk ekstraksiyon<\/strong> aktif unsurlar\u0131 korumak i\u00e7in.<\/p><\/li><li data-start=\"1844\" data-end=\"1912\"><p data-start=\"1846\" data-end=\"1912\"><strong data-start=\"1846\" data-end=\"1865\">Alerji testi<\/strong> T\u00fcm cilt tipleriyle uyumlulu\u011fu sa\u011flamak i\u00e7in.<\/p><\/li><li data-start=\"1913\" data-end=\"1999\"><p data-start=\"1915\" data-end=\"1999\"><strong data-start=\"1915\" data-end=\"1934\">Ak\u0131ll\u0131 paketleme<\/strong> \u00dcr\u00fcn kalitesini korumak ve kontaminasyondan korumak i\u00e7in.<\/p><\/li><\/ul><p data-start=\"2001\" data-end=\"2139\">Her \u00fcr\u00fcn, stabilite, emilim ve koku kontrolleri de dahil olmak \u00fczere s\u0131k\u0131 kalite testlerinden ge\u00e7erek kusursuz bir kullan\u0131c\u0131 deneyimi sa\u011flar.<\/p><hr data-start=\"2141\" data-end=\"2144\"><h3 data-start=\"2146\" data-end=\"2187\">3. Somut Sonu\u00e7lar Felsefesi<\/h3><p data-start=\"2188\" data-end=\"2434\">Lowe's'i di\u011ferlerinden ay\u0131ran \u015fey, bo\u015f pazarlama vaatleri de\u011fil, ger\u00e7ek sonu\u00e7lara olan ba\u011fl\u0131l\u0131\u011f\u0131d\u0131r. \u0130ster derinlemesine nemlendirme, ister koyu lekeleri ayd\u0131nlatma, g\u00f6z alt\u0131 halkalar\u0131n\u0131 azaltma veya cilt elastikiyetini art\u0131rma olsun, her \u00fcr\u00fcn net bir ama\u00e7 i\u00e7in tasarlanm\u0131\u015ft\u0131r.<\/p><ul data-start=\"2436\" data-end=\"2705\"><li data-start=\"2436\" data-end=\"2705\"><p data-start=\"2438\" data-end=\"2463\">Kan\u0131tlanm\u0131\u015f sonu\u00e7lar \u015funlard\u0131r:<\/p><ul data-start=\"2466\" data-end=\"2705\"><li data-start=\"2466\" data-end=\"2536\"><p data-start=\"2468\" data-end=\"2536\">Cilt parlakl\u0131\u011f\u0131 \u015fu kadar iyile\u015ftirildi <strong data-start=\"2494\" data-end=\"2518\">85% iki hafta i\u00e7inde<\/strong> d\u00fczenli kullan\u0131m.<\/p><\/li><li data-start=\"2539\" data-end=\"2617\"><p data-start=\"2541\" data-end=\"2617\">\u0130nce k\u0131r\u0131\u015f\u0131kl\u0131klar \u015fu kadar azal\u0131r <strong data-start=\"2566\" data-end=\"2589\">Bir ay sonra 60%<\/strong> gece serumu kullanman\u0131n.<\/p><\/li><li data-start=\"2620\" data-end=\"2705\"><p data-start=\"2622\" data-end=\"2705\"><strong data-start=\"2622\" data-end=\"2640\">E\u015fit cilt tonu<\/strong> C Vitamini ve antioksidanlar a\u00e7\u0131s\u0131ndan zengin form\u00fclasyonlar ile elde edilir.<\/p><\/li><\/ul><\/li><\/ul><p data-start=\"2707\" data-end=\"2860\">Bu sonu\u00e7lar sadece rakamlardan ibaret de\u011fildir; kullan\u0131c\u0131 referanslar\u0131 ve ba\u011f\u0131ms\u0131z laboratuvarlarla ortakla\u015fa y\u00fcr\u00fct\u00fclen klinik \u00e7al\u0131\u015fmalarla desteklenmektedir.<\/p><hr data-start=\"2862\" data-end=\"2865\"><h3 data-start=\"2867\" data-end=\"2919\">4. M\u00fc\u015fterilerin Sesi... Kalitenin Aynas\u0131<\/h3><p data-start=\"2920\" data-end=\"3131\">Lowe's \"m\u00fc\u015fterinin ger\u00e7ek uzman\" oldu\u011funa inan\u0131r ve kullan\u0131c\u0131 geri bildirimlerine b\u00fcy\u00fck de\u011fer verir. G\u00f6r\u00fc\u015fler sosyal medya, anketler ve do\u011frudan incelemeler yoluyla toplan\u0131r ve \u00fcr\u00fcnleri iyile\u015ftirmek ve geli\u015ftirmek i\u00e7in kullan\u0131l\u0131r.<\/p><ul data-start=\"3133\" data-end=\"3164\"><li data-start=\"3133\" data-end=\"3164\"><p data-start=\"3135\" data-end=\"3164\">M\u00fc\u015fteri referanslar\u0131ndan:<\/p><\/li><\/ul><blockquote data-start=\"3165\" data-end=\"3376\"><p data-start=\"3167\" data-end=\"3376\">\"Lowe'un g\u00f6z kremini bir hafta boyunca kulland\u0131m ve koyu halkalarda ve \u015fi\u015fkinlikte belirgin bir fark oldu\u011funu fark ettim. Form\u00fcl\u00fc hafif, do\u011fal kokulu ve en \u00f6nemlisi kullan\u0131rken bana huzur verdi.\"<\/p><\/blockquote><blockquote data-start=\"3378\" data-end=\"3515\"><p data-start=\"3380\" data-end=\"3515\">\"Lowe'un \u00fcr\u00fcnleri cilt bak\u0131m\u0131na bak\u0131\u015f a\u00e7\u0131m\u0131 de\u011fi\u015ftirdi. Art\u0131k ge\u00e7ici h\u0131zl\u0131 \u00e7\u00f6z\u00fcmler de\u011fil, denge ve s\u00fcrd\u00fcr\u00fclebilirlik ar\u0131yorum.\"<\/p><\/blockquote><p data-start=\"3517\" data-end=\"3641\">Bu sesler, \u015firketin g\u00fcven ve \u015feffafl\u0131\u011fa dayal\u0131 uzun vadeli m\u00fc\u015fteri ili\u015fkileri kurma stratejisinin bir par\u00e7as\u0131d\u0131r.<\/p><hr data-start=\"3643\" data-end=\"3646\"><h3 data-start=\"3648\" data-end=\"3686\">5. Ki\u015fisel Bak\u0131m\u0131n Bir Par\u00e7as\u0131 Olarak Cilt Bak\u0131m\u0131<\/h3><p data-start=\"3687\" data-end=\"3907\">Lowe's, cilt bak\u0131m\u0131n\u0131n sadece bir g\u00fczellik rutini de\u011fil, zihinsel rahatl\u0131\u011f\u0131 art\u0131ran ve kad\u0131nlar\u0131n kendileriyle ba\u011flant\u0131 kurmalar\u0131na yard\u0131mc\u0131 olan g\u00fcnl\u00fck bir rit\u00fcel oldu\u011funa inanmaktad\u0131r. \u00dcr\u00fcnler, tam bir duyusal deneyim sunmak \u00fczere tasarlanm\u0131\u015ft\u0131r:<\/p><ul data-start=\"3908\" data-end=\"4082\"><li data-start=\"3908\" data-end=\"3961\"><p data-start=\"3910\" data-end=\"3961\"><strong data-start=\"3910\" data-end=\"3928\">\u0130peksi dokular<\/strong> nazik bir dokunu\u015f gibi hissettiren.<\/p><\/li><li data-start=\"3962\" data-end=\"4009\"><p data-start=\"3964\" data-end=\"4009\"><strong data-start=\"3964\" data-end=\"3982\">Do\u011fal kokular<\/strong> rahatlamay\u0131 te\u015fvik eder.<\/p><\/li><li data-start=\"4010\" data-end=\"4082\"><p data-start=\"4012\" data-end=\"4082\"><strong data-start=\"4012\" data-end=\"4033\">\u015e\u0131k ambalaj<\/strong> g\u00fcnl\u00fck rutinlere l\u00fcks bir dokunu\u015f katar.<\/p><\/li><\/ul><p data-start=\"4084\" data-end=\"4206\">Her bir \u00fcr\u00fcn kullan\u0131c\u0131y\u0131 duraklamaya, nefes almaya ve kendisiyle yeniden ba\u011flant\u0131 kurmaya te\u015fvik eder - hayat\u0131n ko\u015fu\u015fturmacas\u0131 aras\u0131nda bir anl\u0131k huzur.<\/p><hr data-start=\"4208\" data-end=\"4211\"><h3 data-start=\"4213\" data-end=\"4259\">6. Sosyal ve \u00c7evresel Sorumluluk<\/h3><p data-start=\"4260\" data-end=\"4455\">Lowe'un felsefesi, s\u00fcrd\u00fcr\u00fclebilirlik ve sosyal sorumlulu\u011fa olan ba\u011fl\u0131l\u0131\u011f\u0131ndan ayr\u0131lamaz. \u015eirket, \u00e7evresel ayak izini en aza indirmeyi ve yerel topluluklar\u0131 desteklemeyi ama\u00e7lamaktad\u0131r:<\/p><ul data-start=\"4456\" data-end=\"4608\"><li data-start=\"4456\" data-end=\"4490\"><p data-start=\"4458\" data-end=\"4490\"><strong data-start=\"4458\" data-end=\"4488\">Geri d\u00f6n\u00fc\u015ft\u00fcr\u00fclebilir ambalaj kullan\u0131m\u0131<\/strong><\/p><\/li><li data-start=\"4491\" data-end=\"4542\"><p data-start=\"4493\" data-end=\"4542\"><strong data-start=\"4493\" data-end=\"4540\">Organik tar\u0131mda \u00e7al\u0131\u015fan kad\u0131nlar\u0131n desteklenmesi<\/strong><\/p><\/li><li data-start=\"4543\" data-end=\"4608\"><p data-start=\"4545\" data-end=\"4608\"><strong data-start=\"4545\" data-end=\"4606\">Do\u011fal cilt bak\u0131m\u0131 i\u00e7in fark\u0131ndal\u0131k kampanyalar\u0131na kat\u0131lmak<\/strong><\/p><\/li><\/ul><p data-start=\"4610\" data-end=\"4729\">Bu insani boyut, g\u00fczelli\u011fin \u00f6tesine ge\u00e7en bir de\u011fer katarak Lowe'un sorumlu bir marka olarak konumunu g\u00fc\u00e7lendiriyor.<\/p><hr data-start=\"4731\" data-end=\"4734\"><h3 data-start=\"4736\" data-end=\"4780\">7. S\u00fcrekli \u0130novasyon ve Geli\u015fim<\/h3><p data-start=\"4781\" data-end=\"4879\">K\u00f6kleri do\u011fal i\u00e7eriklere dayanmakla birlikte, Lowe's yenilik yapmay\u0131 asla b\u0131rakmaz. \u00d6zel Ar-Ge ekipleri \u00fczerinde \u00e7al\u0131\u015fmaktad\u0131r:<\/p><ul data-start=\"4880\" data-end=\"5098\"><li data-start=\"4880\" data-end=\"4948\"><p data-start=\"4882\" data-end=\"4948\"><strong data-start=\"4882\" data-end=\"4908\">Form\u00fclasyonlar\u0131n iyile\u015ftirilmesi<\/strong> nano-teknoloji ve biyo-enzimler ile.<\/p><\/li><li data-start=\"4949\" data-end=\"5018\"><p data-start=\"4951\" data-end=\"5018\"><strong data-start=\"4951\" data-end=\"4980\">Yeni malzemeler ke\u015ffetmek<\/strong> cilt sa\u011fl\u0131\u011f\u0131 i\u00e7in probiyotikler gibi.<\/p><\/li><li data-start=\"5019\" data-end=\"5098\"><p data-start=\"5021\" data-end=\"5098\"><strong data-start=\"5021\" data-end=\"5055\">\u00d6zelle\u015ftirilmi\u015f \u00fcr\u00fcnler geli\u015ftirmek<\/strong> Farkl\u0131 cilt tipleri ve ko\u015fullar\u0131 i\u00e7in.<\/p><\/li><\/ul><p data-start=\"5100\" data-end=\"5190\">Do\u011fa ve bilimin bu kar\u0131\u015f\u0131m\u0131 Lowe's'i cilt bak\u0131m end\u00fcstrisinin \u00f6n saflar\u0131nda tutmaktad\u0131r.<\/p><hr data-start=\"5192\" data-end=\"5195\"><h3 data-start=\"5197\" data-end=\"5251\">Sonu\u00e7: Sonu\u00e7lara D\u00f6n\u00fc\u015fen Bir Felsefe<\/h3><p data-start=\"5252\" data-end=\"5565\">Sonu\u00e7 olarak, Lowe's Turkish Skincare her \u00fcr\u00fcnde, her deneyimde ve m\u00fc\u015fterilerle her etkile\u015fimde \"sonu\u00e7lar i\u00e7in hassasiyet ve \u00f6zen\" felsefesini benimsemektedir. Sadece bir kozmetik \u015firketi de\u011fil, \u00f6zg\u00fcveni art\u0131ran, cilde sayg\u0131 duyan ve insanl\u0131\u011fa de\u011fer veren b\u00fct\u00fcnsel bir do\u011fal g\u00fczellik vizyonudur.<\/p><p data-start=\"5567\" data-end=\"5773\">G\u00fczelle\u015ftirmekten daha fazlas\u0131n\u0131 yapan \u00fcr\u00fcnler ar\u0131yorsan\u0131z - do\u011fal \u0131\u015f\u0131lt\u0131n\u0131za sayg\u0131 duyan, besleyen ve geli\u015ftiren \u00fcr\u00fcnler - Lowe's <strong data-start=\"5727\" data-end=\"5770\">d\u00fcr\u00fcstl\u00fck, etkinlik ve ger\u00e7ek g\u00fczellik<\/strong>.<\/p>\n\t\t\t\t\t<\/div>\n\t\t\t\t\t\t<\/div>\n\t\t\t\t<\/div>\n\t\t\t\t\t<\/div>\n\t\t\t\t<\/div>\n\t\t\t\t<\/div>","protected":false},"excerpt":{"rendered":"<p>Precision and Care for Results: The Core Philosophy of Lowe\u2019s Turkish Skincare In the world of beauty and skincare, where<\/p>","protected":false},"author":1,"featured_media":0,"parent":0,"menu_order":0,"comment_status":"closed","ping_status":"closed","template":"","meta":{"om_disable_all_campaigns":false,"_monsterinsights_skip_tracking":false,"_monsterinsights_sitenote_active":false,"_monsterinsights_sitenote_note":"","_monsterinsights_sitenote_category":0,"footnotes":""},"class_list":["post-28244","page","type-page","status-publish","hentry"],"aioseo_notices":[],"_hostinger_reach_plugin_has_subscription_block":false,"_hostinger_reach_plugin_is_elementor":false,"_links":{"self":[{"href":"https:\/\/lowesprofesyonel.com\/tr\/wp-json\/wp\/v2\/pages\/28244","targetHints":{"allow":["GET"]}}],"collection":[{"href":"https:\/\/lowesprofesyonel.com\/tr\/wp-json\/wp\/v2\/pages"}],"about":[{"href":"https:\/\/lowesprofesyonel.com\/tr\/wp-json\/wp\/v2\/types\/page"}],"author":[{"embeddable":true,"href":"https:\/\/lowesprofesyonel.com\/tr\/wp-json\/wp\/v2\/users\/1"}],"replies":[{"embeddable":true,"href":"https:\/\/lowesprofesyonel.com\/tr\/wp-json\/wp\/v2\/comments?post=28244"}],"version-history":[{"count":4,"href":"https:\/\/lowesprofesyonel.com\/tr\/wp-json\/wp\/v2\/pages\/28244\/revisions"}],"predecessor-version":[{"id":28249,"href":"https:\/\/lowesprofesyonel.com\/tr\/wp-json\/wp\/v2\/pages\/28244\/revisions\/28249"}],"wp:attachment":[{"href":"https:\/\/lowesprofesyonel.com\/tr\/wp-json\/wp\/v2\/media?parent=28244"}],"curies":[{"name":"wp","href":"https:\/\/api.w.org\/{rel}","templated":true}]}}