{"id":28253,"date":"2025-09-18T18:24:59","date_gmt":"2025-09-18T15:24:59","guid":{"rendered":"https:\/\/lowesprofesyonel.com\/?page_id=28253"},"modified":"2025-09-21T19:20:30","modified_gmt":"2025-09-21T16:20:30","slug":"coklu-kozmetik-kategorileri","status":"publish","type":"page","link":"https:\/\/lowesprofesyonel.com\/tr\/multiple-cosmetic-categories\/","title":{"rendered":"\u00c7oklu kozmetik kategorileri"},"content":{"rendered":"<div data-elementor-type=\"wp-page\" data-elementor-id=\"28253\" class=\"elementor elementor-28253\">\n\t\t\t\t<div class=\"wd-negative-gap elementor-element elementor-element-140eb75 e-flex e-con-boxed e-con e-parent\" data-id=\"140eb75\" data-element_type=\"container\" data-e-type=\"container\">\n\t\t\t\t\t<div class=\"e-con-inner\">\n\t\t\t\t<div class=\"elementor-element elementor-element-ce5db8e elementor-widget elementor-widget-wd_text_block\" data-id=\"ce5db8e\" data-element_type=\"widget\" data-e-type=\"widget\" data-widget_type=\"wd_text_block.default\">\n\t\t\t\t<div class=\"elementor-widget-container\">\n\t\t\t\t\t\t\t<div class=\"wd-text-block reset-last-child text-left\">\n\t\t\t\n\t\t\t<h2 data-start=\"123\" data-end=\"204\">Lowe's Cilt Bak\u0131m\u0131nda Kozmetik Kategorileri: Do\u011fal G\u00fczelli\u011fe Eksiksiz Bir Yolculuk<\/h2><p data-start=\"206\" data-end=\"541\">G\u00fcn\u00fcm\u00fcz\u00fcn h\u0131zl\u0131 tempolu d\u00fcnyas\u0131nda ve artan \u00e7evresel zorluklarla birlikte cilt bak\u0131m\u0131, sa\u00e7 bak\u0131m\u0131 ve v\u00fccut bak\u0131m\u0131 art\u0131k bir l\u00fcks de\u011fil, sa\u011fl\u0131k ve duygusal bir gerekliliktir. Etkinli\u011fi g\u00fczellikle ba\u015far\u0131l\u0131 bir \u015fekilde harmanlayan \u015firketler aras\u0131nda, <strong data-start=\"448\" data-end=\"458\">Lowe's<\/strong> do\u011fal ve \u00f6zel kozmetik alan\u0131nda lider bir marka olarak \u00f6ne \u00e7\u0131kmaktad\u0131r.<\/p><p data-start=\"543\" data-end=\"708\">Lowe's, \u00fc\u00e7 ana kategoride hem kad\u0131nlar\u0131n hem de erkeklerin ihtiya\u00e7lar\u0131n\u0131 kar\u015f\u0131lamak \u00fczere tasarlanm\u0131\u015f eksiksiz bir \u00fcr\u00fcn yelpazesi sunmaktad\u0131r: <strong data-start=\"666\" data-end=\"706\">Y\u00fcz Bak\u0131m\u0131, V\u00fccut Bak\u0131m\u0131 ve Sa\u00e7 Bak\u0131m\u0131.<\/strong><\/p><hr data-start=\"710\" data-end=\"713\" \/><h3 data-start=\"715\" data-end=\"742\">1. Y\u00fcz Bak\u0131m Kategorisi<\/h3><p data-start=\"744\" data-end=\"1064\"><strong data-start=\"744\" data-end=\"778\">Lowe'un Y\u00fcz Bak\u0131m\u0131ndaki Felsefesi<\/strong><br data-start=\"778\" data-end=\"781\" \/>Lowe's \u015fu ilke \u00fczerine kurulmu\u015ftur <strong data-start=\"819\" data-end=\"868\">sa\u011fl\u0131kl\u0131 cilt ger\u00e7ek g\u00fczelli\u011fin temelidir<\/strong>. Bu nedenle form\u00fclasyonlar\u0131, hassas, ya\u011fl\u0131 ve kuru ciltler dahil olmak \u00fczere t\u00fcm cilt tipleri i\u00e7in uygun, paraben, alkol ve yapay koku i\u00e7ermeyen etkili do\u011fal i\u00e7eriklere odaklan\u0131r.<\/p><p data-start=\"1066\" data-end=\"1085\"><strong data-start=\"1066\" data-end=\"1083\">Anahtar \u00dcr\u00fcnler:<\/strong><\/p><ul data-start=\"1086\" data-end=\"1957\"><li data-start=\"1086\" data-end=\"1166\"><p data-start=\"1088\" data-end=\"1166\">Peeling Jeli (Jel Peeling Facial) - havyar, salatal\u0131k ve aloe vera ile.<\/p><\/li><li data-start=\"1167\" data-end=\"1237\"><p data-start=\"1169\" data-end=\"1237\">Leke Serumu - Alfa Arbutin, Hyaluronik Asit ve Niasinamid i\u00e7erir.<\/p><\/li><li data-start=\"1238\" data-end=\"1285\"><p data-start=\"1240\" data-end=\"1285\">Sakal Serumu - jojoba ya\u011f\u0131 ve kafein i\u00e7erir.<\/p><\/li><li data-start=\"1286\" data-end=\"1354\"><p data-start=\"1288\" data-end=\"1354\">Yo\u011fun Nemlendirme Serumu - Hyaluronik Asit ve B5 Vitamini ile.<\/p><\/li><li data-start=\"1355\" data-end=\"1413\"><p data-start=\"1357\" data-end=\"1413\">G\u00f6z Serumu - Niasinamid, Seramidler ve Kafein i\u00e7erir.<\/p><\/li><li data-start=\"1414\" data-end=\"1478\"><p data-start=\"1416\" data-end=\"1478\">Retinol Serum - 1% Retinol, Seramidler ve Niasinamid ile.<\/p><\/li><li data-start=\"1479\" data-end=\"1554\"><p data-start=\"1481\" data-end=\"1554\">C Vitamini Serumu - 20% Askorbik Asit, Ferulik Asit ve B5 Vitamini ile.<\/p><\/li><li data-start=\"1555\" data-end=\"1634\"><p data-start=\"1557\" data-end=\"1634\">Y\u00fcz Temizleyici - Sodyum PCA, Hyaluronik Asit ve Seramidler ile zenginle\u015ftirilmi\u015ftir.<\/p><\/li><li data-start=\"1635\" data-end=\"1717\"><p data-start=\"1637\" data-end=\"1717\">Nemlendirici Krem - Hyaluronik Asit, Shea Ya\u011f\u0131 ve Calendula \u00f6z\u00fc ile.<\/p><\/li><li data-start=\"1718\" data-end=\"1772\"><p data-start=\"1720\" data-end=\"1772\">Kolajen Maske - Kolajen ve Hyaluronik Asit i\u00e7erir.<\/p><\/li><li data-start=\"1773\" data-end=\"1845\"><p data-start=\"1775\" data-end=\"1845\">Turuncu G\u00fcne\u015f Kremi - leke kar\u015f\u0131t\u0131 etkiye sahip y\u00fcksek UVA\/UVB korumas\u0131.<\/p><\/li><li data-start=\"1846\" data-end=\"1905\"><p data-start=\"1848\" data-end=\"1905\">Pembe G\u00fcne\u015f Kremi - Kalamin ve B5 Vitamini ile zenginle\u015ftirilmi\u015ftir.<\/p><\/li><li data-start=\"1906\" data-end=\"1957\"><p data-start=\"1908\" data-end=\"1957\">Y\u00fcz Toni\u011fi - derinlemesine temizleyici ve ya\u011f d\u00fczenleyici.<\/p><\/li><\/ul><hr data-start=\"1959\" data-end=\"1962\" \/><h3 data-start=\"1964\" data-end=\"1991\">2. V\u00fccut Bak\u0131m Kategorisi<\/h3><p data-start=\"1993\" data-end=\"2251\"><strong data-start=\"1993\" data-end=\"2027\">Lowe'un V\u00fccut Bak\u0131m\u0131ndaki Felsefesi<\/strong><br data-start=\"2027\" data-end=\"2030\" \/>Lowe's \u015funa inan\u0131yor <strong data-start=\"2051\" data-end=\"2139\">v\u00fccut bak\u0131m\u0131 cilde sayg\u0131 duymak ve onu do\u011fal i\u00e7eriklerle beslemekle ba\u015flar<\/strong>. \u00dcr\u00fcnleri v\u00fccuda tazelik, p\u00fcr\u00fczs\u00fczl\u00fck ve esansiyel ya\u011flardan elde edilen do\u011fal koku vermek i\u00e7in tasarlanm\u0131\u015ft\u0131r.<\/p><p data-start=\"2253\" data-end=\"2272\"><strong data-start=\"2253\" data-end=\"2270\">Anahtar \u00dcr\u00fcnler:<\/strong><\/p><ul data-start=\"2273\" data-end=\"2560\"><li data-start=\"2273\" data-end=\"2358\"><p data-start=\"2275\" data-end=\"2358\">V\u00fccut Toni\u011fi - \u00f6l\u00fc cilt h\u00fccrelerini temizler ve cildi yeniler (Glikolik Asit ile).<\/p><\/li><li data-start=\"2359\" data-end=\"2449\"><p data-start=\"2361\" data-end=\"2449\">Beyazlat\u0131c\u0131 Krem - cildi ayd\u0131nlatmak ve yumu\u015fatmak i\u00e7in (Alfa Arbutin + Kojik Asit).<\/p><\/li><li data-start=\"2450\" data-end=\"2560\"><p data-start=\"2452\" data-end=\"2560\">\u00c7atlak Kremi - sel\u00fclit g\u00f6r\u00fcn\u00fcm\u00fcn\u00fc azaltmak ve cilt s\u0131k\u0131l\u0131\u011f\u0131n\u0131 art\u0131rmak i\u00e7in (Kafein + \u00dcz\u00fcm \u00c7ekirde\u011fi Ya\u011f\u0131).<\/p><\/li><\/ul><p data-start=\"2562\" data-end=\"2587\"><strong data-start=\"2562\" data-end=\"2585\">Duyusal Deneyim:<\/strong><\/p><ul data-start=\"2588\" data-end=\"2704\"><li data-start=\"2588\" data-end=\"2615\"><p data-start=\"2590\" data-end=\"2615\">Sakinle\u015ftirici do\u011fal kokular.<\/p><\/li><li data-start=\"2616\" data-end=\"2655\"><p data-start=\"2618\" data-end=\"2655\">L\u00fcks, h\u0131zl\u0131 emilen dokular.<\/p><\/li><li data-start=\"2656\" data-end=\"2704\"><p data-start=\"2658\" data-end=\"2704\">Marka kimli\u011fini yans\u0131tan zarif ambalaj.<\/p><\/li><\/ul><hr data-start=\"2706\" data-end=\"2709\" \/><h3 data-start=\"2711\" data-end=\"2738\">3. Sa\u00e7 Bak\u0131m Kategorisi<\/h3><p data-start=\"2740\" data-end=\"2999\"><strong data-start=\"2740\" data-end=\"2774\">Lowe'un Sa\u00e7 Bak\u0131m\u0131ndaki Felsefesi<\/strong><br data-start=\"2774\" data-end=\"2777\" \/>Sa\u00e7lar g\u00fczelli\u011fin tac\u0131d\u0131r ve Lowe's sa\u00e7lara k\u00f6kten uca bak\u0131m yapar. Form\u00fclleri, kafa derisi sa\u011fl\u0131\u011f\u0131n\u0131 desteklemek ve sa\u00e7a canl\u0131l\u0131\u011f\u0131n\u0131 geri kazand\u0131rmak i\u00e7in bitki bazl\u0131 ya\u011flara, do\u011fal proteinlere ve bitkisel \u00f6zlere (\u00f6zellikle biberiye) dayan\u0131r.<\/p><p data-start=\"3001\" data-end=\"3020\"><strong data-start=\"3001\" data-end=\"3018\">Anahtar \u00dcr\u00fcnler:<\/strong><\/p><ul data-start=\"3021\" data-end=\"3232\"><li data-start=\"3021\" data-end=\"3067\"><p data-start=\"3023\" data-end=\"3067\">Kuru ve y\u0131pranm\u0131\u015f sa\u00e7lar i\u00e7in Biberiye \u015eampuan\u0131.<\/p><\/li><li data-start=\"3068\" data-end=\"3105\"><p data-start=\"3070\" data-end=\"3105\">Ya\u011fl\u0131 sa\u00e7 derisi i\u00e7in Ar\u0131nd\u0131r\u0131c\u0131 \u015eampuan.<\/p><\/li><li data-start=\"3106\" data-end=\"3178\"><p data-start=\"3108\" data-end=\"3178\">Biberiye Serumu - sa\u00e7 derisini besler ve nemlendirir, kurulu\u011fu \u00f6nler.<\/p><\/li><li data-start=\"3179\" data-end=\"3232\"><p data-start=\"3181\" data-end=\"3232\">Sa\u00e7 Toni\u011fi - do\u011fal g\u00fcc\u00fc ve parlakl\u0131\u011f\u0131 art\u0131r\u0131r.<\/p><\/li><\/ul><p data-start=\"3234\" data-end=\"3259\"><strong data-start=\"3234\" data-end=\"3257\">Hedefe Y\u00f6nelik \u00c7\u00f6z\u00fcmler:<\/strong><\/p><ul data-start=\"3260\" data-end=\"3402\"><li data-start=\"3260\" data-end=\"3284\"><p data-start=\"3262\" data-end=\"3284\">Sa\u00e7 d\u00f6k\u00fclmesi tedavisi.<\/p><\/li><li data-start=\"3285\" data-end=\"3313\"><p data-start=\"3287\" data-end=\"3313\">Sa\u00e7 b\u00fcy\u00fcmesini uyar\u0131r.<\/p><\/li><li data-start=\"3314\" data-end=\"3364\"><p data-start=\"3316\" data-end=\"3364\">Boyal\u0131 veya kimyasal i\u015flem g\u00f6rm\u00fc\u015f sa\u00e7lar\u0131n g\u00fc\u00e7lendirilmesi.<\/p><\/li><li data-start=\"3365\" data-end=\"3402\"><p data-start=\"3367\" data-end=\"3402\">K\u0131v\u0131rc\u0131k ve kuru sa\u00e7lar i\u00e7in nemlendirme.<\/p><\/li><\/ul><hr data-start=\"3404\" data-end=\"3407\" \/><h3 data-start=\"3409\" data-end=\"3456\">Lowe's Form\u00fclasyonlar\u0131ndaki Aktif Bile\u015fenler<\/h3><ul data-start=\"3457\" data-end=\"3689\"><li data-start=\"3457\" data-end=\"3493\"><p data-start=\"3459\" data-end=\"3493\">Hyaluronik Asit: derin nemlendirme.<\/p><\/li><li data-start=\"3494\" data-end=\"3549\"><p data-start=\"3496\" data-end=\"3549\">Niasinamid: cilt tonunu e\u015fitler, iltihaplanmay\u0131 azalt\u0131r.<\/p><\/li><li data-start=\"3550\" data-end=\"3598\"><p data-start=\"3552\" data-end=\"3598\">Biberiye Ya\u011f\u0131: sa\u00e7 ve cilt i\u00e7in besleyici.<\/p><\/li><li data-start=\"3599\" data-end=\"3648\"><p data-start=\"3601\" data-end=\"3648\">Bitki bazl\u0131 Kolajen: cildin elastikiyetini art\u0131r\u0131r.<\/p><\/li><li data-start=\"3649\" data-end=\"3689\"><p data-start=\"3651\" data-end=\"3689\">Ye\u015fil \u00c7ay: antioksidan ve yat\u0131\u015ft\u0131r\u0131c\u0131.<\/p><\/li><\/ul><hr data-start=\"3691\" data-end=\"3694\" \/><h3 data-start=\"3696\" data-end=\"3719\">Kalite Standartlar\u0131<\/h3><ul data-start=\"3720\" data-end=\"3813\"><li data-start=\"3720\" data-end=\"3756\"><p data-start=\"3722\" data-end=\"3756\">Paraben ve s\u00fclfat i\u00e7ermez.<\/p><\/li><li data-start=\"3757\" data-end=\"3793\"><p data-start=\"3759\" data-end=\"3793\">Yapay koku i\u00e7ermez.<\/p><\/li><li data-start=\"3794\" data-end=\"3813\"><p data-start=\"3796\" data-end=\"3813\">Vegan dostu.<\/p><\/li><\/ul><hr data-start=\"3815\" data-end=\"3818\" \/><h3 data-start=\"3820\" data-end=\"3847\">Lowe's Marka Kimli\u011fi<\/h3><ul data-start=\"3848\" data-end=\"4086\"><li data-start=\"3848\" data-end=\"3960\"><p data-start=\"3850\" data-end=\"3960\"><strong data-start=\"3850\" data-end=\"3873\">Tasar\u0131m ve Ambalaj:<\/strong> Do\u011fal renklerde, geri d\u00f6n\u00fc\u015ft\u00fcr\u00fclm\u00fc\u015f camdan ve \u015feffaf bask\u0131l\u0131 bilgilerden olu\u015fan zarif kaplar.<\/p><\/li><li data-start=\"3961\" data-end=\"4086\"><p data-start=\"3963\" data-end=\"4086\"><strong data-start=\"3963\" data-end=\"3984\">Misyon ve De\u011ferler:<\/strong> Do\u011fal g\u00fczelli\u011fi te\u015fvik etmek, \u00e7evreye sayg\u0131 g\u00f6stermek, fark\u0131ndal\u0131k kampanyalar\u0131 yoluyla kad\u0131nlar\u0131 g\u00fc\u00e7lendirmek.<\/p><\/li><\/ul><hr data-start=\"4088\" data-end=\"4091\" \/><h3 data-start=\"4093\" data-end=\"4118\">M\u00fc\u015fteri Deneyimi<\/h3><ul data-start=\"4119\" data-end=\"4317\"><li data-start=\"4119\" data-end=\"4210\"><p data-start=\"4121\" data-end=\"4210\"><strong data-start=\"4121\" data-end=\"4137\">Kullan\u0131m Kolayl\u0131\u011f\u0131:<\/strong> a\u00e7\u0131k talimatlar, \u00e7ok ama\u00e7l\u0131 \u00fcr\u00fcnler, seyahat dostu ambalajlar.<\/p><\/li><li data-start=\"4211\" data-end=\"4317\"><p data-start=\"4213\" data-end=\"4317\"><strong data-start=\"4213\" data-end=\"4239\">M\u00fc\u015fteri Memnuniyeti:<\/strong> olumlu yorumlar, y\u00fcksek tekrar sat\u0131n al\u0131mlar, g\u00fczellik uzmanlar\u0131n\u0131n tavsiyeleri.<\/p><\/li><\/ul><hr data-start=\"4319\" data-end=\"4322\" \/><h3 data-start=\"4324\" data-end=\"4350\">Lowe'un Gelecek Vizyonu<\/h3><ul data-start=\"4351\" data-end=\"4525\"><li data-start=\"4351\" data-end=\"4434\"><p data-start=\"4353\" data-end=\"4434\"><strong data-start=\"4353\" data-end=\"4367\">Geni\u015fleme:<\/strong> K\u00f6rfez ve Avrupa pazarlar\u0131na girerek bir erkek bak\u0131m serisi ba\u015flatmak.<\/p><\/li><li data-start=\"4435\" data-end=\"4525\"><p data-start=\"4437\" data-end=\"4525\"><strong data-start=\"4437\" data-end=\"4452\">\u0130novasyon:<\/strong> cilt bak\u0131m\u0131 ihtiya\u00e7lar\u0131n\u0131 analiz etmek i\u00e7in yapay zekay\u0131 kullanarak biyoteknoloji tabanl\u0131 form\u00fcller geli\u015ftiriyor.<\/p><\/li><\/ul><hr data-start=\"4527\" data-end=\"4530\" \/><h3 data-start=\"4532\" data-end=\"4548\">Sonu\u00e7<\/h3><p data-start=\"4549\" data-end=\"4804\">Lowe's sadece kozmetik \u00fcr\u00fcnlerle ilgili de\u011fil <strong data-start=\"4596\" data-end=\"4618\">b\u00fct\u00fcnsel ya\u015fam tarzi<\/strong> cilde, do\u011faya ve kendine sayg\u0131 \u00fczerine in\u015fa edilmi\u015ftir. Y\u00fcz, V\u00fccut ve Sa\u00e7 Bak\u0131m\u0131 olmak \u00fczere \u00fc\u00e7 kategoride hizmet veren Lowe's, herkese benzersiz, g\u00fcvenli ve etkili bir g\u00fczellik yolculu\u011fu sunuyor.<\/p><p data-start=\"4806\" data-end=\"4961\">\u0130ster \u0131\u015f\u0131lt\u0131l\u0131 bir cilt, ister p\u00fcr\u00fczs\u00fcz v\u00fccut bak\u0131m\u0131 ya da sa\u011fl\u0131kl\u0131, canl\u0131 sa\u00e7lar ar\u0131yor olun, Lowe's <strong data-start=\"4913\" data-end=\"4959\">bilim, do\u011fa ve g\u00fczellik bir araya geliyor.<\/strong><\/p>\n\t\t\t\t\t<\/div>\n\t\t\t\t\t\t<\/div>\n\t\t\t\t<\/div>\n\t\t\t\t\t<\/div>\n\t\t\t\t<\/div>\n\t\t\t\t<\/div>","protected":false},"excerpt":{"rendered":"<p>Cosmetic Categories at Lowe\u2019s Skincare: A Complete Journey to Natural Beauty In today\u2019s fast-paced world and with growing environmental challenges,<\/p>","protected":false},"author":1,"featured_media":0,"parent":0,"menu_order":0,"comment_status":"closed","ping_status":"closed","template":"","meta":{"om_disable_all_campaigns":false,"_monsterinsights_skip_tracking":false,"_monsterinsights_sitenote_active":false,"_monsterinsights_sitenote_note":"","_monsterinsights_sitenote_category":0,"footnotes":""},"class_list":["post-28253","page","type-page","status-publish","hentry"],"aioseo_notices":[],"_hostinger_reach_plugin_has_subscription_block":false,"_hostinger_reach_plugin_is_elementor":false,"_links":{"self":[{"href":"https:\/\/lowesprofesyonel.com\/tr\/wp-json\/wp\/v2\/pages\/28253","targetHints":{"allow":["GET"]}}],"collection":[{"href":"https:\/\/lowesprofesyonel.com\/tr\/wp-json\/wp\/v2\/pages"}],"about":[{"href":"https:\/\/lowesprofesyonel.com\/tr\/wp-json\/wp\/v2\/types\/page"}],"author":[{"embeddable":true,"href":"https:\/\/lowesprofesyonel.com\/tr\/wp-json\/wp\/v2\/users\/1"}],"replies":[{"embeddable":true,"href":"https:\/\/lowesprofesyonel.com\/tr\/wp-json\/wp\/v2\/comments?post=28253"}],"version-history":[{"count":4,"href":"https:\/\/lowesprofesyonel.com\/tr\/wp-json\/wp\/v2\/pages\/28253\/revisions"}],"predecessor-version":[{"id":28257,"href":"https:\/\/lowesprofesyonel.com\/tr\/wp-json\/wp\/v2\/pages\/28253\/revisions\/28257"}],"wp:attachment":[{"href":"https:\/\/lowesprofesyonel.com\/tr\/wp-json\/wp\/v2\/media?parent=28253"}],"curies":[{"name":"wp","href":"https:\/\/api.w.org\/{rel}","templated":true}]}}