{"id":4400,"date":"2021-10-12T15:51:09","date_gmt":"2021-10-12T15:51:09","guid":{"rendered":"http:\/\/dummy.xtemos.com\/woodmart2\/elementor\/?page_id=4400"},"modified":"2025-08-27T16:33:25","modified_gmt":"2025-08-27T13:33:25","slug":"hakkimizda-3","status":"publish","type":"page","link":"https:\/\/lowesprofesyonel.com\/tr\/about-us-3\/","title":{"rendered":"Hakk\u0131m\u0131zda"},"content":{"rendered":"<div data-elementor-type=\"wp-page\" data-elementor-id=\"4400\" class=\"elementor elementor-4400\">\n\t\t\t\t<div class=\"wd-negative-gap elementor-element elementor-element-0aaf669 wd-section-stretch e-flex e-con-boxed e-con e-parent\" data-id=\"0aaf669\" data-element_type=\"container\" data-e-type=\"container\" data-settings=\"{&quot;background_background&quot;:&quot;classic&quot;}\">\n\t\t\t\t\t<div class=\"e-con-inner\">\n\t\t<div class=\"elementor-element elementor-element-49529c7 color-scheme-light e-con-full e-flex e-con e-child\" data-id=\"49529c7\" data-element_type=\"container\" data-e-type=\"container\">\n\t\t\t\t<div class=\"elementor-element elementor-element-95c7bfa wd-width-100 elementor-widget elementor-widget-wd_title\" data-id=\"95c7bfa\" data-element_type=\"widget\" data-e-type=\"widget\" data-widget_type=\"wd_title.default\">\n\t\t\t\t<div class=\"elementor-widget-container\">\n\t\t\t\t\t\t\t<div class=\"title-wrapper set-mb-s reset-last-child wd-title-color-primary wd-title-style-default wd-title-size-large text-left\">\n\n\t\t\t\n\t\t\t<div class=\"liner-continer\">\n\t\t\t\t<h4 class=\"woodmart-title-container title wd-fontsize-xxl\">\u015eI\u0307RKET STATI\u0307STI\u0307\u011eI\u0307MI\u0307Z<br \/>\nBUNU SIZIN I\u00c7IN SEVGIYLE YAPIYORUZ<br \/>\n<\/h4> \n\t\t\t\t\t\t\t<\/div>\n\n\t\t\t\t\t<\/div>\n\t\t\t\t\t\t<\/div>\n\t\t\t\t<\/div>\n\t\t\t\t<\/div>\n\t\t<div class=\"elementor-element elementor-element-112f98a e-con-full e-flex e-con e-child\" data-id=\"112f98a\" data-element_type=\"container\" data-e-type=\"container\">\n\t\t<div class=\"elementor-element elementor-element-48c7dd1 e-con-full e-flex e-con e-child\" data-id=\"48c7dd1\" data-element_type=\"container\" data-e-type=\"container\">\n\t\t<div class=\"elementor-element elementor-element-54eb2d3 e-con-full e-flex e-con e-child\" data-id=\"54eb2d3\" data-element_type=\"container\" data-e-type=\"container\">\n\t\t\t\t<div class=\"elementor-element elementor-element-14ff076 elementor-widget elementor-widget-wd_counter\" data-id=\"14ff076\" data-element_type=\"widget\" data-e-type=\"widget\" data-widget_type=\"wd_counter.default\">\n\t\t\t\t<div class=\"elementor-widget-container\">\n\t\t\t\t\t\t\t<div class=\"woodmart-counter counter-large text-center color-scheme-light\">\n\t\t\t<div class=\"counter-value\" data-state=\"new\" data-final=\"2017\">\n\t\t\t\t2017\t\t\t<\/div>\n\n\t\t\t\t\t\t\t<div class=\"counter-label\">\n\t\t\t\t\tKURULU\u015e YILI\t\t\t\t<\/div>\n\t\t\t\t\t<\/div>\n\t\t\t\t\t\t<\/div>\n\t\t\t\t<\/div>\n\t\t\t\t<\/div>\n\t\t<div class=\"elementor-element elementor-element-668ca24 e-con-full e-flex e-con e-child\" data-id=\"668ca24\" data-element_type=\"container\" data-e-type=\"container\">\n\t\t\t\t<div class=\"elementor-element elementor-element-da35035 elementor-widget elementor-widget-wd_counter\" data-id=\"da35035\" data-element_type=\"widget\" data-e-type=\"widget\" data-widget_type=\"wd_counter.default\">\n\t\t\t\t<div class=\"elementor-widget-container\">\n\t\t\t\t\t\t\t<div class=\"woodmart-counter counter-large text-center color-scheme-light\">\n\t\t\t<div class=\"counter-value\" data-state=\"new\" data-final=\"2000\">\n\t\t\t\t2000\t\t\t<\/div>\n\n\t\t\t\t\t\t\t<div class=\"counter-label\">\n\t\t\t\t\tHER AY MUTLU M\u00dc\u015eTERI\u0307LER\t\t\t\t<\/div>\n\t\t\t\t\t<\/div>\n\t\t\t\t\t\t<\/div>\n\t\t\t\t<\/div>\n\t\t\t\t<\/div>\n\t\t\t\t<\/div>\n\t\t<div class=\"elementor-element elementor-element-6b5c35a e-con-full e-flex e-con e-child\" data-id=\"6b5c35a\" data-element_type=\"container\" data-e-type=\"container\">\n\t\t<div class=\"elementor-element elementor-element-214e692 e-con-full e-flex e-con e-child\" data-id=\"214e692\" data-element_type=\"container\" data-e-type=\"container\">\n\t\t\t\t<div class=\"elementor-element elementor-element-168ddab elementor-widget elementor-widget-wd_counter\" data-id=\"168ddab\" data-element_type=\"widget\" data-e-type=\"widget\" data-widget_type=\"wd_counter.default\">\n\t\t\t\t<div class=\"elementor-widget-container\">\n\t\t\t\t\t\t\t<div class=\"woodmart-counter counter-large text-center color-scheme-light\">\n\t\t\t<div class=\"counter-value\" data-state=\"new\" data-final=\"7\">\n\t\t\t\t7\t\t\t<\/div>\n\n\t\t\t\t\t\t\t<div class=\"counter-label\">\n\t\t\t\t\t\u015eI\u0307RKET BI\u0307ZI\u0307MLE \u00c7ALI\u015eIYOR\t\t\t\t<\/div>\n\t\t\t\t\t<\/div>\n\t\t\t\t\t\t<\/div>\n\t\t\t\t<\/div>\n\t\t\t\t<\/div>\n\t\t<div class=\"elementor-element elementor-element-214de82 e-con-full e-flex e-con e-child\" data-id=\"214de82\" data-element_type=\"container\" data-e-type=\"container\">\n\t\t\t\t<div class=\"elementor-element elementor-element-3444280 elementor-widget elementor-widget-wd_counter\" data-id=\"3444280\" data-element_type=\"widget\" data-e-type=\"widget\" data-widget_type=\"wd_counter.default\">\n\t\t\t\t<div class=\"elementor-widget-container\">\n\t\t\t\t\t\t\t<div class=\"woodmart-counter counter-large text-center color-scheme-light\">\n\t\t\t<div class=\"counter-value\" data-state=\"new\" data-final=\"4\">\n\t\t\t\t4\t\t\t<\/div>\n\n\t\t\t\t\t\t\t<div class=\"counter-label\">\n\t\t\t\t\tOF\u0130SLER\t\t\t\t<\/div>\n\t\t\t\t\t<\/div>\n\t\t\t\t\t\t<\/div>\n\t\t\t\t<\/div>\n\t\t\t\t<\/div>\n\t\t\t\t<\/div>\n\t\t<div class=\"elementor-element elementor-element-2d29667 e-con-full e-flex e-con e-child\" data-id=\"2d29667\" data-element_type=\"container\" data-e-type=\"container\">\n\t\t<div class=\"elementor-element elementor-element-9b12710 e-con-full e-flex e-con e-child\" data-id=\"9b12710\" data-element_type=\"container\" data-e-type=\"container\">\n\t\t\t\t<div class=\"elementor-element elementor-element-f4d40e8 elementor-widget elementor-widget-wd_counter\" data-id=\"f4d40e8\" data-element_type=\"widget\" data-e-type=\"widget\" data-widget_type=\"wd_counter.default\">\n\t\t\t\t<div class=\"elementor-widget-container\">\n\t\t\t\t\t\t\t<div class=\"woodmart-counter counter-large text-center color-scheme-light\">\n\t\t\t<div class=\"counter-value\" data-state=\"new\" data-final=\"21\">\n\t\t\t\t21\t\t\t<\/div>\n\n\t\t\t\t\t\t\t<div class=\"counter-label\">\n\t\t\t\t\tEKI\u0307P \u00dcYELERI\u0307\t\t\t\t<\/div>\n\t\t\t\t\t<\/div>\n\t\t\t\t\t\t<\/div>\n\t\t\t\t<\/div>\n\t\t\t\t<\/div>\n\t\t<div class=\"elementor-element elementor-element-cc152f4 e-con-full e-flex e-con e-child\" data-id=\"cc152f4\" data-element_type=\"container\" data-e-type=\"container\">\n\t\t\t\t<div class=\"elementor-element elementor-element-d17999d elementor-widget elementor-widget-wd_counter\" data-id=\"d17999d\" data-element_type=\"widget\" data-e-type=\"widget\" data-widget_type=\"wd_counter.default\">\n\t\t\t\t<div class=\"elementor-widget-container\">\n\t\t\t\t\t\t\t<div class=\"woodmart-counter counter-large text-center color-scheme-light\">\n\t\t\t<div class=\"counter-value\" data-state=\"new\" data-final=\"30\">\n\t\t\t\t30\t\t\t<\/div>\n\n\t\t\t\t\t\t\t<div class=\"counter-label\">\n\t\t\t\t\tTAMAMLANAN \u00dcR\u00dcNLER\t\t\t\t<\/div>\n\t\t\t\t\t<\/div>\n\t\t\t\t\t\t<\/div>\n\t\t\t\t<\/div>\n\t\t\t\t<\/div>\n\t\t\t\t<\/div>\n\t\t\t\t<\/div>\n\t\t\t\t\t<\/div>\n\t\t\t\t<\/div>\n\t\t<div class=\"wd-negative-gap elementor-element elementor-element-f1bfb82 e-flex e-con-boxed e-con e-parent\" data-id=\"f1bfb82\" data-element_type=\"container\" data-e-type=\"container\">\n\t\t\t\t\t<div class=\"e-con-inner\">\n\t\t\t\t<div class=\"elementor-element elementor-element-e23b1d4 color-scheme-inherit text-left elementor-widget elementor-widget-text-editor\" data-id=\"e23b1d4\" data-element_type=\"widget\" data-e-type=\"widget\" data-widget_type=\"text-editor.default\">\n\t\t\t\t<div class=\"elementor-widget-container\">\n\t\t\t\t\t\t\t\t\t<h1><strong>\u015eirketimiz Hakk\u0131nda<\/strong><\/h1><p>2017 y\u0131l\u0131nda kurulmu\u015ftur, <span style=\"white-space-collapse: preserve;\">LOWE'S PROFESYONEL<\/span>\u00a0kozmetik sekt\u00f6r\u00fcnde h\u0131zla lider bir isim haline geldi. \u0130lk g\u00fcnden itibaren misyonumuz, m\u00fc\u015fterilerimizin ihtiya\u00e7lar\u0131n\u0131 kar\u015f\u0131layan y\u00fcksek kaliteli \u00fcr\u00fcnler sunarak onlara ola\u011fan\u00fcst\u00fc bir g\u00fczellik deneyimi ya\u015fatmak olmu\u015ftur. Yenilik\u00e7ilik, kalite ve detaylara titizlikle dikkat etme ilkeleri \u00fczerine in\u015fa edilen \u015firketimiz, k\u0131sa s\u00fcrede g\u00fczellik d\u00fcnyas\u0131nda se\u00e7kin bir itibar kazand\u0131.<\/p><h1>Vizyonumuz<\/h1><p>Do\u011fal g\u00fczelli\u011fi geli\u015ftiren ve uzun vadeli sa\u011fl\u0131\u011f\u0131 destekleyen kozmetikler s\u00f6z konusu oldu\u011funda ba\u015fvurulacak marka olmay\u0131 hedefliyoruz. G\u00fczelli\u011fin sadece d\u0131\u015f g\u00f6r\u00fcn\u00fc\u015fle ilgili olmad\u0131\u011f\u0131na, ki\u015finin kendi cildinde g\u00fcven ve rahatl\u0131k hissi oldu\u011funa inan\u0131yoruz. \u00dcr\u00fcnlerimiz arac\u0131l\u0131\u011f\u0131yla aktarmaya \u00e7al\u0131\u015ft\u0131\u011f\u0131m\u0131z \u00f6z budur.<\/p><h1>\u00dcr\u00fcnlerimiz<\/h1><p><span style=\"white-space-collapse: preserve;\">LOWE'S PROFESYONEL<\/span>\u00a0\u00fcr\u00fcnleri, do\u011fadan ilham almalar\u0131 ve g\u00fczellik end\u00fcstrisindeki en son bilimsel geli\u015fmelerle geli\u015ftirilmeleriyle \u00f6ne \u00e7\u0131kmaktad\u0131r. Arad\u0131\u011f\u0131n\u0131z ister cilt bak\u0131m\u0131, ister sa\u00e7 bak\u0131m\u0131, ister makyaj olsun, \u00fcr\u00fcn yelpazemiz t\u00fcm g\u00fcnl\u00fck ihtiya\u00e7lar\u0131n\u0131z\u0131 kar\u015f\u0131lar. Cilt ve sa\u00e7 sa\u011fl\u0131\u011f\u0131n\u0131 g\u00fcvenli ve sa\u011fl\u0131kl\u0131 bir \u015fekilde iyile\u015ftirmeye yard\u0131mc\u0131 olan do\u011fal, etkili bile\u015fenler kullanmaya \u00f6ncelik veriyoruz.<\/p><h1>Kalite Taahh\u00fcd\u00fcm\u00fcz<\/h1><p>Kalite, yapt\u0131\u011f\u0131m\u0131z her \u015feyin temel ta\u015f\u0131d\u0131r. M\u00fc\u015fterilerimizin eline ula\u015fan her \u00fcr\u00fcn\u00fcn en \u00fcst d\u00fczeyde g\u00fcvenlik ve etkinli\u011fe sahip olmas\u0131n\u0131 sa\u011flamak i\u00e7in en y\u00fcksek \u00fcretim standartlar\u0131na ba\u011fl\u0131 kal\u0131yoruz. \u00dcr\u00fcnlerimiz, farkl\u0131 cilt ve sa\u00e7 tiplerine uygunlu\u011fu sa\u011flamak i\u00e7in titiz testlerden ge\u00e7mektedir.<\/p><h1>\u00c7evresel ve Sosyal Sorumluluk<\/h1><p>At <span style=\"white-space-collapse: preserve;\">LOWE'S PROFESYONEL<\/span>\u00e7evreyi koruman\u0131n \u00f6neminin fark\u0131nday\u0131z. Bu nedenle, i\u00e7erik se\u00e7iminden paketlemeye kadar \u00fcretimin her a\u015famas\u0131nda s\u00fcrd\u00fcr\u00fclebilir uygulamalar hayata ge\u00e7iriyoruz. Ayr\u0131ca, toplumu destekleyerek ve refah\u0131n\u0131 art\u0131ran giri\u015fimlere kat\u0131larak sosyal sorumlulu\u011fumuza da ba\u011fl\u0131y\u0131z.<\/p><h1>Gelece\u011fe Bak\u0131\u015f<\/h1><p>2017'deki kurulu\u015fumuzdan bu yana istikrarl\u0131 ad\u0131mlarla ve gelece\u011fe y\u00f6nelik net bir vizyonla ilerliyoruz. M\u00fc\u015fterilerimiz i\u00e7in s\u00fcrekli olarak yenilikler yapmaya ve yeni, faydal\u0131 \u00fcr\u00fcnler sunmaya \u00e7al\u0131\u015f\u0131yoruz. Bizi bir\u00e7oklar\u0131 i\u00e7in tercih edilen bir se\u00e7enek haline getiren de\u011ferleri ve ilkeleri korurken, \u00fcr\u00fcn yelpazemizi geni\u015fletmeyi ve yeni pazarlara ula\u015fmay\u0131 hedefliyoruz.<\/p><p>Sonu\u00e7 olarak <span style=\"white-space-collapse: preserve;\">LOWE'S PROFESYONEL<\/span>Bug\u00fcne kadar ba\u015fard\u0131klar\u0131m\u0131zla gurur duyuyor ve m\u00fc\u015fterilerimizin deste\u011fi ve g\u00fcveniyle daha da fazla ba\u015far\u0131 elde etmek i\u00e7in sab\u0131rs\u0131zlan\u0131yoruz. G\u00fczellik ve ki\u015fisel bak\u0131m aray\u0131\u015f\u0131n\u0131zdaki yolculu\u011funuzun bir par\u00e7as\u0131 olmak i\u00e7in buraday\u0131z.<\/p>\t\t\t\t\t\t\t\t<\/div>\n\t\t\t\t<\/div>\n\t\t\t\t\t<\/div>\n\t\t\t\t<\/div>\n\t\t\t\t<\/div>","protected":false},"excerpt":{"rendered":"<p>OUR COMPANY STAT\u0130STICS WE DO IT FOR YOU WITH LOVE 2017 FOUNDING YEAR 2000 HAPPY COSTUMERS EVERY MONTH 7 COMPANY<\/p>","protected":false},"author":1,"featured_media":0,"parent":0,"menu_order":0,"comment_status":"closed","ping_status":"closed","template":"","meta":{"om_disable_all_campaigns":false,"_monsterinsights_skip_tracking":false,"_monsterinsights_sitenote_active":false,"_monsterinsights_sitenote_note":"","_monsterinsights_sitenote_category":0,"footnotes":""},"class_list":["post-4400","page","type-page","status-publish","hentry"],"aioseo_notices":[],"_hostinger_reach_plugin_has_subscription_block":false,"_hostinger_reach_plugin_is_elementor":false,"_links":{"self":[{"href":"https:\/\/lowesprofesyonel.com\/tr\/wp-json\/wp\/v2\/pages\/4400","targetHints":{"allow":["GET"]}}],"collection":[{"href":"https:\/\/lowesprofesyonel.com\/tr\/wp-json\/wp\/v2\/pages"}],"about":[{"href":"https:\/\/lowesprofesyonel.com\/tr\/wp-json\/wp\/v2\/types\/page"}],"author":[{"embeddable":true,"href":"https:\/\/lowesprofesyonel.com\/tr\/wp-json\/wp\/v2\/users\/1"}],"replies":[{"embeddable":true,"href":"https:\/\/lowesprofesyonel.com\/tr\/wp-json\/wp\/v2\/comments?post=4400"}],"version-history":[{"count":18,"href":"https:\/\/lowesprofesyonel.com\/tr\/wp-json\/wp\/v2\/pages\/4400\/revisions"}],"predecessor-version":[{"id":28063,"href":"https:\/\/lowesprofesyonel.com\/tr\/wp-json\/wp\/v2\/pages\/4400\/revisions\/28063"}],"wp:attachment":[{"href":"https:\/\/lowesprofesyonel.com\/tr\/wp-json\/wp\/v2\/media?parent=4400"}],"curies":[{"name":"wp","href":"https:\/\/api.w.org\/{rel}","templated":true}]}}