{"id":27446,"date":"2024-08-18T16:23:19","date_gmt":"2024-08-18T13:23:19","guid":{"rendered":"https:\/\/lowesprofesyonel.com\/?post_type=product&#038;p=27446"},"modified":"2026-04-16T18:55:34","modified_gmt":"2026-04-16T15:55:34","slug":"tuy-azaltici-ve-nemlendi%cc%87ri%cc%87ci%cc%87-sut-isirgan-otu-ve-hyaluroni%cc%87k-asi%cc%87t-ozlu-50-ml","status":"publish","type":"product","link":"https:\/\/lowesprofesyonel.com\/tr\/product\/tuy-azaltici-ve-nemlendirici-sut-isirgan-otu-ve-hyaluronik-asit-ozlu-50-ml\/","title":{"rendered":"Lowe's Yo\u011fun Onar\u0131c\u0131 Nemlendirici - Yumu\u015fak ve Parlak Bir Cilt i\u00e7in 24 Saat Derinlemesine Nemlendirme"},"content":{"rendered":"<p><strong>LOWE'S Nemlendirici Krem Kullanman\u0131n Faydalar\u0131:<\/strong><\/p>\n<p><strong>Derin Nemlendirme:<\/strong><br \/>\nCilde derinlemesine nemlendirme sa\u011flayarak g\u00fcn boyu yumu\u015fakl\u0131k ve esneklik kazand\u0131r\u0131r.<\/p>\n<p><strong>Cilt Elastikiyetini Art\u0131r\u0131r:<\/strong><br \/>\nK\u0131r\u0131\u015f\u0131kl\u0131klar\u0131n ve ince \u00e7izgilerin g\u00f6r\u00fcn\u00fcm\u00fcn\u00fc azaltmaya yard\u0131mc\u0131 olan cilt elastikiyetini art\u0131ran bile\u015fenler i\u00e7erir.<\/p>\n<p><strong>Cildi Besler:<\/strong><br \/>\nVitaminler ve do\u011fal ya\u011flar gibi besleyici bile\u015fenler i\u00e7erir, cilt sa\u011fl\u0131\u011f\u0131n\u0131 destekler ve besler.<\/p>\n<p><strong>Cilt Korumas\u0131:<\/strong><br \/>\nCilt y\u00fczeyinde koruyucu bir tabaka olu\u015fturarak cildi kirlilik ve sert hava ko\u015fullar\u0131 gibi \u00e7evresel fakt\u00f6rlerden korur.<\/p>\n<p><strong>\u0130yile\u015fme S\u00fcrecini H\u0131zland\u0131r\u0131r:<\/strong><br \/>\nKuru ve yorgun cildin iyile\u015fme s\u00fcrecini h\u0131zland\u0131r\u0131r, sa\u011fl\u0131\u011f\u0131n\u0131 ve tazeli\u011fini h\u0131zla geri kazand\u0131r\u0131r.<\/p>\n<p><strong>Nem Dengesini Korur:<\/strong><br \/>\nCildin do\u011fal nem dengesini korumaya yard\u0131mc\u0131 olur, kurulu\u011fu azalt\u0131r ve sa\u011fl\u0131kl\u0131, \u0131\u015f\u0131lt\u0131l\u0131 bir g\u00f6r\u00fcn\u00fcm sa\u011flar.<\/p>\n<p><strong>Cildi Yumu\u015fat\u0131r:<\/strong><br \/>\nCilde dokunulabilir bir yumu\u015fakl\u0131k sa\u011flar, yat\u0131\u015ft\u0131r\u0131r ve p\u00fcr\u00fczleri azalt\u0131r.<\/p>\n<p><strong>Hassas Alanlar i\u00e7in Uygun:<\/strong><br \/>\nHassas b\u00f6lgelere g\u00fcvenle uygulanabilir, bu da onu v\u00fccudun t\u00fcm b\u00f6lgelerini nemlendirmek ve beslemek i\u00e7in ideal bir se\u00e7im haline getirir.<\/p>\n<p>Not: En iyi sonu\u00e7 i\u00e7in nemlendirici kremin d\u00fczenli olarak kullan\u0131lmas\u0131 ve kullan\u0131m talimatlar\u0131na uyulmas\u0131 tavsiye edilir.<\/p>\n<p><strong>LOWE'S Nemlendirici Krem Kullan\u0131m Talimatlar\u0131:<\/strong><\/p>\n<p><strong>Haz\u0131rl\u0131k:<\/strong><br \/>\nKremi uygulamadan \u00f6nce cildinizin temiz ve kuru oldu\u011fundan emin olun.<\/p>\n<p><strong>Uygulama:<\/strong><br \/>\nKremi cildinize e\u015fit \u015fekilde uygulay\u0131n. \u0130nce bir tabaka genellikle yeterlidir.<\/p>\n<p><strong>Masaj:<\/strong><br \/>\nDaha iyi emilim ve daha fazla etkinlik sa\u011flamak i\u00e7in kremin uyguland\u0131\u011f\u0131 b\u00f6lgelere hafif\u00e7e masaj yap\u0131n.<\/p>\n<p><strong>Bekleme s\u00fcresi:<\/strong><br \/>\nKremi cildinizde b\u0131rak\u0131n ve tamamen emilmesini bekleyin. Y\u0131kaman\u0131za gerek yoktur; cildinizde b\u0131rak\u0131n.<\/p>\n<p><strong>Kullan\u0131m S\u0131kl\u0131\u011f\u0131:<\/strong><br \/>\nEn iyi sonu\u00e7 i\u00e7in kremin sabah ve gece olmak \u00fczere g\u00fcnde iki kez kullan\u0131lmas\u0131 tavsiye edilir.<\/p>\n<p>Not: Hassas b\u00f6lgelerde kullan\u0131rken dikkatli olun ve g\u00f6zlerinizden uzak tutun.<\/p>","protected":false},"excerpt":{"rendered":"<p>Lowe's Yo\u011fun Onar\u0131c\u0131 Nemlendirici - Yumu\u015fak ve Parlak Bir Cilt i\u00e7in 24 Saat Derinlemesine Nemlendirme<\/p>","protected":false},"featured_media":27795,"comment_status":"open","ping_status":"closed","template":"","meta":{"om_disable_all_campaigns":false,"_monsterinsights_skip_tracking":false,"_monsterinsights_sitenote_active":false,"_monsterinsights_sitenote_note":"","_monsterinsights_sitenote_category":0},"product_brand":[],"product_cat":[42,74,80,32],"product_tag":[],"class_list":{"0":"post-27446","1":"product","2":"type-product","3":"status-publish","4":"has-post-thumbnail","6":"product_cat-cream","7":"product_cat-face-cream","8":"product_cat-face-peeling","9":"product_cat-peeling","11":"first","12":"instock","13":"shipping-taxable","14":"purchasable","15":"product-type-simple"},"aioseo_notices":[],"_links":{"self":[{"href":"https:\/\/lowesprofesyonel.com\/tr\/wp-json\/wp\/v2\/product\/27446","targetHints":{"allow":["GET"]}}],"collection":[{"href":"https:\/\/lowesprofesyonel.com\/tr\/wp-json\/wp\/v2\/product"}],"about":[{"href":"https:\/\/lowesprofesyonel.com\/tr\/wp-json\/wp\/v2\/types\/product"}],"replies":[{"embeddable":true,"href":"https:\/\/lowesprofesyonel.com\/tr\/wp-json\/wp\/v2\/comments?post=27446"}],"version-history":[{"count":6,"href":"https:\/\/lowesprofesyonel.com\/tr\/wp-json\/wp\/v2\/product\/27446\/revisions"}],"predecessor-version":[{"id":27613,"href":"https:\/\/lowesprofesyonel.com\/tr\/wp-json\/wp\/v2\/product\/27446\/revisions\/27613"}],"wp:featuredmedia":[{"embeddable":true,"href":"https:\/\/lowesprofesyonel.com\/tr\/wp-json\/wp\/v2\/media\/27795"}],"wp:attachment":[{"href":"https:\/\/lowesprofesyonel.com\/tr\/wp-json\/wp\/v2\/media?parent=27446"}],"wp:term":[{"taxonomy":"product_brand","embeddable":true,"href":"https:\/\/lowesprofesyonel.com\/tr\/wp-json\/wp\/v2\/product_brand?post=27446"},{"taxonomy":"product_cat","embeddable":true,"href":"https:\/\/lowesprofesyonel.com\/tr\/wp-json\/wp\/v2\/product_cat?post=27446"},{"taxonomy":"product_tag","embeddable":true,"href":"https:\/\/lowesprofesyonel.com\/tr\/wp-json\/wp\/v2\/product_tag?post=27446"}],"curies":[{"name":"wp","href":"https:\/\/api.w.org\/{rel}","templated":true}]}}