{"id":27833,"date":"2024-12-29T20:29:18","date_gmt":"2024-12-29T17:29:18","guid":{"rendered":"https:\/\/lowesprofesyonel.com\/?post_type=product&#038;p=27833"},"modified":"2026-04-16T18:54:44","modified_gmt":"2026-04-16T15:54:44","slug":"sebum-dengeleyici-ve-aydinlatici-seramid-etkili-yuz-yikama-jeli-250-ml-2","status":"publish","type":"product","link":"https:\/\/lowesprofesyonel.com\/tr\/product\/sebum-dengeleyici-ve-aydinlatici-seramid-etkili-yuz-yikama-jeli-250-ml-2\/","title":{"rendered":"Sebum Dengeleyici ve Ayd\u0131nlat\u0131c\u0131 Seramid Etkili Y\u00fcz Y\u0131kama Jeli 250 ml"},"content":{"rendered":"<div>\n<p><b>Y\u00fcz Temizleme Jeli - Cildinizi Nazik\u00e7e Temizler ve Ayd\u0131nlat\u0131r!<\/b><\/p>\n<\/div>\n<p>Cildinizin taze ve sa\u011fl\u0131kl\u0131 g\u00f6r\u00fcnmesini istiyorsan\u0131z, \u00a0 \u00a0 \u00a0 <b>Y\u00fcz Temizleme Jeli<\/b>m\u00fckemmel bi\u0307r se\u00e7i\u0307m! \u00d6zel form\u00fcl\u00fc sayesinde cildinizi nazik\u00e7e temizler, fazla ya\u011f\u0131 ve kirleri ar\u0131nd\u0131r\u0131rken, cildinizi kurutmadan nemlendirir.<\/p>\n<p>Ciltteki kirleri, makyaj\u0131 ve fazla ya\u011f\u0131 etkili bir \u015fekilde temizler. Hyaluronik Asit sayesinde cildinizi nemlendirir ve yumu\u015fat\u0131r. D\u00fczenli kullan\u0131mda cilt tonunu e\u015fitler ve canl\u0131l\u0131k kazand\u0131r\u0131r. Seramid etkisi ile cilt bariyerini g\u00fc\u00e7lendirir, cildinizin sa\u011fl\u0131kl\u0131 g\u00f6r\u00fcnmesini sa\u011flar.<\/p>\n<p>Y\u00fcz\u00fcn\u00fcz\u00fc \u0131slatt\u0131ktan sonra, yeterli miktarda jeli parmak u\u00e7lar\u0131n\u0131zla nazik\u00e7e masaj yaparak uygulay\u0131n. Ard\u0131ndan bol su ile durulay\u0131n. G\u00fcnl\u00fck kullan\u0131m i\u00e7in idealdir.<\/p>\n<p>Cildinize nazik ama etkili bir bak\u0131m sa\u011flamak i\u00e7in \u00a0 \u00a0 \u00a0 <b>Y\u00fcz Temizleme Jeli<\/b>'ni hemen ke\u015ffedin!<\/p>\n<div><\/div>","protected":false},"excerpt":{"rendered":"<div>\n<p>Sebum Dengeleyici ve Ayd\u0131nlat\u0131c\u0131 Seramid Etkili Y\u00fcz Y\u0131kama Jeli 250 ml<\/p>\n<\/div>","protected":false},"featured_media":27835,"comment_status":"open","ping_status":"closed","template":"","meta":{"om_disable_all_campaigns":false,"_monsterinsights_skip_tracking":false,"_monsterinsights_sitenote_active":false,"_monsterinsights_sitenote_note":"","_monsterinsights_sitenote_category":0},"product_brand":[],"product_cat":[85,83],"product_tag":[],"class_list":{"0":"post-27833","1":"product","2":"type-product","3":"status-publish","4":"has-post-thumbnail","6":"product_cat-face-tonic","7":"product_cat-tonic","9":"first","10":"instock","11":"shipping-taxable","12":"purchasable","13":"product-type-simple"},"aioseo_notices":[],"_links":{"self":[{"href":"https:\/\/lowesprofesyonel.com\/tr\/wp-json\/wp\/v2\/product\/27833","targetHints":{"allow":["GET"]}}],"collection":[{"href":"https:\/\/lowesprofesyonel.com\/tr\/wp-json\/wp\/v2\/product"}],"about":[{"href":"https:\/\/lowesprofesyonel.com\/tr\/wp-json\/wp\/v2\/types\/product"}],"replies":[{"embeddable":true,"href":"https:\/\/lowesprofesyonel.com\/tr\/wp-json\/wp\/v2\/comments?post=27833"}],"version-history":[{"count":6,"href":"https:\/\/lowesprofesyonel.com\/tr\/wp-json\/wp\/v2\/product\/27833\/revisions"}],"predecessor-version":[{"id":28145,"href":"https:\/\/lowesprofesyonel.com\/tr\/wp-json\/wp\/v2\/product\/27833\/revisions\/28145"}],"wp:featuredmedia":[{"embeddable":true,"href":"https:\/\/lowesprofesyonel.com\/tr\/wp-json\/wp\/v2\/media\/27835"}],"wp:attachment":[{"href":"https:\/\/lowesprofesyonel.com\/tr\/wp-json\/wp\/v2\/media?parent=27833"}],"wp:term":[{"taxonomy":"product_brand","embeddable":true,"href":"https:\/\/lowesprofesyonel.com\/tr\/wp-json\/wp\/v2\/product_brand?post=27833"},{"taxonomy":"product_cat","embeddable":true,"href":"https:\/\/lowesprofesyonel.com\/tr\/wp-json\/wp\/v2\/product_cat?post=27833"},{"taxonomy":"product_tag","embeddable":true,"href":"https:\/\/lowesprofesyonel.com\/tr\/wp-json\/wp\/v2\/product_tag?post=27833"}],"curies":[{"name":"wp","href":"https:\/\/api.w.org\/{rel}","templated":true}]}}