{"id":27842,"date":"2025-02-27T21:18:14","date_gmt":"2025-02-27T18:18:14","guid":{"rendered":"https:\/\/lowesprofesyonel.com\/?post_type=product&#038;p=27842"},"modified":"2026-04-16T18:54:33","modified_gmt":"2026-04-16T15:54:33","slug":"0-dogal-cilek-aromali-masaj-yagi-masaj-yagi-150-ml-cilek","status":"publish","type":"product","link":"https:\/\/lowesprofesyonel.com\/tr\/product\/0-dogal-cilek-aromali-masaj-yagi-massage-oil-150-ml-cilek\/","title":{"rendered":"%100 Do\u011fal \u00c7ilek Aromal\u0131 Masaj Ya\u011f\u0131 Massage Oil 150 ml ( \u00c7ilek )"},"content":{"rendered":"<div>Neden MASAJ YA\u011eI kullanmal\u0131y\u0131m?<\/div>\n<div>Cildi Besler ve Nemlendirir:Do\u011fal ya\u011flarla zenginle\u015ftirilmi\u015f form\u00fcl\u00fc sayesinde cildi derinlemesine besler, nemlendirir ve yumu\u015fac\u0131k bir his b\u0131rak\u0131r..Rahatlat\u0131r ve Stresi Azalt\u0131r:Masaj s\u0131ras\u0131nda kaslar\u0131 gev\u015fetir, v\u00fccudu rahatlat\u0131r ve stresin azalmas\u0131na destek olur.<\/div>\n<div><\/div>\n<div><\/div>\n<div>\n<div>NASIL KULLANILIR?<\/div>\n<div>Bir miktar ya\u011f\u0131 avucunuza al\u0131n ve masaj yap\u0131lacak b\u00f6lgeye nazik\u00e7e uygulay\u0131n. Ya\u011f\u0131 cilt \u00fczerinde dairesel hareketlerle masaj yaparak iyice yedirin. Durulama gerektirmez.<\/div>\n<\/div>","protected":false},"excerpt":{"rendered":"<h3><b>\u00c7ilek Kokulu Masaj Ya\u011f\u0131 - Rahatlat\u0131c\u0131 ve Nemlendirici Bak\u0131m!<\/b>\ud83c\udf53\u2728<\/h3>\n<p>Cildinize <b>derinlemesine nem<\/b>sa\u011flayan ve <b>yumu\u015fakl\u0131k<\/b>kazand\u0131ran <b>\u00c7ilek Kokulu Masaj Ya\u011f\u0131<\/b>, ayn\u0131 zamanda <b>parlakl\u0131k verir<\/b>ve masaj s\u0131ras\u0131nda rahatlat\u0131c\u0131 bir deneyim sunar. Do\u011fal i\u00e7eri\u011fiyle cildinizi besler ve <b>kaygan bir doku<\/b>olu\u015fturarak masaj\u0131n daha kolay yap\u0131lmas\u0131n\u0131 sa\u011flar. \ud83d\udc86\u2640\ufe0f\ud83d\udc96<\/p>\n<p>&nbsp;<\/p>\n<div>\ud83d\udc96 <b>\u00d6ne \u00c7\u0131kan \u00d6zellikler:<\/b><\/div>\n<div>\u2714 <b>Cildinize derinlemesine nem ve yumu\u015fakl\u0131k<\/b>kazand\u0131r\u0131r \ud83d\udca7<\/div>\n<div>\u2714 <b>Parlakl\u0131k verir<\/b>ve do\u011fal bir \u0131\u015f\u0131lt\u0131 sa\u011flar \u2728<\/div>\n<div>\u2714 Masaj s\u0131ras\u0131nda <b>rahatlat\u0131c\u0131 etki<\/b>sunar ve <b>kolay kullan\u0131m<\/b>sa\u011flar \ud83c\udf38<\/div>\n<div>\u2714 <b>\u00c7ilek kokusu<\/b>ile cildinize ho\u015f bir ferahl\u0131k verir \ud83c\udf53<\/div>\n<h3><b>\ud83d\udcdd Kullan\u0131m \u015eekli:<\/b><\/h3>\n<p>&nbsp;<\/p>\n<div>\ud83d\udd38 Bir miktar <b>masaj ya\u011f\u0131n\u0131 avucunuza al\u0131n<\/b>al\u0131n.<\/div>\n<div>\ud83d\udd38 <b>Masaj yap\u0131lacak b\u00f6lge<\/b>nazik\u00e7e uygulay\u0131n ve dairesel hareketlerle iyice yedirin.<\/div>\n<div>\ud83d\udd38 <b>Durulama gerektirmez<\/b>hemen ard\u0131ndan rahatlat\u0131c\u0131 etkisini hissedin!<\/div>\n<p>\u2728 <b>Cildinizi nemlendirirken rahatlat\u0131c\u0131 bir masaj deneyimi ya\u015fay\u0131n, do\u011fal \u0131\u015f\u0131lt\u0131y\u0131 ke\u015ffedin!<\/b>\u2728<\/p>\n<div><\/div>","protected":false},"featured_media":27843,"comment_status":"open","ping_status":"closed","template":"","meta":{"om_disable_all_campaigns":false,"_monsterinsights_skip_tracking":false,"_monsterinsights_sitenote_active":false,"_monsterinsights_sitenote_note":"","_monsterinsights_sitenote_category":0},"product_brand":[],"product_cat":[84,83],"product_tag":[],"class_list":{"0":"post-27842","1":"product","2":"type-product","3":"status-publish","4":"has-post-thumbnail","6":"product_cat-skin-tonic","7":"product_cat-tonic","9":"first","10":"instock","11":"shipping-taxable","12":"purchasable","13":"product-type-simple"},"aioseo_notices":[],"_links":{"self":[{"href":"https:\/\/lowesprofesyonel.com\/tr\/wp-json\/wp\/v2\/product\/27842","targetHints":{"allow":["GET"]}}],"collection":[{"href":"https:\/\/lowesprofesyonel.com\/tr\/wp-json\/wp\/v2\/product"}],"about":[{"href":"https:\/\/lowesprofesyonel.com\/tr\/wp-json\/wp\/v2\/types\/product"}],"replies":[{"embeddable":true,"href":"https:\/\/lowesprofesyonel.com\/tr\/wp-json\/wp\/v2\/comments?post=27842"}],"version-history":[{"count":3,"href":"https:\/\/lowesprofesyonel.com\/tr\/wp-json\/wp\/v2\/product\/27842\/revisions"}],"predecessor-version":[{"id":28141,"href":"https:\/\/lowesprofesyonel.com\/tr\/wp-json\/wp\/v2\/product\/27842\/revisions\/28141"}],"wp:featuredmedia":[{"embeddable":true,"href":"https:\/\/lowesprofesyonel.com\/tr\/wp-json\/wp\/v2\/media\/27843"}],"wp:attachment":[{"href":"https:\/\/lowesprofesyonel.com\/tr\/wp-json\/wp\/v2\/media?parent=27842"}],"wp:term":[{"taxonomy":"product_brand","embeddable":true,"href":"https:\/\/lowesprofesyonel.com\/tr\/wp-json\/wp\/v2\/product_brand?post=27842"},{"taxonomy":"product_cat","embeddable":true,"href":"https:\/\/lowesprofesyonel.com\/tr\/wp-json\/wp\/v2\/product_cat?post=27842"},{"taxonomy":"product_tag","embeddable":true,"href":"https:\/\/lowesprofesyonel.com\/tr\/wp-json\/wp\/v2\/product_tag?post=27842"}],"curies":[{"name":"wp","href":"https:\/\/api.w.org\/{rel}","templated":true}]}}