{"id":27851,"date":"2025-02-27T21:24:12","date_gmt":"2025-02-27T18:24:12","guid":{"rendered":"https:\/\/lowesprofesyonel.com\/?post_type=product&#038;p=27851"},"modified":"2026-04-16T18:54:21","modified_gmt":"2026-04-16T15:54:21","slug":"0-dogal-biberiye-yagi-engeller-ve-hizli-uzamasini-saglar","status":"publish","type":"product","link":"https:\/\/lowesprofesyonel.com\/tr\/product\/0-dogal-biberiye-yagi-engeller-ve-hizli-uzamasini-saglar\/","title":{"rendered":"%100 Do\u011fal Biberiye Ya\u011f\u0131, engeller ve h\u0131zl\u0131 uzamas\u0131n\u0131 sa\u011flar"},"content":{"rendered":"<div>\n<div><b>Biberiye Ya\u011f\u0131 Kompleksi - Sa\u00e7 D\u00f6k\u00fclmesi ve Y\u0131pranm\u0131\u015f Sa\u00e7lara \u00d6zel H\u0131zl\u0131 Uzatma Bak\u0131m\u0131<br \/>\n<\/b><\/div>\n<\/div>\n<p>Sa\u00e7 d\u00f6k\u00fclmesini durdurmak ve y\u0131pranm\u0131\u015f sa\u00e7lar\u0131 onarmak i\u00e7in geli\u015ftirilmi\u015f \u00f6zel form\u00fcl! Biberiye ya\u011f\u0131 ile zenginle\u015ftirilmi\u015f bu sa\u00e7 bak\u0131m\u0131, sa\u00e7 k\u00f6klerini g\u00fc\u00e7lendirir, d\u00f6k\u00fclmeyi engeller ve sa\u011fl\u0131kl\u0131, canl\u0131 bir g\u00f6r\u00fcn\u00fcm kazand\u0131r\u0131r. Sa\u00e7lar\u0131n h\u0131zla uzamas\u0131n\u0131 desteklerken, derinlemesine besler ve k\u0131r\u0131lmalar\u0131 \u00f6nler. Do\u011fal i\u00e7eriklerle form\u00fcle edilmi\u015ftir, her sa\u00e7 tipine uygundur. Sa\u00e7\u0131n\u0131z\u0131n ihtiyac\u0131 olan t\u00fcm bak\u0131m\u0131 tek bir ad\u0131mda sa\u011flayarak, daha g\u00fc\u00e7l\u00fc, parlak ve sa\u011fl\u0131kl\u0131 sa\u00e7lara sahip olman\u0131z\u0131 sa\u011flar.<\/p>\n<div>\n<div><\/div>\n<div><b>NASIL KULLANILIR?<\/b><\/div>\n<div>\n<div><\/div>\n<p>Sa\u00e7 derisine birka\u00e7 damla uygulay\u0131n ve hafif\u00e7e masaj yapt\u0131ktan sonra, sa\u00e7 u\u00e7lar\u0131na kadar taray\u0131n. 1 saat sa\u00e7\u0131n\u0131zda beklettikten sonra, sa\u00e7\u0131n\u0131z\u0131 nazik\u00e7e durulay\u0131n. F\u0131r\u00e7ay\u0131, kirpik ve ka\u015flar i\u00e7in kullan\u0131n. G\u00fcn a\u015f\u0131r\u0131 kullan\u0131lmas\u0131 \u00f6nerilir. Cildinize dairesel hareketlerle masaj yaparak uygulay\u0131n\u0131z.<\/p>\n<div><\/div>\n<div><\/div>\n<\/div>\n<\/div>","protected":false},"excerpt":{"rendered":"<div>\n<div><b>Biberiye Ya\u011f\u0131 Kompleksi - Sa\u00e7 D\u00f6k\u00fclmesi ve Y\u0131pranm\u0131\u015f Sa\u00e7lara \u00d6zel H\u0131zl\u0131 Uzatma Bak\u0131m\u0131<br \/>\n<\/b><\/div>\n<\/div>\n<p>Sa\u00e7 d\u00f6k\u00fclmesini durdurmak ve y\u0131pranm\u0131\u015f sa\u00e7lar\u0131 onarmak i\u00e7in geli\u015ftirilmi\u015f \u00f6zel form\u00fcl! Biberiye ya\u011f\u0131 ile zenginle\u015ftirilmi\u015f bu sa\u00e7 bak\u0131m\u0131, sa\u00e7 k\u00f6klerini g\u00fc\u00e7lendirir, d\u00f6k\u00fclmeyi engeller ve sa\u011fl\u0131kl\u0131, canl\u0131 bir g\u00f6r\u00fcn\u00fcm kazand\u0131r\u0131r. Sa\u00e7lar\u0131n h\u0131zla uzamas\u0131n\u0131 desteklerken, derinlemesine besler ve k\u0131r\u0131lmalar\u0131 \u00f6nler. Do\u011fal i\u00e7eriklerle form\u00fcle edilmi\u015ftir, her sa\u00e7 tipine uygundur. Sa\u00e7\u0131n\u0131z\u0131n ihtiyac\u0131 olan t\u00fcm bak\u0131m\u0131 tek bir ad\u0131mda sa\u011flayarak, daha g\u00fc\u00e7l\u00fc, parlak ve sa\u011fl\u0131kl\u0131 sa\u00e7lara sahip olman\u0131z\u0131 sa\u011flar.<\/p>\n<div>\n<div><\/div>\n<div><b>NASIL KULLANILIR?<\/b><\/div>\n<div>\n<div><\/div>\n<p>Sa\u00e7 derisine birka\u00e7 damla uygulay\u0131n ve hafif\u00e7e masaj yapt\u0131ktan sonra, sa\u00e7 u\u00e7lar\u0131na kadar taray\u0131n. 1 saat sa\u00e7\u0131n\u0131zda beklettikten sonra, sa\u00e7\u0131n\u0131z\u0131 nazik\u00e7e durulay\u0131n. F\u0131r\u00e7ay\u0131, kirpik ve ka\u015flar i\u00e7in kullan\u0131n. G\u00fcn a\u015f\u0131r\u0131 kullan\u0131lmas\u0131 \u00f6nerilir. Cildinize dairesel hareketlerle masaj yaparak uygulay\u0131n\u0131z.<\/p>\n<div><\/div>\n<div><\/div>\n<\/div>\n<\/div>","protected":false},"featured_media":28284,"comment_status":"open","ping_status":"closed","template":"","meta":{"om_disable_all_campaigns":false,"_monsterinsights_skip_tracking":false,"_monsterinsights_sitenote_active":false,"_monsterinsights_sitenote_note":"","_monsterinsights_sitenote_category":0},"product_brand":[],"product_cat":[91,53],"product_tag":[],"class_list":{"0":"post-27851","1":"product","2":"type-product","3":"status-publish","4":"has-post-thumbnail","6":"product_cat-hair-serum-serum","7":"product_cat-serum","9":"first","10":"instock","11":"shipping-taxable","12":"purchasable","13":"product-type-simple"},"aioseo_notices":[],"_links":{"self":[{"href":"https:\/\/lowesprofesyonel.com\/tr\/wp-json\/wp\/v2\/product\/27851","targetHints":{"allow":["GET"]}}],"collection":[{"href":"https:\/\/lowesprofesyonel.com\/tr\/wp-json\/wp\/v2\/product"}],"about":[{"href":"https:\/\/lowesprofesyonel.com\/tr\/wp-json\/wp\/v2\/types\/product"}],"replies":[{"embeddable":true,"href":"https:\/\/lowesprofesyonel.com\/tr\/wp-json\/wp\/v2\/comments?post=27851"}],"version-history":[{"count":4,"href":"https:\/\/lowesprofesyonel.com\/tr\/wp-json\/wp\/v2\/product\/27851\/revisions"}],"predecessor-version":[{"id":28287,"href":"https:\/\/lowesprofesyonel.com\/tr\/wp-json\/wp\/v2\/product\/27851\/revisions\/28287"}],"wp:featuredmedia":[{"embeddable":true,"href":"https:\/\/lowesprofesyonel.com\/tr\/wp-json\/wp\/v2\/media\/28284"}],"wp:attachment":[{"href":"https:\/\/lowesprofesyonel.com\/tr\/wp-json\/wp\/v2\/media?parent=27851"}],"wp:term":[{"taxonomy":"product_brand","embeddable":true,"href":"https:\/\/lowesprofesyonel.com\/tr\/wp-json\/wp\/v2\/product_brand?post=27851"},{"taxonomy":"product_cat","embeddable":true,"href":"https:\/\/lowesprofesyonel.com\/tr\/wp-json\/wp\/v2\/product_cat?post=27851"},{"taxonomy":"product_tag","embeddable":true,"href":"https:\/\/lowesprofesyonel.com\/tr\/wp-json\/wp\/v2\/product_tag?post=27851"}],"curies":[{"name":"wp","href":"https:\/\/api.w.org\/{rel}","templated":true}]}}