{"id":28178,"date":"2025-08-31T18:25:39","date_gmt":"2025-08-31T15:25:39","guid":{"rendered":"https:\/\/lowesprofesyonel.com\/"},"modified":"2026-04-16T18:53:38","modified_gmt":"2026-04-16T15:53:38","slug":"lowes-leke-karsiti-aydinlatici-serum-2-alpha-arbutin-hyaluronik-asit-30-ml","status":"publish","type":"product","link":"https:\/\/lowesprofesyonel.com\/tr\/product\/lowes-leke-karsiti-aydinlatici-serum-2-alpha-arbutin-hyaluronik-asit-30-ml\/","title":{"rendered":"Lowes Leke Kar\u015f\u0131t\u0131 Ayd\u0131nlat\u0131c\u0131 Serum - %2 Alfa Arbutin + Hyaluronik Asit - 30 ml"},"content":{"rendered":"<div id=\"product-description\">\n<div class=\"product-description visible\" data-drroot=\"product-description\" data-fragment=\"product-description\">\n<div id=\"product-content-wrapper\" class=\"product-content-wrapper__text content-description-content\" data-testid=\"product-description-content\">\n<div id=\"rich-content-wrapper\">\n<div><b>Lowes Leke Kar\u015f\u0131t\u0131 Serum - 30 ml<\/b><\/div>\n<div>Cilt Tonunu E\u015fitleyen ve Leke G\u00f6r\u00fcn\u00fcm\u00fcn\u00fc Azaltan Serum<\/div>\n<div>G\u00fcne\u015f lekeleri, ya\u015flanma belirtileri ve cilt tonu e\u015fitsizlikleriyle sava\u015fmak i\u00e7in \u00f6zel olarak form\u00fcle edilen Lowes Leke Kar\u015f\u0131t\u0131 Serum, %2 Alfa Arbutin, %2 Hyaluronik Asit ve Niasinamid i\u00e7eri\u011fiyle cildinizin daha ayd\u0131nl\u0131k, p\u00fcr\u00fczs\u00fcz ve sa\u011fl\u0131kl\u0131 g\u00f6r\u00fcnmesini destekler.<\/div>\n<div><\/div>\n<div><b>\u00dcr\u00fcn \u00d6zellikleri:<\/b><\/div>\n<div>G\u00fcne\u015f ve ya\u015fl\u0131l\u0131k lekelerinin g\u00f6r\u00fcn\u00fcm\u00fcn\u00fc azalt\u0131r<\/div>\n<div>Cilt tonunu e\u015fitlemeye yard\u0131mc\u0131 olur<\/div>\n<div>Cildi nemlendirir ve yumu\u015fat\u0131r<\/div>\n<div>Parlak ve canl\u0131 bir cilt g\u00f6r\u00fcn\u00fcm\u00fc sa\u011flar<\/div>\n<div>D\u00fczenli kullan\u0131mda etkili sonu\u00e7lar sunar<\/div>\n<div><\/div>\n<div><b>Kullan\u0131m \u015eekli:<\/b><\/div>\n<div>Temizlenmi\u015f ve kurulmu\u015f cilde sabah ve ak\u015fam olmak \u00fczere g\u00fcnde iki kez birka\u00e7 damla uygulan\u0131r. Y\u00fcz ve boyun b\u00f6lgesine nazik\u00e7e masaj yap\u0131larak yay\u0131l\u0131r. Sabah kullan\u0131m\u0131nda \u00fcr\u00fcn sonras\u0131 mutlaka g\u00fcne\u015f koruyucu kullan\u0131lmas\u0131 tavsiye edilir.<\/div>\n<div><\/div>\n<div><b>\u00dcr\u00fcn \u0130\u00e7eri\u011fi (Se\u00e7me Bile\u015fenler):<\/b><\/div>\n<div>Alfa Arbutin, Hyaluronik Asit, Niasinamid, Glutatyon, Vitamin C T\u00fcrevi (Sodyum Askorbil Fosfat), Pantenol, Tokoferil Asetat (Vitamin E), bitkisel \u00f6zler ve nemlendiriciler.<\/div>\n<div><\/div>\n<div><b>Ambalaj Bilgileri:<\/b><\/div>\n<div>Miktar: 30 ml<\/div>\n<div>Men\u015fei: T\u00fcrkiye<\/div>\n<div>Son Kullanma Tarihi: 30.04.2028<\/div>\n<div>Parti No: LWS 001<\/div>\n<div><\/div>\n<div><b>\u26a0 Uyar\u0131lar:<\/b><\/div>\n<div>Sadece harici kullan\u0131m i\u00e7indir. G\u00f6z ile temas\u0131ndan ka\u00e7\u0131n\u0131n. Temalar halinde bol su ile y\u0131kay\u0131n\u0131z. \u00c7ocuklar\u0131n ula\u015famayaca\u011f\u0131 serin ve kuru bir yerde saklay\u0131n\u0131z.<\/div>\n<\/div>\n<\/div>\n<\/div>\n<\/div>\n<div id=\"product-feedback\">\n<div class=\"product-feedback\" data-testid=\"product-feedback\" data-fragment=\"product-feedback\"><\/div>\n<\/div>","protected":false},"excerpt":{"rendered":"<p>Lowes Leke Kar\u015f\u0131t\u0131 Ayd\u0131nlat\u0131c\u0131 Serum - %2 Alfa Arbutin + Hyaluronik Asit - 30 ml<\/p>","protected":false},"featured_media":28179,"comment_status":"open","ping_status":"closed","template":"","meta":{"om_disable_all_campaigns":false,"_monsterinsights_skip_tracking":false,"_monsterinsights_sitenote_active":false,"_monsterinsights_sitenote_note":"","_monsterinsights_sitenote_category":0},"product_brand":[],"product_cat":[53,72],"product_tag":[],"class_list":{"0":"post-28178","1":"product","2":"type-product","3":"status-publish","4":"has-post-thumbnail","6":"product_cat-serum","7":"product_cat-skin-serum","9":"first","10":"instock","11":"shipping-taxable","12":"purchasable","13":"product-type-simple"},"aioseo_notices":[],"_links":{"self":[{"href":"https:\/\/lowesprofesyonel.com\/tr\/wp-json\/wp\/v2\/product\/28178","targetHints":{"allow":["GET"]}}],"collection":[{"href":"https:\/\/lowesprofesyonel.com\/tr\/wp-json\/wp\/v2\/product"}],"about":[{"href":"https:\/\/lowesprofesyonel.com\/tr\/wp-json\/wp\/v2\/types\/product"}],"replies":[{"embeddable":true,"href":"https:\/\/lowesprofesyonel.com\/tr\/wp-json\/wp\/v2\/comments?post=28178"}],"version-history":[{"count":1,"href":"https:\/\/lowesprofesyonel.com\/tr\/wp-json\/wp\/v2\/product\/28178\/revisions"}],"predecessor-version":[{"id":28186,"href":"https:\/\/lowesprofesyonel.com\/tr\/wp-json\/wp\/v2\/product\/28178\/revisions\/28186"}],"wp:featuredmedia":[{"embeddable":true,"href":"https:\/\/lowesprofesyonel.com\/tr\/wp-json\/wp\/v2\/media\/28179"}],"wp:attachment":[{"href":"https:\/\/lowesprofesyonel.com\/tr\/wp-json\/wp\/v2\/media?parent=28178"}],"wp:term":[{"taxonomy":"product_brand","embeddable":true,"href":"https:\/\/lowesprofesyonel.com\/tr\/wp-json\/wp\/v2\/product_brand?post=28178"},{"taxonomy":"product_cat","embeddable":true,"href":"https:\/\/lowesprofesyonel.com\/tr\/wp-json\/wp\/v2\/product_cat?post=28178"},{"taxonomy":"product_tag","embeddable":true,"href":"https:\/\/lowesprofesyonel.com\/tr\/wp-json\/wp\/v2\/product_tag?post=28178"}],"curies":[{"name":"wp","href":"https:\/\/api.w.org\/{rel}","templated":true}]}}