{"id":28196,"date":"2025-08-31T18:32:57","date_gmt":"2025-08-31T15:32:57","guid":{"rendered":"https:\/\/lowesprofesyonel.com\/"},"modified":"2026-04-16T18:53:15","modified_gmt":"2026-04-16T15:53:15","slug":"lowes-hyaluronik-asitli-yuz-serumu-nemlendirici-ve-cilt-canlandirici-30-ml","status":"publish","type":"product","link":"https:\/\/lowesprofesyonel.com\/tr\/product\/lowes-hyaluronik-asitli-yuz-serumu-nemlendirici-ve-cilt-canlandirici-30-ml\/","title":{"rendered":"Lowes Hyaluronik Asitli Y\u00fcz Serumu - Nemlendirici ve Cilt Canland\u0131r\u0131c\u0131 - 30 ml"},"content":{"rendered":"<div><b>Lowes Nemlendirici Y\u00fcz Serumu \u2013 Hyaluronik Asit + B5 Vitaminli \u2013 30 ml<\/b><\/div>\n<div><\/div>\n<div>Cildinizin ihtiyac\u0131 olan yo\u011fun nemi sa\u011flayan Lowes &#8211; Intensive Hydration Serum, i\u00e7eri\u011findeki Hyaluronik Asitve B5 Vitamini (Panthenol)sayesinde cildi derinlemesine nemlendirir, yumu\u015fat\u0131r ve daha sa\u011fl\u0131kl\u0131 bir g\u00f6r\u00fcn\u00fcm kazand\u0131r\u0131r. D\u00fczenli kullan\u0131mda ince \u00e7izgilerin ve kurulu\u011fa ba\u011fl\u0131 olu\u015fan k\u0131r\u0131\u015f\u0131kl\u0131klar\u0131n g\u00f6r\u00fcn\u00fcm\u00fcn\u00fc azaltmaya yard\u0131mc\u0131 olur.<\/div>\n<div><\/div>\n<div><\/div>\n<div><b>\u00dcr\u00fcn \u00d6zellikleri:<\/b><\/div>\n<div><\/div>\n<div>Derinlemesine nemlendirme sa\u011flar<\/div>\n<div><\/div>\n<div>Cildin elastikiyetini ve yumu\u015fakl\u0131\u011f\u0131n\u0131 art\u0131r\u0131r<\/div>\n<div><\/div>\n<div>Kuru ve hassas ciltler i\u00e7in idealdir<\/div>\n<div><\/div>\n<div>D\u00fczenli kullan\u0131mda ince \u00e7izgilerin g\u00f6r\u00fcn\u00fcm\u00fcn\u00fc azalt\u0131r<\/div>\n<div><\/div>\n<div>Hafif yap\u0131s\u0131yla kolay emilir, cildi ferahlat\u0131r<\/div>\n<div><\/div>\n<div><b>Kullan\u0131m \u015eekli:<\/b><\/div>\n<div><\/div>\n<div>Temiz ve kuru cilde sabah ve ak\u015fam olmak \u00fczere g\u00fcnde iki kez birka\u00e7 damla uygulay\u0131n\u0131z. Y\u00fcz ve boyun b\u00f6lgesine nazik\u00e7e masaj yaparak da\u011f\u0131t\u0131n\u0131z. Sabah kullan\u0131m\u0131nda ard\u0131ndan mutlaka g\u00fcne\u015f koruyucu uygulanmas\u0131 \u00f6nerilir.<\/div>\n<div><\/div>\n<div>\u0130\u00e7indekiler (Se\u00e7ili Aktifler):<\/div>\n<div><\/div>\n<div>Hyaluronik Asit, Panthenol (B5 Vitamini), Centella Asiatica \u00d6z\u00fc, Sodium PCA, Parf\u00fcm, Terpineol, CI 44090 ve di\u011fer destekleyici nemlendiriciler.<\/div>\n<div><\/div>\n<div><b>\u26a0 Uyar\u0131lar:<\/b><\/div>\n<div>Sadece harici kullan\u0131m i\u00e7indir. G\u00f6z ile temas\u0131ndan ka\u00e7\u0131n\u0131n\u0131z. Temas halinde bol su ile durulay\u0131n\u0131z. Serin, kuru ve \u00e7ocuklar\u0131n ula\u015famayaca\u011f\u0131 yerlerde saklay\u0131n\u0131z.<\/div>\n<div><\/div>","protected":false},"excerpt":{"rendered":"<p>Lowes Hyaluronik Asitli Y\u00fcz Serumu - Nemlendirici ve Cilt Canland\u0131r\u0131c\u0131 - 30 ml<\/p>","protected":false},"featured_media":28197,"comment_status":"open","ping_status":"closed","template":"","meta":{"om_disable_all_campaigns":false,"_monsterinsights_skip_tracking":false,"_monsterinsights_sitenote_active":false,"_monsterinsights_sitenote_note":"","_monsterinsights_sitenote_category":0},"product_brand":[],"product_cat":[53,72],"product_tag":[],"class_list":{"0":"post-28196","1":"product","2":"type-product","3":"status-publish","4":"has-post-thumbnail","6":"product_cat-serum","7":"product_cat-skin-serum","9":"first","10":"instock","11":"shipping-taxable","12":"purchasable","13":"product-type-simple"},"aioseo_notices":[],"_links":{"self":[{"href":"https:\/\/lowesprofesyonel.com\/tr\/wp-json\/wp\/v2\/product\/28196","targetHints":{"allow":["GET"]}}],"collection":[{"href":"https:\/\/lowesprofesyonel.com\/tr\/wp-json\/wp\/v2\/product"}],"about":[{"href":"https:\/\/lowesprofesyonel.com\/tr\/wp-json\/wp\/v2\/types\/product"}],"replies":[{"embeddable":true,"href":"https:\/\/lowesprofesyonel.com\/tr\/wp-json\/wp\/v2\/comments?post=28196"}],"version-history":[{"count":1,"href":"https:\/\/lowesprofesyonel.com\/tr\/wp-json\/wp\/v2\/product\/28196\/revisions"}],"predecessor-version":[{"id":28204,"href":"https:\/\/lowesprofesyonel.com\/tr\/wp-json\/wp\/v2\/product\/28196\/revisions\/28204"}],"wp:featuredmedia":[{"embeddable":true,"href":"https:\/\/lowesprofesyonel.com\/tr\/wp-json\/wp\/v2\/media\/28197"}],"wp:attachment":[{"href":"https:\/\/lowesprofesyonel.com\/tr\/wp-json\/wp\/v2\/media?parent=28196"}],"wp:term":[{"taxonomy":"product_brand","embeddable":true,"href":"https:\/\/lowesprofesyonel.com\/tr\/wp-json\/wp\/v2\/product_brand?post=28196"},{"taxonomy":"product_cat","embeddable":true,"href":"https:\/\/lowesprofesyonel.com\/tr\/wp-json\/wp\/v2\/product_cat?post=28196"},{"taxonomy":"product_tag","embeddable":true,"href":"https:\/\/lowesprofesyonel.com\/tr\/wp-json\/wp\/v2\/product_tag?post=28196"}],"curies":[{"name":"wp","href":"https:\/\/api.w.org\/{rel}","templated":true}]}}